{"id":773,"date":"2019-02-06T23:53:40","date_gmt":"2019-02-06T20:53:40","guid":{"rendered":"http:\/\/hortum.com.tr\/product\/import-placeholder-for-72\/"},"modified":"2024-03-21T17:42:49","modified_gmt":"2024-03-21T14:42:49","slug":"kumlama-verici-hortumlar","status":"publish","type":"product","link":"https:\/\/tuzlahortum.com.tr\/ar\/product\/kumlama-verici-hortumlar\/","title":{"rendered":"\u062e\u0631\u0627\u0637\u064a\u0645 \u0625\u0631\u0633\u0627\u0644 \u0627\u0644\u0633\u0641\u0639 \u0627\u0644\u0631\u0645\u0644\u064a"},"content":{"rendered":"<h2>\u062e\u0631\u0627\u0637\u064a\u0645 \u0625\u0631\u0633\u0627\u0644 \u0627\u0644\u0633\u0641\u0639 \u0627\u0644\u0631\u0645\u0644\u064a<\/h2>\n<div>\u0645\u062c\u0627\u0644\u0627\u062a \u0627\u0644\u0627\u0633\u062a\u062e\u062f\u0627\u0645: \u0641\u064a \u062c\u0645\u064a\u0639 \u0623\u0646\u0648\u0627\u0639 \u0623\u0639\u0645\u0627\u0644 \u0627\u0644\u0633\u0641\u0639 \u0627\u0644\u0631\u0645\u0644\u064a \u0648\u062a\u0641\u0631\u064a\u063a \u0648\u062a\u0646\u0638\u064a\u0641 \u0648\u062a\u0644\u0645\u064a\u0639 \u062c\u0645\u064a\u0639 \u0627\u0644\u0623\u0633\u0637\u062d \u0627\u0644\u062e\u0631\u0633\u0627\u0646\u064a\u0629 \u0648\u0627\u0644\u0645\u0639\u062f\u0646\u064a\u0629 \u0639\u0646 \u0637\u0631\u064a\u0642 \u0627\u0644\u0633\u0641\u0639 \u0627\u0644\u0631\u0645\u0644\u064a.<\/div>\n<div><\/div>\n<div>\u0627\u0644\u0634\u0647\u0627\u062f\u0627\u062a: \u0627\u0644\u062e\u0631\u0627\u0637\u064a\u0645 \u062a\u062d\u0645\u0644 \u0639\u0644\u0627\u0645\u0629 TSE. TS5928 EN ISO 3861<\/div>\n<div><\/div>\n<div>\u0627\u0639\u0645\u0627\u0644 \u0628\u0646\u0627\u0621<\/div>\n<div>\u0627\u0644\u0642\u0627\u0639: \u0645\u0642\u0627\u0648\u0645\u0629 \u0639\u0627\u0644\u064a\u0629 \u0644\u0644\u062a\u0622\u0643\u0644 \u060c \u0623\u0633\u0648\u062f \u060c \u0633\u0645\u064a\u0643 \u060c \u0645\u0633\u0637\u062d<\/div>\n<div>\u0627\u0644\u062a\u0639\u0632\u064a\u0632: \u0646\u0633\u064a\u062c \u0633\u0644\u0643 \u0639\u0627\u0644\u064a \u0627\u0644\u0642\u0648\u0629 \u060c \u0633\u0644\u0643 \u0646\u062d\u0627\u0633\u064a \u0645\u0648\u0635\u0644<\/div>\n<div>\u0627\u0644\u062c\u0632\u0621 \u0627\u0644\u0639\u0644\u0648\u064a: SBR \/ NR \u060c \u0623\u0633\u0648\u062f \u060c \u0645\u0642\u0627\u0648\u0645\u0629 \u0644\u0644\u062a\u0622\u0643\u0644 \u0648\u0627\u0644\u0639\u0648\u0627\u0645\u0644 \u0627\u0644\u062c\u0648\u064a\u0629<\/div>\n<div><\/div>\n<div><div class=\"video video-fit mb\" style=\"padding-top:56.25%;\"><p><iframe loading=\"lazy\" title=\"\u0627\u0631\u062a\u0628\u0627\u0643 \u0627\u0644\u0642\u064a\u0627\u0633 (\u0628\u0648\u0635\u0629\u060c \u0625\u0635\u0628\u0639\u060c \u0636\u0628\u0627\u0628\u060c \u0645\u0644\u0644\u064a\u0645\u062a\u0631)\" width=\"1020\" height=\"574\" src=\"https:\/\/www.youtube.com\/embed\/uKk6AG_AZls?feature=oembed\" frameborder=\"0\" allow=\"accelerometer; autoplay; clipboard-write; encrypted-media; gyroscope; picture-in-picture\" allowfullscreen><\/iframe><\/p>\n<\/div><\/div>","protected":false},"excerpt":{"rendered":"<p>Kumlama Verici Hortumlar KULLANIM ALANLARI : Her t\u00fcrl\u00fc kumlama i\u015flerinde ve tahliyesinde, t\u00fcm beton ve metal y\u00fczeylerin kum p\u00fcsk\u00fcrt\u00fclerek temizlenmesi ve parlat\u0131lmas\u0131 i\u015flerinde SERT\u0130F\u0130KALAR : Hortumlar TSE markal\u0131d\u0131r. TS5928 EN ISO 3861 KONTR\u00dcKS\u0130YON Alt : A\u015f\u0131nma mukavemeti y\u00fcksek, siyah, kal\u0131n, d\u00fcz Takviye : Y\u00fcksek mukavemetli kord bezi, iletken bak\u0131r tel \u00dcst : SBR\/NR, siyah, s\u00fcrt\u00fcnmeye [&#8230;]\n","protected":false},"featured_media":1703,"comment_status":"open","ping_status":"closed","template":"","meta":{"jetpack_post_was_ever_published":false},"product_brand":[],"product_cat":[162,2326],"product_tag":[307,942,943,939,937,941,940,938],"class_list":{"0":"post-773","1":"product","2":"type-product","3":"status-publish","4":"has-post-thumbnail","6":"product_cat-kumlama-hortumlari","7":"product_cat-kumlama-malzemeleri","8":"product_tag-asinmaya-dayanikli-hortum","9":"product_tag-beton-ve-metal-yuzeylerin-temizlenmesi","10":"product_tag-kum-puskurterek-temizleme-ve-parlatma-hortumu","11":"product_tag-kum-tahliye-hortumu","12":"product_tag-kumlama-hortumu","13":"product_tag-nozul-hortumu","14":"product_tag-nuzul-hortumu","15":"product_tag-raspa-hortumu","17":"first","18":"instock","19":"featured","20":"taxable","21":"shipping-taxable","22":"product-type-variable"},"jetpack-related-posts":[{"id":778,"url":"https:\/\/tuzlahortum.com.tr\/ar\/product\/kumlama-alici-verici-hortumlari-vakum\/","url_meta":{"origin":773,"position":0},"title":"\u062e\u0631\u0627\u0637\u064a\u0645 \u062c\u0647\u0627\u0632 \u0627\u0644\u0625\u0631\u0633\u0627\u0644 \u0648\u0627\u0644\u0627\u0633\u062a\u0642\u0628\u0627\u0644 (\u0641\u0631\u0627\u063a)","author":"admin","date":"6 \u0641\u0628\u0631\u0627\u064a\u0631 2019","format":false,"excerpt":"\u062e\u0631\u0627\u0637\u064a\u0645 \u0627\u0633\u062a\u0642\u0628\u0627\u0644 \u0648\u0628\u0627\u0639\u062b \u0627\u0644\u0633\u0641\u0639 \u0627\u0644\u0631\u0645\u0644\u064a (\u0627\u0644\u062a\u0641\u0631\u064a\u063a) \u0645\u062c\u0627\u0644\u0627\u062a \u0627\u0644\u0627\u0633\u062a\u062e\u062f\u0627\u0645 : \u062c\u0645\u064a\u0639 \u0623\u0646\u0648\u0627\u0639 \u0623\u0639\u0645\u0627\u0644 \u0634\u0641\u0637 \u0648\u062a\u0641\u0631\u064a\u063a \u0627\u0644\u0631\u0645\u0627\u0644 \u0648\u0623\u0639\u0645\u0627\u0644 \u0627\u0644\u062a\u0641\u0631\u064a\u063a \u0648\u0627\u0644\u062a\u0641\u0631\u064a\u063a \u0627\u0644\u0634\u0647\u0627\u062f\u0627\u062a : \u0627\u0644\u062e\u0631\u0627\u0637\u064a\u0645 \u062a\u062d\u0645\u0644 \u0627\u0644\u0639\u0644\u0627\u0645\u0629 \u0627\u0644\u062a\u062c\u0627\u0631\u064a\u0629 TSE TS5928 EN ISO 3861 \u0627\u0644\u0642\u0627\u0639: \u0645\u0642\u0627\u0648\u0645\u0629 \u0639\u0627\u0644\u064a\u0629 \u0644\u0644\u062a\u0622\u0643\u0644\u060c \u0623\u0633\u0648\u062f\u060c \u0633\u0645\u064a\u0643\u060c \u0645\u0633\u0637\u062d \u0627\u0644\u062a\u0633\u0644\u064a\u062d : \u0646\u0633\u064a\u062c \u0633\u0644\u0643\u064a \u0639\u0627\u0644\u064a \u0627\u0644\u0642\u0648\u0629\u060c \u0633\u0644\u0643 \u0646\u062d\u0627\u0633\u064a \u0645\u0648\u0635\u0644\u060c \u0633\u0644\u0643 \u0641\u0648\u0644\u0627\u0630\u064a \u0628\u064a\u0646\u064a \u0627\u0644\u0637\u0628\u0642\u0629 \u0627\u0644\u0639\u0644\u0648\u064a\u0629: SBR\/NR\u060c \u0623\u0633\u0648\u062f\u060c \u0645\u0642\u0627\u0648\u0645 \u0644\u0644\u0627\u062d\u062a\u0643\u0627\u0643...","rel":"","context":"\u062a\u062f\u0648\u064a\u0646\u0629 \u0645\u0634\u0627\u0628\u0647\u0629","block_context":{"text":"\u062a\u062f\u0648\u064a\u0646\u0629 \u0645\u0634\u0627\u0628\u0647\u0629","link":""},"img":{"alt_text":"","src":"https:\/\/i0.wp.com\/tuzlahortum.com.tr\/wp-content\/uploads\/urunler\/kaucuk\/superlas-silobas-alici-verici-hortum.jpg?fit=360%2C270&ssl=1&resize=350%2C200","width":350,"height":200},"classes":[]},{"id":724,"url":"https:\/\/tuzlahortum.com.tr\/ar\/product\/beton-cimento-verici-hortumlar\/","url_meta":{"origin":773,"position":1},"title":"\u062e\u0631\u0627\u0637\u064a\u0645 \u0627\u0644\u062e\u0631\u0633\u0627\u0646\u0629 - \u062e\u0631\u0627\u0637\u064a\u0645 \u0636\u062e \u0627\u0644\u0623\u0633\u0645\u0646\u062a","author":"admin","date":"6 \u0641\u0628\u0631\u0627\u064a\u0631 2019","format":false,"excerpt":"\u062e\u0631\u0627\u0637\u064a\u0645 \u0646\u0642\u0644 \u0627\u0644\u062e\u0631\u0633\u0627\u0646\u0629 \u0648\u0627\u0644\u0623\u0633\u0645\u0646\u062a \u0645\u062c\u0627\u0644\u0627\u062a \u0627\u0644\u0627\u0633\u062a\u062e\u062f\u0627\u0645 : \u062e\u0631\u0637\u0648\u0645 \u0630\u0648 \u0645\u0642\u0627\u0648\u0645\u0629 \u0639\u0627\u0644\u064a\u0629 \u0644\u0644\u062a\u0622\u0643\u0644 \u064a\u0633\u062a\u062e\u062f\u0645 \u0641\u064a \u062c\u0645\u064a\u0639 \u0623\u0646\u0648\u0627\u0639 \u0623\u0639\u0645\u0627\u0644 \u0646\u0642\u0644 \u0627\u0644\u062e\u0631\u0633\u0627\u0646\u0629 \u0648\u0627\u0644\u0623\u0633\u0645\u0646\u062a \u0641\u064a \u0645\u0635\u0627\u0646\u0639 \u0627\u0644\u0623\u0633\u0645\u0646\u062a \u062e\u0631\u0637\u0648\u0645 \u0645\u0642\u0627\u0648\u0645 \u0644\u0644\u062a\u0622\u0643\u0644 \u0627\u0644\u062c\u0632\u0621 \u0627\u0644\u0633\u0641\u0644\u064a : \u062e\u0644\u064a\u0637 \u0645\u0637\u0627\u0637\u064a \u0635\u0646\u0627\u0639\u064a \u0648\u0637\u0628\u064a\u0639\u064a\u060c \u0623\u0633\u0648\u062f\u060c \u0645\u0633\u0637\u062d \u0627\u0644\u062a\u0633\u0644\u064a\u062d: \u0646\u0633\u064a\u062c \u0633\u0644\u0643\u064a \u0639\u0627\u0644\u064a \u0627\u0644\u0642\u0648\u0629\u060c \u0633\u0644\u0643 \u0646\u062d\u0627\u0633\u064a \u0645\u0648\u0635\u0644 \u0627\u0644\u062c\u0632\u0621 \u0627\u0644\u0639\u0644\u0648\u064a : SBR\u060c \u0623\u0633\u0648\u062f\u060c \u0645\u0642\u0627\u0648\u0645 \u0644\u0644\u0627\u062d\u062a\u0643\u0627\u0643 \u0648\u0627\u0644\u0638\u0631\u0648\u0641 \u0627\u0644\u0645\u0646\u0627\u062e\u064a\u0629","rel":"","context":"\u062a\u062f\u0648\u064a\u0646\u0629 \u0645\u0634\u0627\u0628\u0647\u0629","block_context":{"text":"\u062a\u062f\u0648\u064a\u0646\u0629 \u0645\u0634\u0627\u0628\u0647\u0629","link":""},"img":{"alt_text":"","src":"https:\/\/i0.wp.com\/tuzlahortum.com.tr\/wp-content\/uploads\/urunler\/kaucuk\/superlas-silobas-hortumu.jpg?fit=360%2C270&ssl=1&resize=350%2C200","width":350,"height":200},"classes":[]},{"id":751,"url":"https:\/\/tuzlahortum.com.tr\/ar\/product\/ozel-solvent-verici-hortum\/","url_meta":{"origin":773,"position":2},"title":"\u062e\u0631\u0637\u0648\u0645 \u0645\u0648\u0632\u0639 \u0627\u0644\u0645\u0630\u064a\u0628\u0627\u062a \u0627\u0644\u062e\u0627\u0635","author":"admin","date":"6 \u0641\u0628\u0631\u0627\u064a\u0631 2019","format":false,"excerpt":"\u00d6zel Solvent Verici HortumKULLANIM ALANLARI : Kimya sanayiinde toluol, xylol ve benzeri solvent ve kimyevi madde tahliye i\u015flerinde KONTR\u00dcKS\u0130YON Alt : \u00d6zel XLPE kat\u0131 kau\u00e7uk katlar ile vulkanize edilmi\u015f, siyah Takviye : Y\u00fcksek mukavemetli kord bezi, iletken bak\u0131r tel \u00dcst : Ya\u011fl\u0131 ortama dayan\u0131kl\u0131 CR, siyah, d\u00fcz, a\u015f\u0131nmaya, \u0131s\u0131ya, solvent\u2026","rel":"","context":"\u062a\u062f\u0648\u064a\u0646\u0629 \u0645\u0634\u0627\u0628\u0647\u0629","block_context":{"text":"\u062a\u062f\u0648\u064a\u0646\u0629 \u0645\u0634\u0627\u0628\u0647\u0629","link":""},"img":{"alt_text":"","src":"https:\/\/i0.wp.com\/tuzlahortum.com.tr\/wp-content\/uploads\/urunler\/kaucuk\/superlas-yakit-verici-hortum.jpg?fit=360%2C270&ssl=1&resize=350%2C200","width":350,"height":200},"classes":[]},{"id":723,"url":"https:\/\/tuzlahortum.com.tr\/ar\/product\/asit-solvent-alici-verici-hortumlar\/","url_meta":{"origin":773,"position":3},"title":"\u062e\u0631\u0627\u0637\u064a\u0645 \u062c\u0647\u0627\u0632 \u0625\u0631\u0633\u0627\u0644 \u0648\u0627\u0633\u062a\u0642\u0628\u0627\u0644 \u0627\u0644\u0645\u0630\u064a\u0628\u0627\u062a \u0627\u0644\u062d\u0645\u0636\u064a\u0629","author":"admin","date":"6 \u0641\u0628\u0631\u0627\u064a\u0631 2019","format":false,"excerpt":"Asit Solvent Al\u0131c\u0131-Verici HortumlarKULLANIM ALANLARI : Sanayi tesislerinde, asit depolar\u0131nda \u00e7e\u015fitli asit, baz ve kimyevi madde tahliye ve emme i\u015flerinde (Ya\u011fs\u0131z i\u00e7erikli) KONTR\u00dcKS\u0130YON Alt : \u00d6zel sentetik kau\u00e7uk kar\u0131\u015f\u0131m\u0131, siyah,d\u00fcz Takviye : Y\u00fcksek mukavemetli kord bezi, iletken bak\u0131r tel ,katlararas\u0131 \u00e7elik tel \u00dcst : EPDM, siyah, d\u00fcz, bask\u0131l\u0131 \u015feritli, a\u015f\u0131nmaya\u2026","rel":"","context":"\u062a\u062f\u0648\u064a\u0646\u0629 \u0645\u0634\u0627\u0628\u0647\u0629","block_context":{"text":"\u062a\u062f\u0648\u064a\u0646\u0629 \u0645\u0634\u0627\u0628\u0647\u0629","link":""},"img":{"alt_text":"","src":"https:\/\/i0.wp.com\/tuzlahortum.com.tr\/wp-content\/uploads\/urunler\/kaucuk\/superlas-solvent-hortumu.jpg?fit=360%2C270&ssl=1&resize=350%2C200","width":350,"height":200},"classes":[]},{"id":750,"url":"https:\/\/tuzlahortum.com.tr\/ar\/product\/ozel-solvent-alici-verici-hortum\/","url_meta":{"origin":773,"position":4},"title":"\u062e\u0631\u0637\u0648\u0645 \u062c\u0647\u0627\u0632 \u0627\u0644\u0625\u0631\u0633\u0627\u0644 \u0648\u0627\u0644\u0627\u0633\u062a\u0642\u0628\u0627\u0644 \u0627\u0644\u062e\u0627\u0635 \u0628\u0627\u0644\u0645\u0630\u064a\u0628\u0627\u062a","author":"admin","date":"6 \u0641\u0628\u0631\u0627\u064a\u0631 2019","format":false,"excerpt":"\u00d6zel Solvent Al\u0131c\u0131-Verici HortumKULLANIM ALANLARI : Kimya sanayisinde toluol, xylol ve benzeri solvent ve kimyevi madde tahliye ve emme i\u015flerinde KONTR\u00dcKS\u0130YON Alt : \u00d6zel XLPE kat\u0131 kau\u00e7uk katlar ile vulkanize edilmi\u015f, siyah Takviye : Y\u00fcksek mukavemetli kord bezi, iletken bak\u0131r tel, katlararas\u0131 \u00e7elik tel \u00dcst : Ya\u011fl\u0131 ortama dayan\u0131kl\u0131 CR,\u2026","rel":"","context":"\u062a\u062f\u0648\u064a\u0646\u0629 \u0645\u0634\u0627\u0628\u0647\u0629","block_context":{"text":"\u062a\u062f\u0648\u064a\u0646\u0629 \u0645\u0634\u0627\u0628\u0647\u0629","link":""},"img":{"alt_text":"","src":"https:\/\/i0.wp.com\/tuzlahortum.com.tr\/wp-content\/uploads\/urunler\/kaucuk\/superlas-ozel-solvent-hortumu.jpg?fit=360%2C270&ssl=1&resize=350%2C200","width":350,"height":200},"classes":[]},{"id":753,"url":"https:\/\/tuzlahortum.com.tr\/ar\/product\/asit-solvent-verici-hortumlar\/","url_meta":{"origin":773,"position":5},"title":"\u062e\u0631\u0627\u0637\u064a\u0645 \u0646\u0642\u0644 \u0627\u0644\u0645\u0630\u064a\u0628\u0627\u062a \u0627\u0644\u062d\u0645\u0636\u064a\u0629","author":"admin","date":"6 \u0641\u0628\u0631\u0627\u064a\u0631 2019","format":false,"excerpt":"Asit Solvent Verici HortumlarKULLANIM ALANLARI : Sanayi tesislerinde, asit depolar\u0131nda \u00e7e\u015fitli asit, baz ve kimyevi madde tahliye (Ya\u011fs\u0131z i\u00e7erikli) KONTR\u00dcKS\u0130YON Alt : \u00d6zel sentetik kau\u00e7uk kar\u0131\u015f\u0131m\u0131, siyah,d\u00fcz Takviye : Y\u00fcksek mukavemetli kord bezi, iletken bak\u0131r tel \u00dcst : EPDM, siyah, d\u00fcz, bask\u0131l\u0131 \u015feritli, a\u015f\u0131nmaya ve her t\u00fcrl\u00fc iklim \u015fartlar\u0131na dayan\u0131kl\u0131","rel":"","context":"\u062a\u062f\u0648\u064a\u0646\u0629 \u0645\u0634\u0627\u0628\u0647\u0629","block_context":{"text":"\u062a\u062f\u0648\u064a\u0646\u0629 \u0645\u0634\u0627\u0628\u0647\u0629","link":""},"img":{"alt_text":"","src":"https:\/\/i0.wp.com\/tuzlahortum.com.tr\/wp-content\/uploads\/urunler\/kaucuk\/superlas-silobas-hortumu.jpg?fit=360%2C270&ssl=1&resize=350%2C200","width":350,"height":200},"classes":[]}],"jetpack_sharing_enabled":true,"jetpack_likes_enabled":true,"_links":{"self":[{"href":"https:\/\/tuzlahortum.com.tr\/ar\/wp-json\/wp\/v2\/product\/773","targetHints":{"allow":["GET"]}}],"collection":[{"href":"https:\/\/tuzlahortum.com.tr\/ar\/wp-json\/wp\/v2\/product"}],"about":[{"href":"https:\/\/tuzlahortum.com.tr\/ar\/wp-json\/wp\/v2\/types\/product"}],"replies":[{"embeddable":true,"href":"https:\/\/tuzlahortum.com.tr\/ar\/wp-json\/wp\/v2\/comments?post=773"}],"wp:featuredmedia":[{"embeddable":true,"href":"https:\/\/tuzlahortum.com.tr\/ar\/wp-json\/wp\/v2\/media\/1703"}],"wp:attachment":[{"href":"https:\/\/tuzlahortum.com.tr\/ar\/wp-json\/wp\/v2\/media?parent=773"}],"wp:term":[{"taxonomy":"product_brand","embeddable":true,"href":"https:\/\/tuzlahortum.com.tr\/ar\/wp-json\/wp\/v2\/product_brand?post=773"},{"taxonomy":"product_cat","embeddable":true,"href":"https:\/\/tuzlahortum.com.tr\/ar\/wp-json\/wp\/v2\/product_cat?post=773"},{"taxonomy":"product_tag","embeddable":true,"href":"https:\/\/tuzlahortum.com.tr\/ar\/wp-json\/wp\/v2\/product_tag?post=773"}],"curies":[{"name":"\u062f\u0628\u0644\u064a\u0648 \u0628\u064a","href":"https:\/\/api.w.org\/{rel}","templated":true}]}}