{"id":772,"date":"2019-02-06T23:53:40","date_gmt":"2019-02-06T20:53:40","guid":{"rendered":"http:\/\/hortum.com.tr\/product\/import-placeholder-for-115\/"},"modified":"2024-03-21T17:42:50","modified_gmt":"2024-03-21T14:42:50","slug":"kumlama-tulumu","status":"publish","type":"product","link":"https:\/\/tuzlahortum.com.tr\/ar\/product\/kumlama-tulumu\/","title":{"rendered":"\u0627\u0644\u0645\u0639\u0637\u0641 \u0627\u0644\u0631\u0645\u0644\u064a (\u0642\u0645\u0627\u0634)"},"content":{"rendered":"<h2>\u0627\u0644\u0645\u0639\u0637\u0641 \u0627\u0644\u0631\u0645\u0644\u064a (\u0642\u0645\u0627\u0634)<\/h2>\n<p>\u0645\u0639\u0627\u0637\u0641 \u0627\u0644\u0633\u0641\u0639 \u0627\u0644\u0631\u0645\u0644\u064a \u0627\u0644\u062e\u0627\u0635\u0629 \u0628\u0646\u0627 \u0645\u0635\u0646\u0648\u0639\u0629 \u0645\u0646 \u0642\u0645\u0627\u0634 \u0645\u0642\u0627\u0648\u0645 \u0644\u0644\u063a\u0628\u0627\u0631 \u0648\u0645\u062d\u0628\u0648\u0643 \u0628\u0625\u062d\u0643\u0627\u0645 \u0648\u0645\u062a\u064a\u0646. \u0625\u0630\u0627 \u062f\u062e\u0644 \u0627\u0644\u063a\u0628\u0627\u0631 \u0645\u0646 \u0627\u0644\u0646\u0642\u0637\u0629 \u0627\u0644\u062a\u064a \u064a\u0639\u0644\u0642 \u0641\u064a\u0647\u0627 \u0639\u0644\u0649 \u0627\u0644\u0642\u0646\u0627\u0639 \u060c \u0641\u0625\u0646 \u0644\u0647 \u0631\u0642\u0628\u0629 \u062b\u0627\u0646\u064a\u0629 \u0644\u0645\u0646\u0639 \u0627\u0644\u063a\u0628\u0627\u0631 \u0645\u0646 \u062f\u062e\u0648\u0644 \u0627\u0644\u0645\u0644\u0627\u0628\u0633 \u0627\u0644\u062f\u0627\u062e\u0644\u064a\u0629.<\/p>","protected":false},"excerpt":{"rendered":"<p>Kumlama Tulumu(Kuma\u015f) Kumlama tulumlar\u0131m\u0131z, toz ge\u00e7irmeyen, s\u0131k dokuma ve dayan\u0131kl\u0131 bir kuma\u015ftan imal edilmi\u015ftir. Maskeye ba\u011fland\u0131\u011f\u0131 noktadan toz girmesi halinde tozun, tulumun i\u00e7ine girmesine engel olacak ikinci bo\u011faz\u0131 mevcuttur.<\/p>","protected":false},"featured_media":1783,"comment_status":"open","ping_status":"closed","template":"","meta":{"jetpack_post_was_ever_published":false},"product_brand":[],"product_cat":[2326],"product_tag":[294,911,935,936,934],"class_list":{"0":"post-772","1":"product","2":"type-product","3":"status-publish","4":"has-post-thumbnail","6":"product_cat-kumlama-malzemeleri","7":"product_tag-dayanikli","8":"product_tag-kumlama","9":"product_tag-kumlama-tulumu","10":"product_tag-toz-gecirmez","11":"product_tag-tulum","13":"first","14":"instock","15":"taxable","16":"shipping-taxable","17":"product-type-simple"},"jetpack-related-posts":[],"jetpack_sharing_enabled":true,"jetpack_likes_enabled":true,"_links":{"self":[{"href":"https:\/\/tuzlahortum.com.tr\/ar\/wp-json\/wp\/v2\/product\/772","targetHints":{"allow":["GET"]}}],"collection":[{"href":"https:\/\/tuzlahortum.com.tr\/ar\/wp-json\/wp\/v2\/product"}],"about":[{"href":"https:\/\/tuzlahortum.com.tr\/ar\/wp-json\/wp\/v2\/types\/product"}],"replies":[{"embeddable":true,"href":"https:\/\/tuzlahortum.com.tr\/ar\/wp-json\/wp\/v2\/comments?post=772"}],"wp:featuredmedia":[{"embeddable":true,"href":"https:\/\/tuzlahortum.com.tr\/ar\/wp-json\/wp\/v2\/media\/1783"}],"wp:attachment":[{"href":"https:\/\/tuzlahortum.com.tr\/ar\/wp-json\/wp\/v2\/media?parent=772"}],"wp:term":[{"taxonomy":"product_brand","embeddable":true,"href":"https:\/\/tuzlahortum.com.tr\/ar\/wp-json\/wp\/v2\/product_brand?post=772"},{"taxonomy":"product_cat","embeddable":true,"href":"https:\/\/tuzlahortum.com.tr\/ar\/wp-json\/wp\/v2\/product_cat?post=772"},{"taxonomy":"product_tag","embeddable":true,"href":"https:\/\/tuzlahortum.com.tr\/ar\/wp-json\/wp\/v2\/product_tag?post=772"}],"curies":[{"name":"\u062f\u0628\u0644\u064a\u0648 \u0628\u064a","href":"https:\/\/api.w.org\/{rel}","templated":true}]}}