{"id":771,"date":"2019-02-06T23:53:39","date_gmt":"2019-02-06T20:53:39","guid":{"rendered":"http:\/\/hortum.com.tr\/product\/import-placeholder-for-114\/"},"modified":"2024-03-21T17:42:50","modified_gmt":"2024-03-21T14:42:50","slug":"kumlama-nozulu-venturi-tungsten","status":"publish","type":"product","link":"https:\/\/tuzlahortum.com.tr\/ar\/product\/kumlama-nozulu-venturi-tungsten\/","title":{"rendered":"\u0641\u0648\u0647\u0629 \u0627\u0644\u0633\u0641\u0639 \u0627\u0644\u0631\u0645\u0644\u064a - \u0641\u0646\u062a\u0648\u0631\u064a (\u062a\u0646\u062c\u0633\u062a\u0646)"},"content":{"rendered":"<h2>\u0641\u0648\u0647\u0629 \u0627\u0644\u0633\u0641\u0639 \u0627\u0644\u0631\u0645\u0644\u064a - \u0641\u0646\u062a\u0648\u0631\u064a (\u062a\u0646\u062c\u0633\u062a\u0646)<\/h2>\n<h5>\u0641\u0648\u0647\u0629 \u0646\u0648\u0639 RTC<\/h5>\n<h5 style=\"font-weight: 400;\">\u062a\u0635\u0646\u0639 \u0641\u0648\u0647\u0627\u062a \u0627\u0644\u0627\u0646\u0641\u062c\u0627\u0631 \u0627\u0644\u0641\u0646\u062a\u0648\u0631\u064a \u0627\u0644\u0645\u0642\u0627\u0648\u0645\u0629 \u0644\u0644\u062a\u0622\u0643\u0644 \u0645\u0646 \u0643\u0631\u0628\u064a\u062f \u0627\u0644\u062a\u0646\u062c\u0633\u062a\u0646 (TC).<\/h5>\n<h5 style=\"font-weight: 400;\">\u0639\u0645\u0631 \u0627\u0644\u062e\u062f\u0645\u0629: 400 \u0633\u0627\u0639\u0629<\/h5>\n<h5 style=\"font-weight: 400;\">\u063a\u0645\u062f: \u0645\u0637\u0627\u0637<\/h5>\n<h5 style=\"font-weight: 400;\">\u0627\u0644\u062e\u064a\u0637: \u0645\u0637\u0627\u0637 \u060c \u0645\u0646\u0627\u0633\u0628 \u0644\u062d\u0627\u0645\u0644 \u0641\u0648\u0647\u0629 NHP \u0645\u0642\u0627\u0633 50 \u0645\u0645.<\/h5>\n<h5 style=\"font-weight: 400;\">\u062d\u062c\u0645 \u0627\u0644\u0645\u062f\u062e\u0644: 32 \u0645\u0645<\/h5>\n<table style=\"font-size: 14.4px;\" width=\"732\">\n<tbody>\n<tr>\n<td width=\"130\"><strong>\u0627\u0644\u0645\u0642\u0627\u0644\u0629 \u0631\u0642\u0645.<\/strong><\/td>\n<td colspan=\"2\" width=\"142\"><strong>\u064a\u0643\u062a\u0628<\/strong><\/td>\n<td width=\"461\"><strong>\u0648\u0635\u0641<\/strong><\/td>\n<\/tr>\n<tr>\n<td width=\"130\">10112062<\/td>\n<td width=\"130\">RTC-6.5<\/td>\n<td colspan=\"2\" width=\"473\">\u0641\u0648\u0647\u0629 \u0641\u0646\u062a\u0648\u0631\u064a \u060c \u0643\u0631\u0628\u064a\u062f \u0627\u0644\u062a\u0646\u062c\u0633\u062a\u0646 \u060c 6.5 \u0645\u0645 \u00d7 130 \u0645\u0645<\/td>\n<\/tr>\n<tr>\n<td width=\"130\">10112063<\/td>\n<td width=\"130\">RTC-8.0<\/td>\n<td colspan=\"2\" width=\"473\">\u0641\u0648\u0647\u0629 \u0641\u0646\u062a\u0648\u0631\u064a \u060c \u0643\u0631\u0628\u064a\u062f \u0627\u0644\u062a\u0646\u062c\u0633\u062a\u0646 \u060c 8.0 \u0645\u0645 \u00d7 150 \u0645\u0645<\/td>\n<\/tr>\n<tr>\n<td width=\"130\">10112064<\/td>\n<td width=\"130\">RTC-9.5<\/td>\n<td colspan=\"2\" width=\"473\">\u0641\u0648\u0647\u0629 \u0641\u0646\u062a\u0648\u0631\u064a \u060c \u0643\u0631\u0628\u064a\u062f \u0627\u0644\u062a\u0646\u062c\u0633\u062a\u0646 \u060c 9.5 \u0645\u0644\u0645 \u00d7 170 \u0645\u0644\u0645<\/td>\n<\/tr>\n<tr>\n<td width=\"130\">10112065<\/td>\n<td width=\"130\">RTC-11.0<\/td>\n<td colspan=\"2\" width=\"473\">\u0641\u0648\u0647\u0629 \u0641\u0646\u062a\u0648\u0631\u064a \u060c \u0643\u0631\u0628\u064a\u062f \u0627\u0644\u062a\u0646\u062c\u0633\u062a\u0646 \u060c 11.0 \u0645\u0645 \u00d7 200 \u0645\u0645<\/td>\n<\/tr>\n<tr>\n<td width=\"130\">10112066<\/td>\n<td width=\"130\">RTC-12.5<\/td>\n<td colspan=\"2\" width=\"473\">\u0641\u0648\u0647\u0629 \u0641\u0646\u062a\u0648\u0631\u064a \u060c \u0643\u0631\u0628\u064a\u062f \u0627\u0644\u062a\u0646\u062c\u0633\u062a\u0646 \u060c 12.5 \u0645\u0645 \u00d7 210 \u0645\u0645<\/td>\n<\/tr>\n<\/tbody>\n<\/table>","protected":false},"excerpt":{"rendered":"<p>Kumlama Nozulu &#8211; Venturi (Tungsten) RTC TIP NOZUL A\u015f\u0131nmaya dayan\u0131kl\u0131 Venturi kumlama nozullar\u0131 tungsten karb\u00fcrden (TC) yap\u0131lm\u0131\u015ft\u0131r. Servis \u00f6mr\u00fc: 400 saat K\u0131l\u0131f: Kau\u00e7uk Di\u015fli: Kau\u00e7uk, 50 mm NHP nozul tutucusuna uygun. Giri\u015f \u00f6l\u00e7\u00fcs\u00fc: 32 mm Article No. Type Description 10112062 RTC-6.5 Venturi nozzle, tungsten carbide, 6.5 mm x 130 mm 10112063 RTC-8.0 Venturi nozzle, tungsten [&#8230;]\n","protected":false},"featured_media":1784,"comment_status":"open","ping_status":"closed","template":"","meta":{"jetpack_post_was_ever_published":false},"product_brand":[],"product_cat":[2326],"product_tag":[911,925,924,933,932],"class_list":{"0":"post-771","1":"product","2":"type-product","3":"status-publish","4":"has-post-thumbnail","6":"product_cat-kumlama-malzemeleri","7":"product_tag-kumlama","8":"product_tag-kumlama-nozulu","9":"product_tag-nozul","10":"product_tag-tungsten","11":"product_tag-venturi","13":"first","14":"instock","15":"taxable","16":"shipping-taxable","17":"product-type-variable"},"jetpack-related-posts":[{"id":769,"url":"https:\/\/tuzlahortum.com.tr\/ar\/product\/kisa-kumlama-nozulu-venturi\/","url_meta":{"origin":771,"position":0},"title":"\u0641\u0648\u0647\u0629 \u0627\u0644\u062a\u0641\u062c\u064a\u0631 \u0627\u0644\u0642\u0635\u064a\u0631\u0629 -Venturi","author":"admin","date":"6 \u0641\u0628\u0631\u0627\u064a\u0631 2019","format":false,"excerpt":"K\u0131sa Kumlama Nozulu -VenturiSTC TIP NOZUL A\u015f\u0131nmaya dayan\u0131kl\u0131 K\u0131sa Venturi kumlama nozullar\u0131 tungsten karb\u00fcrden (TC) yap\u0131lm\u0131\u015ft\u0131r. Servis \u00f6mr\u00fc: 400 saat K\u0131l\u0131f: Kau\u00e7uk Di\u015fli: Kau\u00e7uk, 50 mm NHP nozul tutucusuna uygun. Giri\u015f \u00f6l\u00e7\u00fcs\u00fc: 25 mm Article No. Type Description 10112570 STC-5.0 Short Venturi nozzle, tungsten carbide, 5.0 mm x 80 mm\u2026","rel":"","context":"\u062a\u062f\u0648\u064a\u0646\u0629 \u0645\u0634\u0627\u0628\u0647\u0629","block_context":{"text":"\u062a\u062f\u0648\u064a\u0646\u0629 \u0645\u0634\u0627\u0628\u0647\u0629","link":""},"img":{"alt_text":"","src":"https:\/\/i0.wp.com\/tuzlahortum.com.tr\/wp-content\/uploads\/2019\/04\/k%C4%B1sa-kumlama-nozulu.jpg?fit=500%2C500&ssl=1&resize=350%2C200","width":350,"height":200},"classes":[]},{"id":9042,"url":"https:\/\/tuzlahortum.com.tr\/ar\/product\/kumlama-nozulu-performer-nozul-400\/","url_meta":{"origin":771,"position":1},"title":"\u0641\u0648\u0647\u0629 \u0627\u0644\u0633\u0641\u0639 \u0627\u0644\u0631\u0645\u0644\u064a - \u0641\u0648\u0647\u0629 \u0627\u0644\u0623\u062f\u0627\u0621 400","author":"\u0130smail \u00c7elik","date":"9 \u0623\u0628\u0631\u064a\u0644 2019","format":false,"excerpt":"\u0641\u0648\u0647\u0629 \u0627\u0644\u0633\u0641\u0639 \u0628\u0627\u0644\u0631\u0645\u0644 - \u0641\u0648\u0647\u0629 \u0627\u0644\u0633\u0641\u0639 \u0628\u0627\u0644\u0631\u0645\u0644 - \u0641\u0648\u0647\u0629 Performer Nozzle 400Performer \u0647\u0648 \u0637\u0631\u0627\u0632 \u0645\u062a\u0637\u0648\u0631 \u0630\u0648 \u0623\u062f\u0627\u0621 \u0639\u0627\u0644\u064d. \u0648\u0647\u064a \u0645\u0632\u0648\u062f\u0629 \u0628\u0628\u0637\u0627\u0646\u0629 \u0639\u0627\u0644\u064a\u0629 \u0627\u0644\u0645\u0642\u0627\u0648\u0645\u0629 \u0644\u0644\u062a\u0622\u0643\u0644 \u0648\u063a\u0637\u0627\u0621 \u0642\u0648\u064a \u0648\u062e\u0641\u064a\u0641 \u0627\u0644\u0648\u0632\u0646 \u0645\u0646 \u0627\u0644\u0628\u0648\u0644\u064a \u064a\u0648\u0631\u064a\u062b\u064a\u0646. \u0633\u0644\u0633\u0644\u0629 Contracor Performer Performer \u0645\u0646 \u0641\u0648\u0647\u0627\u062a \u0627\u0644\u0633\u0641\u0639 \u0627\u0644\u0631\u0645\u0644\u064a \u0645\u0646\u0627\u0633\u0628\u0629 \u0644\u0623\u0643\u0633\u064a\u062f \u0627\u0644\u0623\u0644\u0648\u0645\u0646\u064a\u0648\u0645 \u0623\u0648 \u0643\u0631\u0628\u064a\u062f \u0627\u0644\u0633\u064a\u0644\u064a\u0643\u0648\u0646 \u0623\u0648 \u062d\u0635\u0649 \u0627\u0644\u0641\u0648\u0644\u0627\u0630 \u0623\u0648 \u0627\u0644\u0633\u0641\u0639 \u0627\u0644\u0631\u0645\u0644\u064a \u0639\u0627\u0644\u064a \u0627\u0644\u0643\u0634\u0637. \u0645\u062a\u0648\u0641\u0631\u0629 \u0628\u062e\u0645\u0633\u0629 \u0623\u062d\u062c\u0627\u0645 \u0645\u062e\u062a\u0644\u0641\u0629. \u0645\u0646 \u0627\u0644\u0645\u0645\u0643\u0646 \u0636\u0628\u0637 \u0625\u0645\u062f\u0627\u062f \u0627\u0644\u0647\u0648\u0627\u0621 \u0627\u0644\u0645\u0636\u063a\u0648\u0637 \u0648...","rel":"","context":"\u062a\u062f\u0648\u064a\u0646\u0629 \u0645\u0634\u0627\u0628\u0647\u0629","block_context":{"text":"\u062a\u062f\u0648\u064a\u0646\u0629 \u0645\u0634\u0627\u0628\u0647\u0629","link":""},"img":{"alt_text":"","src":"https:\/\/i0.wp.com\/tuzlahortum.com.tr\/wp-content\/uploads\/2019\/04\/performer-400.png?fit=650%2C323&ssl=1&resize=350%2C200","width":350,"height":200,"srcset":"https:\/\/i0.wp.com\/tuzlahortum.com.tr\/wp-content\/uploads\/2019\/04\/performer-400.png?fit=650%2C323&ssl=1&resize=350%2C200 1x, https:\/\/i0.wp.com\/tuzlahortum.com.tr\/wp-content\/uploads\/2019\/04\/performer-400.png?fit=650%2C323&ssl=1&resize=525%2C300 1.5x"},"classes":[]},{"id":9054,"url":"https:\/\/tuzlahortum.com.tr\/ar\/product\/kumlama-nozulu-performer-nozul-1000\/","url_meta":{"origin":771,"position":2},"title":"\u0641\u0648\u0647\u0629 \u0627\u0644\u0633\u0641\u0639 \u0627\u0644\u0631\u0645\u0644\u064a - \u0641\u0648\u0647\u0629 \u0627\u0644\u0645\u0624\u062f\u064a 1000","author":"\u0130smail \u00c7elik","date":"9 \u0623\u0628\u0631\u064a\u0644 2019","format":false,"excerpt":"\u0641\u0648\u0647\u0629 \u0627\u0644\u0633\u0641\u0639 \u0628\u0627\u0644\u0631\u0645\u0644 - \u0641\u0648\u0647\u0629 \u0627\u0644\u0633\u0641\u0639 \u0628\u0627\u0644\u0631\u0645\u0644 - \u0641\u0648\u0647\u0629 Performer Nozzle 1000Performer \u0647\u0648 \u0637\u0631\u0627\u0632 \u0645\u062a\u0637\u0648\u0631 \u0630\u0648 \u0623\u062f\u0627\u0621 \u0639\u0627\u0644\u064d. \u0648\u0647\u064a \u0645\u0632\u0648\u062f\u0629 \u0628\u0628\u0637\u0627\u0646\u0629 \u0639\u0627\u0644\u064a\u0629 \u0627\u0644\u0645\u0642\u0627\u0648\u0645\u0629 \u0644\u0644\u062a\u0622\u0643\u0644 \u0648\u063a\u0637\u0627\u0621 \u0642\u0648\u064a \u0648\u062e\u0641\u064a\u0641 \u0627\u0644\u0648\u0632\u0646 \u0645\u0646 \u0627\u0644\u0628\u0648\u0644\u064a \u064a\u0648\u0631\u064a\u062b\u064a\u0646. \u0633\u0644\u0633\u0644\u0629 \u0641\u0648\u0647\u0627\u062a \u0627\u0644\u0633\u0641\u0639 \u0627\u0644\u0631\u0645\u0644\u064a \u0643\u0648\u0646\u062a\u0631\u0627\u0643\u0648\u0631 Performer Performer \u0645\u0646\u0627\u0633\u0628\u0629 \u0644\u0623\u0643\u0633\u064a\u062f \u0627\u0644\u0623\u0644\u0648\u0645\u0646\u064a\u0648\u0645 \u0623\u0648 \u0643\u0631\u0628\u064a\u062f \u0627\u0644\u0633\u064a\u0644\u064a\u0643\u0648\u0646 \u0623\u0648 \u062d\u0635\u0649 \u0627\u0644\u0641\u0648\u0644\u0627\u0630 \u0623\u0648 \u0627\u0644\u0633\u0641\u0639 \u0627\u0644\u0631\u0645\u0644\u064a \u0639\u0627\u0644\u064a \u0627\u0644\u0643\u0634\u0637. \u0645\u062a\u0648\u0641\u0631\u0629 \u0628\u062e\u0645\u0633\u0629 \u0623\u062d\u062c\u0627\u0645 \u0645\u062e\u062a\u0644\u0641\u0629. \u0645\u0646 \u0627\u0644\u0645\u0645\u0643\u0646 \u0636\u0628\u0637 \u0625\u0645\u062f\u0627\u062f \u0627\u0644\u0647\u0648\u0627\u0621 \u0627\u0644\u0645\u0636\u063a\u0648\u0637 \u0648...","rel":"","context":"\u062a\u062f\u0648\u064a\u0646\u0629 \u0645\u0634\u0627\u0628\u0647\u0629","block_context":{"text":"\u062a\u062f\u0648\u064a\u0646\u0629 \u0645\u0634\u0627\u0628\u0647\u0629","link":""},"img":{"alt_text":"","src":"https:\/\/i0.wp.com\/tuzlahortum.com.tr\/wp-content\/uploads\/2019\/04\/performer-1000.png?fit=650%2C325&ssl=1&resize=350%2C200","width":350,"height":200,"srcset":"https:\/\/i0.wp.com\/tuzlahortum.com.tr\/wp-content\/uploads\/2019\/04\/performer-1000.png?fit=650%2C325&ssl=1&resize=350%2C200 1x, https:\/\/i0.wp.com\/tuzlahortum.com.tr\/wp-content\/uploads\/2019\/04\/performer-1000.png?fit=650%2C325&ssl=1&resize=525%2C300 1.5x"},"classes":[]},{"id":9048,"url":"https:\/\/tuzlahortum.com.tr\/ar\/product\/kumlama-nozulu-performer-nozul-600\/","url_meta":{"origin":771,"position":3},"title":"\u0641\u0648\u0647\u0629 \u0627\u0644\u0633\u0641\u0639 \u0627\u0644\u0631\u0645\u0644\u064a - \u0641\u0648\u0647\u0629 \u0627\u0644\u0645\u0624\u062f\u064a 600","author":"\u0130smail \u00c7elik","date":"9 \u0623\u0628\u0631\u064a\u0644 2019","format":false,"excerpt":"\u0641\u0648\u0647\u0629 \u0627\u0644\u0633\u0641\u0639 \u0627\u0644\u0631\u0645\u0644\u064a - \u0641\u0648\u0647\u0629 \u0627\u0644\u0633\u0641\u0639 \u0627\u0644\u0631\u0645\u0644\u064a - \u0641\u0648\u0647\u0629 \u0627\u0644\u0645\u0624\u062f\u064a 600Performer \u0647\u064a \u0646\u0645\u0648\u0630\u062c \u0645\u062a\u0637\u0648\u0631 \u0630\u0648 \u0623\u062f\u0627\u0621 \u0639\u0627\u0644\u064d. \u0648\u0647\u064a \u0645\u0632\u0648\u062f\u0629 \u0628\u0628\u0637\u0627\u0646\u0629 \u0639\u0627\u0644\u064a\u0629 \u0627\u0644\u0645\u0642\u0627\u0648\u0645\u0629 \u0644\u0644\u062a\u0622\u0643\u0644 \u0648\u063a\u0637\u0627\u0621 \u0642\u0648\u064a \u0648\u062e\u0641\u064a\u0641 \u0627\u0644\u0648\u0632\u0646 \u0645\u0646 \u0627\u0644\u0628\u0648\u0644\u064a \u064a\u0648\u0631\u064a\u062b\u064a\u0646. \u0645\u062c\u0645\u0648\u0639\u0629 \u0641\u0648\u0647\u0627\u062a \u0627\u0644\u0633\u0641\u0639 \u0627\u0644\u0631\u0645\u0644\u064a \u0643\u0648\u0646\u062a\u0631\u0627\u0643\u0648\u0631 Performer \u0645\u0646\u0627\u0633\u0628\u0629 \u0644\u0623\u0643\u0633\u064a\u062f \u0627\u0644\u0623\u0644\u0648\u0645\u0646\u064a\u0648\u0645 \u0623\u0648 \u0643\u0631\u0628\u064a\u062f \u0627\u0644\u0633\u064a\u0644\u064a\u0643\u0648\u0646 \u0623\u0648 \u062d\u0635\u0649 \u0627\u0644\u0641\u0648\u0644\u0627\u0630 \u0623\u0648 \u0627\u0644\u0633\u0641\u0639 \u0627\u0644\u0631\u0645\u0644\u064a \u0639\u0627\u0644\u064a \u0627\u0644\u0643\u0634\u0637. \u0645\u062a\u0648\u0641\u0631\u0629 \u0628\u062e\u0645\u0633\u0629 \u0623\u062d\u062c\u0627\u0645 \u0645\u062e\u062a\u0644\u0641\u0629. \u0644\u0636\u0628\u0637 \u0625\u0645\u062f\u0627\u062f \u0627\u0644\u0647\u0648\u0627\u0621 \u0627\u0644\u0645\u0636\u063a\u0648\u0637 \u0648...","rel":"","context":"\u062a\u062f\u0648\u064a\u0646\u0629 \u0645\u0634\u0627\u0628\u0647\u0629","block_context":{"text":"\u062a\u062f\u0648\u064a\u0646\u0629 \u0645\u0634\u0627\u0628\u0647\u0629","link":""},"img":{"alt_text":"","src":"https:\/\/i0.wp.com\/tuzlahortum.com.tr\/wp-content\/uploads\/2019\/04\/performer-600.png?fit=650%2C304&ssl=1&resize=350%2C200","width":350,"height":200,"srcset":"https:\/\/i0.wp.com\/tuzlahortum.com.tr\/wp-content\/uploads\/2019\/04\/performer-600.png?fit=650%2C304&ssl=1&resize=350%2C200 1x, https:\/\/i0.wp.com\/tuzlahortum.com.tr\/wp-content\/uploads\/2019\/04\/performer-600.png?fit=650%2C304&ssl=1&resize=525%2C300 1.5x"},"classes":[]},{"id":768,"url":"https:\/\/tuzlahortum.com.tr\/ar\/product\/kumlama-nozulu-boron-carbide\/","url_meta":{"origin":771,"position":4},"title":"\u0641\u0648\u0647\u0629 \u0627\u0644\u0633\u0641\u0639 \u0627\u0644\u0631\u0645\u0644\u064a (\u0643\u0631\u0628\u064a\u062f \u0627\u0644\u0628\u0648\u0631\u0648\u0646)","author":"admin","date":"6 \u0641\u0628\u0631\u0627\u064a\u0631 2019","format":false,"excerpt":"Kumlama Nozulu (Boron Carbide)\u00a0Boron carbide \u00f6zelli\u011fine sahip 1000 saat \u00e7al\u0131\u015fma kapasiteli kumlama nozuludur. 6,5mm den 12,5mm delik \u00e7aplar\u0131na kadar kullan\u0131m alan\u0131n\u0131za g\u00f6re tercih edebilirsiniz. 130mm uzunlu\u011fundad\u0131r.","rel":"","context":"\u062a\u062f\u0648\u064a\u0646\u0629 \u0645\u0634\u0627\u0628\u0647\u0629","block_context":{"text":"\u062a\u062f\u0648\u064a\u0646\u0629 \u0645\u0634\u0627\u0628\u0647\u0629","link":""},"img":{"alt_text":"","src":"https:\/\/i0.wp.com\/tuzlahortum.com.tr\/wp-content\/uploads\/urunler\/Kumlama\/kumlama_nozulu.jpg?fit=380%2C298&ssl=1&resize=350%2C200","width":350,"height":200},"classes":[]},{"id":9251,"url":"https:\/\/tuzlahortum.com.tr\/ar\/product\/kumlama-nozulu-gomme-kopya\/","url_meta":{"origin":771,"position":5},"title":"\u0641\u0648\u0647\u0629 \u0627\u0644\u0633\u0641\u0639 \u0627\u0644\u0631\u0645\u0644\u064a - \u063a\u0627\u0626\u0631\u0629 (Kennametal)","author":"\u0130smail \u00c7elik","date":"21 \u064a\u0646\u0627\u064a\u0631 2020","format":false,"excerpt":"\u0641\u0648\u0647\u0629 \u0627\u0644\u0633\u0641\u0639 \u0627\u0644\u0631\u0645\u0644\u064a - \u063a\u0627\u0626\u0631\u0629 (Kennametal)","rel":"","context":"\u062a\u062f\u0648\u064a\u0646\u0629 \u0645\u0634\u0627\u0628\u0647\u0629","block_context":{"text":"\u062a\u062f\u0648\u064a\u0646\u0629 \u0645\u0634\u0627\u0628\u0647\u0629","link":""},"img":{"alt_text":"","src":"https:\/\/i0.wp.com\/tuzlahortum.com.tr\/wp-content\/uploads\/2020\/01\/Kennametal-Nozul-5.jpeg?fit=900%2C1200&ssl=1&resize=350%2C200","width":350,"height":200,"srcset":"https:\/\/i0.wp.com\/tuzlahortum.com.tr\/wp-content\/uploads\/2020\/01\/Kennametal-Nozul-5.jpeg?fit=900%2C1200&ssl=1&resize=350%2C200 1x, https:\/\/i0.wp.com\/tuzlahortum.com.tr\/wp-content\/uploads\/2020\/01\/Kennametal-Nozul-5.jpeg?fit=900%2C1200&ssl=1&resize=525%2C300 1.5x, https:\/\/i0.wp.com\/tuzlahortum.com.tr\/wp-content\/uploads\/2020\/01\/Kennametal-Nozul-5.jpeg?fit=900%2C1200&ssl=1&resize=700%2C400 2x"},"classes":[]}],"jetpack_sharing_enabled":true,"jetpack_likes_enabled":true,"_links":{"self":[{"href":"https:\/\/tuzlahortum.com.tr\/ar\/wp-json\/wp\/v2\/product\/771","targetHints":{"allow":["GET"]}}],"collection":[{"href":"https:\/\/tuzlahortum.com.tr\/ar\/wp-json\/wp\/v2\/product"}],"about":[{"href":"https:\/\/tuzlahortum.com.tr\/ar\/wp-json\/wp\/v2\/types\/product"}],"replies":[{"embeddable":true,"href":"https:\/\/tuzlahortum.com.tr\/ar\/wp-json\/wp\/v2\/comments?post=771"}],"wp:featuredmedia":[{"embeddable":true,"href":"https:\/\/tuzlahortum.com.tr\/ar\/wp-json\/wp\/v2\/media\/1784"}],"wp:attachment":[{"href":"https:\/\/tuzlahortum.com.tr\/ar\/wp-json\/wp\/v2\/media?parent=771"}],"wp:term":[{"taxonomy":"product_brand","embeddable":true,"href":"https:\/\/tuzlahortum.com.tr\/ar\/wp-json\/wp\/v2\/product_brand?post=771"},{"taxonomy":"product_cat","embeddable":true,"href":"https:\/\/tuzlahortum.com.tr\/ar\/wp-json\/wp\/v2\/product_cat?post=771"},{"taxonomy":"product_tag","embeddable":true,"href":"https:\/\/tuzlahortum.com.tr\/ar\/wp-json\/wp\/v2\/product_tag?post=771"}],"curies":[{"name":"\u062f\u0628\u0644\u064a\u0648 \u0628\u064a","href":"https:\/\/api.w.org\/{rel}","templated":true}]}}