{"id":767,"date":"2019-02-06T23:53:38","date_gmt":"2019-02-06T20:53:38","guid":{"rendered":"http:\/\/hortum.com.tr\/product\/import-placeholder-for-561\/"},"modified":"2024-03-21T17:42:53","modified_gmt":"2024-03-21T14:42:53","slug":"kumlama-maskesi","status":"publish","type":"product","link":"https:\/\/tuzlahortum.com.tr\/ar\/product\/kumlama-maskesi\/","title":{"rendered":"\u0642\u0646\u0627\u0639 \u0627\u0644\u0633\u0641\u0639 \u0627\u0644\u0631\u0645\u0644\u064a (\u0628\u0644\u0627\u0633\u062a\u064a\u0643 - \u0628\u0648\u0644\u064a\u0633\u062a\u0631)"},"content":{"rendered":"<h2>\u0642\u0646\u0627\u0639 \u0627\u0644\u0633\u0641\u0639 \u0627\u0644\u0631\u0645\u0644\u064a (\u0628\u0644\u0627\u0633\u062a\u064a\u0643 - \u0628\u0648\u0644\u064a\u0633\u062a\u0631)<\/h2>","protected":false},"excerpt":{"rendered":"<p>\u0642\u0646\u0627\u0639 \u0627\u0644\u0633\u0641\u0639 \u0627\u0644\u0631\u0645\u0644\u064a (\u0628\u0644\u0627\u0633\u062a\u064a\u0643 - \u0628\u0648\u0644\u064a\u0633\u062a\u0631)<\/p>","protected":false},"featured_media":8197,"comment_status":"open","ping_status":"closed","template":"","meta":{"jetpack_post_was_ever_published":false},"product_brand":[],"product_cat":[2326],"product_tag":[911,914,912],"class_list":{"0":"post-767","1":"product","2":"type-product","3":"status-publish","4":"has-post-thumbnail","6":"product_cat-kumlama-malzemeleri","7":"product_tag-kumlama","8":"product_tag-kumlama-maskesi","9":"product_tag-maske","11":"first","12":"instock","13":"featured","14":"taxable","15":"shipping-taxable","16":"product-type-variable"},"jetpack-related-posts":[{"id":761,"url":"https:\/\/tuzlahortum.com.tr\/ar\/product\/kumlama-maskesicontracor\/","url_meta":{"origin":767,"position":0},"title":"\u0642\u0646\u0627\u0639 \u0627\u0644\u0633\u0641\u0639 \u0627\u0644\u0631\u0645\u0644\u064a (\u0643\u0648\u0646\u062a\u0631\u0627\u0643\u0648\u0631)","author":"admin","date":"6 \u0641\u0628\u0631\u0627\u064a\u0631 2019","format":false,"excerpt":"\u0642\u0646\u0627\u0639 \u0627\u0644\u0633\u0641\u0639 \u0627\u0644\u0631\u0645\u0644\u064a (\u0643\u0648\u0646\u062a\u0631\u0627\u0643\u0648\u0631)","rel":"","context":"\u062a\u062f\u0648\u064a\u0646\u0629 \u0645\u0634\u0627\u0628\u0647\u0629","block_context":{"text":"\u062a\u062f\u0648\u064a\u0646\u0629 \u0645\u0634\u0627\u0628\u0647\u0629","link":""},"img":{"alt_text":"","src":"https:\/\/i0.wp.com\/tuzlahortum.com.tr\/wp-content\/uploads\/urunler\/Kumlama\/contracor-comfort-kumlama-maskesi-2.jpg?fit=250%2C250&ssl=1&resize=350%2C200","width":350,"height":200},"classes":[]},{"id":775,"url":"https:\/\/tuzlahortum.com.tr\/ar\/product\/plastik-kumlama-nozul-tutucu\/","url_meta":{"origin":767,"position":1},"title":"\u062d\u0627\u0645\u0644 \u0641\u0648\u0647\u0629 \u0627\u0644\u0633\u0641\u0639 \u0627\u0644\u0631\u0645\u0644\u064a \u0627\u0644\u0628\u0644\u0627\u0633\u062a\u064a\u0643\u064a","author":"admin","date":"6 \u0641\u0628\u0631\u0627\u064a\u0631 2019","format":false,"excerpt":"Plastik Kumlama Nozul TutucuKumlama nozulu tutucu ba\u015fl\u0131klar; nozulu esnek ve vidal\u0131 yap\u0131s\u0131yla s\u0131k\u0131ca tutarak kumlama hortumuyla birlikte optimum ba\u011flant\u0131 sa\u011flar. A\u011f\u0131r olmayan hafif yap\u0131s\u0131yla kumlama i\u015fleminde operat\u00f6r\u00fc a\u011f\u0131rl\u0131\u011f\u0131yla yormaz ergonomik kullan\u0131m sa\u011flar. Vidalama deliklerinden kumlama hortumuna veya kumlama borusuna kolay monte edilebilir \u00f6zelliktedir.","rel":"","context":"\u062a\u062f\u0648\u064a\u0646\u0629 \u0645\u0634\u0627\u0628\u0647\u0629","block_context":{"text":"\u062a\u062f\u0648\u064a\u0646\u0629 \u0645\u0634\u0627\u0628\u0647\u0629","link":""},"img":{"alt_text":"","src":"https:\/\/i0.wp.com\/tuzlahortum.com.tr\/wp-content\/uploads\/urunler\/Kumlama\/kumlama-nozul-tutucu.jpg?fit=233%2C216&ssl=1&resize=350%2C200","width":350,"height":200},"classes":[]},{"id":9026,"url":"https:\/\/tuzlahortum.com.tr\/ar\/product\/kumlama-tulumu-guderi\/","url_meta":{"origin":767,"position":2},"title":"\u0628\u062f\u0644\u0629 \u0627\u0644\u0633\u0641\u0639 \u0627\u0644\u0631\u0645\u0644\u064a (\u0634\u0627\u0645\u0648\u0627\u0647)","author":"\u0130smail \u00c7elik","date":"2 \u0623\u0628\u0631\u064a\u0644 2019","format":false,"excerpt":"Kumlama Tulumu (G\u00fcderi)Bilindi\u011fi gibi kumlama i\u015flemlerinde operat\u00f6rler p\u00fcsk\u00fcrt\u00fclen sarf malzemeleri ve a\u00e7\u0131\u011fa \u00e7\u0131kan toz nedeniyle olduk\u00e7a zor \u015fartlarda \u00e7al\u0131\u015fmaktad\u0131rlar. Bu nedenle bizler operat\u00f6rlerin hareket kolayl\u0131\u011f\u0131 ve korunmalar\u0131 i\u00e7in \u00f6zel olarak imal edilmi\u015f kumlama tulumu sat\u0131\u015f\u0131n\u0131 yapmaktay\u0131z. L-XL-XXL boyutlar\u0131nda \u00fcretilen ve kumlama i\u015fleminde giyilmek \u00fczere \u00f6zel olarak tasarlanm\u0131\u015f kumlama elbisesi di\u011fer\u2026","rel":"","context":"\u062a\u062f\u0648\u064a\u0646\u0629 \u0645\u0634\u0627\u0628\u0647\u0629","block_context":{"text":"\u062a\u062f\u0648\u064a\u0646\u0629 \u0645\u0634\u0627\u0628\u0647\u0629","link":""},"img":{"alt_text":"","src":"https:\/\/i0.wp.com\/tuzlahortum.com.tr\/wp-content\/uploads\/urunler\/Kumlama\/kumlama_tulumu_on.jpg?fit=250%2C275&ssl=1&resize=350%2C200","width":350,"height":200},"classes":[]},{"id":9100,"url":"https:\/\/tuzlahortum.com.tr\/ar\/product\/marin-hortumu\/","url_meta":{"origin":767,"position":3},"title":"\u062e\u0631\u0637\u0648\u0645 \u0628\u062d\u0631\u064a","author":"\u0130smail \u00c7elik","date":"11 \u064a\u0648\u0646\u064a\u0648 2019","format":false,"excerpt":"Marin Hortumu\u00d6zellikler : \u2022 \u00dcst kat 1. S\u0131n\u0131f PVC\u2019 den imal edilmi\u015ftir. \u2022 Alt kat beyaz PVC\u2019 den imal edilmi\u015ftir. \u2022 Y\u00fcksek kaliteli polyester takviye edilmi\u015ftir. \u2022 -5\u00b0C ile +65\u00b0C aras\u0131nda s\u0131cakl\u0131\u011fa dayan\u0131kl\u0131d\u0131r. Kullan\u0131m Alanlar\u0131 : \u2022 Tekne ve yatlarda, ev, bah\u00e7e sulama i\u015flerinde, k\u0131smen ya\u011f-yak\u0131ta dayan\u0131ml\u0131d\u0131r.","rel":"","context":"\u062a\u062f\u0648\u064a\u0646\u0629 \u0645\u0634\u0627\u0628\u0647\u0629","block_context":{"text":"\u062a\u062f\u0648\u064a\u0646\u0629 \u0645\u0634\u0627\u0628\u0647\u0629","link":""},"img":{"alt_text":"","src":"https:\/\/i0.wp.com\/tuzlahortum.com.tr\/wp-content\/uploads\/2019\/06\/Marin-Hortumu-2.jpg?resize=350%2C200&ssl=1","width":350,"height":200,"srcset":"https:\/\/i0.wp.com\/tuzlahortum.com.tr\/wp-content\/uploads\/2019\/06\/Marin-Hortumu-2.jpg?resize=350%2C200&ssl=1 1x, https:\/\/i0.wp.com\/tuzlahortum.com.tr\/wp-content\/uploads\/2019\/06\/Marin-Hortumu-2.jpg?resize=525%2C300&ssl=1 1.5x"},"classes":[]},{"id":813,"url":"https:\/\/tuzlahortum.com.tr\/ar\/product\/orgulu-seffaf-hortum-ekonomik\/","url_meta":{"origin":767,"position":4},"title":"\u062e\u0631\u0637\u0648\u0645 \u0634\u0641\u0627\u0641 \u0645\u0636\u0641\u0631 (\u0627\u0642\u062a\u0635\u0627\u062f\u064a)","author":"admin","date":"6 \u0641\u0628\u0631\u0627\u064a\u0631 2019","format":false,"excerpt":"\u00d6rg\u00fcl\u00fc \u015eeffaf Hortum (EKONOM\u0130K)\u00d6zellikler Alt kat \u015feffaf PVC ve y\u00fcksek mukavemetli polyester iplik, \u00fcst katta a\u015f\u0131nmaya dayan\u0131kl\u0131 \u015feffaf PVC ile \u00fcretilmi\u015ftir. \u00c7al\u0131\u015fma S\u0131cakl\u0131\u011f\u0131 -10\u00b0C ile +50\u00b0C aras\u0131 Kullan\u0131m Alanlar\u0131 Ev, bah\u00e7e, tarla, sanayi ve in\u015faat sekt\u00f6r\u00fcnde sulama ve tahliye i\u015flerinde kullan\u0131l\u0131r .","rel":"","context":"\u062a\u062f\u0648\u064a\u0646\u0629 \u0645\u0634\u0627\u0628\u0647\u0629","block_context":{"text":"\u062a\u062f\u0648\u064a\u0646\u0629 \u0645\u0634\u0627\u0628\u0647\u0629","link":""},"img":{"alt_text":"","src":"https:\/\/i0.wp.com\/tuzlahortum.com.tr\/wp-content\/uploads\/kategoriler\/orguluseffaf.png?fit=498%2C335&ssl=1&resize=350%2C200","width":350,"height":200},"classes":[]},{"id":814,"url":"https:\/\/tuzlahortum.com.tr\/ar\/product\/orgulu-seffaf-hortum-standart\/","url_meta":{"origin":767,"position":5},"title":"\u062e\u0631\u0637\u0648\u0645 \u0634\u0641\u0627\u0641 \u0645\u0636\u0641\u0631 (\u0642\u064a\u0627\u0633\u064a)","author":"admin","date":"6 \u0641\u0628\u0631\u0627\u064a\u0631 2019","format":false,"excerpt":"\u00d6rg\u00fcl\u00fc \u015eeffaf Hortum (STANDART)\u00d6zellikler Alt kat \u015feffaf PVC ve y\u00fcksek mukavemetli polyester iplik, \u00fcst katta a\u015f\u0131nmaya dayan\u0131kl\u0131 \u015feffaf PVC ile \u00fcretilmi\u015ftir. \u00c7al\u0131\u015fma S\u0131cakl\u0131\u011f\u0131 -10\u00b0C ile +50\u00b0C aras\u0131 Kullan\u0131m Alanlar\u0131 Ev, bah\u00e7e, tarla, sanayi ve in\u015faat sekt\u00f6r\u00fcnde sulama ve tahliye i\u015flerinde kullan\u0131l\u0131r.","rel":"","context":"\u062a\u062f\u0648\u064a\u0646\u0629 \u0645\u0634\u0627\u0628\u0647\u0629","block_context":{"text":"\u062a\u062f\u0648\u064a\u0646\u0629 \u0645\u0634\u0627\u0628\u0647\u0629","link":""},"img":{"alt_text":"","src":"https:\/\/i0.wp.com\/tuzlahortum.com.tr\/wp-content\/uploads\/kategoriler\/orguluseffaf.png?fit=498%2C335&ssl=1&resize=350%2C200","width":350,"height":200},"classes":[]}],"jetpack_sharing_enabled":true,"jetpack_likes_enabled":true,"_links":{"self":[{"href":"https:\/\/tuzlahortum.com.tr\/ar\/wp-json\/wp\/v2\/product\/767","targetHints":{"allow":["GET"]}}],"collection":[{"href":"https:\/\/tuzlahortum.com.tr\/ar\/wp-json\/wp\/v2\/product"}],"about":[{"href":"https:\/\/tuzlahortum.com.tr\/ar\/wp-json\/wp\/v2\/types\/product"}],"replies":[{"embeddable":true,"href":"https:\/\/tuzlahortum.com.tr\/ar\/wp-json\/wp\/v2\/comments?post=767"}],"wp:featuredmedia":[{"embeddable":true,"href":"https:\/\/tuzlahortum.com.tr\/ar\/wp-json\/wp\/v2\/media\/8197"}],"wp:attachment":[{"href":"https:\/\/tuzlahortum.com.tr\/ar\/wp-json\/wp\/v2\/media?parent=767"}],"wp:term":[{"taxonomy":"product_brand","embeddable":true,"href":"https:\/\/tuzlahortum.com.tr\/ar\/wp-json\/wp\/v2\/product_brand?post=767"},{"taxonomy":"product_cat","embeddable":true,"href":"https:\/\/tuzlahortum.com.tr\/ar\/wp-json\/wp\/v2\/product_cat?post=767"},{"taxonomy":"product_tag","embeddable":true,"href":"https:\/\/tuzlahortum.com.tr\/ar\/wp-json\/wp\/v2\/product_tag?post=767"}],"curies":[{"name":"\u062f\u0628\u0644\u064a\u0648 \u0628\u064a","href":"https:\/\/api.w.org\/{rel}","templated":true}]}}