{"id":763,"date":"2019-02-06T23:53:37","date_gmt":"2019-02-06T20:53:37","guid":{"rendered":"http:\/\/hortum.com.tr\/product\/import-placeholder-for-110\/"},"modified":"2024-03-21T17:42:55","modified_gmt":"2024-03-21T14:42:55","slug":"kumlama-kurtagzi-contasi","status":"publish","type":"product","link":"https:\/\/tuzlahortum.com.tr\/ar\/product\/kumlama-kurtagzi-contasi\/","title":{"rendered":"\u062d\u0634\u064a\u0629 \u0627\u0644\u0631\u0645\u0644 \u0627\u0644\u0645\u0639\u0634\u0642\u0629 (\u0643\u0628\u064a\u0631\u0629)"},"content":{"rendered":"<h2>\u062d\u0634\u064a\u0629 \u0627\u0644\u0631\u0645\u0644 \u0627\u0644\u0645\u0639\u0634\u0642\u0629 (\u0643\u0628\u064a\u0631\u0629)<\/h2>\n<p>\u0627\u0644\u062d\u0634\u064a\u0629 \u0627\u0644\u0627\u062d\u062a\u064a\u0627\u0637\u064a\u0629 \u0627\u0644\u0645\u0633\u062a\u062e\u062f\u0645\u0629 \u0641\u064a \u0627\u0644\u0633\u0641\u0639 \u0627\u0644\u0631\u0645\u0644\u064a<\/p>","protected":false},"excerpt":{"rendered":"<p>Kumlama Kurta\u011fz\u0131 Contas\u0131(B\u00fcy\u00fck) Kumlama Kurta\u011f\u0131zlar\u0131nda kullan\u0131lan yedek conta<\/p>","protected":false},"featured_media":1789,"comment_status":"open","ping_status":"closed","template":"","meta":{"jetpack_post_was_ever_published":false},"product_brand":[],"product_cat":[2325],"product_tag":[919,911,920,918],"class_list":{"0":"post-763","1":"product","2":"type-product","3":"status-publish","4":"has-post-thumbnail","6":"product_cat-kurtagzi","7":"product_tag-conta","8":"product_tag-kumlama","9":"product_tag-kumlama-kurtagzi-contasi","10":"product_tag-kurtagzi","12":"first","13":"instock","14":"taxable","15":"shipping-taxable","16":"product-type-simple"},"jetpack-related-posts":[{"id":774,"url":"https:\/\/tuzlahortum.com.tr\/ar\/product\/kurtagzi-contasi\/","url_meta":{"origin":763,"position":0},"title":"\u062d\u0634\u064a\u0629 \u0645\u0639\u0634\u0642\u0629 (\u0635\u063a\u064a\u0631\u0629)","author":"admin","date":"6 \u0641\u0628\u0631\u0627\u064a\u0631 2019","format":false,"excerpt":"\u062d\u0634\u064a\u0629 \u0645\u0639\u0634\u0642\u0629 (\u0635\u063a\u064a\u0631\u0629)","rel":"","context":"\u062a\u062f\u0648\u064a\u0646\u0629 \u0645\u0634\u0627\u0628\u0647\u0629","block_context":{"text":"\u062a\u062f\u0648\u064a\u0646\u0629 \u0645\u0634\u0627\u0628\u0647\u0629","link":""},"img":{"alt_text":"","src":"https:\/\/i0.wp.com\/tuzlahortum.com.tr\/wp-content\/uploads\/urunler\/Kumlama\/kumlama_kurtagzi_contasi.jpg?fit=300%2C300&ssl=1&resize=350%2C200","width":350,"height":200},"classes":[]},{"id":766,"url":"https:\/\/tuzlahortum.com.tr\/ar\/product\/kumlama-kurtagzi-dokum-disi\/","url_meta":{"origin":763,"position":1},"title":"\u0635\u0628 \u0627\u0644\u0631\u0645\u0644 \u0627\u0644\u0645\u062a\u0648\u0627\u0641\u0642 - (\u0623\u0646\u062b\u0649)","author":"admin","date":"6 \u0641\u0628\u0631\u0627\u064a\u0631 2019","format":false,"excerpt":"\u0635\u0628 \u0627\u0644\u0631\u0645\u0644 \u0627\u0644\u0645\u062a\u0648\u0627\u0641\u0642 - (\u0623\u0646\u062b\u0649)","rel":"","context":"\u062a\u062f\u0648\u064a\u0646\u0629 \u0645\u0634\u0627\u0628\u0647\u0629","block_context":{"text":"\u062a\u062f\u0648\u064a\u0646\u0629 \u0645\u0634\u0627\u0628\u0647\u0629","link":""},"img":{"alt_text":"","src":"https:\/\/i0.wp.com\/tuzlahortum.com.tr\/wp-content\/uploads\/urunler\/Kumlama\/kumlama_kurtagzi_dokum_disi.jpg?fit=400%2C400&ssl=1&resize=350%2C200","width":350,"height":200},"classes":[]},{"id":765,"url":"https:\/\/tuzlahortum.com.tr\/ar\/product\/kumlama-kurtagzi-dokum\/","url_meta":{"origin":763,"position":2},"title":"\u0635\u0628 \u0627\u0644\u0631\u0645\u0644 \u062a\u062a\u0648\u0627\u0641\u0642","author":"admin","date":"6 \u0641\u0628\u0631\u0627\u064a\u0631 2019","format":false,"excerpt":"\u0635\u0628 \u0627\u0644\u0633\u0641\u0639 \u0627\u0644\u0631\u0645\u0644\u064a \u0628\u0627\u0644\u0633\u0641\u0639 \u0627\u0644\u0631\u0645\u0644\u064a \u062c\u0647\u0627\u0632 \u062a\u0648\u0635\u064a\u0644 \u064a\u0645\u0643\u0646\u0643 \u0627\u0633\u062a\u062e\u062f\u0627\u0645\u0647 \u0644\u062f\u0645\u062c \u062e\u0631\u0627\u0637\u064a\u0645 \u0627\u0644\u0633\u0641\u0639 \u0627\u0644\u0631\u0645\u0644\u064a \u0623\u0648 \u062a\u0648\u0635\u064a\u0644\u0647\u0627 \u0628\u062f\u0648\u0627\u0626\u0631 \u0645\u062b\u0644 \u0635\u0648\u0627\u0645\u0639 \u0627\u0644\u063a\u0644\u0627\u064a\u0627\u062a. \u0648\u0641\u0642\u064b\u0627 \u0644\u0644\u0623\u0646\u0638\u0645\u0629 \u0627\u0644\u0623\u062e\u0631\u0649\u060c \u0646\u0638\u0631\u064b\u0627 \u0644\u062a\u0631\u0643\u064a\u0628 \u0627\u0644\u062e\u0631\u0637\u0648\u0645 \u062f\u0627\u062e\u0644 \u0627\u0644\u0645\u062d\u0648\u0644\u060c \u0644\u0627 \u062a\u0648\u062c\u062f \u0642\u064a\u0648\u062f \u0639\u0644\u0649 \u062a\u062f\u0641\u0642 \u0627\u0644\u0645\u0648\u0627\u062f. \u064a\u062a\u0648\u0641\u0631 \u062e\u0631\u0627\u0637\u064a\u0645 \u0627\u0644\u0633\u0641\u0639 \u0627\u0644\u0631\u0645\u0644\u064a \u0645\u0642\u0627\u0633 1 \u0628\u0648\u0635\u0629 \u06481 1\/4 \u0628\u0648\u0635\u0629 \u0648\u0641\u0642\u064b\u0627 \u0644\u0646\u0648\u0639 \u0627\u0644\u062a\u0648\u0627\u0641\u0642\u064a.","rel":"","context":"\u062a\u062f\u0648\u064a\u0646\u0629 \u0645\u0634\u0627\u0628\u0647\u0629","block_context":{"text":"\u062a\u062f\u0648\u064a\u0646\u0629 \u0645\u0634\u0627\u0628\u0647\u0629","link":""},"img":{"alt_text":"","src":"https:\/\/i0.wp.com\/tuzlahortum.com.tr\/wp-content\/uploads\/urunler\/Kumlama\/kumlama_kurtagzi_dokum.jpg?fit=210%2C240&ssl=1&resize=350%2C200","width":350,"height":200},"classes":[]},{"id":1356,"url":"https:\/\/tuzlahortum.com.tr\/ar\/product\/viton-contalar\/","url_meta":{"origin":763,"position":3},"title":"\u062c\u0648\u0627\u0646\u0627\u062a \u0641\u064a\u062a\u0648\u0646","author":"\u0130smail \u00c7elik","date":"11 \u0641\u0628\u0631\u0627\u064a\u0631 2019","format":false,"excerpt":"Viton Contalarhttps:\/\/www.youtube.com\/watch?v=O8ZlzKEjfEQ","rel":"","context":"\u062a\u062f\u0648\u064a\u0646\u0629 \u0645\u0634\u0627\u0628\u0647\u0629","block_context":{"text":"\u062a\u062f\u0648\u064a\u0646\u0629 \u0645\u0634\u0627\u0628\u0647\u0629","link":""},"img":{"alt_text":"","src":"https:\/\/i0.wp.com\/tuzlahortum.com.tr\/wp-content\/uploads\/2019\/03\/Viton-Contalar.jpg?fit=700%2C500&ssl=1&resize=350%2C200","width":350,"height":200,"srcset":"https:\/\/i0.wp.com\/tuzlahortum.com.tr\/wp-content\/uploads\/2019\/03\/Viton-Contalar.jpg?fit=700%2C500&ssl=1&resize=350%2C200 1x, https:\/\/i0.wp.com\/tuzlahortum.com.tr\/wp-content\/uploads\/2019\/03\/Viton-Contalar.jpg?fit=700%2C500&ssl=1&resize=525%2C300 1.5x, https:\/\/i0.wp.com\/tuzlahortum.com.tr\/wp-content\/uploads\/2019\/03\/Viton-Contalar.jpg?fit=700%2C500&ssl=1&resize=700%2C400 2x"},"classes":[]},{"id":1358,"url":"https:\/\/tuzlahortum.com.tr\/ar\/product\/silikon-contalar\/","url_meta":{"origin":763,"position":4},"title":"\u062c\u0648\u0627\u0646\u0627\u062a \u0633\u064a\u0644\u064a\u0643\u0648\u0646","author":"\u0130smail \u00c7elik","date":"11 \u0641\u0628\u0631\u0627\u064a\u0631 2019","format":false,"excerpt":"Silikon Contalarhttps:\/\/www.youtube.com\/watch?v=O8ZlzKEjfEQ","rel":"","context":"\u062a\u062f\u0648\u064a\u0646\u0629 \u0645\u0634\u0627\u0628\u0647\u0629","block_context":{"text":"\u062a\u062f\u0648\u064a\u0646\u0629 \u0645\u0634\u0627\u0628\u0647\u0629","link":""},"img":{"alt_text":"","src":"https:\/\/i0.wp.com\/tuzlahortum.com.tr\/wp-content\/uploads\/2019\/03\/Silikon-Contalar.jpg?fit=700%2C500&ssl=1&resize=350%2C200","width":350,"height":200,"srcset":"https:\/\/i0.wp.com\/tuzlahortum.com.tr\/wp-content\/uploads\/2019\/03\/Silikon-Contalar.jpg?fit=700%2C500&ssl=1&resize=350%2C200 1x, https:\/\/i0.wp.com\/tuzlahortum.com.tr\/wp-content\/uploads\/2019\/03\/Silikon-Contalar.jpg?fit=700%2C500&ssl=1&resize=525%2C300 1.5x, https:\/\/i0.wp.com\/tuzlahortum.com.tr\/wp-content\/uploads\/2019\/03\/Silikon-Contalar.jpg?fit=700%2C500&ssl=1&resize=700%2C400 2x"},"classes":[]},{"id":1354,"url":"https:\/\/tuzlahortum.com.tr\/ar\/product\/nbr-kaucuk-contalar\/","url_meta":{"origin":763,"position":5},"title":"\u0627\u0644\u0623\u062e\u062a\u0627\u0645 \u0627\u0644\u0645\u0637\u0627\u0637\u064a\u0629 NBR","author":"\u0130smail \u00c7elik","date":"11 \u0641\u0628\u0631\u0627\u064a\u0631 2019","format":false,"excerpt":"NBR Kau\u00e7uk Contalarhttps:\/\/www.youtube.com\/watch?v=O8ZlzKEjfEQ","rel":"","context":"\u062a\u062f\u0648\u064a\u0646\u0629 \u0645\u0634\u0627\u0628\u0647\u0629","block_context":{"text":"\u062a\u062f\u0648\u064a\u0646\u0629 \u0645\u0634\u0627\u0628\u0647\u0629","link":""},"img":{"alt_text":"","src":"https:\/\/i0.wp.com\/tuzlahortum.com.tr\/wp-content\/uploads\/2019\/03\/NBR-Kaucuk-Contalar.jpg?fit=700%2C500&ssl=1&resize=350%2C200","width":350,"height":200,"srcset":"https:\/\/i0.wp.com\/tuzlahortum.com.tr\/wp-content\/uploads\/2019\/03\/NBR-Kaucuk-Contalar.jpg?fit=700%2C500&ssl=1&resize=350%2C200 1x, https:\/\/i0.wp.com\/tuzlahortum.com.tr\/wp-content\/uploads\/2019\/03\/NBR-Kaucuk-Contalar.jpg?fit=700%2C500&ssl=1&resize=525%2C300 1.5x, https:\/\/i0.wp.com\/tuzlahortum.com.tr\/wp-content\/uploads\/2019\/03\/NBR-Kaucuk-Contalar.jpg?fit=700%2C500&ssl=1&resize=700%2C400 2x"},"classes":[]}],"jetpack_sharing_enabled":true,"jetpack_likes_enabled":true,"_links":{"self":[{"href":"https:\/\/tuzlahortum.com.tr\/ar\/wp-json\/wp\/v2\/product\/763","targetHints":{"allow":["GET"]}}],"collection":[{"href":"https:\/\/tuzlahortum.com.tr\/ar\/wp-json\/wp\/v2\/product"}],"about":[{"href":"https:\/\/tuzlahortum.com.tr\/ar\/wp-json\/wp\/v2\/types\/product"}],"replies":[{"embeddable":true,"href":"https:\/\/tuzlahortum.com.tr\/ar\/wp-json\/wp\/v2\/comments?post=763"}],"wp:featuredmedia":[{"embeddable":true,"href":"https:\/\/tuzlahortum.com.tr\/ar\/wp-json\/wp\/v2\/media\/1789"}],"wp:attachment":[{"href":"https:\/\/tuzlahortum.com.tr\/ar\/wp-json\/wp\/v2\/media?parent=763"}],"wp:term":[{"taxonomy":"product_brand","embeddable":true,"href":"https:\/\/tuzlahortum.com.tr\/ar\/wp-json\/wp\/v2\/product_brand?post=763"},{"taxonomy":"product_cat","embeddable":true,"href":"https:\/\/tuzlahortum.com.tr\/ar\/wp-json\/wp\/v2\/product_cat?post=763"},{"taxonomy":"product_tag","embeddable":true,"href":"https:\/\/tuzlahortum.com.tr\/ar\/wp-json\/wp\/v2\/product_tag?post=763"}],"curies":[{"name":"\u062f\u0628\u0644\u064a\u0648 \u0628\u064a","href":"https:\/\/api.w.org\/{rel}","templated":true}]}}