{"id":761,"date":"2019-02-06T23:53:37","date_gmt":"2019-02-06T20:53:37","guid":{"rendered":"http:\/\/hortum.com.tr\/product\/import-placeholder-for-569\/"},"modified":"2024-03-21T17:42:56","modified_gmt":"2024-03-21T14:42:56","slug":"kumlama-maskesicontracor","status":"publish","type":"product","link":"https:\/\/tuzlahortum.com.tr\/ar\/product\/kumlama-maskesicontracor\/","title":{"rendered":"\u0642\u0646\u0627\u0639 \u0627\u0644\u0633\u0641\u0639 \u0627\u0644\u0631\u0645\u0644\u064a (\u0643\u0648\u0646\u062a\u0631\u0627\u0643\u0648\u0631)"},"content":{"rendered":"<h2>\u0642\u0646\u0627\u0639 \u0627\u0644\u0633\u0641\u0639 \u0627\u0644\u0631\u0645\u0644\u064a (\u0643\u0648\u0646\u062a\u0631\u0627\u0643\u0648\u0631)<\/h2>","protected":false},"excerpt":{"rendered":"<p>\u0642\u0646\u0627\u0639 \u0627\u0644\u0633\u0641\u0639 \u0627\u0644\u0631\u0645\u0644\u064a (\u0643\u0648\u0646\u062a\u0631\u0627\u0643\u0648\u0631)<\/p>","protected":false},"featured_media":1794,"comment_status":"open","ping_status":"closed","template":"","meta":{"jetpack_post_was_ever_published":false},"product_brand":[],"product_cat":[2326],"product_tag":[913,911,914,915,912],"class_list":{"0":"post-761","1":"product","2":"type-product","3":"status-publish","4":"has-post-thumbnail","6":"product_cat-kumlama-malzemeleri","7":"product_tag-contracor","8":"product_tag-kumlama","9":"product_tag-kumlama-maskesi","10":"product_tag-kumlama-maskesi-contracor","11":"product_tag-maske","13":"first","14":"instock","15":"featured","16":"taxable","17":"shipping-taxable","18":"product-type-simple"},"jetpack-related-posts":[{"id":767,"url":"https:\/\/tuzlahortum.com.tr\/ar\/product\/kumlama-maskesi\/","url_meta":{"origin":761,"position":0},"title":"\u0642\u0646\u0627\u0639 \u0627\u0644\u0633\u0641\u0639 \u0627\u0644\u0631\u0645\u0644\u064a (\u0628\u0644\u0627\u0633\u062a\u064a\u0643 - \u0628\u0648\u0644\u064a\u0633\u062a\u0631)","author":"admin","date":"6 \u0641\u0628\u0631\u0627\u064a\u0631 2019","format":false,"excerpt":"\u0642\u0646\u0627\u0639 \u0627\u0644\u0633\u0641\u0639 \u0627\u0644\u0631\u0645\u0644\u064a (\u0628\u0644\u0627\u0633\u062a\u064a\u0643 - \u0628\u0648\u0644\u064a\u0633\u062a\u0631)","rel":"","context":"\u062a\u062f\u0648\u064a\u0646\u0629 \u0645\u0634\u0627\u0628\u0647\u0629","block_context":{"text":"\u062a\u062f\u0648\u064a\u0646\u0629 \u0645\u0634\u0627\u0628\u0647\u0629","link":""},"img":{"alt_text":"","src":"https:\/\/i0.wp.com\/tuzlahortum.com.tr\/wp-content\/uploads\/2019\/03\/kumlama-maskesi-polyester11.jpg?fit=396%2C627&ssl=1&resize=350%2C200","width":350,"height":200},"classes":[]},{"id":9026,"url":"https:\/\/tuzlahortum.com.tr\/ar\/product\/kumlama-tulumu-guderi\/","url_meta":{"origin":761,"position":1},"title":"\u0628\u062f\u0644\u0629 \u0627\u0644\u0633\u0641\u0639 \u0627\u0644\u0631\u0645\u0644\u064a (\u0634\u0627\u0645\u0648\u0627\u0647)","author":"\u0130smail \u00c7elik","date":"2 \u0623\u0628\u0631\u064a\u0644 2019","format":false,"excerpt":"Kumlama Tulumu (G\u00fcderi)Bilindi\u011fi gibi kumlama i\u015flemlerinde operat\u00f6rler p\u00fcsk\u00fcrt\u00fclen sarf malzemeleri ve a\u00e7\u0131\u011fa \u00e7\u0131kan toz nedeniyle olduk\u00e7a zor \u015fartlarda \u00e7al\u0131\u015fmaktad\u0131rlar. Bu nedenle bizler operat\u00f6rlerin hareket kolayl\u0131\u011f\u0131 ve korunmalar\u0131 i\u00e7in \u00f6zel olarak imal edilmi\u015f kumlama tulumu sat\u0131\u015f\u0131n\u0131 yapmaktay\u0131z. L-XL-XXL boyutlar\u0131nda \u00fcretilen ve kumlama i\u015fleminde giyilmek \u00fczere \u00f6zel olarak tasarlanm\u0131\u015f kumlama elbisesi di\u011fer\u2026","rel":"","context":"\u062a\u062f\u0648\u064a\u0646\u0629 \u0645\u0634\u0627\u0628\u0647\u0629","block_context":{"text":"\u062a\u062f\u0648\u064a\u0646\u0629 \u0645\u0634\u0627\u0628\u0647\u0629","link":""},"img":{"alt_text":"","src":"https:\/\/i0.wp.com\/tuzlahortum.com.tr\/wp-content\/uploads\/urunler\/Kumlama\/kumlama_tulumu_on.jpg?fit=250%2C275&ssl=1&resize=350%2C200","width":350,"height":200},"classes":[]},{"id":9054,"url":"https:\/\/tuzlahortum.com.tr\/ar\/product\/kumlama-nozulu-performer-nozul-1000\/","url_meta":{"origin":761,"position":2},"title":"\u0641\u0648\u0647\u0629 \u0627\u0644\u0633\u0641\u0639 \u0627\u0644\u0631\u0645\u0644\u064a - \u0641\u0648\u0647\u0629 \u0627\u0644\u0645\u0624\u062f\u064a 1000","author":"\u0130smail \u00c7elik","date":"9 \u0623\u0628\u0631\u064a\u0644 2019","format":false,"excerpt":"\u0641\u0648\u0647\u0629 \u0627\u0644\u0633\u0641\u0639 \u0628\u0627\u0644\u0631\u0645\u0644 - \u0641\u0648\u0647\u0629 \u0627\u0644\u0633\u0641\u0639 \u0628\u0627\u0644\u0631\u0645\u0644 - \u0641\u0648\u0647\u0629 Performer Nozzle 1000Performer \u0647\u0648 \u0637\u0631\u0627\u0632 \u0645\u062a\u0637\u0648\u0631 \u0630\u0648 \u0623\u062f\u0627\u0621 \u0639\u0627\u0644\u064d. \u0648\u0647\u064a \u0645\u0632\u0648\u062f\u0629 \u0628\u0628\u0637\u0627\u0646\u0629 \u0639\u0627\u0644\u064a\u0629 \u0627\u0644\u0645\u0642\u0627\u0648\u0645\u0629 \u0644\u0644\u062a\u0622\u0643\u0644 \u0648\u063a\u0637\u0627\u0621 \u0642\u0648\u064a \u0648\u062e\u0641\u064a\u0641 \u0627\u0644\u0648\u0632\u0646 \u0645\u0646 \u0627\u0644\u0628\u0648\u0644\u064a \u064a\u0648\u0631\u064a\u062b\u064a\u0646. \u0633\u0644\u0633\u0644\u0629 \u0641\u0648\u0647\u0627\u062a \u0627\u0644\u0633\u0641\u0639 \u0627\u0644\u0631\u0645\u0644\u064a \u0643\u0648\u0646\u062a\u0631\u0627\u0643\u0648\u0631 Performer Performer \u0645\u0646\u0627\u0633\u0628\u0629 \u0644\u0623\u0643\u0633\u064a\u062f \u0627\u0644\u0623\u0644\u0648\u0645\u0646\u064a\u0648\u0645 \u0623\u0648 \u0643\u0631\u0628\u064a\u062f \u0627\u0644\u0633\u064a\u0644\u064a\u0643\u0648\u0646 \u0623\u0648 \u062d\u0635\u0649 \u0627\u0644\u0641\u0648\u0644\u0627\u0630 \u0623\u0648 \u0627\u0644\u0633\u0641\u0639 \u0627\u0644\u0631\u0645\u0644\u064a \u0639\u0627\u0644\u064a \u0627\u0644\u0643\u0634\u0637. \u0645\u062a\u0648\u0641\u0631\u0629 \u0628\u062e\u0645\u0633\u0629 \u0623\u062d\u062c\u0627\u0645 \u0645\u062e\u062a\u0644\u0641\u0629. \u0645\u0646 \u0627\u0644\u0645\u0645\u0643\u0646 \u0636\u0628\u0637 \u0625\u0645\u062f\u0627\u062f \u0627\u0644\u0647\u0648\u0627\u0621 \u0627\u0644\u0645\u0636\u063a\u0648\u0637 \u0648...","rel":"","context":"\u062a\u062f\u0648\u064a\u0646\u0629 \u0645\u0634\u0627\u0628\u0647\u0629","block_context":{"text":"\u062a\u062f\u0648\u064a\u0646\u0629 \u0645\u0634\u0627\u0628\u0647\u0629","link":""},"img":{"alt_text":"","src":"https:\/\/i0.wp.com\/tuzlahortum.com.tr\/wp-content\/uploads\/2019\/04\/performer-1000.png?fit=650%2C325&ssl=1&resize=350%2C200","width":350,"height":200,"srcset":"https:\/\/i0.wp.com\/tuzlahortum.com.tr\/wp-content\/uploads\/2019\/04\/performer-1000.png?fit=650%2C325&ssl=1&resize=350%2C200 1x, https:\/\/i0.wp.com\/tuzlahortum.com.tr\/wp-content\/uploads\/2019\/04\/performer-1000.png?fit=650%2C325&ssl=1&resize=525%2C300 1.5x"},"classes":[]},{"id":9042,"url":"https:\/\/tuzlahortum.com.tr\/ar\/product\/kumlama-nozulu-performer-nozul-400\/","url_meta":{"origin":761,"position":3},"title":"\u0641\u0648\u0647\u0629 \u0627\u0644\u0633\u0641\u0639 \u0627\u0644\u0631\u0645\u0644\u064a - \u0641\u0648\u0647\u0629 \u0627\u0644\u0623\u062f\u0627\u0621 400","author":"\u0130smail \u00c7elik","date":"9 \u0623\u0628\u0631\u064a\u0644 2019","format":false,"excerpt":"\u0641\u0648\u0647\u0629 \u0627\u0644\u0633\u0641\u0639 \u0628\u0627\u0644\u0631\u0645\u0644 - \u0641\u0648\u0647\u0629 \u0627\u0644\u0633\u0641\u0639 \u0628\u0627\u0644\u0631\u0645\u0644 - \u0641\u0648\u0647\u0629 Performer Nozzle 400Performer \u0647\u0648 \u0637\u0631\u0627\u0632 \u0645\u062a\u0637\u0648\u0631 \u0630\u0648 \u0623\u062f\u0627\u0621 \u0639\u0627\u0644\u064d. \u0648\u0647\u064a \u0645\u0632\u0648\u062f\u0629 \u0628\u0628\u0637\u0627\u0646\u0629 \u0639\u0627\u0644\u064a\u0629 \u0627\u0644\u0645\u0642\u0627\u0648\u0645\u0629 \u0644\u0644\u062a\u0622\u0643\u0644 \u0648\u063a\u0637\u0627\u0621 \u0642\u0648\u064a \u0648\u062e\u0641\u064a\u0641 \u0627\u0644\u0648\u0632\u0646 \u0645\u0646 \u0627\u0644\u0628\u0648\u0644\u064a \u064a\u0648\u0631\u064a\u062b\u064a\u0646. \u0633\u0644\u0633\u0644\u0629 Contracor Performer Performer \u0645\u0646 \u0641\u0648\u0647\u0627\u062a \u0627\u0644\u0633\u0641\u0639 \u0627\u0644\u0631\u0645\u0644\u064a \u0645\u0646\u0627\u0633\u0628\u0629 \u0644\u0623\u0643\u0633\u064a\u062f \u0627\u0644\u0623\u0644\u0648\u0645\u0646\u064a\u0648\u0645 \u0623\u0648 \u0643\u0631\u0628\u064a\u062f \u0627\u0644\u0633\u064a\u0644\u064a\u0643\u0648\u0646 \u0623\u0648 \u062d\u0635\u0649 \u0627\u0644\u0641\u0648\u0644\u0627\u0630 \u0623\u0648 \u0627\u0644\u0633\u0641\u0639 \u0627\u0644\u0631\u0645\u0644\u064a \u0639\u0627\u0644\u064a \u0627\u0644\u0643\u0634\u0637. \u0645\u062a\u0648\u0641\u0631\u0629 \u0628\u062e\u0645\u0633\u0629 \u0623\u062d\u062c\u0627\u0645 \u0645\u062e\u062a\u0644\u0641\u0629. \u0645\u0646 \u0627\u0644\u0645\u0645\u0643\u0646 \u0636\u0628\u0637 \u0625\u0645\u062f\u0627\u062f \u0627\u0644\u0647\u0648\u0627\u0621 \u0627\u0644\u0645\u0636\u063a\u0648\u0637 \u0648...","rel":"","context":"\u062a\u062f\u0648\u064a\u0646\u0629 \u0645\u0634\u0627\u0628\u0647\u0629","block_context":{"text":"\u062a\u062f\u0648\u064a\u0646\u0629 \u0645\u0634\u0627\u0628\u0647\u0629","link":""},"img":{"alt_text":"","src":"https:\/\/i0.wp.com\/tuzlahortum.com.tr\/wp-content\/uploads\/2019\/04\/performer-400.png?fit=650%2C323&ssl=1&resize=350%2C200","width":350,"height":200,"srcset":"https:\/\/i0.wp.com\/tuzlahortum.com.tr\/wp-content\/uploads\/2019\/04\/performer-400.png?fit=650%2C323&ssl=1&resize=350%2C200 1x, https:\/\/i0.wp.com\/tuzlahortum.com.tr\/wp-content\/uploads\/2019\/04\/performer-400.png?fit=650%2C323&ssl=1&resize=525%2C300 1.5x"},"classes":[]},{"id":9048,"url":"https:\/\/tuzlahortum.com.tr\/ar\/product\/kumlama-nozulu-performer-nozul-600\/","url_meta":{"origin":761,"position":4},"title":"\u0641\u0648\u0647\u0629 \u0627\u0644\u0633\u0641\u0639 \u0627\u0644\u0631\u0645\u0644\u064a - \u0641\u0648\u0647\u0629 \u0627\u0644\u0645\u0624\u062f\u064a 600","author":"\u0130smail \u00c7elik","date":"9 \u0623\u0628\u0631\u064a\u0644 2019","format":false,"excerpt":"\u0641\u0648\u0647\u0629 \u0627\u0644\u0633\u0641\u0639 \u0627\u0644\u0631\u0645\u0644\u064a - \u0641\u0648\u0647\u0629 \u0627\u0644\u0633\u0641\u0639 \u0627\u0644\u0631\u0645\u0644\u064a - \u0641\u0648\u0647\u0629 \u0627\u0644\u0645\u0624\u062f\u064a 600Performer \u0647\u064a \u0646\u0645\u0648\u0630\u062c \u0645\u062a\u0637\u0648\u0631 \u0630\u0648 \u0623\u062f\u0627\u0621 \u0639\u0627\u0644\u064d. \u0648\u0647\u064a \u0645\u0632\u0648\u062f\u0629 \u0628\u0628\u0637\u0627\u0646\u0629 \u0639\u0627\u0644\u064a\u0629 \u0627\u0644\u0645\u0642\u0627\u0648\u0645\u0629 \u0644\u0644\u062a\u0622\u0643\u0644 \u0648\u063a\u0637\u0627\u0621 \u0642\u0648\u064a \u0648\u062e\u0641\u064a\u0641 \u0627\u0644\u0648\u0632\u0646 \u0645\u0646 \u0627\u0644\u0628\u0648\u0644\u064a \u064a\u0648\u0631\u064a\u062b\u064a\u0646. \u0645\u062c\u0645\u0648\u0639\u0629 \u0641\u0648\u0647\u0627\u062a \u0627\u0644\u0633\u0641\u0639 \u0627\u0644\u0631\u0645\u0644\u064a \u0643\u0648\u0646\u062a\u0631\u0627\u0643\u0648\u0631 Performer \u0645\u0646\u0627\u0633\u0628\u0629 \u0644\u0623\u0643\u0633\u064a\u062f \u0627\u0644\u0623\u0644\u0648\u0645\u0646\u064a\u0648\u0645 \u0623\u0648 \u0643\u0631\u0628\u064a\u062f \u0627\u0644\u0633\u064a\u0644\u064a\u0643\u0648\u0646 \u0623\u0648 \u062d\u0635\u0649 \u0627\u0644\u0641\u0648\u0644\u0627\u0630 \u0623\u0648 \u0627\u0644\u0633\u0641\u0639 \u0627\u0644\u0631\u0645\u0644\u064a \u0639\u0627\u0644\u064a \u0627\u0644\u0643\u0634\u0637. \u0645\u062a\u0648\u0641\u0631\u0629 \u0628\u062e\u0645\u0633\u0629 \u0623\u062d\u062c\u0627\u0645 \u0645\u062e\u062a\u0644\u0641\u0629. \u0644\u0636\u0628\u0637 \u0625\u0645\u062f\u0627\u062f \u0627\u0644\u0647\u0648\u0627\u0621 \u0627\u0644\u0645\u0636\u063a\u0648\u0637 \u0648...","rel":"","context":"\u062a\u062f\u0648\u064a\u0646\u0629 \u0645\u0634\u0627\u0628\u0647\u0629","block_context":{"text":"\u062a\u062f\u0648\u064a\u0646\u0629 \u0645\u0634\u0627\u0628\u0647\u0629","link":""},"img":{"alt_text":"","src":"https:\/\/i0.wp.com\/tuzlahortum.com.tr\/wp-content\/uploads\/2019\/04\/performer-600.png?fit=650%2C304&ssl=1&resize=350%2C200","width":350,"height":200,"srcset":"https:\/\/i0.wp.com\/tuzlahortum.com.tr\/wp-content\/uploads\/2019\/04\/performer-600.png?fit=650%2C304&ssl=1&resize=350%2C200 1x, https:\/\/i0.wp.com\/tuzlahortum.com.tr\/wp-content\/uploads\/2019\/04\/performer-600.png?fit=650%2C304&ssl=1&resize=525%2C300 1.5x"},"classes":[]},{"id":775,"url":"https:\/\/tuzlahortum.com.tr\/ar\/product\/plastik-kumlama-nozul-tutucu\/","url_meta":{"origin":761,"position":5},"title":"\u062d\u0627\u0645\u0644 \u0641\u0648\u0647\u0629 \u0627\u0644\u0633\u0641\u0639 \u0627\u0644\u0631\u0645\u0644\u064a \u0627\u0644\u0628\u0644\u0627\u0633\u062a\u064a\u0643\u064a","author":"admin","date":"6 \u0641\u0628\u0631\u0627\u064a\u0631 2019","format":false,"excerpt":"Plastik Kumlama Nozul TutucuKumlama nozulu tutucu ba\u015fl\u0131klar; nozulu esnek ve vidal\u0131 yap\u0131s\u0131yla s\u0131k\u0131ca tutarak kumlama hortumuyla birlikte optimum ba\u011flant\u0131 sa\u011flar. A\u011f\u0131r olmayan hafif yap\u0131s\u0131yla kumlama i\u015fleminde operat\u00f6r\u00fc a\u011f\u0131rl\u0131\u011f\u0131yla yormaz ergonomik kullan\u0131m sa\u011flar. Vidalama deliklerinden kumlama hortumuna veya kumlama borusuna kolay monte edilebilir \u00f6zelliktedir.","rel":"","context":"\u062a\u062f\u0648\u064a\u0646\u0629 \u0645\u0634\u0627\u0628\u0647\u0629","block_context":{"text":"\u062a\u062f\u0648\u064a\u0646\u0629 \u0645\u0634\u0627\u0628\u0647\u0629","link":""},"img":{"alt_text":"","src":"https:\/\/i0.wp.com\/tuzlahortum.com.tr\/wp-content\/uploads\/urunler\/Kumlama\/kumlama-nozul-tutucu.jpg?fit=233%2C216&ssl=1&resize=350%2C200","width":350,"height":200},"classes":[]}],"jetpack_sharing_enabled":true,"jetpack_likes_enabled":true,"_links":{"self":[{"href":"https:\/\/tuzlahortum.com.tr\/ar\/wp-json\/wp\/v2\/product\/761","targetHints":{"allow":["GET"]}}],"collection":[{"href":"https:\/\/tuzlahortum.com.tr\/ar\/wp-json\/wp\/v2\/product"}],"about":[{"href":"https:\/\/tuzlahortum.com.tr\/ar\/wp-json\/wp\/v2\/types\/product"}],"replies":[{"embeddable":true,"href":"https:\/\/tuzlahortum.com.tr\/ar\/wp-json\/wp\/v2\/comments?post=761"}],"wp:featuredmedia":[{"embeddable":true,"href":"https:\/\/tuzlahortum.com.tr\/ar\/wp-json\/wp\/v2\/media\/1794"}],"wp:attachment":[{"href":"https:\/\/tuzlahortum.com.tr\/ar\/wp-json\/wp\/v2\/media?parent=761"}],"wp:term":[{"taxonomy":"product_brand","embeddable":true,"href":"https:\/\/tuzlahortum.com.tr\/ar\/wp-json\/wp\/v2\/product_brand?post=761"},{"taxonomy":"product_cat","embeddable":true,"href":"https:\/\/tuzlahortum.com.tr\/ar\/wp-json\/wp\/v2\/product_cat?post=761"},{"taxonomy":"product_tag","embeddable":true,"href":"https:\/\/tuzlahortum.com.tr\/ar\/wp-json\/wp\/v2\/product_tag?post=761"}],"curies":[{"name":"\u062f\u0628\u0644\u064a\u0648 \u0628\u064a","href":"https:\/\/api.w.org\/{rel}","templated":true}]}}