{"id":755,"date":"2019-02-06T23:53:23","date_gmt":"2019-02-06T20:53:23","guid":{"rendered":"http:\/\/hortum.com.tr\/product\/import-placeholder-for-217\/"},"modified":"2024-03-21T17:43:00","modified_gmt":"2024-03-21T14:43:00","slug":"sari-klape","status":"publish","type":"product","link":"https:\/\/tuzlahortum.com.tr\/ar\/product\/sari-klape\/","title":{"rendered":"\u0631\u0641\u0631\u0641 \u0623\u0635\u0641\u0631"},"content":{"rendered":"<h2>\u0631\u0641\u0631\u0641 \u0623\u0635\u0641\u0631<\/h2>\n<p>&nbsp;<\/p>\n<p>\u0634\u0647\u0627\u062f\u0629 \u0646\u0638\u0627\u0645 \u0627\u0644\u062c\u0648\u062f\u0629 ISO 9001.<\/p>\n<p>\u062a\u0645\u0631\u064a\u0631\u0629 \u0643\u0627\u0645\u0644\u0629 \u0644\u0623\u0642\u0635\u0649 \u0642\u062f\u0631 \u0645\u0646 \u0627\u0644\u0633\u064a\u0648\u0644\u0629.<\/p>\n<p>\u0627\u062a\u0635\u0627\u0644 ISO 228 \u0623\u0646\u062b\u0649 X \u0623\u0646\u062b\u0649.<\/p>\n<p>EPDM O-ring \u0644\u0623\u0642\u0635\u0649 \u062f\u0631\u062c\u0627\u062a \u0627\u0644\u0623\u0645\u0627\u0646.<\/p>\n<p>\u0645\u0646\u0637\u0642\u0629 \u0627\u0633\u062a\u062e\u062f\u0627\u0645 \u0648\u0627\u0633\u0639\u0629 \u0644\u0644\u0627\u0633\u062a\u062e\u062f\u0627\u0645 \u0641\u064a \u0623\u0646\u0638\u0645\u0629 \u0627\u0644\u0635\u0646\u0627\u0639\u0629 \u0648\u0627\u0644\u0633\u0628\u0627\u0643\u0629 \u0648\u0627\u0644\u0631\u064a.<\/p>\n<p>\u062f\u0631\u062c\u0629 \u0627\u0644\u062d\u0631\u0627\u0631\u0629 -10 \u062f\u0631\u062c\u0629 \u0645\u0626\u0648\u064a\u0629 + 50 \u062f\u0631\u062c\u0629 \u0645\u0626\u0648\u064a\u0629<\/p>\n<table border=\"0\" cellspacing=\"0\" cellpadding=\"0\">\n<tbody>\n<tr bgcolor=\"#002f62\">\n<td>\u062d\u062c\u0645 \u0645\u0635\u0646\u0651\u0641<\/td>\n<td>\u062c\u064a<br \/>\n(\u0645\u0645)<\/td>\n<td>\u062f<br \/>\n(\u0645\u0645)<\/td>\n<td>\u0625\u0644<br \/>\n(\u0645\u0645)<\/td>\n<\/tr>\n<tr>\n<td>3\/4\u2033<\/td>\n<td>20<\/td>\n<td>18<\/td>\n<td>90<\/td>\n<\/tr>\n<tr>\n<td>1\u2033<\/td>\n<td>25<\/td>\n<td>23<\/td>\n<td>102<\/td>\n<\/tr>\n<tr>\n<td>1 1\/4\u2033<\/td>\n<td>32<\/td>\n<td>28<\/td>\n<td>112<\/td>\n<\/tr>\n<tr>\n<td>1 1\/2\u2033<\/td>\n<td>40<\/td>\n<td>36<\/td>\n<td>130<\/td>\n<\/tr>\n<tr>\n<td>2\u2033<\/td>\n<td>50<\/td>\n<td>46<\/td>\n<td>140<\/td>\n<\/tr>\n<tr>\n<td>2 1\/2\u2033<\/td>\n<td>65<\/td>\n<td>59<\/td>\n<td>170<\/td>\n<\/tr>\n<tr>\n<td>3\u2033<\/td>\n<td>80<\/td>\n<td>70<\/td>\n<td>185<\/td>\n<\/tr>\n<tr>\n<td>4\u2033<\/td>\n<td>100<\/td>\n<td>87<\/td>\n<td>230<\/td>\n<\/tr>\n<tr>\n<td>5\u2033<\/td>\n<td>125<\/td>\n<td>110<\/td>\n<td>270<\/td>\n<\/tr>\n<tr>\n<td>6\u2033<\/td>\n<td>150<\/td>\n<td>110<\/td>\n<td>280<\/td>\n<\/tr>\n<\/tbody>\n<\/table>\n<div class=\"video video-fit mb\" style=\"padding-top:56.25%;\"><p><iframe loading=\"lazy\" title=\"\u0635\u0645\u0627\u0645 \u0627\u0644\u0631\u0628\u064a\u0639\" width=\"1020\" height=\"574\" src=\"https:\/\/www.youtube.com\/embed\/G3hkxWOl9dU?feature=oembed\" frameborder=\"0\" allow=\"accelerometer; autoplay; clipboard-write; encrypted-media; gyroscope; picture-in-picture; web-share\" referrerpolicy=\"strict-origin-when-cross-origin\" allowfullscreen><\/iframe><\/p>\n<\/div>","protected":false},"excerpt":{"rendered":"<p>Sar\u0131 Klape &nbsp; ISO 9001 Kalite Sistem Sertfikas\u0131. Maksimum ak\u0131\u015fkanl\u0131k i\u00e7in tam ge\u00e7i\u015f. ISO 228 Di\u015fi X Di\u015fi ba\u011flant\u0131. Maksimum g\u00fcvenlik i\u00e7in EPDM O-ring. End\u00fcstriyel, Tesisat ve sulama sistemlerinde kullan\u0131lmak \u00fczere geni\u015f kullan\u0131m alan\u0131. S\u0131cakl\u0131k -10\u00b0C + 50\u00b0C ANMA \u00d6L\u00c7\u00dcS\u00dc G (mm) d (mm) L (mm) 3\/4&#8243; 20 18 90 1&#8243; 25 23 102 1 [&#8230;]\n","protected":false},"featured_media":2851,"comment_status":"open","ping_status":"closed","template":"","meta":{"jetpack_post_was_ever_published":false},"product_brand":[],"product_cat":[198],"product_tag":[2172,896,465,2177,899],"class_list":{"0":"post-755","1":"product","2":"type-product","3":"status-publish","4":"has-post-thumbnail","6":"product_cat-klapeler","7":"product_tag-klape","8":"product_tag-klepe","9":"product_tag-sari","10":"product_tag-sari-klape","11":"product_tag-sari-klepe","13":"first","14":"instock","15":"taxable","16":"shipping-taxable","17":"product-type-variable"},"jetpack-related-posts":[{"id":2698,"url":"https:\/\/tuzlahortum.com.tr\/ar\/product\/yayli-klape-ekonomik\/","url_meta":{"origin":755,"position":0},"title":"\u0635\u0645\u0627\u0645 \u0627\u0644\u0631\u0628\u064a\u0639 (\u0627\u0642\u062a\u0635\u0627\u062f\u064a)","author":"\u0130smail \u00c7elik","date":"14 \u0641\u0628\u0631\u0627\u064a\u0631 2019","format":false,"excerpt":"Yayl\u0131 Klape (Ekonomik)ISO 9001 Kalite Sistem Sertfikas\u0131. Maksimum ak\u0131\u015fkanl\u0131k i\u00e7in tam ge\u00e7i\u015f. ISO 228 Di\u015fi X Di\u015fi ba\u011flant\u0131. \u00a0 Maksimum g\u00fcvenlik i\u00e7in EPDM O-ring. End\u00fcstriyel, Tesisat ve sulama sistemlerinde kullan\u0131lmak \u00fczere geni\u015f kullan\u0131m alan\u0131. S\u0131cakl\u0131k -10\u00b0C + 50\u00b0C ANMA \u00d6L\u00c7\u00dcS\u00dc d (mm) G (mm) L (mm) 3\/4\" 17 20 85\u2026","rel":"","context":"\u062a\u062f\u0648\u064a\u0646\u0629 \u0645\u0634\u0627\u0628\u0647\u0629","block_context":{"text":"\u062a\u062f\u0648\u064a\u0646\u0629 \u0645\u0634\u0627\u0628\u0647\u0629","link":""},"img":{"alt_text":"","src":"https:\/\/i0.wp.com\/tuzlahortum.com.tr\/wp-content\/uploads\/2019\/02\/yayliKlapeekonomik.jpg?fit=520%2C350&ssl=1&resize=350%2C200","width":350,"height":200},"classes":[]},{"id":756,"url":"https:\/\/tuzlahortum.com.tr\/ar\/product\/yayli-klape\/","url_meta":{"origin":755,"position":1},"title":"\u0635\u0645\u0627\u0645 \u0627\u0644\u0631\u0628\u064a\u0639","author":"admin","date":"6 \u0641\u0628\u0631\u0627\u064a\u0631 2019","format":false,"excerpt":"Yayl\u0131 KlapeISO 9001 Kalite Sistem Sertfikas\u0131. Maksimum ak\u0131\u015fkanl\u0131k i\u00e7in tam ge\u00e7i\u015f. \u00a0 ISO 228 Di\u015fi X Di\u015fi ba\u011flant\u0131. Maksimum g\u00fcvenlik i\u00e7in EPDM O-ring. End\u00fcstriyel, Tesisat ve sulama sistemlerinde kullan\u0131lmak \u00fczere geni\u015f kullan\u0131m alan\u0131. S\u0131cakl\u0131k -10\u00b0C + 50\u00b0C ANMA \u00d6L\u00c7\u00dcS\u00dc d (mm) G (mm) L (mm) 3\/4\" 18 20 90 1\"\u2026","rel":"","context":"\u062a\u062f\u0648\u064a\u0646\u0629 \u0645\u0634\u0627\u0628\u0647\u0629","block_context":{"text":"\u062a\u062f\u0648\u064a\u0646\u0629 \u0645\u0634\u0627\u0628\u0647\u0629","link":""},"img":{"alt_text":"","src":"https:\/\/i0.wp.com\/tuzlahortum.com.tr\/wp-content\/uploads\/2019\/02\/yayliKlape1.jpg?fit=520%2C350&ssl=1&resize=350%2C200","width":350,"height":200},"classes":[]},{"id":932,"url":"https:\/\/tuzlahortum.com.tr\/ar\/product\/siber-vana\/","url_meta":{"origin":755,"position":2},"title":"\u0635\u0645\u0627\u0645 \u0627\u0644\u062a\u0648\u0642\u0641","author":"admin","date":"6 \u0641\u0628\u0631\u0627\u064a\u0631 2019","format":false,"excerpt":"\u015eiber VanaTS EN12288 T\u00fcrk Standartlar\u0131 Enstit\u00fcs\u00fc Onay\u0131.ISO 9001 Kalite Sistem Sertfikas\u0131.Maksimum ak\u0131\u015fkanl\u0131k i\u00e7in tam ge\u00e7i\u015f.End\u00fcstriyel, Tesisat ve sulama sistemlerinde kullan\u0131lmak \u00fczere geni\u015f kullan\u0131m alan\u0131.ISO 228 Di\u015fi X Di\u015fi ba\u011flant\u0131.S\u0131cakl\u0131k -10\u00b0C + 120\u00b0CANMA \u00d6L\u00c7\u00dcS\u00dcG(mm)d(mm)L(mm)t(mm)E(mm)1-2\"1514369713\/4\"20194012801\"25244514921 1\/4\"323050131081 1\/2\"403853131252\"504760141402 1\/2\"725875201753\"857786222054\"1109010227240","rel":"","context":"\u062a\u062f\u0648\u064a\u0646\u0629 \u0645\u0634\u0627\u0628\u0647\u0629","block_context":{"text":"\u062a\u062f\u0648\u064a\u0646\u0629 \u0645\u0634\u0627\u0628\u0647\u0629","link":""},"img":{"alt_text":"","src":"https:\/\/i0.wp.com\/tuzlahortum.com.tr\/wp-content\/uploads\/2019\/02\/%C5%9Eiber-Vana.jpg?fit=520%2C370&ssl=1&resize=350%2C200","width":350,"height":200},"classes":[]},{"id":792,"url":"https:\/\/tuzlahortum.com.tr\/ar\/product\/kuresel-vana-pn40-tse\/","url_meta":{"origin":755,"position":3},"title":"\u0635\u0645\u0627\u0645 \u0627\u0644\u0643\u0631\u0629 PN40 TSE","author":"admin","date":"6 \u0641\u0628\u0631\u0627\u064a\u0631 2019","format":false,"excerpt":"K\u00fcresel Vana PN40 TSETS CEN\/EN 13547 T\u00fcrk Standartlar\u0131 Enstit\u00fcs\u00fc Onay\u0131.ISO 9001 Kalite Sistem Sertfikas\u0131.Maksimum ak\u0131\u015fkanl\u0131k i\u00e7in tam ge\u00e7i\u015f.Daha uzun \u00f6m\u00fcr i\u00e7in kurum kaplama k\u00fcre.ISO 228 Di\u015fi X Di\u015fi ba\u011flant\u0131.Kol \u00fczerinde A\u00e7\u0131k-Kapal\u0131 i\u015fareti.Maksimum g\u00fcvenlik i\u00e7in PTFE conta ve EPDM O-ring.Kal\u0131n PVC kapl\u0131 \u00e7elik kol.End\u00fcstriyel, Tesisat ve sulama sistemlerinde kullan\u0131lmak \u00fczere geni\u015f\u2026","rel":"","context":"\u062a\u062f\u0648\u064a\u0646\u0629 \u0645\u0634\u0627\u0628\u0647\u0629","block_context":{"text":"\u062a\u062f\u0648\u064a\u0646\u0629 \u0645\u0634\u0627\u0628\u0647\u0629","link":""},"img":{"alt_text":"","src":"https:\/\/i0.wp.com\/tuzlahortum.com.tr\/wp-content\/uploads\/2019\/02\/K%C3%BCresel-Vana-PN16-PN25-PN40-TSE.jpg?fit=520%2C350&ssl=1&resize=350%2C200","width":350,"height":200},"classes":[]},{"id":554,"url":"https:\/\/tuzlahortum.com.tr\/ar\/product\/dogalgaz-vanasi-mop-5-20\/","url_meta":{"origin":755,"position":4},"title":"\u0635\u0645\u0627\u0645 \u0627\u0644\u063a\u0627\u0632 \u0627\u0644\u0637\u0628\u064a\u0639\u064a MOP 5-20","author":"admin","date":"6 \u0641\u0628\u0631\u0627\u064a\u0631 2019","format":false,"excerpt":"Do\u011falgaz Vanas\u0131 MOP 5-20TS CEN\/EN 331\/A1 T\u00fcrk Standartlar\u0131 Enstit\u00fcs\u00fc Onay\u0131.ISO 9001 Kalite Sistem Sertfikas\u0131.MOP5-20 \u00e7al\u0131\u015fma bas\u0131nc\u0131.Maksimum ak\u0131\u015fkanl\u0131k i\u00e7in tam ge\u00e7i\u015f.Daha uzun \u00f6m\u00fcr i\u00e7in kurum kaplama k\u00fcre.ISO 228 Di\u015fi X Di\u015fi ba\u011flant\u0131.Maksimum g\u00fcvenlik i\u00e7in PTFE conta ve EPDM O-ring.Do\u011falgaz sistemlerinde kullan\u0131lmak \u00fczere geni\u015f kullan\u0131m alan\u0131.Kal\u0131n PVC kapl\u0131 \u00e7elik kol.S\u0131cakl\u0131k -10\u00b0C +\u2026","rel":"","context":"\u062a\u062f\u0648\u064a\u0646\u0629 \u0645\u0634\u0627\u0628\u0647\u0629","block_context":{"text":"\u062a\u062f\u0648\u064a\u0646\u0629 \u0645\u0634\u0627\u0628\u0647\u0629","link":""},"img":{"alt_text":"","src":"https:\/\/i0.wp.com\/tuzlahortum.com.tr\/wp-content\/uploads\/2019\/02\/Do%C4%9Falgaz-Vana-MOP-5-20-kilitli.jpg?fit=520%2C350&ssl=1&resize=350%2C200","width":350,"height":200},"classes":[]},{"id":787,"url":"https:\/\/tuzlahortum.com.tr\/ar\/product\/kuresel-vana-pn10-tse\/","url_meta":{"origin":755,"position":5},"title":"\u0635\u0645\u0627\u0645 \u0627\u0644\u0643\u0631\u0629 PN10 TSE","author":"admin","date":"6 \u0641\u0628\u0631\u0627\u064a\u0631 2019","format":false,"excerpt":"K\u00fcresel Vana PN10 TSETS CEN\/EN 13828 T\u00fcrk Standartlar\u0131 Enstit\u00fcs\u00fc Onay\u0131.ISO 9001 Kalite Sistem Sertfikas\u0131.Maksimum ak\u0131\u015fkanl\u0131k i\u00e7in tam ge\u00e7i\u015f.Daha uzun \u00f6m\u00fcr i\u00e7in kurum kaplama k\u00fcre.ISO 228 Di\u015fi X Di\u015fi ba\u011flant\u0131.Kol \u00fczerinde A\u00e7\u0131k-Kapal\u0131 i\u015fareti.Maksimum g\u00fcvenlik i\u00e7in PTFE conta ve EPDM O-ring.Kal\u0131n PVC kapl\u0131 \u00e7elik kol.\u0130\u00e7me suyu sistemlerinde kulan\u0131lmak \u00fczere geni\u015f kullan\u0131m alan\u0131.S\u0131cakl\u0131k\u2026","rel":"","context":"\u062a\u062f\u0648\u064a\u0646\u0629 \u0645\u0634\u0627\u0628\u0647\u0629","block_context":{"text":"\u062a\u062f\u0648\u064a\u0646\u0629 \u0645\u0634\u0627\u0628\u0647\u0629","link":""},"img":{"alt_text":"","src":"https:\/\/i0.wp.com\/tuzlahortum.com.tr\/wp-content\/uploads\/2019\/02\/K%C3%BCresel-Vana-PN10-TSE.jpg?fit=520%2C350&ssl=1&resize=350%2C200","width":350,"height":200},"classes":[]}],"jetpack_sharing_enabled":true,"jetpack_likes_enabled":true,"_links":{"self":[{"href":"https:\/\/tuzlahortum.com.tr\/ar\/wp-json\/wp\/v2\/product\/755","targetHints":{"allow":["GET"]}}],"collection":[{"href":"https:\/\/tuzlahortum.com.tr\/ar\/wp-json\/wp\/v2\/product"}],"about":[{"href":"https:\/\/tuzlahortum.com.tr\/ar\/wp-json\/wp\/v2\/types\/product"}],"replies":[{"embeddable":true,"href":"https:\/\/tuzlahortum.com.tr\/ar\/wp-json\/wp\/v2\/comments?post=755"}],"wp:featuredmedia":[{"embeddable":true,"href":"https:\/\/tuzlahortum.com.tr\/ar\/wp-json\/wp\/v2\/media\/2851"}],"wp:attachment":[{"href":"https:\/\/tuzlahortum.com.tr\/ar\/wp-json\/wp\/v2\/media?parent=755"}],"wp:term":[{"taxonomy":"product_brand","embeddable":true,"href":"https:\/\/tuzlahortum.com.tr\/ar\/wp-json\/wp\/v2\/product_brand?post=755"},{"taxonomy":"product_cat","embeddable":true,"href":"https:\/\/tuzlahortum.com.tr\/ar\/wp-json\/wp\/v2\/product_cat?post=755"},{"taxonomy":"product_tag","embeddable":true,"href":"https:\/\/tuzlahortum.com.tr\/ar\/wp-json\/wp\/v2\/product_tag?post=755"}],"curies":[{"name":"\u062f\u0628\u0644\u064a\u0648 \u0628\u064a","href":"https:\/\/api.w.org\/{rel}","templated":true}]}}