{"id":753,"date":"2019-02-06T23:53:23","date_gmt":"2019-02-06T20:53:23","guid":{"rendered":"http:\/\/hortum.com.tr\/product\/import-placeholder-for-93\/"},"modified":"2024-03-21T17:43:02","modified_gmt":"2024-03-21T14:43:02","slug":"asit-solvent-verici-hortumlar","status":"publish","type":"product","link":"https:\/\/tuzlahortum.com.tr\/ar\/product\/asit-solvent-verici-hortumlar\/","title":{"rendered":"\u062e\u0631\u0627\u0637\u064a\u0645 \u0646\u0642\u0644 \u0627\u0644\u0645\u0630\u064a\u0628\u0627\u062a \u0627\u0644\u062d\u0645\u0636\u064a\u0629"},"content":{"rendered":"<h2>\u062e\u0631\u0627\u0637\u064a\u0645 \u0646\u0642\u0644 \u0627\u0644\u0645\u0630\u064a\u0628\u0627\u062a \u0627\u0644\u062d\u0645\u0636\u064a\u0629<\/h2>\n<div>\u0645\u062c\u0627\u0644\u0627\u062a \u0627\u0644\u0627\u0633\u062a\u062e\u062f\u0627\u0645: \u0625\u062e\u0644\u0627\u0621 \u0645\u062e\u062a\u0644\u0641 \u0627\u0644\u0645\u0648\u0627\u062f \u0627\u0644\u062d\u0645\u0636\u064a\u0629 \u0648\u0627\u0644\u0642\u0627\u0639\u062f\u064a\u0629 \u0648\u0627\u0644\u0643\u064a\u0645\u064a\u0627\u0626\u064a\u0629 \u0641\u064a \u0627\u0644\u0645\u0646\u0634\u0622\u062a \u0627\u0644\u0635\u0646\u0627\u0639\u064a\u0629 \u0648\u062e\u0632\u0627\u0646\u0627\u062a \u0627\u0644\u0623\u062d\u0645\u0627\u0636 (\u0628\u062f\u0648\u0646 \u0645\u062d\u062a\u0648\u0649 \u0632\u064a\u062a\u064a)<\/div>\n<div>\u0627\u0639\u0645\u0627\u0644 \u0628\u0646\u0627\u0621<\/div>\n<div>\u0627\u0644\u062c\u0632\u0621 \u0627\u0644\u0633\u0641\u0644\u064a: \u0645\u0632\u064a\u062c \u062e\u0627\u0635 \u0645\u0646 \u0627\u0644\u0645\u0637\u0627\u0637 \u0627\u0644\u0635\u0646\u0627\u0639\u064a \u060c \u0623\u0633\u0648\u062f \u060c \u0633\u0627\u062f\u0629<\/div>\n<div>\u0627\u0644\u062a\u0639\u0632\u064a\u0632: \u0646\u0633\u064a\u062c \u0633\u0644\u0643 \u0639\u0627\u0644\u064a \u0627\u0644\u0642\u0648\u0629 \u060c \u0633\u0644\u0643 \u0646\u062d\u0627\u0633\u064a \u0645\u0648\u0635\u0644<\/div>\n<div>\u0627\u0644\u062c\u0632\u0621 \u0627\u0644\u0639\u0644\u0648\u064a: EPDM \u060c \u0623\u0633\u0648\u062f \u060c \u0639\u0627\u062f\u064a \u060c \u0634\u0631\u064a\u0637 \u0645\u0637\u0628\u0648\u0639 \u060c \u0645\u0642\u0627\u0648\u0645 \u0644\u0644\u062a\u0622\u0643\u0644 \u0648\u062c\u0645\u064a\u0639 \u0623\u0646\u0648\u0627\u0639 \u0627\u0644\u0638\u0631\u0648\u0641 \u0627\u0644\u0645\u0646\u0627\u062e\u064a\u0629<\/div>\n<div><\/div>\n<div><div class=\"video video-fit mb\" style=\"padding-top:56.25%;\"><p><iframe loading=\"lazy\" title=\"\u0627\u0631\u062a\u0628\u0627\u0643 \u0627\u0644\u0642\u064a\u0627\u0633 (\u0628\u0648\u0635\u0629\u060c \u0625\u0635\u0628\u0639\u060c \u0636\u0628\u0627\u0628\u060c \u0645\u0644\u0644\u064a\u0645\u062a\u0631)\" width=\"1020\" height=\"574\" src=\"https:\/\/www.youtube.com\/embed\/uKk6AG_AZls?feature=oembed\" frameborder=\"0\" allow=\"accelerometer; autoplay; clipboard-write; encrypted-media; gyroscope; picture-in-picture; web-share\" referrerpolicy=\"strict-origin-when-cross-origin\" allowfullscreen><\/iframe><\/p>\n<\/div><\/div>","protected":false},"excerpt":{"rendered":"<p>Asit Solvent Verici Hortumlar KULLANIM ALANLARI : Sanayi tesislerinde, asit depolar\u0131nda \u00e7e\u015fitli asit, baz ve kimyevi madde tahliye (Ya\u011fs\u0131z i\u00e7erikli) KONTR\u00dcKS\u0130YON Alt : \u00d6zel sentetik kau\u00e7uk kar\u0131\u015f\u0131m\u0131, siyah,d\u00fcz Takviye : Y\u00fcksek mukavemetli kord bezi, iletken bak\u0131r tel \u00dcst : EPDM, siyah, d\u00fcz, bask\u0131l\u0131 \u015feritli, a\u015f\u0131nmaya ve her t\u00fcrl\u00fc iklim \u015fartlar\u0131na dayan\u0131kl\u0131<\/p>","protected":false},"featured_media":1692,"comment_status":"open","ping_status":"closed","template":"","meta":{"jetpack_post_was_ever_published":false},"product_brand":[],"product_cat":[160],"product_tag":[894,890,809,816,390,808,806,810,893],"class_list":{"0":"post-753","1":"product","2":"type-product","3":"status-publish","4":"has-post-thumbnail","6":"product_cat-kimyevi-madde-hortumlari","7":"product_tag-asit-ve-baz-verici-hortumlar","8":"product_tag-asit-verici-hortumlar","9":"product_tag-deterjan","10":"product_tag-epdm","11":"product_tag-ilac","12":"product_tag-kimyasal-urunler","13":"product_tag-kimyevi-madde-tahliye-hortumu","14":"product_tag-parfum","15":"product_tag-yagsiz-icerikli-urunlerin-tahliye-islerinde","17":"first","18":"instock","19":"taxable","20":"shipping-taxable","21":"product-type-variable"},"jetpack-related-posts":[],"jetpack_sharing_enabled":true,"jetpack_likes_enabled":true,"_links":{"self":[{"href":"https:\/\/tuzlahortum.com.tr\/ar\/wp-json\/wp\/v2\/product\/753","targetHints":{"allow":["GET"]}}],"collection":[{"href":"https:\/\/tuzlahortum.com.tr\/ar\/wp-json\/wp\/v2\/product"}],"about":[{"href":"https:\/\/tuzlahortum.com.tr\/ar\/wp-json\/wp\/v2\/types\/product"}],"replies":[{"embeddable":true,"href":"https:\/\/tuzlahortum.com.tr\/ar\/wp-json\/wp\/v2\/comments?post=753"}],"wp:featuredmedia":[{"embeddable":true,"href":"https:\/\/tuzlahortum.com.tr\/ar\/wp-json\/wp\/v2\/media\/1692"}],"wp:attachment":[{"href":"https:\/\/tuzlahortum.com.tr\/ar\/wp-json\/wp\/v2\/media?parent=753"}],"wp:term":[{"taxonomy":"product_brand","embeddable":true,"href":"https:\/\/tuzlahortum.com.tr\/ar\/wp-json\/wp\/v2\/product_brand?post=753"},{"taxonomy":"product_cat","embeddable":true,"href":"https:\/\/tuzlahortum.com.tr\/ar\/wp-json\/wp\/v2\/product_cat?post=753"},{"taxonomy":"product_tag","embeddable":true,"href":"https:\/\/tuzlahortum.com.tr\/ar\/wp-json\/wp\/v2\/product_tag?post=753"}],"curies":[{"name":"\u062f\u0628\u0644\u064a\u0648 \u0628\u064a","href":"https:\/\/api.w.org\/{rel}","templated":true}]}}