{"id":751,"date":"2019-02-06T23:53:22","date_gmt":"2019-02-06T20:53:22","guid":{"rendered":"http:\/\/hortum.com.tr\/product\/import-placeholder-for-97\/"},"modified":"2024-03-21T17:43:03","modified_gmt":"2024-03-21T14:43:03","slug":"ozel-solvent-verici-hortum","status":"publish","type":"product","link":"https:\/\/tuzlahortum.com.tr\/ar\/product\/ozel-solvent-verici-hortum\/","title":{"rendered":"\u062e\u0631\u0637\u0648\u0645 \u0645\u0648\u0632\u0639 \u0627\u0644\u0645\u0630\u064a\u0628\u0627\u062a \u0627\u0644\u062e\u0627\u0635"},"content":{"rendered":"<h2>\u062e\u0631\u0637\u0648\u0645 \u0645\u0648\u0632\u0639 \u0627\u0644\u0645\u0630\u064a\u0628\u0627\u062a \u0627\u0644\u062e\u0627\u0635<\/h2>\n<div>\u0645\u062c\u0627\u0644\u0627\u062a \u0627\u0644\u0627\u0633\u062a\u062e\u062f\u0627\u0645: Toluol \u0648 xylol \u0648\u0645\u0627 \u0634\u0627\u0628\u0647 \u0630\u0644\u0643 \u0645\u0646 \u0627\u0644\u0645\u0630\u064a\u0628\u0627\u062a \u0648\u062a\u0635\u0631\u064a\u0641 \u0627\u0644\u0645\u0648\u0627\u062f \u0627\u0644\u0643\u064a\u0645\u064a\u0627\u0626\u064a\u0629 \u062a\u0639\u0645\u0644 \u0641\u064a \u0627\u0644\u0635\u0646\u0627\u0639\u0629 \u0627\u0644\u0643\u064a\u0645\u064a\u0627\u0626\u064a\u0629<\/div>\n<div><\/div>\n<div>\u0627\u0639\u0645\u0627\u0644 \u0628\u0646\u0627\u0621<\/div>\n<div>\u0623\u0633\u0641\u0644: \u0645\u0628\u0631\u0643\u0646 \u0628\u0637\u0628\u0642\u0627\u062a \u0645\u0637\u0627\u0637\u064a\u0629 \u0635\u0644\u0628\u0629 XLPE \u062e\u0627\u0635\u0629 \u060c \u0633\u0648\u062f\u0627\u0621<\/div>\n<div>\u0627\u0644\u062a\u0639\u0632\u064a\u0632: \u0646\u0633\u064a\u062c \u0633\u0644\u0643 \u0639\u0627\u0644\u064a \u0627\u0644\u0642\u0648\u0629 \u060c \u0633\u0644\u0643 \u0646\u062d\u0627\u0633\u064a \u0645\u0648\u0635\u0644<\/div>\n<div>\u0627\u0644\u062c\u0632\u0621 \u0627\u0644\u0639\u0644\u0648\u064a: \u0645\u0642\u0627\u0648\u0645 \u0644\u0644\u0632\u064a\u062a \u060c \u0623\u0633\u0648\u062f \u060c \u0623\u0645\u0644\u0633 \u060c \u0645\u0642\u0627\u0648\u0645 \u0644\u0644\u062a\u0622\u0643\u0644 \u060c \u0627\u0644\u062d\u0631\u0627\u0631\u0629 \u060c \u0627\u0644\u0645\u0630\u064a\u0628\u0627\u062a \u0648\u0627\u0644\u0645\u0648\u0627\u062f \u0627\u0644\u0643\u064a\u0645\u064a\u0627\u0626\u064a\u0629<\/div>\n<div><\/div>\n<div><div class=\"video video-fit mb\" style=\"padding-top:56.25%;\"><p><iframe loading=\"lazy\" title=\"\u0627\u0631\u062a\u0628\u0627\u0643 \u0627\u0644\u0642\u064a\u0627\u0633 (\u0628\u0648\u0635\u0629\u060c \u0625\u0635\u0628\u0639\u060c \u0636\u0628\u0627\u0628\u060c \u0645\u0644\u0644\u064a\u0645\u062a\u0631)\" width=\"1020\" height=\"574\" src=\"https:\/\/www.youtube.com\/embed\/uKk6AG_AZls?feature=oembed\" frameborder=\"0\" allow=\"accelerometer; autoplay; clipboard-write; encrypted-media; gyroscope; picture-in-picture; web-share\" referrerpolicy=\"strict-origin-when-cross-origin\" allowfullscreen><\/iframe><\/p>\n<\/div><\/div>","protected":false},"excerpt":{"rendered":"<p>\u00d6zel Solvent Verici Hortum KULLANIM ALANLARI : Kimya sanayiinde toluol, xylol ve benzeri solvent ve kimyevi madde tahliye i\u015flerinde KONTR\u00dcKS\u0130YON Alt : \u00d6zel XLPE kat\u0131 kau\u00e7uk katlar ile vulkanize edilmi\u015f, siyah Takviye : Y\u00fcksek mukavemetli kord bezi, iletken bak\u0131r tel \u00dcst : Ya\u011fl\u0131 ortama dayan\u0131kl\u0131 CR, siyah, d\u00fcz, a\u015f\u0131nmaya, \u0131s\u0131ya, solvent ve kimyevi maddelere dayan\u0131kl\u0131<\/p>","protected":false},"featured_media":1677,"comment_status":"open","ping_status":"closed","template":"","meta":{"jetpack_post_was_ever_published":false},"product_brand":[],"product_cat":[160],"product_tag":[889,890,809,390,885,808,888,806,810,887,2157,891],"class_list":{"0":"post-751","1":"product","2":"type-product","3":"status-publish","4":"has-post-thumbnail","6":"product_cat-kimyevi-madde-hortumlari","7":"product_tag-asit-ve-kimyevi-madde-tahliye-islerinde","8":"product_tag-asit-verici-hortumlar","9":"product_tag-deterjan","10":"product_tag-ilac","11":"product_tag-kimya-sanayisinde-kullanilan-hortum","12":"product_tag-kimyasal-urunler","13":"product_tag-kimyevi-madde-solvent-verici-hortum","14":"product_tag-kimyevi-madde-tahliye-hortumu","15":"product_tag-parfum","16":"product_tag-solvent-verici-hortumlar","17":"product_tag-xlpe","18":"product_tag-yagsiz-icerikli-ur","20":"first","21":"instock","22":"taxable","23":"shipping-taxable","24":"product-type-variable"},"jetpack-related-posts":[],"jetpack_sharing_enabled":true,"jetpack_likes_enabled":true,"_links":{"self":[{"href":"https:\/\/tuzlahortum.com.tr\/ar\/wp-json\/wp\/v2\/product\/751","targetHints":{"allow":["GET"]}}],"collection":[{"href":"https:\/\/tuzlahortum.com.tr\/ar\/wp-json\/wp\/v2\/product"}],"about":[{"href":"https:\/\/tuzlahortum.com.tr\/ar\/wp-json\/wp\/v2\/types\/product"}],"replies":[{"embeddable":true,"href":"https:\/\/tuzlahortum.com.tr\/ar\/wp-json\/wp\/v2\/comments?post=751"}],"wp:featuredmedia":[{"embeddable":true,"href":"https:\/\/tuzlahortum.com.tr\/ar\/wp-json\/wp\/v2\/media\/1677"}],"wp:attachment":[{"href":"https:\/\/tuzlahortum.com.tr\/ar\/wp-json\/wp\/v2\/media?parent=751"}],"wp:term":[{"taxonomy":"product_brand","embeddable":true,"href":"https:\/\/tuzlahortum.com.tr\/ar\/wp-json\/wp\/v2\/product_brand?post=751"},{"taxonomy":"product_cat","embeddable":true,"href":"https:\/\/tuzlahortum.com.tr\/ar\/wp-json\/wp\/v2\/product_cat?post=751"},{"taxonomy":"product_tag","embeddable":true,"href":"https:\/\/tuzlahortum.com.tr\/ar\/wp-json\/wp\/v2\/product_tag?post=751"}],"curies":[{"name":"\u062f\u0628\u0644\u064a\u0648 \u0628\u064a","href":"https:\/\/api.w.org\/{rel}","templated":true}]}}