{"id":747,"date":"2019-02-06T23:53:21","date_gmt":"2019-02-06T20:53:21","guid":{"rendered":"http:\/\/hortum.com.tr\/product\/import-placeholder-for-601\/"},"modified":"2024-03-21T17:43:07","modified_gmt":"2024-03-21T14:43:07","slug":"se-kademesiz-kulakli-kelepceler","status":"publish","type":"product","link":"https:\/\/tuzlahortum.com.tr\/ar\/product\/se-kademesiz-kulakli-kelepceler\/","title":{"rendered":"SE - \u0645\u0634\u0627\u0628\u0643 \u0623\u0630\u0646 \u0633\u062a\u0628\u0644\u064a\u0633"},"content":{"rendered":"<h2>SE - \u0645\u0634\u0627\u0628\u0643 \u0623\u0630\u0646 \u0633\u062a\u0628\u0644\u064a\u0633<\/h2>\n<p>\u062a\u0639\u062a\u0628\u0631 \u0645\u0634\u0627\u0628\u0643 \u0627\u0644\u0623\u0630\u0646 SE - Stepless Ear Clamps \u0633\u0631\u064a\u0639\u0629 \u0627\u0644\u062a\u0637\u0628\u064a\u0642 \u0648\u0628\u0633\u064a\u0637\u0629 \u0648\u0627\u0642\u062a\u0635\u0627\u062f\u064a\u0629 \u0644\u062a\u062c\u0645\u064a\u0639 \u0627\u0644\u0639\u062f\u064a\u062f \u0645\u0646 \u0648\u0635\u0644\u0627\u062a \u0627\u0644\u062e\u0631\u0627\u0637\u064a\u0645. \u0644\u0627 \u064a\u062a\u0644\u0641 \u0627\u0644\u062e\u0631\u0637\u0648\u0645 \u0623\u062b\u0646\u0627\u0621 \u0627\u0644\u0634\u062f. \u064a\u0645\u0643\u0646 \u0627\u0633\u062a\u062e\u062f\u0627\u0645\u0647 \u0641\u064a \u062e\u0631\u0627\u0637\u064a\u0645 \u0627\u0644\u0647\u0648\u0627\u0621 \u0648\u0627\u0644\u0633\u0627\u0626\u0644.<\/p>\n<p><img data-recalc-dims=\"1\" loading=\"lazy\" decoding=\"async\" class=\"wp-image-1774 alignright\" src=\"https:\/\/i0.wp.com\/tuzlahortum.com.tr\/wp-content\/uploads\/urunler\/kelepceler\/Kademesiz-Kulakl%C4%B1-Kelepc%CC%A7eler.jpg?resize=399%2C314&#038;ssl=1\" alt=\"\" width=\"399\" height=\"314\" title=\"\" srcset=\"https:\/\/i0.wp.com\/tuzlahortum.com.tr\/wp-content\/uploads\/urunler\/kelepceler\/Kademesiz-Kulakl%C4%B1-Kelepc%CC%A7eler.jpg?w=301&amp;ssl=1 301w, https:\/\/i0.wp.com\/tuzlahortum.com.tr\/wp-content\/uploads\/urunler\/kelepceler\/Kademesiz-Kulakl%C4%B1-Kelepc%CC%A7eler.jpg?resize=300%2C237&amp;ssl=1 300w\" sizes=\"auto, (max-width: 399px) 100vw, 399px\" \/><\/p>\n<p><img data-recalc-dims=\"1\" loading=\"lazy\" decoding=\"async\" class=\"size-full wp-image-8409 alignleft\" src=\"https:\/\/i0.wp.com\/tuzlahortum.com.tr\/wp-content\/uploads\/2019\/03\/Kademesiz-Kulakl%C4%B1-Kelep%C3%A7eler-3.jpg.jpg?resize=433%2C637&#038;ssl=1\" alt=\"\" width=\"433\" height=\"637\" title=\"\" srcset=\"https:\/\/i0.wp.com\/tuzlahortum.com.tr\/wp-content\/uploads\/2019\/03\/Kademesiz-Kulakl%C4%B1-Kelep%C3%A7eler-3.jpg.jpg?w=433&amp;ssl=1 433w, https:\/\/i0.wp.com\/tuzlahortum.com.tr\/wp-content\/uploads\/2019\/03\/Kademesiz-Kulakl%C4%B1-Kelep%C3%A7eler-3.jpg.jpg?resize=272%2C400&amp;ssl=1 272w\" sizes=\"auto, (max-width: 433px) 100vw, 433px\" \/><\/p>","protected":false},"excerpt":{"rendered":"<p>SE &#8211; Kademesiz Kulakl\u0131 Kelep\u00e7eler SE &#8211; Kademesiz Kulakl\u0131 Kelep\u00e7eler bir\u00e7ok hortum ba\u011flant\u0131lar\u0131 montaj\u0131 i\u00e7in uygulamas\u0131 h\u0131zl\u0131, basit ve ekonomik bir kelep\u00e7edir. S\u0131kma esnas\u0131nda hortuma zarar vermez. Hava ve s\u0131v\u0131 ta\u015f\u0131y\u0131c\u0131 hortumlarda kullan\u0131labilir.<\/p>","protected":false},"featured_media":10432,"comment_status":"open","ping_status":"closed","template":"","meta":{"jetpack_post_was_ever_published":false},"product_brand":[],"product_cat":[110],"product_tag":[880,857,2254,870,856,2255],"class_list":{"0":"post-747","1":"product","2":"type-product","3":"status-publish","4":"has-post-thumbnail","6":"product_cat-kulakli-kelepceler","7":"product_tag-galvaniz-kademesiz-kulakli","8":"product_tag-hortum-kelepcesi","9":"product_tag-kademesiz-kulakli-kelepce","10":"product_tag-korozyon-direnci","11":"product_tag-paslanmaz-celik","12":"product_tag-se-kademesiz-kulakli-kelepceler","14":"first","15":"instock","16":"taxable","17":"shipping-taxable","18":"product-type-variable"},"jetpack-related-posts":[],"jetpack_sharing_enabled":true,"jetpack_likes_enabled":true,"_links":{"self":[{"href":"https:\/\/tuzlahortum.com.tr\/ar\/wp-json\/wp\/v2\/product\/747","targetHints":{"allow":["GET"]}}],"collection":[{"href":"https:\/\/tuzlahortum.com.tr\/ar\/wp-json\/wp\/v2\/product"}],"about":[{"href":"https:\/\/tuzlahortum.com.tr\/ar\/wp-json\/wp\/v2\/types\/product"}],"replies":[{"embeddable":true,"href":"https:\/\/tuzlahortum.com.tr\/ar\/wp-json\/wp\/v2\/comments?post=747"}],"wp:featuredmedia":[{"embeddable":true,"href":"https:\/\/tuzlahortum.com.tr\/ar\/wp-json\/wp\/v2\/media\/10432"}],"wp:attachment":[{"href":"https:\/\/tuzlahortum.com.tr\/ar\/wp-json\/wp\/v2\/media?parent=747"}],"wp:term":[{"taxonomy":"product_brand","embeddable":true,"href":"https:\/\/tuzlahortum.com.tr\/ar\/wp-json\/wp\/v2\/product_brand?post=747"},{"taxonomy":"product_cat","embeddable":true,"href":"https:\/\/tuzlahortum.com.tr\/ar\/wp-json\/wp\/v2\/product_cat?post=747"},{"taxonomy":"product_tag","embeddable":true,"href":"https:\/\/tuzlahortum.com.tr\/ar\/wp-json\/wp\/v2\/product_tag?post=747"}],"curies":[{"name":"\u062f\u0628\u0644\u064a\u0648 \u0628\u064a","href":"https:\/\/api.w.org\/{rel}","templated":true}]}}