{"id":745,"date":"2019-02-06T23:53:20","date_gmt":"2019-02-06T20:53:20","guid":{"rendered":"http:\/\/hortum.com.tr\/product\/import-placeholder-for-132\/"},"modified":"2024-07-19T13:13:09","modified_gmt":"2024-07-19T10:13:09","slug":"12mm-vida-surumlu-kelepceler","status":"publish","type":"product","link":"https:\/\/tuzlahortum.com.tr\/ar\/product\/12mm-vida-surumlu-kelepceler\/","title":{"rendered":"12mm \u0628\u0631\u063a\u064a \u0646\u0633\u062e\u0629 \u0627\u0644\u0645\u0634\u0627\u0628\u0643"},"content":{"rendered":"<h2>12mm \u0628\u0631\u063a\u064a \u0646\u0633\u062e\u0629 \u0627\u0644\u0645\u0634\u0627\u0628\u0643<\/h2>\n<p>\u0641\u064a \u0639\u0631\u0636 \u0627\u0644\u0646\u0637\u0627\u0642 \u0627\u0644\u062a\u0631\u062f\u062f\u064a 12 \u0645\u0644\u0645\u00a0<strong>\u0636\u062c\u064a\u062c 3017<\/strong>\u00a0\u0646\u0645\u0627\u0630\u062c \u0645\u0634\u0627\u0628\u0643 \u0627\u0644\u062e\u0631\u0637\u0648\u0645 \u0630\u0627\u062a \u0627\u0644\u0625\u0635\u062f\u0627\u0631 \u0627\u0644\u0644\u0648\u0644\u0628\u064a Kale \u060c \u0648\u0627\u0644\u062a\u064a \u064a\u062a\u0645 \u0625\u0646\u062a\u0627\u062c\u0647\u0627 \u0648\u0641\u0642\u064b\u0627 \u0644\u0644\u0645\u0639\u0627\u064a\u064a\u0631 \u060c \u064a\u062a\u0645 \u0627\u0633\u062a\u062e\u062f\u0627\u0645\u0647\u0627 \u0628\u0633\u0647\u0648\u0644\u0629 \u0641\u064a \u0627\u0644\u0639\u062f\u064a\u062f \u0645\u0646 \u0627\u0644\u0642\u0637\u0627\u0639\u0627\u062a \u0628\u062e\u064a\u0627\u0631\u0627\u062a \u0642\u0637\u0631\u0647\u0627 \u0627\u0644\u0639\u0631\u064a\u0636.<\/p>\n<p class=\"ptext-circle-bullet\">\u0645\u0639 \u0646\u0645\u0627\u0630\u062c \u0645\u0634\u0627\u0628\u0643 \u0627\u0644\u062e\u0631\u0637\u0648\u0645 \u0630\u0627\u062a \u0627\u0644\u0625\u0635\u062f\u0627\u0631 \u0627\u0644\u0644\u0648\u0644\u0628\u064a \u0645\u0646 KALE \u060c \u0645\u062c\u0645\u0648\u0639\u0627\u062a \u0645\u0648\u0627\u062f \u0627\u0644\u0641\u0631\u0642\u0629 \/ \u0627\u0644\u0641\u062a\u062d\u0629 \/ \u0627\u0644\u0644\u0648\u0644\u0628 (W2B \u060c W2 \u060c W3 \u060c W4 \u060c W5) \u060c \u0631\u0623\u0633 \u0644\u0648\u0644\u0628\u064a \u0633\u062f\u0627\u0633\u064a 7 \u0645\u0645 (\u0645\u0639 \u0634\u0641\u0631\u0627\u062a \u0641\u064a\u0644\u064a\u0628\u0633 \u0648\u0645\u0641\u0643 \u0627\u0644\u0628\u0631\u0627\u063a\u064a \u0627\u0644\u0645\u0633\u0637\u062d\u0629) \u060c \u064a\u062a\u0645\u062a\u0639 \u0627\u0644\u0645\u0633\u062a\u062e\u062f\u0645\u0648\u0646 \u0628\u0641\u0631\u0635\u0629 \u0627\u062e\u062a\u064a\u0627\u0631 \u0628\u062f\u0627\u0626\u0644 \u0645\u062e\u062a\u0644\u0641\u0629 \u0627\u0639\u062a\u0645\u0627\u062f\u064b\u0627 \u0639\u0644\u0649 \u062e\u0635\u0627\u0626\u0635 \u0646\u0642\u0637\u0629 \u0627\u0644\u062a\u0637\u0628\u064a\u0642 \u0627\u0644\u0639\u0631\u0648\u0636.<\/p>\n<p class=\"ptext-circle-bullet\"><span class=\"p-text\">\u0645\u0639 \u0646\u0637\u0627\u0642 \u0642\u0637\u0631\u0647 \u0645\u0646 16 \u0645\u0645 \u0625\u0644\u0649 200 \u0645\u0645 \u060c \u0648\u0639\u0631\u0636 \u0627\u0644\u0646\u0637\u0627\u0642 12 \u0645\u0645 \u0648\u0645\u062c\u0645\u0648\u0639\u0629 \u0645\u0646 \u062e\u0645\u0633 \u0645\u0648\u0627\u062f \u0645\u062e\u062a\u0644\u0641\u0629 \u060c \u062a\u0648\u0641\u0631 \u0645\u0634\u0627\u0628\u0643 \u0627\u0644\u062e\u0631\u0627\u0637\u064a\u0645 \u0645\u0646 \u0633\u0644\u0633\u0644\u0629 Kale WD \u0644\u0644\u0645\u0633\u062a\u0647\u0644\u0643\u064a\u0646 \u0645\u062c\u0645\u0648\u0639\u0629 \u0648\u0627\u0633\u0639\u0629 \u0645\u0646 \u0628\u062f\u0627\u0626\u0644 \u0627\u0644\u0645\u0646\u062a\u062c\u0627\u062a \u0627\u0639\u062a\u0645\u0627\u062f\u064b\u0627 \u0639\u0644\u0649 \u062e\u0635\u0627\u0626\u0635 \u0646\u0642\u0627\u0637 \u0627\u0644\u062a\u0637\u0628\u064a\u0642 \u0627\u0644\u062e\u0627\u0635\u0629 \u0628\u0647\u0645.<\/span><\/p>\n<p class=\"ptext-circle-bullet\">\u0627\u0644\u0633\u0637\u062d \u0627\u0644\u062f\u0627\u062e\u0644\u064a \u0644\u0646\u0645\u0627\u0630\u062c \u0645\u0634\u0627\u0628\u0643 \u0627\u0644\u062e\u0631\u0637\u0648\u0645 \u0627\u0644\u062a\u064a \u062a\u0639\u0645\u0644 \u0628\u0627\u0644\u0628\u0631\u0627\u063a\u064a KALE \u0623\u0645\u0644\u0633 \u062a\u0645\u0627\u0645\u064b\u0627 \u0648\u064a\u062a\u0645 \u062a\u0635\u0646\u064a\u0639 \u062d\u0648\u0627\u0641 \u0634\u0631\u064a\u0637 \u0627\u0644\u062a\u062b\u0628\u064a\u062a \u0639\u0644\u0649 \u0634\u0643\u0644 \u0645\u062d\u062f\u0628.<\/p>\n<p class=\"ptext-circle-bullet\">\u0641\u064a \u062d\u0627\u0644\u0629 \u0627\u0631\u062a\u0641\u0627\u0639 \u0639\u0632\u0645 \u0627\u0644\u0634\u062f \u0645\u0639 \u0645\u0646\u062a\u062c\u0627\u062a \u063a\u064a\u0631 \u0645\u0646\u0627\u0633\u0628\u0629 \u060c \u0641\u0642\u062f \u064a\u062a\u0644\u0641 \u0627\u0644\u062e\u0631\u0637\u0648\u0645 \u0623\u0648 \u0627\u0644\u0648\u0635\u0644\u0629. \u064a\u0648\u0635\u0649 \u0628\u0627\u0633\u062a\u062e\u062f\u0627\u0645 \u0645\u0634\u0627\u0628\u0643 \u0627\u0644\u062e\u0631\u0637\u0648\u0645 \u0645\u0646 \u0633\u0644\u0633\u0644\u0629 WD12 \u062e\u0627\u0635\u0629 \u0644\u0644\u062e\u0631\u0627\u0637\u064a\u0645 \u0627\u0644\u0633\u0645\u064a\u0643\u0629 \u0627\u0644\u062c\u062f\u0631\u0627\u0646.<\/p>\n<p><img data-recalc-dims=\"1\" loading=\"lazy\" decoding=\"async\" class=\"size-full wp-image-10440 alignright\" src=\"https:\/\/i0.wp.com\/tuzlahortum.com.tr\/wp-content\/uploads\/2019\/02\/12-MM-V%C4%B0DA-S%C3%9CR%C3%9CML%C3%9C-KELEP%C3%87E-3-1.jpg?resize=278%2C714&#038;ssl=1\" alt=\"\" width=\"278\" height=\"714\" title=\"\" srcset=\"https:\/\/i0.wp.com\/tuzlahortum.com.tr\/wp-content\/uploads\/2019\/02\/12-MM-V%C4%B0DA-S%C3%9CR%C3%9CML%C3%9C-KELEP%C3%87E-3-1.jpg?w=278&amp;ssl=1 278w, https:\/\/i0.wp.com\/tuzlahortum.com.tr\/wp-content\/uploads\/2019\/02\/12-MM-V%C4%B0DA-S%C3%9CR%C3%9CML%C3%9C-KELEP%C3%87E-3-1.jpg?resize=156%2C400&amp;ssl=1 156w\" sizes=\"auto, (max-width: 278px) 100vw, 278px\" \/><\/p>\n<p>&nbsp;<\/p>\n<p><img data-recalc-dims=\"1\" loading=\"lazy\" decoding=\"async\" class=\"wp-image-3973 alignleft\" src=\"https:\/\/i0.wp.com\/tuzlahortum.com.tr\/wp-content\/uploads\/2019\/02\/12mm-vida-s%C3%BCr%C3%BCml%C3%BC.jpg?resize=594%2C358&#038;ssl=1\" alt=\"\" width=\"594\" height=\"358\" title=\"\" srcset=\"https:\/\/i0.wp.com\/tuzlahortum.com.tr\/wp-content\/uploads\/2019\/02\/12mm-vida-s%C3%BCr%C3%BCml%C3%BC.jpg?w=633&amp;ssl=1 633w, https:\/\/i0.wp.com\/tuzlahortum.com.tr\/wp-content\/uploads\/2019\/02\/12mm-vida-s%C3%BCr%C3%BCml%C3%BC.jpg?resize=600%2C362&amp;ssl=1 600w\" sizes=\"auto, (max-width: 594px) 100vw, 594px\" \/><img data-recalc-dims=\"1\" loading=\"lazy\" decoding=\"async\" class=\"alignnone size-full wp-image-10417\" src=\"https:\/\/i0.wp.com\/tuzlahortum.com.tr\/wp-content\/uploads\/2019\/02\/12-MM-V%C4%B0DA-S%C3%9CR%C3%9CML%C3%9C-KELEP%C3%87E-2-1.jpg?resize=370%2C359&#038;ssl=1\" alt=\"\" width=\"370\" height=\"359\" title=\"\"><\/p>","protected":false},"excerpt":{"rendered":"<p>12mm Vida S\u00fcr\u00fcml\u00fc Kelep\u00e7eler 12mm bant geni\u015fli\u011finde\u00a0DIN 3017\u00a0normuna g\u00f6re \u00fcretilen Kale vida s\u00fcr\u00fcml\u00fc hortum kelep\u00e7esi modelleri, geni\u015f \u00e7ap se\u00e7enekleri ile bir \u00e7ok sekt\u00f6rde rahatl\u0131kla kullan\u0131lmaktad\u0131r. KALE vida s\u00fcr\u00fcml\u00fc hortum kelep\u00e7esi modelleri, bant\/yuva\/vida malzeme kombinasyonlar\u0131 (W2B, W2, W3, W4, W5), 7mm alt\u0131gen vida ba\u015f\u0131 (y\u0131ld\u0131z ve d\u00fcz tornavida a\u011f\u0131zl\u0131) se\u00e7enekleri ile kullan\u0131c\u0131lara uygulama noktas\u0131n\u0131n \u00f6zelliklerine ba\u011fl\u0131 [&#8230;]\n","protected":false},"featured_media":10410,"comment_status":"open","ping_status":"closed","template":"","meta":[],"product_brand":[],"product_cat":[113],"product_tag":[873,2241,2242,2262,857,876,877,852,874,875],"class_list":{"0":"post-745","1":"product","2":"type-product","3":"status-publish","4":"has-post-thumbnail","6":"product_cat-vida-surumlu-kelepceler","7":"product_tag-12mm-vida-surumlu-kelepce","8":"product_tag-2241","9":"product_tag-2242","10":"product_tag-2262","11":"product_tag-hortum-kelepcesi","12":"product_tag-kale","13":"product_tag-kale-kelepce","14":"product_tag-kelepce","15":"product_tag-vida","16":"product_tag-vida-surumlu","18":"first","19":"instock","20":"taxable","21":"shipping-taxable","22":"product-type-variable"},"jetpack-related-posts":[{"id":945,"url":"https:\/\/tuzlahortum.com.tr\/ar\/product\/9mm-vida-surumlu-kelepceler\/","url_meta":{"origin":745,"position":0},"title":"9mm \u0628\u0631\u063a\u064a \u0646\u0633\u062e\u0629 \u0627\u0644\u0645\u0634\u0627\u0628\u0643","author":"admin","date":"6 \u0641\u0628\u0631\u0627\u064a\u0631 2019","format":false,"excerpt":"9mm Vida S\u00fcr\u00fcml\u00fc Kelep\u00e7eler 9mm bant geni\u015fli\u011finde\u00a0DIN 3017\u00a0normuna g\u00f6re \u00fcretilen Kale vida s\u00fcr\u00fcml\u00fc hortum kelep\u00e7esi modelleri, geni\u015f \u00e7ap se\u00e7enekleri ile bir \u00e7ok sekt\u00f6rde rahatl\u0131kla kullan\u0131lmaktad\u0131r. KALE vida s\u00fcr\u00fcml\u00fc hortum kelep\u00e7esi modelleri, bant\/yuva\/vida malzeme kombinasyonlar\u0131 (W2B, W2, W3, W4, W5), 7mm alt\u0131gen vida ba\u015f\u0131 (y\u0131ld\u0131z ve d\u00fcz tornavida a\u011f\u0131zl\u0131) se\u00e7enekleri ile\u2026","rel":"","context":"\u062a\u062f\u0648\u064a\u0646\u0629 \u0645\u0634\u0627\u0628\u0647\u0629","block_context":{"text":"\u062a\u062f\u0648\u064a\u0646\u0629 \u0645\u0634\u0627\u0628\u0647\u0629","link":""},"img":{"alt_text":"","src":"https:\/\/i0.wp.com\/tuzlahortum.com.tr\/wp-content\/uploads\/2019\/02\/9-MM-V%C4%B0DA-S%C3%9CR%C3%9CML%C3%9C-KELEP%C3%87E.jpg?fit=699%2C753&ssl=1&resize=350%2C200","width":350,"height":200,"srcset":"https:\/\/i0.wp.com\/tuzlahortum.com.tr\/wp-content\/uploads\/2019\/02\/9-MM-V%C4%B0DA-S%C3%9CR%C3%9CML%C3%9C-KELEP%C3%87E.jpg?fit=699%2C753&ssl=1&resize=350%2C200 1x, https:\/\/i0.wp.com\/tuzlahortum.com.tr\/wp-content\/uploads\/2019\/02\/9-MM-V%C4%B0DA-S%C3%9CR%C3%9CML%C3%9C-KELEP%C3%87E.jpg?fit=699%2C753&ssl=1&resize=525%2C300 1.5x"},"classes":[]},{"id":942,"url":"https:\/\/tuzlahortum.com.tr\/ar\/product\/galvaniz-8-5-mm-hortum-kelepceleri\/","url_meta":{"origin":745,"position":1},"title":"\u0645\u0634\u0627\u0628\u0643 \u062e\u0631\u0637\u0648\u0645 8.5 \u0645\u0645 \u0645\u062c\u0644\u0641\u0646\u0629","author":"admin","date":"6 \u0641\u0628\u0631\u0627\u064a\u0631 2019","format":false,"excerpt":"Galvaniz 8.5 mm Hortum Kelep\u00e7eleriKelep\u00e7e band & Kapak Norm Standart\u0131 \u2022\u00a0DIN 1623 P2 \u2013 So\u011fuk Haddelenmi\u015f \u00c7elik. \u2022\u00a0DIN EN 10130:1999 \u2013 \u00c7ekme i\u015flemine uygun so\u011fuk haddelenmi\u015f \u00e7elik. Kelep\u00e7e band tipleri \u2022\u00a0W1 (\u00e7inko kaplama) \u2013 delikli band \u2022\u00a0Band geni\u015fli\u011fi 8.5 mm \u2022\u00a0G\u00fcvenli d\u0131\u015f b\u00fckey band kenarlar\u0131yla s\u0131k\u0131lan hortumun zarar g\u00f6rmesi engellenmi\u015ftir.\u2026","rel":"","context":"\u062a\u062f\u0648\u064a\u0646\u0629 \u0645\u0634\u0627\u0628\u0647\u0629","block_context":{"text":"\u062a\u062f\u0648\u064a\u0646\u0629 \u0645\u0634\u0627\u0628\u0647\u0629","link":""},"img":{"alt_text":"","src":"https:\/\/i0.wp.com\/tuzlahortum.com.tr\/wp-content\/uploads\/2019\/02\/tork-kelep%C3%A7e-d.jpg?fit=605%2C601&ssl=1&resize=350%2C200","width":350,"height":200,"srcset":"https:\/\/i0.wp.com\/tuzlahortum.com.tr\/wp-content\/uploads\/2019\/02\/tork-kelep%C3%A7e-d.jpg?fit=605%2C601&ssl=1&resize=350%2C200 1x, https:\/\/i0.wp.com\/tuzlahortum.com.tr\/wp-content\/uploads\/2019\/02\/tork-kelep%C3%A7e-d.jpg?fit=605%2C601&ssl=1&resize=525%2C300 1.5x"},"classes":[]},{"id":742,"url":"https:\/\/tuzlahortum.com.tr\/ar\/product\/strip-steel-serit-kelepce\/","url_meta":{"origin":745,"position":2},"title":"\u0642\u0637\u0627\u0639 \u0627\u0644\u0635\u0644\u0628 - \u0634\u0631\u064a\u0637 \u0627\u0644\u0645\u0634\u0628\u0643","author":"admin","date":"6 \u0641\u0628\u0631\u0627\u064a\u0631 2019","format":false,"excerpt":"Strip Steel - \u015eerit Kelep\u00e7eStrip-Steel Serbest Boy Paslanmaz kelep\u00e7eler 30 metrelik rulolar halindedir. Klipsleri sayesinde uygulama noktas\u0131nda istenilen \u00e7apta kullan\u0131ma olanak sa\u011flarlar. BANT MALZEMES\u0130 PASLANMAZ \u00c7EL\u0130K (W2- 430 KAL\u0130TE) BANT KALINLI\u011eI 0,60 mm BANT GEN\u0130\u015eL\u0130\u011e\u0130 9 mm BANT UZUNLU\u011eU 30 mt","rel":"","context":"\u062a\u062f\u0648\u064a\u0646\u0629 \u0645\u0634\u0627\u0628\u0647\u0629","block_context":{"text":"\u062a\u062f\u0648\u064a\u0646\u0629 \u0645\u0634\u0627\u0628\u0647\u0629","link":""},"img":{"alt_text":"","src":"https:\/\/i0.wp.com\/tuzlahortum.com.tr\/wp-content\/uploads\/urunler\/kelepceler\/st-strip-steel-kelepce.jpg?fit=500%2C300&ssl=1&resize=350%2C200","width":350,"height":200},"classes":[]},{"id":944,"url":"https:\/\/tuzlahortum.com.tr\/ar\/product\/galvaniz-14-mm-hortum-kelepceleri\/","url_meta":{"origin":745,"position":3},"title":"\u0645\u0634\u0627\u0628\u0643 \u062e\u0631\u0637\u0648\u0645 14 \u0645\u0644\u0645 \u0645\u062c\u0644\u0641\u0646\u0629","author":"admin","date":"6 \u0641\u0628\u0631\u0627\u064a\u0631 2019","format":false,"excerpt":"Galvaniz 14 mm Hortum Kelep\u00e7eleriKelep\u00e7e band & Kapak Norm Standart\u0131 \u2022\u00a0DIN 1623 P2 \u2013 So\u011fuk Haddelenmi\u015f \u00c7elik. \u2022\u00a0DIN EN 10130:1999 \u2013 \u00c7ekme i\u015flemine uygunso\u011fuk haddelenmi\u015f \u00e7elik. Kelep\u00e7e band tipleri \u2022\u00a0W1 (\u00e7inko kaplama) \u2013 delikli band \u2022\u00a0Band geni\u015fli\u011fi 14mm \u2022\u00a0G\u00fcvenli d\u0131\u015f b\u00fckey bandkenarlar\u0131yla s\u0131k\u0131lan hortumun zarar g\u00f6rmesi engellenmi\u015ftir. Vida Norm Standard\u2026","rel":"","context":"\u062a\u062f\u0648\u064a\u0646\u0629 \u0645\u0634\u0627\u0628\u0647\u0629","block_context":{"text":"\u062a\u062f\u0648\u064a\u0646\u0629 \u0645\u0634\u0627\u0628\u0647\u0629","link":""},"img":{"alt_text":"","src":"https:\/\/i0.wp.com\/tuzlahortum.com.tr\/wp-content\/uploads\/2019\/02\/tork-kelep%C3%A7e-d.jpg?fit=605%2C601&ssl=1&resize=350%2C200","width":350,"height":200,"srcset":"https:\/\/i0.wp.com\/tuzlahortum.com.tr\/wp-content\/uploads\/2019\/02\/tork-kelep%C3%A7e-d.jpg?fit=605%2C601&ssl=1&resize=350%2C200 1x, https:\/\/i0.wp.com\/tuzlahortum.com.tr\/wp-content\/uploads\/2019\/02\/tork-kelep%C3%A7e-d.jpg?fit=605%2C601&ssl=1&resize=525%2C300 1.5x"},"classes":[]},{"id":943,"url":"https:\/\/tuzlahortum.com.tr\/ar\/product\/galvaniz-10-mm-hortum-kelepceleri\/","url_meta":{"origin":745,"position":4},"title":"\u0645\u0634\u0627\u0628\u0643 \u062e\u0631\u0637\u0648\u0645 10 \u0645\u0644\u0645 \u0645\u062c\u0644\u0641\u0646\u0629","author":"admin","date":"6 \u0641\u0628\u0631\u0627\u064a\u0631 2019","format":false,"excerpt":"Galvaniz 10 mm Hortum Kelep\u00e7eleriKelep\u00e7e band & Kapak Norm Standart\u0131 \u2022\u00a0DIN 1623 P2 \u2013 So\u011fuk Haddelenmi\u015f \u00c7elik. \u2022\u00a0DIN EN 10130:1999 \u2013 \u00c7ekme i\u015flemine uygunso\u011fuk haddelenmi\u015f \u00e7elik. Kelep\u00e7e band tipleri \u2022\u00a0W1 (\u00e7inko kaplama) \u2013 delikli band \u2022\u00a0Band geni\u015fli\u011fi 10mm \u2022\u00a0G\u00fcvenli d\u0131\u015f b\u00fckey bandkenarlar\u0131yla s\u0131k\u0131lan hortumun zarar g\u00f6rmesi engellenmi\u015ftir. Vida Norm Standard\u2026","rel":"","context":"\u062a\u062f\u0648\u064a\u0646\u0629 \u0645\u0634\u0627\u0628\u0647\u0629","block_context":{"text":"\u062a\u062f\u0648\u064a\u0646\u0629 \u0645\u0634\u0627\u0628\u0647\u0629","link":""},"img":{"alt_text":"","src":"https:\/\/i0.wp.com\/tuzlahortum.com.tr\/wp-content\/uploads\/2019\/02\/tork-kelep%C3%A7e-d.jpg?fit=605%2C601&ssl=1&resize=350%2C200","width":350,"height":200,"srcset":"https:\/\/i0.wp.com\/tuzlahortum.com.tr\/wp-content\/uploads\/2019\/02\/tork-kelep%C3%A7e-d.jpg?fit=605%2C601&ssl=1&resize=350%2C200 1x, https:\/\/i0.wp.com\/tuzlahortum.com.tr\/wp-content\/uploads\/2019\/02\/tork-kelep%C3%A7e-d.jpg?fit=605%2C601&ssl=1&resize=525%2C300 1.5x"},"classes":[]},{"id":931,"url":"https:\/\/tuzlahortum.com.tr\/ar\/product\/band-buckle-kelepce\/","url_meta":{"origin":745,"position":5},"title":"\u0645\u0634\u0628\u0643 \u062d\u0632\u0627\u0645 \u0648\u0645\u0634\u0628\u0643","author":"admin","date":"6 \u0641\u0628\u0631\u0627\u064a\u0631 2019","format":false,"excerpt":"Band & Buckle Kelep\u00e7eBand & Buckle paslanmaz \u00e7elik serbest boy kelep\u00e7e modelleri standartlar\u0131n \u00fczerindeki \u00e7aplarda s\u0131zd\u0131rmazl\u0131k ve sabitleme ama\u00e7l\u0131 tasarlanm\u0131\u015flard\u0131r. Bu serbest boy kelep\u00e7elerin korozyon diren\u00e7leri y\u00fcksektir. DIN 1.4301 (AISI 304) malzemeden \u00fcretilmektedir. \u0130stenilen \u00e7ap i\u00e7in uygulanmas\u0131 olduk\u00e7a basit olan bu serbest boy paslanmaz hortum kelep\u00e7esi modelleri bir s\u0131kma aparat\u0131\u2026","rel":"","context":"\u062a\u062f\u0648\u064a\u0646\u0629 \u0645\u0634\u0627\u0628\u0647\u0629","block_context":{"text":"\u062a\u062f\u0648\u064a\u0646\u0629 \u0645\u0634\u0627\u0628\u0647\u0629","link":""},"img":{"alt_text":"","src":"https:\/\/i0.wp.com\/tuzlahortum.com.tr\/wp-content\/uploads\/urunler\/kelepceler\/bandbucklekelepce.jpg?fit=500%2C350&ssl=1&resize=350%2C200","width":350,"height":200},"classes":[]}],"jetpack_sharing_enabled":true,"jetpack_likes_enabled":true,"_links":{"self":[{"href":"https:\/\/tuzlahortum.com.tr\/ar\/wp-json\/wp\/v2\/product\/745","targetHints":{"allow":["GET"]}}],"collection":[{"href":"https:\/\/tuzlahortum.com.tr\/ar\/wp-json\/wp\/v2\/product"}],"about":[{"href":"https:\/\/tuzlahortum.com.tr\/ar\/wp-json\/wp\/v2\/types\/product"}],"replies":[{"embeddable":true,"href":"https:\/\/tuzlahortum.com.tr\/ar\/wp-json\/wp\/v2\/comments?post=745"}],"wp:featuredmedia":[{"embeddable":true,"href":"https:\/\/tuzlahortum.com.tr\/ar\/wp-json\/wp\/v2\/media\/10410"}],"wp:attachment":[{"href":"https:\/\/tuzlahortum.com.tr\/ar\/wp-json\/wp\/v2\/media?parent=745"}],"wp:term":[{"taxonomy":"product_brand","embeddable":true,"href":"https:\/\/tuzlahortum.com.tr\/ar\/wp-json\/wp\/v2\/product_brand?post=745"},{"taxonomy":"product_cat","embeddable":true,"href":"https:\/\/tuzlahortum.com.tr\/ar\/wp-json\/wp\/v2\/product_cat?post=745"},{"taxonomy":"product_tag","embeddable":true,"href":"https:\/\/tuzlahortum.com.tr\/ar\/wp-json\/wp\/v2\/product_tag?post=745"}],"curies":[{"name":"\u062f\u0628\u0644\u064a\u0648 \u0628\u064a","href":"https:\/\/api.w.org\/{rel}","templated":true}]}}