{"id":744,"date":"2019-02-06T23:53:20","date_gmt":"2019-02-06T20:53:20","guid":{"rendered":"http:\/\/hortum.com.tr\/product\/import-placeholder-for-134\/"},"modified":"2024-03-21T17:43:09","modified_gmt":"2024-03-21T14:43:09","slug":"supra-paslanmaz-kelepce-w2-w4","status":"publish","type":"product","link":"https:\/\/tuzlahortum.com.tr\/ar\/product\/supra-paslanmaz-kelepce-w2-w4\/","title":{"rendered":"\u0645\u0634\u0628\u0643 \u0633\u062a\u0627\u0646\u0644\u0633 \u0633\u062a\u064a\u0644 \u0633\u0648\u0628\u0631\u0627 (W2 \/ W4)"},"content":{"rendered":"<h2>\u0645\u0634\u0628\u0643 \u0633\u062a\u0627\u0646\u0644\u0633 \u0633\u062a\u064a\u0644 \u0633\u0648\u0628\u0631\u0627 (W2 \/ W4)<\/h2>\n<p class=\"p-text\">\u0646\u0638\u0631\u064b\u0627 \u0644\u0644\u062c\u0633\u0631 \u0627\u0644\u0639\u0644\u0648\u064a \u0627\u0644\u062b\u0648\u0631\u064a \u060c \u064a\u0645\u0643\u0646 \u062a\u062b\u0628\u064a\u062a Supra Stainless Hose Clamp \u0641\u064a \u0623\u0643\u062b\u0631 \u0627\u0644\u062a\u0637\u0628\u064a\u0642\u0627\u062a \u062a\u0637\u0644\u0628\u064b\u0627 \u062f\u0648\u0646 \u0627\u0644\u062d\u0627\u062c\u0629 \u0625\u0644\u0649 \u0625\u0632\u0627\u0644\u0629 \u0627\u0644\u062e\u0631\u0637\u0648\u0645.<\/p>\n<p class=\"ptext-circle-bullet\">\u0645\u0634\u0628\u0643 \u062e\u0631\u0637\u0648\u0645 \u0633\u0648\u0628\u0631\u0627 \u063a\u064a\u0631 \u0627\u0644\u0642\u0627\u0628\u0644 \u0644\u0644\u0635\u062f\u0623 \u0647\u0648 \u0645\u0634\u0628\u0643 \u0644\u0644\u062e\u062f\u0645\u0629 \u0627\u0644\u0634\u0627\u0642\u0629.<\/p>\n<p class=\"ptext-circle-bullet\">\u0644\u0627 \u064a\u0644\u0632\u0645 \u0625\u0632\u0627\u0644\u0629 \u0627\u0644\u062e\u0631\u0637\u0648\u0645 \u0644\u062a\u0631\u0643\u064a\u0628 \u0645\u0634\u0628\u0643 \u0627\u0644\u062e\u0631\u0637\u0648\u0645 \u0647\u0630\u0627. \u0644\u0630\u0644\u0643 \u060c \u062a\u0635\u0628\u062d \u0639\u0645\u0644\u064a\u0629 \u0627\u0644\u062a\u062c\u0645\u064a\u0639 \u0623\u0633\u0647\u0644 \u0628\u0643\u062b\u064a\u0631.<\/p>\n<p class=\"ptext-circle-bullet\">\u0628\u0641\u0636\u0644 \u062d\u0648\u0627\u0641\u0647 \u0627\u0644\u0645\u0646\u062d\u0646\u064a\u0629 \u060c \u0641\u0625\u0646 \u0627\u0644\u062e\u0631\u0637\u0648\u0645 \u0645\u062d\u0645\u064a \u0645\u0646 \u0627\u0644\u062a\u0644\u0641.<\/p>\n<p class=\"ptext-circle-bullet\">\u0645\u0634\u0628\u0643 \u062e\u0631\u0637\u0648\u0645 \u0633\u062a\u0627\u0646\u0644\u0633 \u0633\u0648\u0628\u0631\u0627 \u0628\u062a\u0627\u0631\u064a\u062e 1 \u064a\u0648\u0646\u064a\u0648 2006\u00a0\u00a0<strong>\u0627\u0644\u0627\u062a\u062d\u0627\u062f \u0627\u0644\u0623\u0648\u0631\u0648\u0628\u064a 20032\/95 \/ EC<\/strong>\u00a0\u0627\u0644\u062a\u0648\u062c\u064a\u0647 \u064a\u062a\u0648\u0627\u0641\u0642 \u062a\u0645\u0627\u0645\u064b\u0627 \u0645\u0639 RoHs.<\/p>\n<p class=\"ptext-circle-bullet\">\u064a\u0633\u0645\u062d \u0644\u0643 \u0628\u062a\u0648\u0635\u064a\u0644 \u0645\u062c\u0645\u0648\u0639\u0627\u062a \u0627\u0644\u062e\u0631\u0627\u0637\u064a\u0645 \u0627\u0644\u0623\u0643\u062b\u0631 \u062a\u0637\u0644\u0628\u064b\u0627 \u0645\u0639 \u0627\u0644\u062a\u0631\u0628\u0627\u0633 \u0627\u0644\u0641\u0648\u0644\u0627\u0630\u064a \u0627\u0644\u0645\u0642\u0627\u0648\u0645 \u0644\u0644\u0635\u062f\u0623 \u0648\u0627\u0644\u0635\u0645\u0648\u0644\u0629 \u0627\u0644\u062b\u0627\u0628\u062a\u0629 \u0648\u0646\u0638\u0627\u0645 \u0627\u0644\u062c\u0633\u0631. \u0646\u0645\u0648\u0630\u062c \u0645\u0634\u0628\u0643 \u062e\u0631\u0637\u0648\u0645 \u0633\u0648\u0628\u0631\u0627 \u0639\u0628\u0627\u0631\u0629 \u0639\u0646 \u0645\u0634\u0628\u0643 \u0643\u0627\u0645\u0644 \u0645\u0646 \u0627\u0644\u0641\u0648\u0644\u0627\u0630 \u0627\u0644\u0645\u0642\u0627\u0648\u0645 \u0644\u0644\u0635\u062f\u0623 \u0645\u0635\u0645\u0645 \u0644\u0644\u062a\u0637\u0628\u064a\u0642\u0627\u062a \u0627\u0644\u0635\u0639\u0628\u0629 \u062d\u064a\u062b \u062a\u0643\u0648\u0646 \u0645\u0642\u0627\u0648\u0645\u0629 \u0627\u0644\u062a\u0622\u0643\u0644 \u0627\u0644\u0639\u0627\u0644\u064a\u0629 \u0623\u0645\u0631\u064b\u0627 \u062d\u064a\u0648\u064a\u064b\u0627.<\/p>\n<p class=\"ptext-circle-bullet\">\u064a\u0639\u062a\u0628\u0631 \u0647\u0630\u0627 \u0627\u0644\u0645\u0634\u0628\u0643 \u0630\u0648 \u0627\u0644\u062e\u062f\u0645\u0629 \u0627\u0644\u0634\u0627\u0642\u0629 \u0627\u0644\u0623\u0641\u0636\u0644 \u0641\u064a \u0641\u0626\u062a\u0647 \u0645\u062b\u0627\u0644\u064a\u064b\u0627 \u0644\u062a\u0637\u0628\u064a\u0642\u0627\u062a \u0627\u0644\u0635\u0646\u0627\u0639\u0627\u062a \u0627\u0644\u0628\u062d\u0631\u064a\u0629 \u0648\u0627\u0644\u063a\u0630\u0627\u0626\u064a\u0629 \u060c \u0628\u0627\u0644\u0625\u0636\u0627\u0641\u0629 \u0625\u0644\u0649 \u0627\u0644\u0639\u062f\u064a\u062f \u0645\u0646 \u062a\u0637\u0628\u064a\u0642\u0627\u062a \u0627\u0644\u0635\u0646\u0627\u0639\u0629 \u0627\u0644\u062a\u064a \u062a\u062a\u0637\u0644\u0628 \u0627\u0644\u0641\u0648\u0644\u0627\u0630 \u0627\u0644\u0645\u0642\u0627\u0648\u0645 \u0644\u0644\u0635\u062f\u0623 AISI-304.<\/p>\n<p class=\"ptext-circle-bullet\"><img data-recalc-dims=\"1\" decoding=\"async\" src=\"https:\/\/i0.wp.com\/www.tuzlahortum.com.tr\/image\/data\/urunler\/kelepceler\/spsuprapaslanmazkelepceteknikresim.gif?w=1020\" alt=\"\" title=\"\"><img data-recalc-dims=\"1\" loading=\"lazy\" decoding=\"async\" class=\"size-full wp-image-10425 alignright\" src=\"https:\/\/i0.wp.com\/tuzlahortum.com.tr\/wp-content\/uploads\/2019\/02\/SUPRA-KELEP%C3%87E-4.jpg?resize=458%2C760&#038;ssl=1\" alt=\"\" width=\"458\" height=\"760\" title=\"\" srcset=\"https:\/\/i0.wp.com\/tuzlahortum.com.tr\/wp-content\/uploads\/2019\/02\/SUPRA-KELEP%C3%87E-4.jpg?w=458&amp;ssl=1 458w, https:\/\/i0.wp.com\/tuzlahortum.com.tr\/wp-content\/uploads\/2019\/02\/SUPRA-KELEP%C3%87E-4.jpg?resize=241%2C400&amp;ssl=1 241w\" sizes=\"auto, (max-width: 458px) 100vw, 458px\" \/><img data-recalc-dims=\"1\" loading=\"lazy\" decoding=\"async\" class=\"wp-image-10423 alignleft\" src=\"https:\/\/i0.wp.com\/tuzlahortum.com.tr\/wp-content\/uploads\/2019\/02\/SUPRA-KELEP%C3%87E-2.jpg?resize=404%2C258&#038;ssl=1\" alt=\"\" width=\"404\" height=\"258\" title=\"\"><\/p>\n<p><img data-recalc-dims=\"1\" loading=\"lazy\" decoding=\"async\" class=\"wp-image-10424 alignleft\" src=\"https:\/\/i0.wp.com\/tuzlahortum.com.tr\/wp-content\/uploads\/2019\/02\/SUPRA-KELEP%C3%87E-3.jpg?resize=411%2C398&#038;ssl=1\" alt=\"\" width=\"411\" height=\"398\" title=\"\" srcset=\"https:\/\/i0.wp.com\/tuzlahortum.com.tr\/wp-content\/uploads\/2019\/02\/SUPRA-KELEP%C3%87E-3.jpg?w=489&amp;ssl=1 489w, https:\/\/i0.wp.com\/tuzlahortum.com.tr\/wp-content\/uploads\/2019\/02\/SUPRA-KELEP%C3%87E-3.jpg?resize=413%2C400&amp;ssl=1 413w\" sizes=\"auto, (max-width: 411px) 100vw, 411px\" \/><\/p>","protected":false},"excerpt":{"rendered":"<p>Supra Paslanmaz Kelep\u00e7e (W2\/W4) Supra Paslanmaz Hortum Kelep\u00e7esi devrim niteli\u011findeki \u00fcst k\u00f6pr\u00fcs\u00fcnden dolay\u0131, hortumu \u00e7\u0131kartma gereksinimi olmadan en zorlu uygulamalara monte edilebilir. Supra Paslanmaz Hortum kelep\u00e7esi bir a\u011f\u0131r i\u015f kelep\u00e7esidir. Bu hortum kelep\u00e7esinin montaj\u0131 i\u00e7in hortumun yerinden \u00e7\u0131kar\u0131lmas\u0131na gerek kalmaz. Dolay\u0131s\u0131 ile montaj i\u015flemi \u00e7ok daha kolayla\u015fm\u0131\u015f olur. E\u011fimli kenarlar\u0131 sayesinde, hortum hasar g\u00f6rmekten korunur. [&#8230;]\n","protected":false},"featured_media":10421,"comment_status":"open","ping_status":"closed","template":"","meta":[],"product_brand":[],"product_cat":[108],"product_tag":[2241,872,560,852,870,666,869,863,871],"class_list":{"0":"post-744","1":"product","2":"type-product","3":"status-publish","4":"has-post-thumbnail","6":"product_cat-cember-kelepceler","7":"product_tag-2241","8":"product_tag-deniz-uygulamalari","9":"product_tag-gida-endustrisi","10":"product_tag-kelepce","11":"product_tag-korozyon-direnci","12":"product_tag-paslanmaz","13":"product_tag-sabit-somun","14":"product_tag-supra-kelepce","15":"product_tag-zorlu","17":"first","18":"instock","19":"featured","20":"taxable","21":"shipping-taxable","22":"product-type-variable"},"jetpack-related-posts":[{"id":741,"url":"https:\/\/tuzlahortum.com.tr\/ar\/product\/smooth-kelepceler\/","url_meta":{"origin":744,"position":0},"title":"\u0627\u0644\u0633\u0644\u0633 \u0627\u0644\u0645\u0634\u0627\u0628\u0643","author":"admin","date":"6 \u0641\u0628\u0631\u0627\u064a\u0631 2019","format":false,"excerpt":"Smooth Kelep\u00e7elerA\u011f\u0131r i\u015f tipi i\u00e7in tasarlanm\u0131\u015f olan bu paslanmaz \u00e7elik Smooth kelep\u00e7eler bir s\u0131kma aparat\u0131 ile montaj edilirler. Band\u0131n \u00e7ekerek s\u0131k\u0131\u015ft\u0131r\u0131lmas\u0131 prensibi ile montaj\u0131 ger\u00e7ekle\u015fen bu hortum kelep\u00e7esi modelleri maksimum s\u0131kma tork de\u011ferlerini rahatl\u0131kla sa\u011flamaktad\u0131rlar.","rel":"","context":"\u062a\u062f\u0648\u064a\u0646\u0629 \u0645\u0634\u0627\u0628\u0647\u0629","block_context":{"text":"\u062a\u062f\u0648\u064a\u0646\u0629 \u0645\u0634\u0627\u0628\u0647\u0629","link":""},"img":{"alt_text":"","src":"https:\/\/i0.wp.com\/tuzlahortum.com.tr\/wp-content\/uploads\/2019\/02\/BJR-SMOOTH-KELEP%C3%87E-3.jpg?fit=930%2C605&ssl=1&resize=350%2C200","width":350,"height":200,"srcset":"https:\/\/i0.wp.com\/tuzlahortum.com.tr\/wp-content\/uploads\/2019\/02\/BJR-SMOOTH-KELEP%C3%87E-3.jpg?fit=930%2C605&ssl=1&resize=350%2C200 1x, https:\/\/i0.wp.com\/tuzlahortum.com.tr\/wp-content\/uploads\/2019\/02\/BJR-SMOOTH-KELEP%C3%87E-3.jpg?fit=930%2C605&ssl=1&resize=525%2C300 1.5x, https:\/\/i0.wp.com\/tuzlahortum.com.tr\/wp-content\/uploads\/2019\/02\/BJR-SMOOTH-KELEP%C3%87E-3.jpg?fit=930%2C605&ssl=1&resize=700%2C400 2x"},"classes":[]},{"id":931,"url":"https:\/\/tuzlahortum.com.tr\/ar\/product\/band-buckle-kelepce\/","url_meta":{"origin":744,"position":1},"title":"\u0645\u0634\u0628\u0643 \u062d\u0632\u0627\u0645 \u0648\u0645\u0634\u0628\u0643","author":"admin","date":"6 \u0641\u0628\u0631\u0627\u064a\u0631 2019","format":false,"excerpt":"Band & Buckle Kelep\u00e7eBand & Buckle paslanmaz \u00e7elik serbest boy kelep\u00e7e modelleri standartlar\u0131n \u00fczerindeki \u00e7aplarda s\u0131zd\u0131rmazl\u0131k ve sabitleme ama\u00e7l\u0131 tasarlanm\u0131\u015flard\u0131r. Bu serbest boy kelep\u00e7elerin korozyon diren\u00e7leri y\u00fcksektir. DIN 1.4301 (AISI 304) malzemeden \u00fcretilmektedir. \u0130stenilen \u00e7ap i\u00e7in uygulanmas\u0131 olduk\u00e7a basit olan bu serbest boy paslanmaz hortum kelep\u00e7esi modelleri bir s\u0131kma aparat\u0131\u2026","rel":"","context":"\u062a\u062f\u0648\u064a\u0646\u0629 \u0645\u0634\u0627\u0628\u0647\u0629","block_context":{"text":"\u062a\u062f\u0648\u064a\u0646\u0629 \u0645\u0634\u0627\u0628\u0647\u0629","link":""},"img":{"alt_text":"","src":"https:\/\/i0.wp.com\/tuzlahortum.com.tr\/wp-content\/uploads\/urunler\/kelepceler\/bandbucklekelepce.jpg?fit=500%2C350&ssl=1&resize=350%2C200","width":350,"height":200},"classes":[]},{"id":748,"url":"https:\/\/tuzlahortum.com.tr\/ar\/product\/yay-gerilmeli-agir-is-kelepcesi\/","url_meta":{"origin":744,"position":2},"title":"\u0645\u0628\u0631\u062f \u062f\u0627\u062e\u0644\u064a | \u0645\u0634\u0628\u0643 \u0634\u062f\u064a\u062f \u0627\u0644\u062a\u062d\u0645\u0644 \u0645\u062a\u064a\u0646","author":"admin","date":"6 \u0641\u0628\u0631\u0627\u064a\u0631 2019","format":false,"excerpt":"Yay Gerilmeli A\u011f\u0131r \u0130\u015f Kelep\u00e7esi | Intercooler Hortum Kelep\u00e7esi Intercooler Yay Gerilmeli A\u011f\u0131r \u0130\u015f Kelep\u00e7esi -\u00a0WS4 ST, \u00f6zellikle y\u00fcksek \u0131s\u0131, bas\u0131n\u00e7 ve titre\u015fim alt\u0131nda \u00e7al\u0131\u015fan hortum ba\u011flant\u0131lar\u0131nda g\u00fcvenli s\u0131kma sa\u011flamak i\u00e7in kullan\u0131lan a\u011f\u0131r hizmet tipi bir hortum kelep\u00e7esidir. Standart kelep\u00e7elere g\u00f6re daha zorlu \u00e7al\u0131\u015fma ko\u015fullar\u0131 i\u00e7in tasarlanm\u0131\u015ft\u0131r. Yay mekanizmas\u0131 sayesinde\u2026","rel":"","context":"\u062a\u062f\u0648\u064a\u0646\u0629 \u0645\u0634\u0627\u0628\u0647\u0629","block_context":{"text":"\u062a\u062f\u0648\u064a\u0646\u0629 \u0645\u0634\u0627\u0628\u0647\u0629","link":""},"img":{"alt_text":"","src":"https:\/\/i0.wp.com\/tuzlahortum.com.tr\/wp-content\/uploads\/2019\/02\/yay-gerilmeli-a%C4%9F%C4%B1r-i%C5%9F-kelep%C3%A7esi-2.jpg?fit=598%2C603&ssl=1&resize=350%2C200","width":350,"height":200,"srcset":"https:\/\/i0.wp.com\/tuzlahortum.com.tr\/wp-content\/uploads\/2019\/02\/yay-gerilmeli-a%C4%9F%C4%B1r-i%C5%9F-kelep%C3%A7esi-2.jpg?fit=598%2C603&ssl=1&resize=350%2C200 1x, https:\/\/i0.wp.com\/tuzlahortum.com.tr\/wp-content\/uploads\/2019\/02\/yay-gerilmeli-a%C4%9F%C4%B1r-i%C5%9F-kelep%C3%A7esi-2.jpg?fit=598%2C603&ssl=1&resize=525%2C300 1.5x"},"classes":[]},{"id":747,"url":"https:\/\/tuzlahortum.com.tr\/ar\/product\/se-kademesiz-kulakli-kelepceler\/","url_meta":{"origin":744,"position":3},"title":"SE - \u0645\u0634\u0627\u0628\u0643 \u0623\u0630\u0646 \u0633\u062a\u0628\u0644\u064a\u0633","author":"admin","date":"6 \u0641\u0628\u0631\u0627\u064a\u0631 2019","format":false,"excerpt":"SE - Kademesiz Kulakl\u0131 Kelep\u00e7elerSE - Kademesiz Kulakl\u0131 Kelep\u00e7eler bir\u00e7ok hortum ba\u011flant\u0131lar\u0131 montaj\u0131 i\u00e7in uygulamas\u0131 h\u0131zl\u0131, basit ve ekonomik bir kelep\u00e7edir. S\u0131kma esnas\u0131nda hortuma zarar vermez. Hava ve s\u0131v\u0131 ta\u015f\u0131y\u0131c\u0131 hortumlarda kullan\u0131labilir.","rel":"","context":"\u062a\u062f\u0648\u064a\u0646\u0629 \u0645\u0634\u0627\u0628\u0647\u0629","block_context":{"text":"\u062a\u062f\u0648\u064a\u0646\u0629 \u0645\u0634\u0627\u0628\u0647\u0629","link":""},"img":{"alt_text":"","src":"https:\/\/i0.wp.com\/tuzlahortum.com.tr\/wp-content\/uploads\/2019\/02\/SE-KADEMES%C4%B0Z-KELEP%C3%87ELER.jpg?fit=717%2C724&ssl=1&resize=350%2C200","width":350,"height":200,"srcset":"https:\/\/i0.wp.com\/tuzlahortum.com.tr\/wp-content\/uploads\/2019\/02\/SE-KADEMES%C4%B0Z-KELEP%C3%87ELER.jpg?fit=717%2C724&ssl=1&resize=350%2C200 1x, https:\/\/i0.wp.com\/tuzlahortum.com.tr\/wp-content\/uploads\/2019\/02\/SE-KADEMES%C4%B0Z-KELEP%C3%87ELER.jpg?fit=717%2C724&ssl=1&resize=525%2C300 1.5x, https:\/\/i0.wp.com\/tuzlahortum.com.tr\/wp-content\/uploads\/2019\/02\/SE-KADEMES%C4%B0Z-KELEP%C3%87ELER.jpg?fit=717%2C724&ssl=1&resize=700%2C400 2x"},"classes":[]},{"id":745,"url":"https:\/\/tuzlahortum.com.tr\/ar\/product\/12mm-vida-surumlu-kelepceler\/","url_meta":{"origin":744,"position":4},"title":"12mm \u0628\u0631\u063a\u064a \u0646\u0633\u062e\u0629 \u0627\u0644\u0645\u0634\u0627\u0628\u0643","author":"admin","date":"6 \u0641\u0628\u0631\u0627\u064a\u0631 2019","format":false,"excerpt":"12mm Vida S\u00fcr\u00fcml\u00fc Kelep\u00e7eler 12mm bant geni\u015fli\u011finde\u00a0DIN 3017\u00a0normuna g\u00f6re \u00fcretilen Kale vida s\u00fcr\u00fcml\u00fc hortum kelep\u00e7esi modelleri, geni\u015f \u00e7ap se\u00e7enekleri ile bir \u00e7ok sekt\u00f6rde rahatl\u0131kla kullan\u0131lmaktad\u0131r. KALE vida s\u00fcr\u00fcml\u00fc hortum kelep\u00e7esi modelleri, bant\/yuva\/vida malzeme kombinasyonlar\u0131 (W2B, W2, W3, W4, W5), 7mm alt\u0131gen vida ba\u015f\u0131 (y\u0131ld\u0131z ve d\u00fcz tornavida a\u011f\u0131zl\u0131) se\u00e7enekleri ile\u2026","rel":"","context":"\u062a\u062f\u0648\u064a\u0646\u0629 \u0645\u0634\u0627\u0628\u0647\u0629","block_context":{"text":"\u062a\u062f\u0648\u064a\u0646\u0629 \u0645\u0634\u0627\u0628\u0647\u0629","link":""},"img":{"alt_text":"","src":"https:\/\/i0.wp.com\/tuzlahortum.com.tr\/wp-content\/uploads\/2019\/02\/12-MM-V%C4%B0DA-S%C3%9CR%C3%9CML%C3%9C-KELEP%C3%87E.jpg?fit=691%2C725&ssl=1&resize=350%2C200","width":350,"height":200,"srcset":"https:\/\/i0.wp.com\/tuzlahortum.com.tr\/wp-content\/uploads\/2019\/02\/12-MM-V%C4%B0DA-S%C3%9CR%C3%9CML%C3%9C-KELEP%C3%87E.jpg?fit=691%2C725&ssl=1&resize=350%2C200 1x, https:\/\/i0.wp.com\/tuzlahortum.com.tr\/wp-content\/uploads\/2019\/02\/12-MM-V%C4%B0DA-S%C3%9CR%C3%9CML%C3%9C-KELEP%C3%87E.jpg?fit=691%2C725&ssl=1&resize=525%2C300 1.5x"},"classes":[]},{"id":945,"url":"https:\/\/tuzlahortum.com.tr\/ar\/product\/9mm-vida-surumlu-kelepceler\/","url_meta":{"origin":744,"position":5},"title":"9mm \u0628\u0631\u063a\u064a \u0646\u0633\u062e\u0629 \u0627\u0644\u0645\u0634\u0627\u0628\u0643","author":"admin","date":"6 \u0641\u0628\u0631\u0627\u064a\u0631 2019","format":false,"excerpt":"9mm Vida S\u00fcr\u00fcml\u00fc Kelep\u00e7eler 9mm bant geni\u015fli\u011finde\u00a0DIN 3017\u00a0normuna g\u00f6re \u00fcretilen Kale vida s\u00fcr\u00fcml\u00fc hortum kelep\u00e7esi modelleri, geni\u015f \u00e7ap se\u00e7enekleri ile bir \u00e7ok sekt\u00f6rde rahatl\u0131kla kullan\u0131lmaktad\u0131r. KALE vida s\u00fcr\u00fcml\u00fc hortum kelep\u00e7esi modelleri, bant\/yuva\/vida malzeme kombinasyonlar\u0131 (W2B, W2, W3, W4, W5), 7mm alt\u0131gen vida ba\u015f\u0131 (y\u0131ld\u0131z ve d\u00fcz tornavida a\u011f\u0131zl\u0131) se\u00e7enekleri ile\u2026","rel":"","context":"\u062a\u062f\u0648\u064a\u0646\u0629 \u0645\u0634\u0627\u0628\u0647\u0629","block_context":{"text":"\u062a\u062f\u0648\u064a\u0646\u0629 \u0645\u0634\u0627\u0628\u0647\u0629","link":""},"img":{"alt_text":"","src":"https:\/\/i0.wp.com\/tuzlahortum.com.tr\/wp-content\/uploads\/2019\/02\/9-MM-V%C4%B0DA-S%C3%9CR%C3%9CML%C3%9C-KELEP%C3%87E.jpg?fit=699%2C753&ssl=1&resize=350%2C200","width":350,"height":200,"srcset":"https:\/\/i0.wp.com\/tuzlahortum.com.tr\/wp-content\/uploads\/2019\/02\/9-MM-V%C4%B0DA-S%C3%9CR%C3%9CML%C3%9C-KELEP%C3%87E.jpg?fit=699%2C753&ssl=1&resize=350%2C200 1x, https:\/\/i0.wp.com\/tuzlahortum.com.tr\/wp-content\/uploads\/2019\/02\/9-MM-V%C4%B0DA-S%C3%9CR%C3%9CML%C3%9C-KELEP%C3%87E.jpg?fit=699%2C753&ssl=1&resize=525%2C300 1.5x"},"classes":[]}],"jetpack_sharing_enabled":true,"jetpack_likes_enabled":true,"_links":{"self":[{"href":"https:\/\/tuzlahortum.com.tr\/ar\/wp-json\/wp\/v2\/product\/744","targetHints":{"allow":["GET"]}}],"collection":[{"href":"https:\/\/tuzlahortum.com.tr\/ar\/wp-json\/wp\/v2\/product"}],"about":[{"href":"https:\/\/tuzlahortum.com.tr\/ar\/wp-json\/wp\/v2\/types\/product"}],"replies":[{"embeddable":true,"href":"https:\/\/tuzlahortum.com.tr\/ar\/wp-json\/wp\/v2\/comments?post=744"}],"wp:featuredmedia":[{"embeddable":true,"href":"https:\/\/tuzlahortum.com.tr\/ar\/wp-json\/wp\/v2\/media\/10421"}],"wp:attachment":[{"href":"https:\/\/tuzlahortum.com.tr\/ar\/wp-json\/wp\/v2\/media?parent=744"}],"wp:term":[{"taxonomy":"product_brand","embeddable":true,"href":"https:\/\/tuzlahortum.com.tr\/ar\/wp-json\/wp\/v2\/product_brand?post=744"},{"taxonomy":"product_cat","embeddable":true,"href":"https:\/\/tuzlahortum.com.tr\/ar\/wp-json\/wp\/v2\/product_cat?post=744"},{"taxonomy":"product_tag","embeddable":true,"href":"https:\/\/tuzlahortum.com.tr\/ar\/wp-json\/wp\/v2\/product_tag?post=744"}],"curies":[{"name":"\u062f\u0628\u0644\u064a\u0648 \u0628\u064a","href":"https:\/\/api.w.org\/{rel}","templated":true}]}}