{"id":743,"date":"2019-02-06T23:53:20","date_gmt":"2019-02-06T20:53:20","guid":{"rendered":"http:\/\/hortum.com.tr\/product\/import-placeholder-for-133\/"},"modified":"2024-03-21T17:43:10","modified_gmt":"2024-03-21T14:43:10","slug":"supra-kelepcew1","status":"publish","type":"product","link":"https:\/\/tuzlahortum.com.tr\/ar\/product\/supra-kelepcew1\/","title":{"rendered":"\u0633\u0648\u0628\u0631\u0627 \u0643\u0644\u0627\u0645\u0628 (W1)"},"content":{"rendered":"<h2>\u0633\u0648\u0628\u0631\u0627 \u0643\u0644\u0627\u0645\u0628 (W1)<\/h2>\n<p class=\"p-text\">\u0625\u0646 \u0627\u0644\u0635\u0627\u0645\u0648\u0644\u0629 \u0627\u0644\u0641\u0648\u0644\u0627\u0630\u064a\u0629 \u0639\u0627\u0644\u064a\u0629 \u0627\u0644\u0642\u0648\u0629 8.8 \u0648\u0627\u0644\u0645\u0633\u0645\u0627\u0631 \u0639\u0644\u0649 \u0634\u0643\u0644 \u062d\u0631\u0641 T \u064a\u0639\u0646\u064a \u0623\u0646\u0647 \u064a\u0645\u0643\u0646 \u0625\u062d\u0643\u0627\u0645 \u0631\u0628\u0637 \u0633\u0648\u0628\u0631\u0627 \u0628\u0625\u062d\u0643\u0627\u0645 \u0628\u0627\u0633\u062a\u062e\u062f\u0627\u0645 \u0627\u0644\u0639\u062f\u064a\u062f \u0645\u0646 \u0627\u0644\u0623\u062f\u0648\u0627\u062a \u0627\u0644\u0645\u062e\u062a\u0644\u0641\u0629 \u060c \u0628\u064a\u0646\u0645\u0627 \u062a\u062d\u0645\u064a \u0627\u0644\u062d\u0648\u0627\u0641 \u0627\u0644\u0645\u0633\u062a\u062f\u0642\u0629 \u0627\u0644\u062e\u0631\u0637\u0648\u0645 \u0645\u0646 \u0627\u0644\u062a\u0644\u0641.<\/p>\n<p class=\"ptext-circle-bullet\">\u064a\u0633\u062a\u062e\u062f\u0645 \u0627\u0644\u0645\u0634\u0628\u0643 \u0627\u0644\u0641\u0627\u0626\u0642 \u0628\u0643\u062b\u0631\u0629 \u0641\u064a \u0627\u0644\u062a\u0637\u0628\u064a\u0642\u0627\u062a \u0627\u0644\u0632\u0631\u0627\u0639\u064a\u0629 \u060c \u0648\u0627\u0633\u062a\u062e\u0631\u0627\u062c \u0627\u0644\u0645\u064a\u0627\u0647 \u0627\u0644\u0639\u0627\u062f\u0645\u0629 \u060c \u0648\u0627\u0644\u062a\u0639\u062f\u064a\u0646 \u060c \u0648\u0627\u0633\u062a\u063a\u0644\u0627\u0644 \u0627\u0644\u0645\u062d\u0627\u062c\u0631.\u064a\u0645\u0643\u0646 \u0627\u0633\u062a\u062e\u062f\u0627\u0645\u0647 \u0639\u0646\u062f\u0645\u0627 \u064a\u0643\u0648\u0646 \u0627\u0644\u0645\u0634\u0628\u0643 \u0627\u0644\u0642\u0648\u064a \u0634\u062f\u064a\u062f \u0627\u0644\u062a\u062d\u0645\u0644 \u0645\u0637\u0644\u0648\u0628\u064b\u0627 \u0628\u0633\u0639\u0631 \u062a\u0646\u0627\u0641\u0633\u064a.<\/p>\n<p><img data-recalc-dims=\"1\" loading=\"lazy\" decoding=\"async\" class=\"size-full wp-image-10425 alignright\" src=\"https:\/\/i0.wp.com\/tuzlahortum.com.tr\/wp-content\/uploads\/2019\/02\/SUPRA-KELEP%C3%87E-4.jpg?resize=458%2C760&#038;ssl=1\" alt=\"\" width=\"458\" height=\"760\" title=\"\" srcset=\"https:\/\/i0.wp.com\/tuzlahortum.com.tr\/wp-content\/uploads\/2019\/02\/SUPRA-KELEP%C3%87E-4.jpg?w=458&amp;ssl=1 458w, https:\/\/i0.wp.com\/tuzlahortum.com.tr\/wp-content\/uploads\/2019\/02\/SUPRA-KELEP%C3%87E-4.jpg?resize=241%2C400&amp;ssl=1 241w\" sizes=\"auto, (max-width: 458px) 100vw, 458px\" \/><img data-recalc-dims=\"1\" loading=\"lazy\" decoding=\"async\" class=\"wp-image-10423 alignleft\" src=\"https:\/\/i0.wp.com\/tuzlahortum.com.tr\/wp-content\/uploads\/2019\/02\/SUPRA-KELEP%C3%87E-2.jpg?resize=397%2C254&#038;ssl=1\" alt=\"\" width=\"397\" height=\"254\" title=\"\"><img data-recalc-dims=\"1\" loading=\"lazy\" decoding=\"async\" class=\"wp-image-10424 alignnone\" style=\"font-size: 14.4px;\" src=\"https:\/\/i0.wp.com\/tuzlahortum.com.tr\/wp-content\/uploads\/2019\/02\/SUPRA-KELEP%C3%87E-3.jpg?resize=374%2C363&#038;ssl=1\" alt=\"\" width=\"374\" height=\"363\" title=\"\" srcset=\"https:\/\/i0.wp.com\/tuzlahortum.com.tr\/wp-content\/uploads\/2019\/02\/SUPRA-KELEP%C3%87E-3.jpg?w=489&amp;ssl=1 489w, https:\/\/i0.wp.com\/tuzlahortum.com.tr\/wp-content\/uploads\/2019\/02\/SUPRA-KELEP%C3%87E-3.jpg?resize=413%2C400&amp;ssl=1 413w\" sizes=\"auto, (max-width: 374px) 100vw, 374px\" \/><\/p>","protected":false},"excerpt":{"rendered":"<p>Supra Kelep\u00e7e(W1) Y\u00fcksek mukavemetli 8.8 s\u0131n\u0131f\u0131 \u00e7elik somun ve T-c\u0131vatas\u0131 Supra kelep\u00e7enin, konik kenarlar hortumu hasar g\u00f6rmekten korurken bir\u00e7ok farkl\u0131 \u00e7e\u015fit tak\u0131m kullan\u0131larak sert bir \u015fekilde s\u0131k\u0131labilece\u011fi anlam\u0131na gelmektedir. S\u00fcper kelep\u00e7e tar\u0131m uygulamalar\u0131nda, at\u0131k suyun \u00e7\u0131kart\u0131lmas\u0131nda, madencilikte, ta\u015f ocak\u00e7\u0131l\u0131\u011f\u0131nda yo\u011fun bir \u015fekilde kullan\u0131l\u0131rlar.Rekabet\u00e7i bir \u015fekilde fiyatland\u0131r\u0131lm\u0131\u015f\u00a0 sa\u011flam bir a\u011f\u0131r hizmet kelep\u00e7esinin gerekli oldu\u011fu yerlerde kullan\u0131labilir.<\/p>","protected":false},"featured_media":10421,"comment_status":"open","ping_status":"closed","template":"","meta":{"jetpack_post_was_ever_published":false},"product_brand":[],"product_cat":[108],"product_tag":[864,866,852,867,863,865,868],"class_list":{"0":"post-743","1":"product","2":"type-product","3":"status-publish","4":"has-post-thumbnail","6":"product_cat-cember-kelepceler","7":"product_tag-8-8-sinifi-celik-somun-ve-t-civatasi","8":"product_tag-atik-suyun-cikartilmasinda","9":"product_tag-kelepce","10":"product_tag-madencilikte","11":"product_tag-supra-kelepce","12":"product_tag-tarim-uygulamalarinda","13":"product_tag-tas-ocakciliginda","15":"first","16":"instock","17":"taxable","18":"shipping-taxable","19":"product-type-variable"},"jetpack-related-posts":[],"jetpack_sharing_enabled":true,"jetpack_likes_enabled":true,"_links":{"self":[{"href":"https:\/\/tuzlahortum.com.tr\/ar\/wp-json\/wp\/v2\/product\/743","targetHints":{"allow":["GET"]}}],"collection":[{"href":"https:\/\/tuzlahortum.com.tr\/ar\/wp-json\/wp\/v2\/product"}],"about":[{"href":"https:\/\/tuzlahortum.com.tr\/ar\/wp-json\/wp\/v2\/types\/product"}],"replies":[{"embeddable":true,"href":"https:\/\/tuzlahortum.com.tr\/ar\/wp-json\/wp\/v2\/comments?post=743"}],"wp:featuredmedia":[{"embeddable":true,"href":"https:\/\/tuzlahortum.com.tr\/ar\/wp-json\/wp\/v2\/media\/10421"}],"wp:attachment":[{"href":"https:\/\/tuzlahortum.com.tr\/ar\/wp-json\/wp\/v2\/media?parent=743"}],"wp:term":[{"taxonomy":"product_brand","embeddable":true,"href":"https:\/\/tuzlahortum.com.tr\/ar\/wp-json\/wp\/v2\/product_brand?post=743"},{"taxonomy":"product_cat","embeddable":true,"href":"https:\/\/tuzlahortum.com.tr\/ar\/wp-json\/wp\/v2\/product_cat?post=743"},{"taxonomy":"product_tag","embeddable":true,"href":"https:\/\/tuzlahortum.com.tr\/ar\/wp-json\/wp\/v2\/product_tag?post=743"}],"curies":[{"name":"\u062f\u0628\u0644\u064a\u0648 \u0628\u064a","href":"https:\/\/api.w.org\/{rel}","templated":true}]}}