{"id":742,"date":"2019-02-06T23:53:19","date_gmt":"2019-02-06T20:53:19","guid":{"rendered":"http:\/\/hortum.com.tr\/product\/import-placeholder-for-140\/"},"modified":"2024-03-21T17:43:10","modified_gmt":"2024-03-21T14:43:10","slug":"strip-steel-serit-kelepce","status":"publish","type":"product","link":"https:\/\/tuzlahortum.com.tr\/ar\/product\/strip-steel-serit-kelepce\/","title":{"rendered":"\u0642\u0637\u0627\u0639 \u0627\u0644\u0635\u0644\u0628 - \u0634\u0631\u064a\u0637 \u0627\u0644\u0645\u0634\u0628\u0643"},"content":{"rendered":"<h2>\u0642\u0637\u0627\u0639 \u0627\u0644\u0635\u0644\u0628 - \u0634\u0631\u064a\u0637 \u0627\u0644\u0645\u0634\u0628\u0643<\/h2>\n<p class=\"ptext-circle-bullet\">\u062a\u062a\u0648\u0641\u0631 \u0645\u0634\u0627\u0628\u0643 \u0627\u0644\u0641\u0648\u0644\u0627\u0630 \u0627\u0644\u0645\u0642\u0627\u0648\u0645 \u0644\u0644\u0635\u062f\u0623 \u0630\u0627\u062a \u0627\u0644\u0637\u0648\u0644 \u0627\u0644\u062d\u0631 \u0645\u0646 \u0627\u0644\u0641\u0648\u0644\u0627\u0630 \u0627\u0644\u0645\u0642\u0627\u0648\u0645 \u0644\u0644\u0635\u062f\u0623 \u0639\u0644\u0649 \u0634\u0643\u0644 \u0644\u0641\u0627\u062a \u064a\u0628\u0644\u063a \u0637\u0648\u0644\u0647\u0627 30 \u0645\u062a\u0631\u064b\u0627.<\/p>\n<p class=\"ptext-circle-bullet\">\u0628\u0641\u0636\u0644 \u0645\u0634\u0627\u0628\u0643\u0647\u0627 \u060c \u0641\u0625\u0646\u0647\u0627 \u062a\u0633\u0645\u062d \u0628\u0627\u0633\u062a\u062e\u062f\u0627\u0645 \u0627\u0644\u0642\u0637\u0631 \u0627\u0644\u0645\u0637\u0644\u0648\u0628 \u0641\u064a \u0646\u0642\u0637\u0629 \u0627\u0644\u062a\u0637\u0628\u064a\u0642.<\/p>\n<table style=\"font-size: 14.4px;\" width=\"659\">\n<tbody>\n<tr>\n<td>\u0645\u0627\u062f\u0629 \u062d\u0632\u0627\u0645<\/td>\n<td><\/td>\n<td>\u0641\u0648\u0644\u0627\u0630 \u0645\u0642\u0627\u0648\u0645 \u0644\u0644\u0635\u062f\u0623 (\u062c\u0648\u062f\u0629 W2- 430 \u062c\u0648\u062f\u0629)<\/td>\n<\/tr>\n<tr>\n<td>\u0633\u0645\u0643 \u0627\u0644\u0634\u0631\u064a\u0637<\/td>\n<td><\/td>\n<td>0.60 \u0645\u0645<\/td>\n<\/tr>\n<tr>\n<td>\u0639\u0631\u0636 \u0627\u0644\u0646\u0637\u0627\u0642<\/td>\n<td><\/td>\n<td>9 \u0645\u0644\u0645<\/td>\n<\/tr>\n<tr>\n<td>\u0637\u0648\u0644 \u0627\u0644\u0634\u0631\u064a\u0637<\/td>\n<td><\/td>\n<td>30 \u0645\u062a\u0631\u0627<\/td>\n<\/tr>\n<\/tbody>\n<\/table>","protected":false},"excerpt":{"rendered":"<p>Strip Steel &#8211; \u015eerit Kelep\u00e7e Strip-Steel Serbest Boy Paslanmaz kelep\u00e7eler 30 metrelik rulolar halindedir. Klipsleri sayesinde uygulama noktas\u0131nda istenilen \u00e7apta kullan\u0131ma olanak sa\u011flarlar. BANT MALZEMES\u0130 PASLANMAZ \u00c7EL\u0130K (W2- 430 KAL\u0130TE) BANT KALINLI\u011eI 0,60 mm BANT GEN\u0130\u015eL\u0130\u011e\u0130 9 mm BANT UZUNLU\u011eU 30 mt<\/p>","protected":false},"featured_media":1758,"comment_status":"open","ping_status":"closed","template":"","meta":{"jetpack_post_was_ever_published":false},"product_brand":[],"product_cat":[112],"product_tag":[860,859,862,2322,2321,861],"class_list":{"0":"post-742","1":"product","2":"type-product","3":"status-publish","4":"has-post-thumbnail","6":"product_cat-seritli-kelepceler","7":"product_tag-30m","8":"product_tag-paslanmaz-kelepce","9":"product_tag-serit-kelepce","10":"product_tag-sonsuz","11":"product_tag-sonsuz-kelepce","12":"product_tag-strip-steel","14":"first","15":"instock","16":"taxable","17":"shipping-taxable","18":"product-type-simple"},"jetpack-related-posts":[],"jetpack_sharing_enabled":true,"jetpack_likes_enabled":true,"_links":{"self":[{"href":"https:\/\/tuzlahortum.com.tr\/ar\/wp-json\/wp\/v2\/product\/742","targetHints":{"allow":["GET"]}}],"collection":[{"href":"https:\/\/tuzlahortum.com.tr\/ar\/wp-json\/wp\/v2\/product"}],"about":[{"href":"https:\/\/tuzlahortum.com.tr\/ar\/wp-json\/wp\/v2\/types\/product"}],"replies":[{"embeddable":true,"href":"https:\/\/tuzlahortum.com.tr\/ar\/wp-json\/wp\/v2\/comments?post=742"}],"wp:featuredmedia":[{"embeddable":true,"href":"https:\/\/tuzlahortum.com.tr\/ar\/wp-json\/wp\/v2\/media\/1758"}],"wp:attachment":[{"href":"https:\/\/tuzlahortum.com.tr\/ar\/wp-json\/wp\/v2\/media?parent=742"}],"wp:term":[{"taxonomy":"product_brand","embeddable":true,"href":"https:\/\/tuzlahortum.com.tr\/ar\/wp-json\/wp\/v2\/product_brand?post=742"},{"taxonomy":"product_cat","embeddable":true,"href":"https:\/\/tuzlahortum.com.tr\/ar\/wp-json\/wp\/v2\/product_cat?post=742"},{"taxonomy":"product_tag","embeddable":true,"href":"https:\/\/tuzlahortum.com.tr\/ar\/wp-json\/wp\/v2\/product_tag?post=742"}],"curies":[{"name":"\u062f\u0628\u0644\u064a\u0648 \u0628\u064a","href":"https:\/\/api.w.org\/{rel}","templated":true}]}}