{"id":739,"date":"2019-02-06T23:53:19","date_gmt":"2019-02-06T20:53:19","guid":{"rendered":"http:\/\/hortum.com.tr\/product\/import-placeholder-for-281\/"},"modified":"2024-03-21T17:43:13","modified_gmt":"2024-03-21T14:43:13","slug":"dokum-kelepce","status":"publish","type":"product","link":"https:\/\/tuzlahortum.com.tr\/ar\/product\/dokum-kelepce\/","title":{"rendered":"\u0635\u0628 \u0627\u0644\u0645\u0634\u0628\u0643"},"content":{"rendered":"<h2>\u0635\u0628 \u0627\u0644\u0645\u0634\u0628\u0643<\/h2>\n<p>\u0625\u0646\u0647 \u0645\u0635\u0645\u0645 \u062e\u0635\u064a\u0635\u064b\u0627 \u0644\u062e\u0631\u0627\u0637\u064a\u0645 \u0627\u0644\u0636\u0627\u063a\u0637 \u0628\u0647\u064a\u0643\u0644 \u0645\u0643\u0648\u0646 \u0645\u0646 \u0642\u0637\u0639\u062a\u064a\u0646. \u0625\u0646\u0647\u0627 \u0645\u0646\u0627\u0633\u0628\u0629 \u0644\u0644\u0627\u0633\u062a\u062e\u062f\u0627\u0645 \u0641\u064a \u062a\u0637\u0628\u064a\u0642\u0627\u062a \u0627\u0644\u0636\u063a\u0637 \u0627\u0644\u0639\u0627\u0644\u064a.<\/p>\n<p>\u0645\u062a\u0648\u0641\u0631 \u0628\u0623\u062d\u062c\u0627\u0645 \u0645\u0646\u0627\u0633\u0628\u0629 \u0644\u062e\u0631\u0627\u0637\u064a\u0645 \u0627\u0644\u0636\u0627\u063a\u0637 \u0627\u0644\u0642\u064a\u0627\u0633\u064a\u0629 \u0645\u0646 1\/2 \u2033 \u0625\u0644\u0649 10.<\/p>\n<p><img data-recalc-dims=\"1\" loading=\"lazy\" decoding=\"async\" class=\"alignnone wp-image-10427\" src=\"https:\/\/i0.wp.com\/tuzlahortum.com.tr\/wp-content\/uploads\/2019\/02\/D%C3%96K%C3%9CM-KELEP%C3%87E-2.jpg?resize=346%2C441&#038;ssl=1\" alt=\"\" width=\"346\" height=\"441\" title=\"\" srcset=\"https:\/\/i0.wp.com\/tuzlahortum.com.tr\/wp-content\/uploads\/2019\/02\/D%C3%96K%C3%9CM-KELEP%C3%87E-2.jpg?w=383&amp;ssl=1 383w, https:\/\/i0.wp.com\/tuzlahortum.com.tr\/wp-content\/uploads\/2019\/02\/D%C3%96K%C3%9CM-KELEP%C3%87E-2.jpg?resize=314%2C400&amp;ssl=1 314w\" sizes=\"auto, (max-width: 346px) 100vw, 346px\" \/><\/p>\n<p><img data-recalc-dims=\"1\" loading=\"lazy\" decoding=\"async\" class=\"alignnone size-full wp-image-10428\" src=\"https:\/\/i0.wp.com\/tuzlahortum.com.tr\/wp-content\/uploads\/2019\/02\/D%C3%96K%C3%9CM-KELEP%C3%87E-3.jpg?resize=1020%2C172&#038;ssl=1\" alt=\"\" width=\"1020\" height=\"172\" title=\"\" srcset=\"https:\/\/i0.wp.com\/tuzlahortum.com.tr\/wp-content\/uploads\/2019\/02\/D%C3%96K%C3%9CM-KELEP%C3%87E-3.jpg?w=1053&amp;ssl=1 1053w, https:\/\/i0.wp.com\/tuzlahortum.com.tr\/wp-content\/uploads\/2019\/02\/D%C3%96K%C3%9CM-KELEP%C3%87E-3.jpg?resize=800%2C135&amp;ssl=1 800w, https:\/\/i0.wp.com\/tuzlahortum.com.tr\/wp-content\/uploads\/2019\/02\/D%C3%96K%C3%9CM-KELEP%C3%87E-3.jpg?resize=768%2C130&amp;ssl=1 768w, https:\/\/i0.wp.com\/tuzlahortum.com.tr\/wp-content\/uploads\/2019\/02\/D%C3%96K%C3%9CM-KELEP%C3%87E-3.jpg?resize=600%2C101&amp;ssl=1 600w\" sizes=\"auto, (max-width: 1020px) 100vw, 1020px\" \/><\/p>","protected":false},"excerpt":{"rendered":"<p>D\u00f6k\u00fcm Kelep\u00e7e \u0130ki par\u00e7al\u0131 yap\u0131s\u0131yla, kompres\u00f6r hortumlar\u0131 i\u00e7in \u00f6zel olarak dizayn edilmi\u015ftir. Y\u00fcksek bas\u0131n\u00e7l\u0131 uygulamalarda kullan\u0131ma uygundur. 1\/2&#8243; &#8211; 10&#8243; aras\u0131 standart kompres\u00f6r hortumlar\u0131na uygun \u00f6l\u00e7\u00fcleri mevcuttur.<\/p>","protected":false},"featured_media":1763,"comment_status":"open","ping_status":"closed","template":"","meta":{"jetpack_post_was_ever_published":false},"product_brand":[],"product_cat":[109],"product_tag":[851,853,852,854],"class_list":{"0":"post-739","1":"product","2":"type-product","3":"status-publish","4":"has-post-thumbnail","6":"product_cat-dokum-kelepceler","7":"product_tag-dokum","8":"product_tag-dokum-kelepce","9":"product_tag-kelepce","10":"product_tag-kompresor-hortumlari","12":"first","13":"instock","14":"taxable","15":"shipping-taxable","16":"product-type-variable"},"jetpack-related-posts":[],"jetpack_sharing_enabled":true,"jetpack_likes_enabled":true,"_links":{"self":[{"href":"https:\/\/tuzlahortum.com.tr\/ar\/wp-json\/wp\/v2\/product\/739","targetHints":{"allow":["GET"]}}],"collection":[{"href":"https:\/\/tuzlahortum.com.tr\/ar\/wp-json\/wp\/v2\/product"}],"about":[{"href":"https:\/\/tuzlahortum.com.tr\/ar\/wp-json\/wp\/v2\/types\/product"}],"replies":[{"embeddable":true,"href":"https:\/\/tuzlahortum.com.tr\/ar\/wp-json\/wp\/v2\/comments?post=739"}],"wp:featuredmedia":[{"embeddable":true,"href":"https:\/\/tuzlahortum.com.tr\/ar\/wp-json\/wp\/v2\/media\/1763"}],"wp:attachment":[{"href":"https:\/\/tuzlahortum.com.tr\/ar\/wp-json\/wp\/v2\/media?parent=739"}],"wp:term":[{"taxonomy":"product_brand","embeddable":true,"href":"https:\/\/tuzlahortum.com.tr\/ar\/wp-json\/wp\/v2\/product_brand?post=739"},{"taxonomy":"product_cat","embeddable":true,"href":"https:\/\/tuzlahortum.com.tr\/ar\/wp-json\/wp\/v2\/product_cat?post=739"},{"taxonomy":"product_tag","embeddable":true,"href":"https:\/\/tuzlahortum.com.tr\/ar\/wp-json\/wp\/v2\/product_tag?post=739"}],"curies":[{"name":"\u062f\u0628\u0644\u064a\u0648 \u0628\u064a","href":"https:\/\/api.w.org\/{rel}","templated":true}]}}