{"id":738,"date":"2019-02-06T23:53:18","date_gmt":"2019-02-06T20:53:18","guid":{"rendered":"http:\/\/hortum.com.tr\/product\/import-placeholder-for-138\/"},"modified":"2024-03-21T17:43:14","modified_gmt":"2024-03-21T14:43:14","slug":"cc-kablo-ve-boru-baglanti-kelepcesi","status":"publish","type":"product","link":"https:\/\/tuzlahortum.com.tr\/ar\/product\/cc-kablo-ve-boru-baglanti-kelepcesi\/","title":{"rendered":"\u0645\u0634\u0628\u0643 \u0627\u0644\u0623\u0646\u0627\u0628\u064a\u0628 \u0648\u0627\u0644\u0643\u0627\u0628\u0644\u0627\u062a CC (D1)"},"content":{"rendered":"<h2>\u0645\u0634\u0628\u0643 \u0627\u0644\u0623\u0646\u0627\u0628\u064a\u0628 \u0648\u0627\u0644\u0643\u0627\u0628\u0644\u0627\u062a CC (D1)<\/h2>\n<p class=\"p-text\">\u0627\u0644\u0645\u0634\u0627\u0628\u0643 \u0627\u062a\u0635\u0627\u0644 CC \u060c<strong>\u00a0\u0636\u062c\u064a\u062c 3016<\/strong> \u0623\u0646\u062a\u062c\u062a \u0648\u0641\u0642\u0627 \u0644\u0644\u0642\u0627\u0639\u062f\u0629. \u0646\u0645\u0627\u0630\u062c \u0627\u0644\u0645\u0634\u0627\u0628\u0643 \u0647\u0630\u0647 \u0645\u0646\u0627\u0633\u0628\u0629 \u0628\u0634\u0643\u0644 \u062e\u0627\u0635 \u0644\u062a\u062b\u0628\u064a\u062a \u0627\u0644\u0643\u0627\u0628\u0644\u0627\u062a \u0648\u0627\u0644\u0623\u0646\u0627\u0628\u064a\u0628.<\/p>\n<p class=\"p-text\">\u0642\u062f \u0633\u0628\u0642 \u0627\u0633\u062a\u062e\u062f\u0627\u0645\u0647\u0627. \u0641\u064a \u0627\u0644\u0628\u064a\u0626\u0627\u062a \u0627\u0644\u0627\u0647\u062a\u0632\u0627\u0632\u064a\u0629 \u060c \u0644\u0627 \u064a\u0633\u0645\u062d \u0628\u0627\u0644\u062a\u0634\u0648\u0647 \u0627\u0644\u062f\u0627\u0626\u0645 \u0641\u064a \u0627\u0644\u0643\u0627\u0628\u0644\u0627\u062a \u0648\u0627\u0644\u0623\u0646\u0627\u0628\u064a\u0628 \u0628\u0641\u0636\u0644 \u0627\u0644\u063a\u0644\u0627\u0641 \u0627\u0644\u0645\u0637\u0627\u0637\u064a \u0639\u0644\u0649 \u0627\u0644\u0645\u0627\u062f\u0629.<\/p>\n<p class=\"p-text\">\u0625\u0646 \u0646\u0645\u0627\u0630\u062c \u0627\u0644\u0645\u0634\u0627\u0628\u0643 \u0647\u0630\u0647 \u060c \u0627\u0644\u0645\u0635\u0646\u0648\u0639\u0629 \u0645\u0646 \u0645\u0648\u0627\u062f \u0645\u062e\u062a\u0644\u0641\u0629 \u060c \u0645\u0646\u0627\u0633\u0628\u0629 \u0628\u0634\u0643\u0644 \u062e\u0627\u0635 \u0644\u0644\u0633\u064a\u0627\u0631\u0627\u062a \u060c \u0648\u062a\u0643\u064a\u064a\u0641 \u0627\u0644\u0647\u0648\u0627\u0621 \u060c \u0648\u0627\u0644\u0645\u0648\u0644\u062f\u0627\u062a \u060c \u0648\u0627\u0644\u0622\u0644\u0627\u062a \u0627\u0644\u0632\u0631\u0627\u0639\u064a\u0629 \u060c \u0648\u0627\u0644\u0633\u0644\u0639 \u0627\u0644\u0628\u064a\u0636\u0627\u0621 \u060c \u0625\u0644\u062e. \u0623\u064a\u0636\u0627 \u0641\u064a \u0627\u0644\u0642\u0637\u0627\u0639\u0627\u062a<\/p>\n<p class=\"p-text\">\u0642\u062f \u0633\u0628\u0642 \u0627\u0633\u062a\u062e\u062f\u0627\u0645\u0647\u0627.<\/p>\n<p><img data-recalc-dims=\"1\" loading=\"lazy\" decoding=\"async\" class=\"size-full wp-image-10406 alignleft\" style=\"font-size: 14.4px;\" src=\"https:\/\/i0.wp.com\/tuzlahortum.com.tr\/wp-content\/uploads\/2019\/02\/CC-KELEP%C3%87E-4.jpg?resize=317%2C324&#038;ssl=1\" alt=\"\" width=\"317\" height=\"324\" title=\"\"><img data-recalc-dims=\"1\" loading=\"lazy\" decoding=\"async\" class=\"wp-image-10408 alignleft\" style=\"font-size: 14.4px;\" src=\"https:\/\/i0.wp.com\/tuzlahortum.com.tr\/wp-content\/uploads\/2019\/02\/CC-KELEP%C3%87E-3.jpg?resize=283%2C170&#038;ssl=1\" alt=\"\" width=\"283\" height=\"170\" title=\"\"><img data-recalc-dims=\"1\" loading=\"lazy\" decoding=\"async\" class=\"wp-image-10407 alignnone\" src=\"https:\/\/i0.wp.com\/tuzlahortum.com.tr\/wp-content\/uploads\/2019\/02\/CC-KELEP%C3%87E-2.jpg?resize=240%2C198&#038;ssl=1\" alt=\"\" width=\"240\" height=\"198\" title=\"\"><\/p>\n<p>&nbsp;<\/p>\n<p>&nbsp;<\/p>\n<p>&nbsp;<\/p>\n<p><img data-recalc-dims=\"1\" loading=\"lazy\" decoding=\"async\" class=\"wp-image-10409 alignleft\" src=\"https:\/\/i0.wp.com\/tuzlahortum.com.tr\/wp-content\/uploads\/2019\/02\/CC-KELEP%C3%87E-5.jpg?resize=556%2C548&#038;ssl=1\" alt=\"\" width=\"556\" height=\"548\" title=\"\" srcset=\"https:\/\/i0.wp.com\/tuzlahortum.com.tr\/wp-content\/uploads\/2019\/02\/CC-KELEP%C3%87E-5.jpg?w=651&amp;ssl=1 651w, https:\/\/i0.wp.com\/tuzlahortum.com.tr\/wp-content\/uploads\/2019\/02\/CC-KELEP%C3%87E-5.jpg?resize=406%2C400&amp;ssl=1 406w, https:\/\/i0.wp.com\/tuzlahortum.com.tr\/wp-content\/uploads\/2019\/02\/CC-KELEP%C3%87E-5.jpg?resize=600%2C592&amp;ssl=1 600w, https:\/\/i0.wp.com\/tuzlahortum.com.tr\/wp-content\/uploads\/2019\/02\/CC-KELEP%C3%87E-5.jpg?resize=100%2C100&amp;ssl=1 100w\" sizes=\"auto, (max-width: 556px) 100vw, 556px\" \/><\/p>","protected":false},"excerpt":{"rendered":"<p>CC Kablo ve Boru Ba\u011flant\u0131 Kelep\u00e7esi(D1) CC Ba\u011flant\u0131 kelep\u00e7eleri,\u00a0DIN 3016 normuna g\u00f6re \u00fcretilmektedir. Bu kelep\u00e7e modelleri, \u00f6zellikle kablo ve borular\u0131n sabitlenmesinde kullan\u0131l\u0131rlar. Titre\u015fimli ortamlarda, malzeme \u00fczerine giydirilen lastik sayesinde kablo ve borularda kal\u0131c\u0131 deformasyona izin vermemektedir. De\u011fi\u015fik malzemelerden \u00fcretilen bu kelep\u00e7e modelleri, \u00f6zellikle otomotiv, klima, jenerat\u00f6r, tar\u0131m makinalar\u0131, beyaz e\u015fya vb. sekt\u00f6rlerde de kullan\u0131l\u0131rlar. &nbsp; [&#8230;]\n","protected":false},"featured_media":9011,"comment_status":"open","ping_status":"closed","template":"","meta":{"jetpack_post_was_ever_published":false},"product_brand":[],"product_cat":[107],"product_tag":[850,2252,2251,848,2253,486,296,849,847],"class_list":{"0":"post-738","1":"product","2":"type-product","3":"status-publish","4":"has-post-thumbnail","6":"product_cat-baglanti-kelepceleri","7":"product_tag-beyaz-esya","8":"product_tag-cc-baglanti-kelepcesi","9":"product_tag-cc-kelepce","10":"product_tag-jenerator","11":"product_tag-kablo-boru-sabitleme","12":"product_tag-klima","13":"product_tag-otomotiv","14":"product_tag-tarim-makinalari","15":"product_tag-titresimli-ortam","17":"first","18":"instock","19":"taxable","20":"shipping-taxable","21":"product-type-variable"},"jetpack-related-posts":[],"jetpack_sharing_enabled":true,"jetpack_likes_enabled":true,"_links":{"self":[{"href":"https:\/\/tuzlahortum.com.tr\/ar\/wp-json\/wp\/v2\/product\/738","targetHints":{"allow":["GET"]}}],"collection":[{"href":"https:\/\/tuzlahortum.com.tr\/ar\/wp-json\/wp\/v2\/product"}],"about":[{"href":"https:\/\/tuzlahortum.com.tr\/ar\/wp-json\/wp\/v2\/types\/product"}],"replies":[{"embeddable":true,"href":"https:\/\/tuzlahortum.com.tr\/ar\/wp-json\/wp\/v2\/comments?post=738"}],"wp:featuredmedia":[{"embeddable":true,"href":"https:\/\/tuzlahortum.com.tr\/ar\/wp-json\/wp\/v2\/media\/9011"}],"wp:attachment":[{"href":"https:\/\/tuzlahortum.com.tr\/ar\/wp-json\/wp\/v2\/media?parent=738"}],"wp:term":[{"taxonomy":"product_brand","embeddable":true,"href":"https:\/\/tuzlahortum.com.tr\/ar\/wp-json\/wp\/v2\/product_brand?post=738"},{"taxonomy":"product_cat","embeddable":true,"href":"https:\/\/tuzlahortum.com.tr\/ar\/wp-json\/wp\/v2\/product_cat?post=738"},{"taxonomy":"product_tag","embeddable":true,"href":"https:\/\/tuzlahortum.com.tr\/ar\/wp-json\/wp\/v2\/product_tag?post=738"}],"curies":[{"name":"\u062f\u0628\u0644\u064a\u0648 \u0628\u064a","href":"https:\/\/api.w.org\/{rel}","templated":true}]}}