{"id":737,"date":"2019-02-06T23:53:18","date_gmt":"2019-02-06T20:53:18","guid":{"rendered":"http:\/\/hortum.com.tr\/product\/import-placeholder-for-578\/"},"modified":"2024-03-21T17:43:15","modified_gmt":"2024-03-21T14:43:15","slug":"pn-16-kelebek-vana-nikel-klapeli","status":"publish","type":"product","link":"https:\/\/tuzlahortum.com.tr\/ar\/product\/pn-16-kelebek-vana-nikel-klapeli\/","title":{"rendered":"PN 16 \u0631\u0641\u0631\u0641 \u0646\u064a\u0643\u0644 \u0628\u0635\u0645\u0627\u0645 \u0641\u0631\u0627\u0634\u0629"},"content":{"rendered":"<h2>PN 16 \u0631\u0641\u0631\u0641 \u0646\u064a\u0643\u0644 \u0628\u0635\u0645\u0627\u0645 \u0641\u0631\u0627\u0634\u0629<\/h2>\n<p>\u0645\u0648\u0627\u0641\u0642\u0629 \u0645\u0639\u0647\u062f \u0627\u0644\u0645\u0648\u0627\u0635\u0641\u0627\u062a \u0627\u0644\u062a\u0631\u0643\u064a\u0629.<\/p>\n<p>\u0634\u0647\u0627\u062f\u0629 \u0646\u0638\u0627\u0645 \u0627\u0644\u062c\u0648\u062f\u0629 ISO 9001.<\/p>\n<p>\u0645\u0646\u0637\u0642\u0629 \u0627\u0633\u062a\u062e\u062f\u0627\u0645 \u0648\u0627\u0633\u0639\u0629 \u0644\u0644\u0627\u0633\u062a\u062e\u062f\u0627\u0645 \u0641\u064a \u0623\u0646\u0638\u0645\u0629 \u0627\u0644\u0635\u0646\u0627\u0639\u0629 \u0648\u0627\u0644\u0633\u0628\u0627\u0643\u0629 \u0648\u0627\u0644\u0631\u064a.<\/p>\n<p>\u062f\u0631\u062c\u0629 \u0627\u0644\u062d\u0631\u0627\u0631\u0629 -10 \u062f\u0631\u062c\u0629 \u0645\u0626\u0648\u064a\u0629 + 120 \u062f\u0631\u062c\u0629 \u0645\u0626\u0648\u064a\u0629<\/p>","protected":false},"excerpt":{"rendered":"<p>PN 16 Kelebek Vana Nikel Klapeli T\u00fcrk Standartlar\u0131 Enstit\u00fcs\u00fc Onay\u0131. ISO 9001 Kalite Sistem Sertfikas\u0131. End\u00fcstriyel, Tesisat ve sulama sistemlerinde kullan\u0131lmak \u00fczere geni\u015f kullan\u0131m alan\u0131. S\u0131cakl\u0131k -10\u00b0C + 120\u00b0C<\/p>","protected":false},"featured_media":2861,"comment_status":"open","ping_status":"closed","template":"","meta":{"jetpack_post_was_ever_published":false},"product_brand":[],"product_cat":[201],"product_tag":[845,846,2274,2273,331],"class_list":{"0":"post-737","1":"product","2":"type-product","3":"status-publish","4":"has-post-thumbnail","6":"product_cat-kelebek-vana-modelleri","7":"product_tag-kelebek","8":"product_tag-kelebek-vana","9":"product_tag-kelebek-vana-nikel-klapeli","10":"product_tag-nikel-klape","11":"product_tag-vana","13":"first","14":"instock","15":"taxable","16":"shipping-taxable","17":"product-type-variable"},"jetpack-related-posts":[],"jetpack_sharing_enabled":true,"jetpack_likes_enabled":true,"_links":{"self":[{"href":"https:\/\/tuzlahortum.com.tr\/ar\/wp-json\/wp\/v2\/product\/737","targetHints":{"allow":["GET"]}}],"collection":[{"href":"https:\/\/tuzlahortum.com.tr\/ar\/wp-json\/wp\/v2\/product"}],"about":[{"href":"https:\/\/tuzlahortum.com.tr\/ar\/wp-json\/wp\/v2\/types\/product"}],"replies":[{"embeddable":true,"href":"https:\/\/tuzlahortum.com.tr\/ar\/wp-json\/wp\/v2\/comments?post=737"}],"wp:featuredmedia":[{"embeddable":true,"href":"https:\/\/tuzlahortum.com.tr\/ar\/wp-json\/wp\/v2\/media\/2861"}],"wp:attachment":[{"href":"https:\/\/tuzlahortum.com.tr\/ar\/wp-json\/wp\/v2\/media?parent=737"}],"wp:term":[{"taxonomy":"product_brand","embeddable":true,"href":"https:\/\/tuzlahortum.com.tr\/ar\/wp-json\/wp\/v2\/product_brand?post=737"},{"taxonomy":"product_cat","embeddable":true,"href":"https:\/\/tuzlahortum.com.tr\/ar\/wp-json\/wp\/v2\/product_cat?post=737"},{"taxonomy":"product_tag","embeddable":true,"href":"https:\/\/tuzlahortum.com.tr\/ar\/wp-json\/wp\/v2\/product_tag?post=737"}],"curies":[{"name":"\u062f\u0628\u0644\u064a\u0648 \u0628\u064a","href":"https:\/\/api.w.org\/{rel}","templated":true}]}}