{"id":735,"date":"2019-02-06T23:53:17","date_gmt":"2019-02-06T20:53:17","guid":{"rendered":"http:\/\/hortum.com.tr\/product\/import-placeholder-for-62\/"},"modified":"2024-03-21T17:43:17","modified_gmt":"2024-03-21T14:43:17","slug":"telli-su-alici-verici-hortumlar","status":"publish","type":"product","link":"https:\/\/tuzlahortum.com.tr\/ar\/product\/telli-su-alici-verici-hortumlar\/","title":{"rendered":"\u062e\u0631\u0627\u0637\u064a\u0645 \u0627\u0644\u0645\u064a\u0627\u0647 \u0627\u0644\u0633\u0644\u0643\u064a\u0629 \u0627\u0644\u0627\u0631\u0633\u0627\u0644 \u0648\u0627\u0644\u0627\u0633\u062a\u0642\u0628\u0627\u0644"},"content":{"rendered":"<h2>\u062e\u0631\u0627\u0637\u064a\u0645 \u0627\u0644\u0645\u064a\u0627\u0647 \u0627\u0644\u0633\u0644\u0643\u064a\u0629 \u0627\u0644\u0627\u0631\u0633\u0627\u0644 \u0648\u0627\u0644\u0627\u0633\u062a\u0642\u0628\u0627\u0644<\/h2>\n<div>\u0645\u062c\u0627\u0644\u0627\u062a \u0627\u0644\u0627\u0633\u062a\u062e\u062f\u0627\u0645: \u0625\u0646\u0647 \u062e\u0631\u0637\u0648\u0645 \u0627\u0633\u062a\u0642\u0628\u0627\u0644 \u0648\u062c\u0647\u0627\u0632 \u0625\u0631\u0633\u0627\u0644 \u0642\u0648\u064a \u0648\u0645\u0631\u0646 \u0648\u0645\u0646\u0627\u0633\u0628 \u0644\u0638\u0631\u0648\u0641 \u0627\u0644\u062a\u0637\u0628\u064a\u0642\u0627\u062a \u0627\u0644\u062b\u0642\u064a\u0644\u0629 \u0644\u0644\u0635\u0646\u0627\u0639\u0629 \u0648\u0627\u0644\u0628\u0646\u0627\u0621 \u0648\u0627\u0644\u0632\u0631\u0627\u0639\u0629.<\/div>\n<div><\/div>\n<div>\u0627\u0639\u0645\u0627\u0644 \u0628\u0646\u0627\u0621<\/div>\n<div>\u0627\u0644\u062c\u0632\u0621 \u0627\u0644\u0633\u0641\u0644\u064a: SBR \/ NR \u0623\u0633\u0648\u062f \u060c \u0645\u0642\u0627\u0648\u0645 \u0644\u0645\u064a\u0627\u0647 \u0627\u0644\u0635\u0631\u0641 (\u0645\u0646 5 \u0625\u0644\u0649 9 \u062f\u0631\u062c\u0629 \u062d\u0645\u0648\u0636\u0629)<\/div>\n<div>\u0627\u0644\u062a\u0639\u0632\u064a\u0632: \u0646\u0633\u064a\u062c \u0633\u0644\u0643 \u0639\u0627\u0644\u064a \u0627\u0644\u0642\u0648\u0629 \u060c \u0633\u0644\u0643 \u0641\u0648\u0644\u0627\u0630\u064a \u0645\u062f\u0645\u062c \u0641\u064a \u0627\u0644\u0637\u0628\u0642\u0629 \u0627\u0644\u0628\u064a\u0646\u064a\u0629<\/div>\n<div>\u0627\u0644\u062c\u0632\u0621 \u0627\u0644\u0639\u0644\u0648\u064a: SBR \u0623\u0633\u0648\u062f \u060c \u0639\u0627\u062f\u064a \u060c \u0645\u0642\u0627\u0648\u0645 \u0644\u0644\u0639\u0648\u0627\u0645\u0644 \u0627\u0644\u062c\u0648\u064a\u0629 \u0648\u0627\u0644\u062a\u0622\u0643\u0644<\/div>\n<div><\/div>\n<div><div class=\"video video-fit mb\" style=\"padding-top:56.25%;\"><p><iframe loading=\"lazy\" title=\"\u0627\u0631\u062a\u0628\u0627\u0643 \u0627\u0644\u0642\u064a\u0627\u0633 (\u0628\u0648\u0635\u0629\u060c \u0625\u0635\u0628\u0639\u060c \u0636\u0628\u0627\u0628\u060c \u0645\u0644\u0644\u064a\u0645\u062a\u0631)\" width=\"1020\" height=\"574\" src=\"https:\/\/www.youtube.com\/embed\/uKk6AG_AZls?feature=oembed\" frameborder=\"0\" allow=\"accelerometer; autoplay; clipboard-write; encrypted-media; gyroscope; picture-in-picture; web-share\" referrerpolicy=\"strict-origin-when-cross-origin\" allowfullscreen><\/iframe><\/p>\n<\/div><\/div>","protected":false},"excerpt":{"rendered":"<p>Telli Su Al\u0131c\u0131-Verici Hortumlar KULLANIM ALANLARI : Sanayi, in\u015faat tar\u0131m\u0131n a\u011f\u0131r uygulama \u015fartlar\u0131na elveri\u015fli sa\u011flam ve esnek al\u0131c\u0131 ve verici hortumdur. KONTR\u00dcKS\u0130YON Alt : SBR\/NR siyah, at\u0131k suya dayan\u0131kl\u0131 ( 5 to 9 pH ) Takviye : Y\u00fcksek mukavemetli kord bezi, katlararas\u0131 g\u00f6m\u00fcl\u00fc \u00e7elik tel \u00dcst : SBR siyah, d\u00fcz, hava \u015fartlar\u0131na ve a\u015f\u0131nmaya dayan\u0131kl\u0131<\/p>","protected":false},"featured_media":1682,"comment_status":"open","ping_status":"closed","template":"","meta":{"jetpack_post_was_ever_published":false},"product_brand":[],"product_cat":[163],"product_tag":[785,786,787,789,842,788,818,841,793,794,791,792,652,840],"class_list":{"0":"post-735","1":"product","2":"type-product","3":"status-publish","4":"has-post-thumbnail","6":"product_cat-su-hortumlari","7":"product_tag-bezli-su-hortumlari","8":"product_tag-bezli-su-hortumu","9":"product_tag-kaucuk-su-hortumu","10":"product_tag-lastik-su-hortumu","11":"product_tag-sa","12":"product_tag-sargili-su-hortumu","13":"product_tag-siyah-su-hortumu","14":"product_tag-spiralli-su-emici-hortumlar","15":"product_tag-su-basma-hortumu","16":"product_tag-su-bosaltma-hortumu","17":"product_tag-su-nakil","18":"product_tag-su-tahliye-hortumu","19":"product_tag-tarim","20":"product_tag-telli-su-alici-verici-hortumlar","22":"first","23":"instock","24":"featured","25":"taxable","26":"shipping-taxable","27":"product-type-variable"},"jetpack-related-posts":[],"jetpack_sharing_enabled":true,"jetpack_likes_enabled":true,"_links":{"self":[{"href":"https:\/\/tuzlahortum.com.tr\/ar\/wp-json\/wp\/v2\/product\/735","targetHints":{"allow":["GET"]}}],"collection":[{"href":"https:\/\/tuzlahortum.com.tr\/ar\/wp-json\/wp\/v2\/product"}],"about":[{"href":"https:\/\/tuzlahortum.com.tr\/ar\/wp-json\/wp\/v2\/types\/product"}],"replies":[{"embeddable":true,"href":"https:\/\/tuzlahortum.com.tr\/ar\/wp-json\/wp\/v2\/comments?post=735"}],"wp:featuredmedia":[{"embeddable":true,"href":"https:\/\/tuzlahortum.com.tr\/ar\/wp-json\/wp\/v2\/media\/1682"}],"wp:attachment":[{"href":"https:\/\/tuzlahortum.com.tr\/ar\/wp-json\/wp\/v2\/media?parent=735"}],"wp:term":[{"taxonomy":"product_brand","embeddable":true,"href":"https:\/\/tuzlahortum.com.tr\/ar\/wp-json\/wp\/v2\/product_brand?post=735"},{"taxonomy":"product_cat","embeddable":true,"href":"https:\/\/tuzlahortum.com.tr\/ar\/wp-json\/wp\/v2\/product_cat?post=735"},{"taxonomy":"product_tag","embeddable":true,"href":"https:\/\/tuzlahortum.com.tr\/ar\/wp-json\/wp\/v2\/product_tag?post=735"}],"curies":[{"name":"\u062f\u0628\u0644\u064a\u0648 \u0628\u064a","href":"https:\/\/api.w.org\/{rel}","templated":true}]}}