{"id":729,"date":"2019-02-06T23:53:16","date_gmt":"2019-02-06T20:53:16","guid":{"rendered":"http:\/\/hortum.com.tr\/product\/import-placeholder-for-84\/"},"modified":"2024-03-21T17:43:23","modified_gmt":"2024-03-21T14:43:23","slug":"cam-elyafli-buhar-hortumlari","status":"publish","type":"product","link":"https:\/\/tuzlahortum.com.tr\/ar\/product\/cam-elyafli-buhar-hortumlari\/","title":{"rendered":"\u062e\u0631\u0627\u0637\u064a\u0645 \u0627\u0644\u0628\u062e\u0627\u0631 \u0627\u0644\u0645\u0635\u0646\u0648\u0639\u0629 \u0645\u0646 \u0627\u0644\u0623\u0644\u064a\u0627\u0641 \u0627\u0644\u0632\u062c\u0627\u062c\u064a\u0629"},"content":{"rendered":"<h2>\u062e\u0631\u0627\u0637\u064a\u0645 \u0627\u0644\u0628\u062e\u0627\u0631 \u0627\u0644\u0645\u0635\u0646\u0648\u0639\u0629 \u0645\u0646 \u0627\u0644\u0623\u0644\u064a\u0627\u0641 \u0627\u0644\u0632\u062c\u0627\u062c\u064a\u0629<\/h2>\n<div>\u0645\u062c\u0627\u0644\u0627\u062a \u0627\u0644\u0627\u0633\u062a\u062e\u062f\u0627\u0645: \u0641\u064a \u0623\u0639\u0645\u0627\u0644 \u0646\u0642\u0644 \u0627\u0644\u0628\u062e\u0627\u0631 \u0648\u0627\u0644\u0645\u0627\u0621 \u0627\u0644\u0633\u0627\u062e\u0646 \u062d\u064a\u062b \u064a\u0648\u062c\u062f \u0625\u0634\u0639\u0627\u0639 \u062d\u0631\u0627\u0631\u064a \u0648\u062c\u0632\u064a\u0626\u0627\u062a \u0634\u062f\u064a\u062f\u0629 \u0627\u0644\u0633\u062e\u0648\u0646\u0629 (\u062d\u062a\u0649 550 \u062f\u0631\u062c\u0629 \u0645\u0626\u0648\u064a\u0629).<\/div>\n<div><\/div>\n<div>\u0627\u0644\u0634\u0647\u0627\u062f\u0627\u062a: \u0627\u0644\u062e\u0631\u0627\u0637\u064a\u0645 \u062a\u062d\u0645\u0644 \u0639\u0644\u0627\u0645\u0629 TSE. TS2149 CLASS 1 \/ TYPE 1<\/div>\n<div><\/div>\n<div>\u0627\u0639\u0645\u0627\u0644 \u0628\u0646\u0627\u0621<\/div>\n<div>\u0623\u0633\u0641\u0644: EPDM \u060c \u0623\u0633\u0648\u062f \u060c \u0645\u0642\u0627\u0648\u0645\u0629 \u0627\u0644\u0628\u062e\u0627\u0631 \u062d\u062a\u0649 165 \u062f\u0631\u062c\u0629 \u0645\u0626\u0648\u064a\u0629<\/div>\n<div>\u0627\u0644\u062a\u0639\u0632\u064a\u0632: \u062a\u0642\u0648\u064a\u0629 \u0646\u0633\u064a\u062c\u064a\u0629 \u0639\u0627\u0644\u064a\u0629 \u0627\u0644\u0642\u0648\u0629 \u0648\u0645\u0642\u0627\u0648\u0645\u0629 \u0644\u0644\u062d\u0631\u0627\u0631\u0629<\/div>\n<div>\u0627\u0644\u062c\u0632\u0621 \u0627\u0644\u0639\u0644\u0648\u064a: \u0645\u0632\u064a\u062c EPDM \/ CSM \u060c \u0648\u0627\u0644\u0630\u064a \u064a\u0648\u0641\u0631 \u0645\u0642\u0627\u0648\u0645\u0629 \u0639\u0627\u0644\u064a\u0629 \u0644\u0644\u062d\u0631\u0627\u0631\u0629 \u060c \u0648\u0623\u0644\u064a\u0627\u0641 \u0632\u062c\u0627\u062c\u064a\u0629 \u0645\u0644\u0641\u0648\u0641\u0629 \u0648\u0644\u0635\u0642\u0647\u0627<\/div>\n<div>\n<div class=\"video video-fit mb\" style=\"padding-top:56.25%;\"><p><iframe loading=\"lazy\" title=\"\u0627\u0631\u062a\u0628\u0627\u0643 \u0627\u0644\u0642\u064a\u0627\u0633 (\u0628\u0648\u0635\u0629\u060c \u0625\u0635\u0628\u0639\u060c \u0636\u0628\u0627\u0628\u060c \u0645\u0644\u0644\u064a\u0645\u062a\u0631)\" width=\"1020\" height=\"574\" src=\"https:\/\/www.youtube.com\/embed\/uKk6AG_AZls?feature=oembed\" frameborder=\"0\" allow=\"accelerometer; autoplay; clipboard-write; encrypted-media; gyroscope; picture-in-picture; web-share\" referrerpolicy=\"strict-origin-when-cross-origin\" allowfullscreen><\/iframe><\/p>\n<\/div>\n<div class=\"video video-fit mb\" style=\"padding-top:56.25%;\"><p>https:\/\/www.youtube.com\/watch?v=O8ZlzKEjfEQ%20<\/p>\n<\/div>\n<\/div>","protected":false},"excerpt":{"rendered":"<p>Cam Elyafl\u0131 Buhar Hortumlar\u0131 KULLANIM ALANLARI : Is\u0131 radyasyonu ve k\u0131zg\u0131n zerreciklerin (550oC&#8217;ye kadar) bulundu\u011fu buhar ve s\u0131cak su nakil i\u015flerinde SERT\u0130F\u0130KALAR : Hortumlar TSE markal\u0131d\u0131r. TS2149 SINIF 1 \/ T\u0130P 1 KONTR\u00dcKS\u0130YON Alt : EPDM, siyah, 165oC buhara dayan\u0131kl\u0131 Takviye : Y\u00fcksek mukavemetli ve \u0131s\u0131ya dayan\u0131kl\u0131 tekstil takviye \u00dcst : Y\u00fcksek \u0131s\u0131ya mukavemeti sa\u011flayan [&#8230;]\n","protected":false},"featured_media":1691,"comment_status":"open","ping_status":"closed","template":"","meta":{"jetpack_post_was_ever_published":false},"product_brand":[],"product_cat":[154],"product_tag":[827,826,830,829,828],"class_list":{"0":"post-729","1":"product","2":"type-product","3":"status-publish","4":"has-post-thumbnail","6":"product_cat-buhar-hortumlari","7":"product_tag-buhar-ve-sicak-su-nakil-hortumu","8":"product_tag-cam-elyafli-buhar-hortumlari","9":"product_tag-cok-yuksek-isi","10":"product_tag-kivilcima-dayanikli","11":"product_tag-kizgin-zerreciklere-dayanikli","13":"first","14":"instock","15":"taxable","16":"shipping-taxable","17":"product-type-variable"},"jetpack-related-posts":[],"jetpack_sharing_enabled":true,"jetpack_likes_enabled":true,"_links":{"self":[{"href":"https:\/\/tuzlahortum.com.tr\/ar\/wp-json\/wp\/v2\/product\/729","targetHints":{"allow":["GET"]}}],"collection":[{"href":"https:\/\/tuzlahortum.com.tr\/ar\/wp-json\/wp\/v2\/product"}],"about":[{"href":"https:\/\/tuzlahortum.com.tr\/ar\/wp-json\/wp\/v2\/types\/product"}],"replies":[{"embeddable":true,"href":"https:\/\/tuzlahortum.com.tr\/ar\/wp-json\/wp\/v2\/comments?post=729"}],"wp:featuredmedia":[{"embeddable":true,"href":"https:\/\/tuzlahortum.com.tr\/ar\/wp-json\/wp\/v2\/media\/1691"}],"wp:attachment":[{"href":"https:\/\/tuzlahortum.com.tr\/ar\/wp-json\/wp\/v2\/media?parent=729"}],"wp:term":[{"taxonomy":"product_brand","embeddable":true,"href":"https:\/\/tuzlahortum.com.tr\/ar\/wp-json\/wp\/v2\/product_brand?post=729"},{"taxonomy":"product_cat","embeddable":true,"href":"https:\/\/tuzlahortum.com.tr\/ar\/wp-json\/wp\/v2\/product_cat?post=729"},{"taxonomy":"product_tag","embeddable":true,"href":"https:\/\/tuzlahortum.com.tr\/ar\/wp-json\/wp\/v2\/product_tag?post=729"}],"curies":[{"name":"\u062f\u0628\u0644\u064a\u0648 \u0628\u064a","href":"https:\/\/api.w.org\/{rel}","templated":true}]}}