{"id":727,"date":"2019-02-06T23:52:57","date_gmt":"2019-02-06T20:52:57","guid":{"rendered":"http:\/\/hortum.com.tr\/product\/import-placeholder-for-83\/"},"modified":"2024-03-21T17:43:25","modified_gmt":"2024-03-21T14:43:25","slug":"bezli-buhar-hortumlari","status":"publish","type":"product","link":"https:\/\/tuzlahortum.com.tr\/ar\/product\/bezli-buhar-hortumlari\/","title":{"rendered":"\u062e\u0631\u0627\u0637\u064a\u0645 \u0628\u062e\u0627\u0631 \u0645\u063a\u0637\u0627\u0629"},"content":{"rendered":"<h2>\u062e\u0631\u0627\u0637\u064a\u0645 \u0628\u062e\u0627\u0631 \u0645\u063a\u0637\u0627\u0629<\/h2>\n<div>\u0645\u062c\u0627\u0644\u0627\u062a \u0627\u0644\u0627\u0633\u062a\u062e\u062f\u0627\u0645: \u0641\u064a \u0627\u0644\u0628\u0646\u0627\u0621 \u0648\u0623\u062d\u0648\u0627\u0636 \u0628\u0646\u0627\u0621 \u0627\u0644\u0633\u0641\u0646 \u0648\u0627\u0644\u0622\u0644\u0627\u062a \u0648\u0627\u0644\u062f\u0648\u0627\u0626\u0631 \u0627\u0644\u0628\u062e\u0627\u0631\u064a\u0629 \u060c \u0641\u064a \u0639\u0645\u0644\u064a\u0627\u062a \u0645\u062b\u0644 \u0627\u0644\u0625\u062e\u0644\u0627\u0621 \u0648\u0627\u0644\u062a\u0646\u0638\u064a\u0641<\/div>\n<div><\/div>\n<div>\u0627\u0644\u0634\u0647\u0627\u062f\u0627\u062a: \u0627\u0644\u062e\u0631\u0627\u0637\u064a\u0645 \u062a\u062d\u0645\u0644 \u0639\u0644\u0627\u0645\u0629 TSE. TS2149 CLASS 1 \/ TYPE 1<\/div>\n<div><\/div>\n<div>\u0627\u0639\u0645\u0627\u0644 \u0628\u0646\u0627\u0621<\/div>\n<div>\u0623\u0633\u0641\u0644: EPDM \u060c \u0623\u0633\u0648\u062f \u060c \u0639\u0627\u062f\u064a<\/div>\n<div>\u0627\u0644\u062a\u0639\u0632\u064a\u0632: \u0646\u0633\u064a\u062c \u062d\u0628\u0644 \u0639\u0627\u0644\u064a \u0627\u0644\u0642\u0648\u0629<\/div>\n<div>\u0627\u0644\u062c\u0632\u0621 \u0627\u0644\u0639\u0644\u0648\u064a: EPDM \u060c \u0623\u0633\u0648\u062f \u060c \u0623\u0646\u0628\u0648\u0628 \u0634\u0639\u0631\u064a \u0645\u062b\u0642\u0648\u0628<\/div>\n<div>\n<div class=\"video video-fit mb\" style=\"padding-top:56.25%;\"><p><iframe loading=\"lazy\" title=\"\u0627\u0631\u062a\u0628\u0627\u0643 \u0627\u0644\u0642\u064a\u0627\u0633 (\u0628\u0648\u0635\u0629\u060c \u0625\u0635\u0628\u0639\u060c \u0636\u0628\u0627\u0628\u060c \u0645\u0644\u0644\u064a\u0645\u062a\u0631)\" width=\"1020\" height=\"574\" src=\"https:\/\/www.youtube.com\/embed\/uKk6AG_AZls?feature=oembed\" frameborder=\"0\" allow=\"accelerometer; autoplay; clipboard-write; encrypted-media; gyroscope; picture-in-picture; web-share\" referrerpolicy=\"strict-origin-when-cross-origin\" allowfullscreen><\/iframe><\/p>\n<\/div>\n<div class=\"video video-fit mb\" style=\"padding-top:56.25%;\"><p>https:\/\/www.youtube.com\/watch?v=O8ZlzKEjfEQ%20<\/p>\n<\/div>\n<\/div>","protected":false},"excerpt":{"rendered":"<p>Bezli Buhar Hortumlar\u0131 KULLANIM ALANLARI : \u0130n\u015faat, tersane, makina ve buhar devrelerinde , tahliye ve temizlik gibi i\u015flemlerde SERT\u0130F\u0130KALAR : Hortumlar TSE markal\u0131d\u0131r. TS2149 SINIF 1 \/ T\u0130P 1 KONTR\u00dcKS\u0130YON Alt : EPDM, siyah, d\u00fcz Takviye : Y\u00fcksek mukavemetli kord bezi \u00dcst : EPDM, siyah, k\u0131lcal delikli<\/p>","protected":false},"featured_media":1694,"comment_status":"open","ping_status":"closed","template":"","meta":{"jetpack_post_was_ever_published":false},"product_brand":[],"product_cat":[154],"product_tag":[821,822],"class_list":{"0":"post-727","1":"product","2":"type-product","3":"status-publish","4":"has-post-thumbnail","6":"product_cat-buhar-hortumlari","7":"product_tag-bezli-buhar-hortumlari","8":"product_tag-tahliye-ve-temizlik-hortumlari","10":"first","11":"instock","12":"taxable","13":"shipping-taxable","14":"product-type-variable"},"jetpack-related-posts":[],"jetpack_sharing_enabled":true,"jetpack_likes_enabled":true,"_links":{"self":[{"href":"https:\/\/tuzlahortum.com.tr\/ar\/wp-json\/wp\/v2\/product\/727","targetHints":{"allow":["GET"]}}],"collection":[{"href":"https:\/\/tuzlahortum.com.tr\/ar\/wp-json\/wp\/v2\/product"}],"about":[{"href":"https:\/\/tuzlahortum.com.tr\/ar\/wp-json\/wp\/v2\/types\/product"}],"replies":[{"embeddable":true,"href":"https:\/\/tuzlahortum.com.tr\/ar\/wp-json\/wp\/v2\/comments?post=727"}],"wp:featuredmedia":[{"embeddable":true,"href":"https:\/\/tuzlahortum.com.tr\/ar\/wp-json\/wp\/v2\/media\/1694"}],"wp:attachment":[{"href":"https:\/\/tuzlahortum.com.tr\/ar\/wp-json\/wp\/v2\/media?parent=727"}],"wp:term":[{"taxonomy":"product_brand","embeddable":true,"href":"https:\/\/tuzlahortum.com.tr\/ar\/wp-json\/wp\/v2\/product_brand?post=727"},{"taxonomy":"product_cat","embeddable":true,"href":"https:\/\/tuzlahortum.com.tr\/ar\/wp-json\/wp\/v2\/product_cat?post=727"},{"taxonomy":"product_tag","embeddable":true,"href":"https:\/\/tuzlahortum.com.tr\/ar\/wp-json\/wp\/v2\/product_tag?post=727"}],"curies":[{"name":"\u062f\u0628\u0644\u064a\u0648 \u0628\u064a","href":"https:\/\/api.w.org\/{rel}","templated":true}]}}