{"id":723,"date":"2019-02-06T23:52:56","date_gmt":"2019-02-06T20:52:56","guid":{"rendered":"http:\/\/hortum.com.tr\/product\/import-placeholder-for-92\/"},"modified":"2024-03-21T17:43:28","modified_gmt":"2024-03-21T14:43:28","slug":"asit-solvent-alici-verici-hortumlar","status":"publish","type":"product","link":"https:\/\/tuzlahortum.com.tr\/ar\/product\/asit-solvent-alici-verici-hortumlar\/","title":{"rendered":"\u062e\u0631\u0627\u0637\u064a\u0645 \u062c\u0647\u0627\u0632 \u0625\u0631\u0633\u0627\u0644 \u0648\u0627\u0633\u062a\u0642\u0628\u0627\u0644 \u0627\u0644\u0645\u0630\u064a\u0628\u0627\u062a \u0627\u0644\u062d\u0645\u0636\u064a\u0629"},"content":{"rendered":"<h2>\u062e\u0631\u0627\u0637\u064a\u0645 \u062c\u0647\u0627\u0632 \u0625\u0631\u0633\u0627\u0644 \u0648\u0627\u0633\u062a\u0642\u0628\u0627\u0644 \u0627\u0644\u0645\u0630\u064a\u0628\u0627\u062a \u0627\u0644\u062d\u0645\u0636\u064a\u0629<\/h2>\n<div>\u0645\u062c\u0627\u0644\u0627\u062a \u0627\u0644\u0627\u0633\u062a\u062e\u062f\u0627\u0645: \u0641\u064a \u0627\u0644\u0645\u0646\u0634\u0622\u062a \u0627\u0644\u0635\u0646\u0627\u0639\u064a\u0629 \u060c \u0648\u062e\u0632\u0627\u0646\u0627\u062a \u0627\u0644\u0623\u062d\u0645\u0627\u0636 \u060c \u0648\u0645\u062e\u062a\u0644\u0641 \u0627\u0644\u0623\u062d\u0645\u0627\u0636 \u060c \u0648\u0627\u0644\u0642\u0627\u0639\u062f\u064a\u0629 \u060c \u0648\u0627\u0644\u0645\u0648\u0627\u062f \u0627\u0644\u0643\u064a\u0645\u064a\u0627\u0626\u064a\u0629 \u060c \u0648\u0623\u0639\u0645\u0627\u0644 \u0627\u0644\u062a\u0641\u0631\u064a\u063a \u0648\u0627\u0644\u0627\u0645\u062a\u0635\u0627\u0635 (\u0628\u062f\u0648\u0646 \u0645\u062d\u062a\u0648\u0649 \u0632\u064a\u062a\u064a)<\/div>\n<div><\/div>\n<div>\u0627\u0639\u0645\u0627\u0644 \u0628\u0646\u0627\u0621<\/div>\n<div>\u0627\u0644\u062c\u0632\u0621 \u0627\u0644\u0633\u0641\u0644\u064a: \u0645\u0632\u064a\u062c \u062e\u0627\u0635 \u0645\u0646 \u0627\u0644\u0645\u0637\u0627\u0637 \u0627\u0644\u0635\u0646\u0627\u0639\u064a \u060c \u0623\u0633\u0648\u062f \u060c \u0633\u0627\u062f\u0629<\/div>\n<div>\u0627\u0644\u062a\u0639\u0632\u064a\u0632: \u0646\u0633\u064a\u062c \u0633\u0644\u0643 \u0639\u0627\u0644\u064a \u0627\u0644\u0642\u0648\u0629 \u060c \u0633\u0644\u0643 \u0646\u062d\u0627\u0633\u064a \u0645\u0648\u0635\u0644 \u060c \u0633\u0644\u0643 \u0641\u0648\u0644\u0627\u0630\u064a \u0628\u0637\u0628\u0642\u0629 \u062f\u0627\u062e\u0644\u064a\u0629<\/div>\n<div>\u0627\u0644\u062c\u0632\u0621 \u0627\u0644\u0639\u0644\u0648\u064a: EPDM \u060c \u0623\u0633\u0648\u062f \u060c \u0639\u0627\u062f\u064a \u060c \u0634\u0631\u064a\u0637 \u0645\u0637\u0628\u0648\u0639 \u060c \u0645\u0642\u0627\u0648\u0645 \u0644\u0644\u062a\u0622\u0643\u0644 \u0648\u062c\u0645\u064a\u0639 \u0623\u0646\u0648\u0627\u0639 \u0627\u0644\u0638\u0631\u0648\u0641 \u0627\u0644\u0645\u0646\u0627\u062e\u064a\u0629<\/div>\n<div><\/div>\n<div><div class=\"video video-fit mb\" style=\"padding-top:56.25%;\"><p><iframe loading=\"lazy\" title=\"\u0627\u0631\u062a\u0628\u0627\u0643 \u0627\u0644\u0642\u064a\u0627\u0633 (\u0628\u0648\u0635\u0629\u060c \u0625\u0635\u0628\u0639\u060c \u0636\u0628\u0627\u0628\u060c \u0645\u0644\u0644\u064a\u0645\u062a\u0631)\" width=\"1020\" height=\"574\" src=\"https:\/\/www.youtube.com\/embed\/uKk6AG_AZls?feature=oembed\" frameborder=\"0\" allow=\"accelerometer; autoplay; clipboard-write; encrypted-media; gyroscope; picture-in-picture; web-share\" referrerpolicy=\"strict-origin-when-cross-origin\" allowfullscreen><\/iframe><\/p>\n<\/div><\/div>\n<div><\/div>\n<div><\/div>","protected":false},"excerpt":{"rendered":"<p>Asit Solvent Al\u0131c\u0131-Verici Hortumlar KULLANIM ALANLARI : Sanayi tesislerinde, asit depolar\u0131nda \u00e7e\u015fitli asit, baz ve kimyevi madde tahliye ve emme i\u015flerinde (Ya\u011fs\u0131z i\u00e7erikli) KONTR\u00dcKS\u0130YON Alt : \u00d6zel sentetik kau\u00e7uk kar\u0131\u015f\u0131m\u0131, siyah,d\u00fcz Takviye : Y\u00fcksek mukavemetli kord bezi, iletken bak\u0131r tel ,katlararas\u0131 \u00e7elik tel \u00dcst : EPDM, siyah, d\u00fcz, bask\u0131l\u0131 \u015feritli, a\u015f\u0131nmaya ve her t\u00fcrl\u00fc iklim [&#8230;]\n","protected":false},"featured_media":1690,"comment_status":"open","ping_status":"closed","template":"","meta":{"jetpack_post_was_ever_published":false},"product_brand":[],"product_cat":[160],"product_tag":[805,814,809,816,390,808,807,806,810,815],"class_list":{"0":"post-723","1":"product","2":"type-product","3":"status-publish","4":"has-post-thumbnail","6":"product_cat-kimyevi-madde-hortumlari","7":"product_tag-asit-alici-verici-hortumlar","8":"product_tag-asit-ve-baz-alici-verici-hortumlar","9":"product_tag-deterjan","10":"product_tag-epdm","11":"product_tag-ilac","12":"product_tag-kimyasal-urunler","13":"product_tag-kimyevi-madde-emme-hortumu","14":"product_tag-kimyevi-madde-tahliye-hortumu","15":"product_tag-parfum","16":"product_tag-yagsiz-icerikli-urunlerin-tahliye-ve-emme-islerinde","18":"first","19":"instock","20":"taxable","21":"shipping-taxable","22":"product-type-variable"},"jetpack-related-posts":[{"id":750,"url":"https:\/\/tuzlahortum.com.tr\/ar\/product\/ozel-solvent-alici-verici-hortum\/","url_meta":{"origin":723,"position":0},"title":"\u062e\u0631\u0637\u0648\u0645 \u062c\u0647\u0627\u0632 \u0627\u0644\u0625\u0631\u0633\u0627\u0644 \u0648\u0627\u0644\u0627\u0633\u062a\u0642\u0628\u0627\u0644 \u0627\u0644\u062e\u0627\u0635 \u0628\u0627\u0644\u0645\u0630\u064a\u0628\u0627\u062a","author":"admin","date":"6 \u0641\u0628\u0631\u0627\u064a\u0631 2019","format":false,"excerpt":"\u00d6zel Solvent Al\u0131c\u0131-Verici HortumKULLANIM ALANLARI : Kimya sanayisinde toluol, xylol ve benzeri solvent ve kimyevi madde tahliye ve emme i\u015flerinde KONTR\u00dcKS\u0130YON Alt : \u00d6zel XLPE kat\u0131 kau\u00e7uk katlar ile vulkanize edilmi\u015f, siyah Takviye : Y\u00fcksek mukavemetli kord bezi, iletken bak\u0131r tel, katlararas\u0131 \u00e7elik tel \u00dcst : Ya\u011fl\u0131 ortama dayan\u0131kl\u0131 CR,\u2026","rel":"","context":"\u062a\u062f\u0648\u064a\u0646\u0629 \u0645\u0634\u0627\u0628\u0647\u0629","block_context":{"text":"\u062a\u062f\u0648\u064a\u0646\u0629 \u0645\u0634\u0627\u0628\u0647\u0629","link":""},"img":{"alt_text":"","src":"https:\/\/i0.wp.com\/tuzlahortum.com.tr\/wp-content\/uploads\/urunler\/kaucuk\/superlas-ozel-solvent-hortumu.jpg?fit=360%2C270&ssl=1&resize=350%2C200","width":350,"height":200},"classes":[]},{"id":753,"url":"https:\/\/tuzlahortum.com.tr\/ar\/product\/asit-solvent-verici-hortumlar\/","url_meta":{"origin":723,"position":1},"title":"\u062e\u0631\u0627\u0637\u064a\u0645 \u0646\u0642\u0644 \u0627\u0644\u0645\u0630\u064a\u0628\u0627\u062a \u0627\u0644\u062d\u0645\u0636\u064a\u0629","author":"admin","date":"6 \u0641\u0628\u0631\u0627\u064a\u0631 2019","format":false,"excerpt":"Asit Solvent Verici HortumlarKULLANIM ALANLARI : Sanayi tesislerinde, asit depolar\u0131nda \u00e7e\u015fitli asit, baz ve kimyevi madde tahliye (Ya\u011fs\u0131z i\u00e7erikli) KONTR\u00dcKS\u0130YON Alt : \u00d6zel sentetik kau\u00e7uk kar\u0131\u015f\u0131m\u0131, siyah,d\u00fcz Takviye : Y\u00fcksek mukavemetli kord bezi, iletken bak\u0131r tel \u00dcst : EPDM, siyah, d\u00fcz, bask\u0131l\u0131 \u015feritli, a\u015f\u0131nmaya ve her t\u00fcrl\u00fc iklim \u015fartlar\u0131na dayan\u0131kl\u0131","rel":"","context":"\u062a\u062f\u0648\u064a\u0646\u0629 \u0645\u0634\u0627\u0628\u0647\u0629","block_context":{"text":"\u062a\u062f\u0648\u064a\u0646\u0629 \u0645\u0634\u0627\u0628\u0647\u0629","link":""},"img":{"alt_text":"","src":"https:\/\/i0.wp.com\/tuzlahortum.com.tr\/wp-content\/uploads\/urunler\/kaucuk\/superlas-silobas-hortumu.jpg?fit=360%2C270&ssl=1&resize=350%2C200","width":350,"height":200},"classes":[]},{"id":751,"url":"https:\/\/tuzlahortum.com.tr\/ar\/product\/ozel-solvent-verici-hortum\/","url_meta":{"origin":723,"position":2},"title":"\u062e\u0631\u0637\u0648\u0645 \u0645\u0648\u0632\u0639 \u0627\u0644\u0645\u0630\u064a\u0628\u0627\u062a \u0627\u0644\u062e\u0627\u0635","author":"admin","date":"6 \u0641\u0628\u0631\u0627\u064a\u0631 2019","format":false,"excerpt":"\u00d6zel Solvent Verici HortumKULLANIM ALANLARI : Kimya sanayiinde toluol, xylol ve benzeri solvent ve kimyevi madde tahliye i\u015flerinde KONTR\u00dcKS\u0130YON Alt : \u00d6zel XLPE kat\u0131 kau\u00e7uk katlar ile vulkanize edilmi\u015f, siyah Takviye : Y\u00fcksek mukavemetli kord bezi, iletken bak\u0131r tel \u00dcst : Ya\u011fl\u0131 ortama dayan\u0131kl\u0131 CR, siyah, d\u00fcz, a\u015f\u0131nmaya, \u0131s\u0131ya, solvent\u2026","rel":"","context":"\u062a\u062f\u0648\u064a\u0646\u0629 \u0645\u0634\u0627\u0628\u0647\u0629","block_context":{"text":"\u062a\u062f\u0648\u064a\u0646\u0629 \u0645\u0634\u0627\u0628\u0647\u0629","link":""},"img":{"alt_text":"","src":"https:\/\/i0.wp.com\/tuzlahortum.com.tr\/wp-content\/uploads\/urunler\/kaucuk\/superlas-yakit-verici-hortum.jpg?fit=360%2C270&ssl=1&resize=350%2C200","width":350,"height":200},"classes":[]},{"id":21656,"url":"https:\/\/tuzlahortum.com.tr\/ar\/product\/kemi-sdfc-10-xlpe\/","url_meta":{"origin":723,"position":3},"title":"\u0643\u064a\u0645\u064a SDFC\/10 XLPE","author":"admin","date":"11 \u0623\u063a\u0633\u0637\u0633 2025","format":false,"excerpt":"\u00a0 \u00dcr\u00fcn Ad\u0131: KEMI SDFC\/10 XLPE \u00dcr\u00fcn Kodu: XLPEFC68F Asit-Solvent ve Kimyasal Al\u0131c\u0131\/Verici XLPE-D\u00dcZ Bo\u011fumlu Kullanim Alan\u0131 : Geni\u015f bir kimyasal yelpazesi, petrol \u00fcr\u00fcnleri, ya\u011flar, y\u00fcksek aromatik \u00e7\u00f6z\u00fcc\u00fcler, alkol vb. i\u00e7in emme ve bo\u015faltma ama\u00e7l\u0131 kullan\u0131l\u0131r. (Sel Kimyasal Diren\u00e7 Tablosuna bak\u0131n\u0131z) Alt Katman : Kimyasallar, \u00c7\u00f6z\u00fcc\u00fcler, Petrol \u00dcr\u00fcnleri ve Ya\u011fa\u2026","rel":"","context":"\u062a\u062f\u0648\u064a\u0646\u0629 \u0645\u0634\u0627\u0628\u0647\u0629","block_context":{"text":"\u062a\u062f\u0648\u064a\u0646\u0629 \u0645\u0634\u0627\u0628\u0647\u0629","link":""},"img":{"alt_text":"","src":"https:\/\/i0.wp.com\/tuzlahortum.com.tr\/wp-content\/uploads\/2025\/08\/kemisdfc10xlpe-p-1.png?fit=530%2C530&ssl=1&resize=350%2C200","width":350,"height":200,"srcset":"https:\/\/i0.wp.com\/tuzlahortum.com.tr\/wp-content\/uploads\/2025\/08\/kemisdfc10xlpe-p-1.png?fit=530%2C530&ssl=1&resize=350%2C200 1x, https:\/\/i0.wp.com\/tuzlahortum.com.tr\/wp-content\/uploads\/2025\/08\/kemisdfc10xlpe-p-1.png?fit=530%2C530&ssl=1&resize=525%2C300 1.5x"},"classes":[]},{"id":8095,"url":"https:\/\/tuzlahortum.com.tr\/ar\/product\/trelleborg-chemikler-upe\/","url_meta":{"origin":723,"position":4},"title":"Trelleborg CHEMIKLER-UPE","author":"\u0130smail \u00c7elik","date":"14 \u0645\u0627\u0631\u0633 2019","format":false,"excerpt":"Trelleborg CHEMIKLER-UPEKimyasal ve korozif \u00fcr\u00fcnler\/Transfer G\u00fc\u00e7l\u00fc asitler, y\u00fcksek aroma i\u00e7eri\u011fine sahip solventler, klorlanm\u0131\u015f veya oksijenlenmi\u015f solventler, aromatik hidrokarbonlar, vs. gibi korozif kimyasallar\u0131n t\u00fcm\u00fcn\u00fcn \u00e7ekilmesi ve tahliyesi. Karayolu ve demiryolu tankerleri, bo\u015faltma alanlar\u0131n\u0131n yan\u0131 s\u0131ra kimya tesisleri ve ilgili end\u00fcstrilerde kullan\u0131lan mobil ve sabit donan\u0131mlar i\u00e7indir. Avantajlar Geni\u015fi \u00e7e\u015fitlilikte kimyasallara uygun\u2026","rel":"","context":"\u062a\u062f\u0648\u064a\u0646\u0629 \u0645\u0634\u0627\u0628\u0647\u0629","block_context":{"text":"\u062a\u062f\u0648\u064a\u0646\u0629 \u0645\u0634\u0627\u0628\u0647\u0629","link":""},"img":{"alt_text":"","src":"https:\/\/i0.wp.com\/tuzlahortum.com.tr\/wp-content\/uploads\/2019\/02\/CHEMIKLER-UPE.jpg?fit=800%2C800&ssl=1&resize=350%2C200","width":350,"height":200,"srcset":"https:\/\/i0.wp.com\/tuzlahortum.com.tr\/wp-content\/uploads\/2019\/02\/CHEMIKLER-UPE.jpg?fit=800%2C800&ssl=1&resize=350%2C200 1x, https:\/\/i0.wp.com\/tuzlahortum.com.tr\/wp-content\/uploads\/2019\/02\/CHEMIKLER-UPE.jpg?fit=800%2C800&ssl=1&resize=525%2C300 1.5x, https:\/\/i0.wp.com\/tuzlahortum.com.tr\/wp-content\/uploads\/2019\/02\/CHEMIKLER-UPE.jpg?fit=800%2C800&ssl=1&resize=700%2C400 2x"},"classes":[]},{"id":21653,"url":"https:\/\/tuzlahortum.com.tr\/ar\/product\/kemi-sd-10-xlpe\/","url_meta":{"origin":723,"position":5},"title":"KEMI SD\/10 XLPE","author":"admin","date":"11 \u0623\u063a\u0633\u0637\u0633 2025","format":false,"excerpt":"\u00dcr\u00fcn Ad\u0131: KEMI SD\/10 XLPE \u00dcr\u00fcn Kodu: XLPESD681 Asit-Solvent ve Kimyasal Al\u0131c\u0131\/Verici XLPE Kullanim Alan\u0131 : Geni\u015f bir kimyasal yelpazesi, petrol \u00fcr\u00fcnleri, ya\u011flar, y\u00fcksek aromatik \u00e7\u00f6z\u00fcc\u00fcler, alkol vb. i\u00e7in emme ve bo\u015faltma ama\u00e7l\u0131 kullan\u0131l\u0131r. (Sel Kimyasal Dayan\u0131kl\u0131l\u0131k Tablosuna bak\u0131n\u0131z) Alt Katman : Kimyasallar, \u00c7\u00f6z\u00fcc\u00fcler, Petrol \u00dcr\u00fcnleri ve Ya\u011fa Dayan\u0131kl\u0131 \u015eeffaf\u2026","rel":"","context":"\u062a\u062f\u0648\u064a\u0646\u0629 \u0645\u0634\u0627\u0628\u0647\u0629","block_context":{"text":"\u062a\u062f\u0648\u064a\u0646\u0629 \u0645\u0634\u0627\u0628\u0647\u0629","link":""},"img":{"alt_text":"","src":"https:\/\/i0.wp.com\/tuzlahortum.com.tr\/wp-content\/uploads\/2025\/08\/kemisdfc10xlpe-p-1.png?fit=530%2C530&ssl=1&resize=350%2C200","width":350,"height":200,"srcset":"https:\/\/i0.wp.com\/tuzlahortum.com.tr\/wp-content\/uploads\/2025\/08\/kemisdfc10xlpe-p-1.png?fit=530%2C530&ssl=1&resize=350%2C200 1x, https:\/\/i0.wp.com\/tuzlahortum.com.tr\/wp-content\/uploads\/2025\/08\/kemisdfc10xlpe-p-1.png?fit=530%2C530&ssl=1&resize=525%2C300 1.5x"},"classes":[]}],"jetpack_sharing_enabled":true,"jetpack_likes_enabled":true,"_links":{"self":[{"href":"https:\/\/tuzlahortum.com.tr\/ar\/wp-json\/wp\/v2\/product\/723","targetHints":{"allow":["GET"]}}],"collection":[{"href":"https:\/\/tuzlahortum.com.tr\/ar\/wp-json\/wp\/v2\/product"}],"about":[{"href":"https:\/\/tuzlahortum.com.tr\/ar\/wp-json\/wp\/v2\/types\/product"}],"replies":[{"embeddable":true,"href":"https:\/\/tuzlahortum.com.tr\/ar\/wp-json\/wp\/v2\/comments?post=723"}],"wp:featuredmedia":[{"embeddable":true,"href":"https:\/\/tuzlahortum.com.tr\/ar\/wp-json\/wp\/v2\/media\/1690"}],"wp:attachment":[{"href":"https:\/\/tuzlahortum.com.tr\/ar\/wp-json\/wp\/v2\/media?parent=723"}],"wp:term":[{"taxonomy":"product_brand","embeddable":true,"href":"https:\/\/tuzlahortum.com.tr\/ar\/wp-json\/wp\/v2\/product_brand?post=723"},{"taxonomy":"product_cat","embeddable":true,"href":"https:\/\/tuzlahortum.com.tr\/ar\/wp-json\/wp\/v2\/product_cat?post=723"},{"taxonomy":"product_tag","embeddable":true,"href":"https:\/\/tuzlahortum.com.tr\/ar\/wp-json\/wp\/v2\/product_tag?post=723"}],"curies":[{"name":"\u062f\u0628\u0644\u064a\u0648 \u0628\u064a","href":"https:\/\/api.w.org\/{rel}","templated":true}]}}