{"id":7222,"date":"2019-03-08T14:22:30","date_gmt":"2019-03-08T11:22:30","guid":{"rendered":"http:\/\/hortum.com.tr\/?post_type=product&#038;p=7222"},"modified":"2024-03-21T17:39:00","modified_gmt":"2024-03-21T14:39:00","slug":"hava-jak-cesitleri-hortumgovde-uc","status":"publish","type":"product","link":"https:\/\/tuzlahortum.com.tr\/ar\/product\/hava-jak-cesitleri-hortumgovde-uc\/","title":{"rendered":"\u0623\u0646\u0648\u0627\u0639 \u062c\u0627\u0643 \u0627\u0644\u0647\u0648\u0627\u0621 (\u062e\u0631\u0637\u0648\u0645 \u060c \u0646\u0647\u0627\u064a\u0629 \u0627\u0644\u062c\u0633\u0645)"},"content":{"rendered":"<h2>\u0623\u0646\u0648\u0627\u0639 \u062c\u0627\u0643 \u0627\u0644\u0647\u0648\u0627\u0621 (\u062e\u0631\u0637\u0648\u0645 \u060c \u0646\u0647\u0627\u064a\u0629 \u0627\u0644\u062c\u0633\u0645)<\/h2>\n<p>\u062a\u062a\u0645\u064a\u0632 \u0627\u0644\u0627\u062a\u062d\u0627\u062f\u0627\u062a \u0627\u0644\u0623\u0648\u062a\u0648\u0645\u0627\u062a\u064a\u0643\u064a\u0629 \u0627\u0644\u0647\u0648\u0627\u0626\u064a\u0629 \u0645\u0646 \u0633\u0644\u0633\u0644\u0629 PN25 \u0628\u0627\u0644\u0642\u062f\u0631\u0629 \u0639\u0644\u0649 \u0627\u0644\u0641\u0643 \u0648\u0627\u0644\u062a\u0631\u0643\u064a\u0628 \u0628\u064a\u062f \u0648\u0627\u062d\u062f\u0629 \u062a\u062d\u062a \u0627\u0644\u0636\u063a\u0637.<\/p>\n<p>\u0627\u0644\u064a\u0646\u0627\u0628\u064a\u0639 \u0641\u064a \u0633\u0644\u0633\u0644\u0629 PN25 \u0645\u0646 \u0627\u0644\u0643\u0631\u0648\u0645 \u0627\u0644\u0646\u064a\u0643\u0644. \u0627\u0644\u0648\u0635\u0644\u0627\u062a \u0627\u0644\u0623\u0648\u062a\u0648\u0645\u0627\u062a\u064a\u0643\u064a\u0629 \u0627\u0644\u0647\u0648\u0627\u0626\u064a\u0629 \u0645\u0646 \u0633\u0644\u0633\u0644\u0629 Pn25 \u060c \u0627\u0644\u0647\u064a\u0627\u0643\u0644 \u0627\u0644\u0642\u0648\u064a\u0629 \u0648\u0627\u0644\u0645\u062a\u064a\u0646\u0629 \u060c<\/p>\n<p>\u0628\u0641\u0636\u0644 \u0642\u062f\u0631\u0627\u062a \u062a\u062f\u0641\u0642 \u0627\u0644\u0647\u0648\u0627\u0621 \u0627\u0644\u0639\u0627\u0644\u064a\u0629 \u0648\u0633\u0647\u0648\u0644\u0629 \u0627\u0644\u0627\u0633\u062a\u062e\u062f\u0627\u0645 \u060c \u064a\u0645\u0643\u0646 \u0627\u0633\u062a\u062e\u062f\u0627\u0645\u0647 \u0628\u0623\u0645\u0627\u0646 \u0641\u064a \u062e\u0637\u0648\u0637 \u0627\u0644\u0647\u0648\u0627\u0621 \u0627\u0644\u0645\u0636\u063a\u0648\u0637 \u0641\u064a \u062c\u0645\u064a\u0639 \u0627\u0644\u0635\u0646\u0627\u0639\u0627\u062a.<\/p>\n<p>\u064a\u0633\u062a\u062e\u062f\u0645.<\/p>\n<table border=\"0\" width=\"1022\">\n<tbody>\n<tr>\n<td width=\"578\">\u0627\u0644\u062a\u0648\u0627\u0641\u0642<\/td>\n<td width=\"444\">Rectus 26 (\u0627\u0644\u0645\u0639\u064a\u0627\u0631 \u0627\u0644\u0623\u0648\u0631\u0648\u0628\u064a)<\/td>\n<\/tr>\n<tr>\n<td>\u0645\u0648\u0627\u062f<\/td>\n<td>\u0642\u0637\u0639 \u0627\u0644\u0635\u0644\u0628 \u0645\u062c\u0627\u0646\u0627<\/td>\n<\/tr>\n<tr>\n<td>\u062e\u062a\u0645<\/td>\n<td>\u0627\u0644\u0646\u062a\u0631\u064a\u0644 \u064a\u0627 \u0627\u0644\u062f\u0627\u0626\u0631\u064a (NBR)<\/td>\n<\/tr>\n<tr>\n<td>\u062f\u0631\u062c\u0629 \u062d\u0631\u0627\u0631\u0629 \u0627\u0644\u062a\u0634\u063a\u064a\u0644<\/td>\n<td>-30 \u062f\u0631\u062c\u0629 \u0645\u0626\u0648\u064a\u0629 \u0625\u0644\u0649 +110 \u062f\u0631\u062c\u0629 \u0645\u0626\u0648\u064a\u0629<\/td>\n<\/tr>\n<tr>\n<td>\u062a\u063a\u0637\u064a\u0629<\/td>\n<td>\u0627\u0644\u0645\u062c\u0644\u0641\u0646 (\u062a\u062e\u0645\u064a\u0644 \u0627\u0644\u0643\u0631\u0648\u0645 III)<\/td>\n<\/tr>\n<tr>\n<td>\u0627\u0644\u0645\u0639\u0627\u0644\u062c\u0629 \u0627\u0644\u062d\u0631\u0627\u0631\u064a\u0629<\/td>\n<td>\u0641\u064a \u0623\u0642\u0635\u0649 \u0627\u0644\u062d\u062f\u0648\u062f<\/td>\n<\/tr>\n<tr>\n<td>\u0633\u0647\u0645<\/td>\n<td>\u0643\u0631\u0648\u0645 \u0646\u064a\u0643\u0644<\/td>\n<\/tr>\n<tr>\n<td>\u0646\u0638\u0627\u0645 \u0627\u0644\u0625\u0631\u0633\u0627\u0621<\/td>\n<td>\u0639\u0646 \u0637\u0631\u064a\u0642 \u062f\u0641\u0639 \u0627\u0644\u0628\u062a \u0644\u0644\u0623\u0645\u0627\u0645 (\u064a\u062f \u0648\u0627\u062d\u062f\u0629)<\/td>\n<\/tr>\n<tr>\n<td>\u0646\u0638\u0627\u0645 \u0627\u0644\u0627\u0633\u062a\u062e\u0631\u0627\u062c<\/td>\n<td>\u0645\u0639 \u062a\u0631\u0627\u062c\u0639 \u0627\u0644\u062d\u0644\u0642\u0629 (\u064a\u062f \u0648\u0627\u062d\u062f\u0629)<\/td>\n<\/tr>\n<tr>\n<td>\u0642\u0627\u0628\u0644 \u0644\u0644\u062a\u0648\u0635\u064a\u0644 \u062a\u062d\u062a \u0627\u0644\u0636\u063a\u0637<\/td>\n<td>\u0642\u0627\u0628\u0644 \u0644\u0644\u062a\u0646\u0641\u064a\u0630<\/td>\n<\/tr>\n<tr>\n<td>\u0642\u0627\u0628\u0644 \u0644\u0644\u0625\u0632\u0627\u0644\u0629 \u062a\u062d\u062a \u0627\u0644\u0636\u063a\u0637<\/td>\n<td>\u0642\u0627\u0628\u0644 \u0644\u0644\u062a\u0646\u0641\u064a\u0630<\/td>\n<\/tr>\n<tr>\n<td>\u0641\u064a \u0638\u0631\u0648\u0641 \u062e\u0627\u0635\u0629<\/td>\n<td>\u0641\u064a\u062a\u0648\u0646<\/td>\n<\/tr>\n<tr>\n<td>\u0645\u062c\u0627\u0644\u0627\u062a \u0627\u0644\u0627\u0633\u062a\u062e\u062f\u0627\u0645<\/td>\n<td>\u062e\u0637\u0648\u0637 \u0627\u0644\u0647\u0648\u0627\u0621 \u0627\u0644\u0645\u0636\u063a\u0648\u0637 \u0641\u064a \u062c\u0645\u064a\u0639 \u0627\u0644\u0635\u0646\u0627\u0639\u0627\u062a<\/td>\n<\/tr>\n<\/tbody>\n<\/table>\n<p>&nbsp;<\/p>\n<div class=\"video video-fit mb\" style=\"padding-top:56.25%;\"><p><iframe loading=\"lazy\" title=\"\u0627\u0644\u0631\u0627\u0641\u0639\u0627\u062a \u0627\u0644\u0647\u0648\u0627\u0626\u064a\u0629\" width=\"1020\" height=\"574\" src=\"https:\/\/www.youtube.com\/embed\/YFDzAoEaZfM?feature=oembed\" frameborder=\"0\" allow=\"accelerometer; autoplay; clipboard-write; encrypted-media; gyroscope; picture-in-picture; web-share\" referrerpolicy=\"strict-origin-when-cross-origin\" allowfullscreen><\/iframe><\/p>\n<\/div>","protected":false},"excerpt":{"rendered":"<p>Hava Jak \u00c7e\u015fitleri (Hortum,G\u00f6vde-U\u00e7) PN25 Serisi Pn\u00f6matik Otomatik Rekorlar bas\u0131n\u00e7 alt\u0131nda tek elle s\u00f6k\u00fcl\u00fcp tak\u0131labilme \u00f6zelli\u011fine sahiptir. PN25 serisinde yaylar krom nikeldir.\u00a0 Pn25 Serisi Pn\u00f6matik Otomatik Rekorlar, sa\u011flam ve dayan\u0131kl\u0131 yap\u0131lar\u0131, y\u00fcksek hava ak\u0131m kapasiteleri ve kullan\u0131m kolayl\u0131\u011f\u0131 sayesinde t\u00fcm sanayide bas\u0131n\u00e7l\u0131 hava hatlar\u0131nda g\u00fcvenle kullan\u0131lmaktad\u0131r. Uyumluluk Rectus 26 (Avrupa Standard\u0131) Malzeme Otomat \u00c7eli\u011fi S\u0131zd\u0131rmazl\u0131k [&#8230;]\n","protected":false},"featured_media":7243,"comment_status":"open","ping_status":"closed","template":"","meta":{"jetpack_post_was_ever_published":false},"product_brand":[],"product_cat":[91],"product_tag":[1130,1128,1129,257,292,2124,2266,2267,2123,1132,1131,1133],"class_list":{"0":"post-7222","1":"product","2":"type-product","3":"status-publish","4":"has-post-thumbnail","6":"product_cat-hidrolik-baglanti-elemanlari","7":"product_tag-1-2","8":"product_tag-1-4","9":"product_tag-3-8","10":"product_tag-disi","11":"product_tag-erkek","12":"product_tag-govde","13":"product_tag-hava-jak","14":"product_tag-hava-jaki","15":"product_tag-hortum-govde","16":"product_tag-hortum-uclu","17":"product_tag-jak","18":"product_tag-jak-cesitleri","20":"first","21":"instock","22":"taxable","23":"shipping-taxable","24":"product-type-variable"},"jetpack-related-posts":[],"jetpack_sharing_enabled":true,"jetpack_likes_enabled":true,"_links":{"self":[{"href":"https:\/\/tuzlahortum.com.tr\/ar\/wp-json\/wp\/v2\/product\/7222","targetHints":{"allow":["GET"]}}],"collection":[{"href":"https:\/\/tuzlahortum.com.tr\/ar\/wp-json\/wp\/v2\/product"}],"about":[{"href":"https:\/\/tuzlahortum.com.tr\/ar\/wp-json\/wp\/v2\/types\/product"}],"replies":[{"embeddable":true,"href":"https:\/\/tuzlahortum.com.tr\/ar\/wp-json\/wp\/v2\/comments?post=7222"}],"wp:featuredmedia":[{"embeddable":true,"href":"https:\/\/tuzlahortum.com.tr\/ar\/wp-json\/wp\/v2\/media\/7243"}],"wp:attachment":[{"href":"https:\/\/tuzlahortum.com.tr\/ar\/wp-json\/wp\/v2\/media?parent=7222"}],"wp:term":[{"taxonomy":"product_brand","embeddable":true,"href":"https:\/\/tuzlahortum.com.tr\/ar\/wp-json\/wp\/v2\/product_brand?post=7222"},{"taxonomy":"product_cat","embeddable":true,"href":"https:\/\/tuzlahortum.com.tr\/ar\/wp-json\/wp\/v2\/product_cat?post=7222"},{"taxonomy":"product_tag","embeddable":true,"href":"https:\/\/tuzlahortum.com.tr\/ar\/wp-json\/wp\/v2\/product_tag?post=7222"}],"curies":[{"name":"\u062f\u0628\u0644\u064a\u0648 \u0628\u064a","href":"https:\/\/api.w.org\/{rel}","templated":true}]}}