{"id":722,"date":"2019-02-06T23:52:56","date_gmt":"2019-02-06T20:52:56","guid":{"rendered":"http:\/\/hortum.com.tr\/product\/import-placeholder-for-78\/"},"modified":"2024-03-21T17:43:29","modified_gmt":"2024-03-21T14:43:29","slug":"akaryakit-verici-hortumlar","status":"publish","type":"product","link":"https:\/\/tuzlahortum.com.tr\/ar\/product\/akaryakit-verici-hortumlar\/","title":{"rendered":"\u062e\u0631\u0627\u0637\u064a\u0645 \u062a\u0648\u0635\u064a\u0644 \u0627\u0644\u0648\u0642\u0648\u062f"},"content":{"rendered":"<h2>\u062e\u0631\u0627\u0637\u064a\u0645 \u062a\u0648\u0635\u064a\u0644 \u0627\u0644\u0648\u0642\u0648\u062f<\/h2>\n<div>\u0645\u062c\u0627\u0644\u0627\u062a \u0627\u0644\u0627\u0633\u062a\u062e\u062f\u0627\u0645: \u0633\u0648\u0628\u0631 \u0628\u0646\u0632\u064a\u0646 \u0648\u062f\u064a\u0632\u0644 \u0648\u0632\u064a\u062a \u0648\u0642\u0648\u062f \u0648\u062c\u0645\u064a\u0639 \u0623\u0646\u0648\u0627\u0639 \u0623\u0639\u0645\u0627\u0644 \u062a\u0648\u0632\u064a\u0639 \u0627\u0644\u0648\u0642\u0648\u062f<\/div>\n<div><\/div>\n<div>\u0627\u0644\u0634\u0647\u0627\u062f\u0627\u062a: \u0627\u0644\u062e\u0631\u0627\u0637\u064a\u0645 \u062a\u062d\u0645\u0644 \u0639\u0644\u0627\u0645\u0629 TSE. TS3916 B \u0645\u0646 \u0627\u0644\u0646\u0648\u0639 1<\/div>\n<div><\/div>\n<div>\u0627\u0639\u0645\u0627\u0644 \u0628\u0646\u0627\u0621<\/div>\n<div>\u0623\u0633\u0641\u0644: NBR \u060c \u0623\u0633\u0648\u062f \u060c \u0644\u0627\u0645\u0639 \u060c \u0645\u0642\u0627\u0648\u0645 \u0644\u0644\u0632\u064a\u062a<\/div>\n<div>\u0627\u0644\u062a\u0639\u0632\u064a\u0632: \u0646\u0633\u064a\u062c \u0633\u0644\u0643 \u0639\u0627\u0644\u064a \u0627\u0644\u0642\u0648\u0629 \u060c \u0633\u0644\u0643 \u0646\u062d\u0627\u0633\u064a \u0645\u0648\u0635\u0644<\/div>\n<div>\u0627\u0644\u062c\u0632\u0621 \u0627\u0644\u0639\u0644\u0648\u064a: CR \u060c \u0623\u0633\u0648\u062f \u060c \u0644\u0627\u0645\u0639 \u060c \u0634\u0631\u064a\u0637 \u0645\u0637\u0628\u0648\u0639 \u060c \u0645\u0642\u0627\u0648\u0645 \u0644\u0644\u062a\u0622\u0643\u0644 \u0648\u062c\u0645\u064a\u0639 \u0627\u0644\u0638\u0631\u0648\u0641 \u0627\u0644\u0645\u0646\u0627\u062e\u064a\u0629<\/div>\n<div><\/div>\n<div>\n<div class=\"video video-fit mb\" style=\"padding-top:56.25%;\"><p><iframe loading=\"lazy\" title=\"\u0627\u0631\u062a\u0628\u0627\u0643 \u0627\u0644\u0642\u064a\u0627\u0633 (\u0628\u0648\u0635\u0629\u060c \u0625\u0635\u0628\u0639\u060c \u0636\u0628\u0627\u0628\u060c \u0645\u0644\u0644\u064a\u0645\u062a\u0631)\" width=\"1020\" height=\"574\" src=\"https:\/\/www.youtube.com\/embed\/uKk6AG_AZls?feature=oembed\" frameborder=\"0\" allow=\"accelerometer; autoplay; clipboard-write; encrypted-media; gyroscope; picture-in-picture; web-share\" referrerpolicy=\"strict-origin-when-cross-origin\" allowfullscreen><\/iframe><\/p>\n<\/div>\n<div class=\"video video-fit mb\" style=\"padding-top:56.25%;\"><p>https:\/\/www.youtube.com\/watch?v=O8ZlzKEjfEQ%20<\/p>\n<\/div>\n<\/div>","protected":false},"excerpt":{"rendered":"<p>Akaryak\u0131t Verici Hortumlar KULLANIM ALANLARI : S\u00fcper benzin, mazot, fuel-oil ve her nevi akaryak\u0131t da\u011f\u0131tma i\u015flerinde SERT\u0130F\u0130KALAR : Hortumlar TSE markal\u0131d\u0131r. TS3916 B T\u00dcR 1 KONTR\u00dcKS\u0130YON Alt : NBR, siyah, parlak, ya\u011fa dayan\u0131kl\u0131 Takviye : Y\u00fcksek mukavemetli kord bezi, iletken bak\u0131r tel \u00dcst : CR, siyah, parlak, bask\u0131l\u0131 \u015ferit, a\u015f\u0131nmaya ve her t\u00fcrl\u00fc iklim \u015fartlar\u0131na [&#8230;]\n","protected":false},"featured_media":1677,"comment_status":"open","ping_status":"closed","template":"","meta":{"jetpack_post_was_ever_published":false},"product_brand":[],"product_cat":[152],"product_tag":[231,232,234,243,233,241,236,237,242,246,245,235,244],"class_list":{"0":"post-722","1":"product","2":"type-product","3":"status-publish","4":"has-post-thumbnail","6":"product_cat-akaryakit-hortumlari","7":"product_tag-akaryakit-alici-hortum","8":"product_tag-akaryakit-alici-verici-hortum","9":"product_tag-akaryakit-basma","10":"product_tag-akaryakit-dagitma","11":"product_tag-akaryakit-emme","12":"product_tag-akaryakit-hortumu","13":"product_tag-akaryakit-nakil-hortumu","14":"product_tag-akaryakit-transfer-hortumu","15":"product_tag-akaryakit-verici-hortum","16":"product_tag-fuel-oil","17":"product_tag-mazot","18":"product_tag-rafineri-hortumu","19":"product_tag-super-benzin","21":"first","22":"instock","23":"taxable","24":"shipping-taxable","25":"product-type-variable"},"jetpack-related-posts":[],"jetpack_sharing_enabled":true,"jetpack_likes_enabled":true,"_links":{"self":[{"href":"https:\/\/tuzlahortum.com.tr\/ar\/wp-json\/wp\/v2\/product\/722","targetHints":{"allow":["GET"]}}],"collection":[{"href":"https:\/\/tuzlahortum.com.tr\/ar\/wp-json\/wp\/v2\/product"}],"about":[{"href":"https:\/\/tuzlahortum.com.tr\/ar\/wp-json\/wp\/v2\/types\/product"}],"replies":[{"embeddable":true,"href":"https:\/\/tuzlahortum.com.tr\/ar\/wp-json\/wp\/v2\/comments?post=722"}],"wp:featuredmedia":[{"embeddable":true,"href":"https:\/\/tuzlahortum.com.tr\/ar\/wp-json\/wp\/v2\/media\/1677"}],"wp:attachment":[{"href":"https:\/\/tuzlahortum.com.tr\/ar\/wp-json\/wp\/v2\/media?parent=722"}],"wp:term":[{"taxonomy":"product_brand","embeddable":true,"href":"https:\/\/tuzlahortum.com.tr\/ar\/wp-json\/wp\/v2\/product_brand?post=722"},{"taxonomy":"product_cat","embeddable":true,"href":"https:\/\/tuzlahortum.com.tr\/ar\/wp-json\/wp\/v2\/product_cat?post=722"},{"taxonomy":"product_tag","embeddable":true,"href":"https:\/\/tuzlahortum.com.tr\/ar\/wp-json\/wp\/v2\/product_tag?post=722"}],"curies":[{"name":"\u062f\u0628\u0644\u064a\u0648 \u0628\u064a","href":"https:\/\/api.w.org\/{rel}","templated":true}]}}