{"id":720,"date":"2019-02-06T23:52:55","date_gmt":"2019-02-06T20:52:55","guid":{"rendered":"http:\/\/hortum.com.tr\/product\/import-placeholder-for-80\/"},"modified":"2024-03-21T17:43:31","modified_gmt":"2024-03-21T14:43:31","slug":"flansli-akaryakit-hortumlari-hafif-tip","status":"publish","type":"product","link":"https:\/\/tuzlahortum.com.tr\/ar\/product\/flansli-akaryakit-hortumlari-hafif-tip\/","title":{"rendered":"\u062e\u0631\u0627\u0637\u064a\u0645 \u0627\u0644\u0648\u0642\u0648\u062f \u0630\u0627\u062a \u0627\u0644\u062d\u0648\u0627\u0641 (\u0646\u0648\u0639 \u062e\u0641\u064a\u0641)"},"content":{"rendered":"<h2>\u062e\u0631\u0627\u0637\u064a\u0645 \u0627\u0644\u0648\u0642\u0648\u062f \u0630\u0627\u062a \u0627\u0644\u062d\u0648\u0627\u0641 (\u0646\u0648\u0639 \u062e\u0641\u064a\u0641)<\/h2>\n<div>\u0645\u062c\u0627\u0644\u0627\u062a \u0627\u0644\u0627\u0633\u062a\u062e\u062f\u0627\u0645: \u064a\u0633\u062a\u062e\u062f\u0645 \u0641\u064a \u062a\u0639\u0628\u0626\u0629 \u0648\u062a\u0641\u0631\u064a\u063a \u0627\u0644\u062e\u0627\u0645 \u0648\u0627\u0644\u0645\u0646\u062a\u062c\u0627\u062a \u0627\u0644\u0628\u062a\u0631\u0648\u0644\u064a\u0629 \u0627\u0644\u0623\u062e\u0631\u0649 \u060c \u0648\u0641\u064a \u0623\u0639\u0645\u0627\u0644 \u0627\u0644\u062a\u0648\u0635\u064a\u0644 \u0641\u064a \u0627\u0644\u0646\u0627\u0642\u0644\u0627\u062a \u0648\u0627\u0644\u0645\u0631\u0643\u0628\u0627\u062a \u0627\u0644\u0623\u062e\u0631\u0649. \u064a\u062a\u0645 \u062a\u0648\u0635\u064a\u0644 \u0627\u0644\u0641\u0644\u0646\u062c\u0627\u062a \u0648\u0627\u0644\u0623\u0633\u0644\u0627\u0643 \u0627\u0644\u0641\u0648\u0644\u0627\u0630\u064a\u0629 \u0628\u0627\u0644\u062e\u0631\u0637\u0648\u0645 \u0628\u0646\u0638\u0627\u0645 \u062e\u0627\u0635.<\/div>\n<div><\/div>\n<div>\u0627\u0644\u0634\u0647\u0627\u062f\u0627\u062a: \u0627\u0644\u062e\u0631\u0627\u0637\u064a\u0645 \u062a\u062d\u0645\u0644 \u0639\u0644\u0627\u0645\u0629 TSE. TS3916 \u0646\u0648\u0639 1<\/div>\n<div><\/div>\n<div>\u0627\u0639\u0645\u0627\u0644 \u0628\u0646\u0627\u0621<\/div>\n<div>\u0623\u0633\u0641\u0644: NBR \u060c \u0623\u0633\u0648\u062f \u060c \u062d\u0648\u0627\u0641 \u0645\u062f\u0645\u062c\u0629 \u062e\u0635\u064a\u0635\u064b\u0627 \u0644\u0644\u0637\u0628\u0642\u0629 \u0627\u0644\u0633\u0641\u0644\u064a\u0629 \u060c<\/div>\n<div>\u0627\u0644\u062a\u0639\u0632\u064a\u0632: \u0646\u0633\u064a\u062c \u0627\u0644\u062d\u0628\u0644 \u060c \u0633\u0644\u0643 \u0641\u0648\u0644\u0627\u0630\u064a \u0644\u0648\u0644\u0628\u064a \u060c \u0633\u0644\u0643\u0627\u0646 \u0646\u062d\u0627\u0633\u064a\u0627\u0646 \u0645\u062a\u0635\u0627\u0644\u0628\u0627\u0646<\/div>\n<div>\u0627\u0644\u062c\u0632\u0621 \u0627\u0644\u0639\u0644\u0648\u064a: CR \u060c \u0623\u0633\u0648\u062f \u060c \u0644\u0627\u0645\u0639 \u060c \u0634\u0631\u064a\u0637 \u0645\u0637\u0628\u0648\u0639 \u060c \u0645\u0642\u0627\u0648\u0645 \u0644\u0644\u062a\u0622\u0643\u0644 \u060c \u0632\u064a\u062a \u0627\u0644\u0648\u0642\u0648\u062f \u060c \u0645\u064a\u0627\u0647 \u0627\u0644\u0628\u062d\u0631 \u0648\u062c\u0645\u064a\u0639 \u0627\u0644\u0638\u0631\u0648\u0641 \u0627\u0644\u0645\u0646\u0627\u062e\u064a\u0629<\/div>\n<div><\/div>\n<div>\n<div class=\"video video-fit mb\" style=\"padding-top:56.25%;\"><p><iframe loading=\"lazy\" title=\"\u0627\u0631\u062a\u0628\u0627\u0643 \u0627\u0644\u0642\u064a\u0627\u0633 (\u0628\u0648\u0635\u0629\u060c \u0625\u0635\u0628\u0639\u060c \u0636\u0628\u0627\u0628\u060c \u0645\u0644\u0644\u064a\u0645\u062a\u0631)\" width=\"1020\" height=\"574\" src=\"https:\/\/www.youtube.com\/embed\/uKk6AG_AZls?feature=oembed\" frameborder=\"0\" allow=\"accelerometer; autoplay; clipboard-write; encrypted-media; gyroscope; picture-in-picture; web-share\" referrerpolicy=\"strict-origin-when-cross-origin\" allowfullscreen><\/iframe><\/p>\n<\/div>\n<div class=\"video video-fit mb\" style=\"padding-top:56.25%;\"><p>https:\/\/www.youtube.com\/watch?v=O8ZlzKEjfEQ%20<\/p>\n<\/div>\n<\/div>","protected":false},"excerpt":{"rendered":"<p>Flan\u015fl\u0131 Akaryak\u0131t Hortumlar\u0131 (Hafif Tip) KULLANIM ALANLARI : Ham ve di\u011fer petrol \u00fcr\u00fcnlerinin dolum ve bo\u015falt\u0131m\u0131nda tanker ve di\u011fer ara\u00e7larda ba\u011flant\u0131 sa\u011flama i\u015flerinde kullan\u0131lmaktad\u0131r. Flan\u015flar ve \u00e7elik tel \u00f6zel bir sistemle hortuma ba\u011flanm\u0131\u015ft\u0131r. SERT\u0130F\u0130KALAR : Hortumlar TSE markal\u0131d\u0131r. TS3916 A T\u00dcR 1 KONTR\u00dcKS\u0130YON Alt : NBR, siyah, \u00f6zel bi\u00e7imde alt kata kayna\u015ft\u0131r\u0131lm\u0131\u015f flan\u015flar, Takviye : [&#8230;]\n","protected":false},"featured_media":1719,"comment_status":"open","ping_status":"closed","template":"","meta":{"jetpack_post_was_ever_published":false},"product_brand":[],"product_cat":[152],"product_tag":[231,232,234,233,236,237,238,812,240,235],"class_list":{"0":"post-720","1":"product","2":"type-product","3":"status-publish","4":"has-post-thumbnail","6":"product_cat-akaryakit-hortumlari","7":"product_tag-akaryakit-alici-hortum","8":"product_tag-akaryakit-alici-verici-hortum","9":"product_tag-akaryakit-basma","10":"product_tag-akaryakit-emme","11":"product_tag-akaryakit-nakil-hortumu","12":"product_tag-akaryakit-transfer-hortumu","13":"product_tag-flansli-akaryakit-hortumu","14":"product_tag-flansli-hafif-tip-hortum","15":"product_tag-petrol-urunlerinin-dolum-ve-bosaltimi","16":"product_tag-rafineri-hortumu","18":"first","19":"instock","20":"taxable","21":"shipping-taxable","22":"product-type-variable"},"jetpack-related-posts":[{"id":721,"url":"https:\/\/tuzlahortum.com.tr\/ar\/product\/flansli-akaryakit-hortumlari-orta-tip\/","url_meta":{"origin":720,"position":0},"title":"\u062e\u0631\u0627\u0637\u064a\u0645 \u0627\u0644\u0648\u0642\u0648\u062f \u0630\u0627\u062a \u0627\u0644\u062d\u0648\u0627\u0641 (\u0627\u0644\u0646\u0648\u0639 \u0627\u0644\u0645\u062a\u0648\u0633\u0637)","author":"admin","date":"6 \u0641\u0628\u0631\u0627\u064a\u0631 2019","format":false,"excerpt":"Flan\u015fl\u0131 Akaryak\u0131t Hortumlar\u0131 (Orta Tip)KULLANIM ALANLARI : Ham ve di\u011fer petrol \u00fcr\u00fcnlerinin dolum ve bo\u015falt\u0131m\u0131nda tanker ve di\u011fer ara\u00e7larda ba\u011flant\u0131 sa\u011flama i\u015flerinde kullan\u0131lmaktad\u0131r. Flan\u015flar ve \u00e7elik tel \u00f6zel bir sistemle hortuma ba\u011flanm\u0131\u015ft\u0131r. SERT\u0130F\u0130KALAR : Hortumlar TSE markal\u0131d\u0131r. TS3916 A T\u00dcR 1 KONTR\u00dcKS\u0130YON Alt : NBR, siyah, \u00f6zel bi\u00e7imde alt kata\u2026","rel":"","context":"\u062a\u062f\u0648\u064a\u0646\u0629 \u0645\u0634\u0627\u0628\u0647\u0629","block_context":{"text":"\u062a\u062f\u0648\u064a\u0646\u0629 \u0645\u0634\u0627\u0628\u0647\u0629","link":""},"img":{"alt_text":"","src":"https:\/\/i0.wp.com\/tuzlahortum.com.tr\/wp-content\/uploads\/urunler\/kaucuk\/superlas-flansli-akaryakit-hortumu.jpg?fit=360%2C270&ssl=1&resize=350%2C200","width":350,"height":200},"classes":[]},{"id":520,"url":"https:\/\/tuzlahortum.com.tr\/ar\/product\/flansli-akaryakit-hortumlari-agir-tip\/","url_meta":{"origin":720,"position":1},"title":"\u062e\u0631\u0627\u0637\u064a\u0645 \u0627\u0644\u0648\u0642\u0648\u062f \u0630\u0627\u062a \u0627\u0644\u062d\u0648\u0627\u0641 \u0627\u0644\u062b\u0642\u064a\u0644\u0647","author":"admin","date":"6 \u0641\u0628\u0631\u0627\u064a\u0631 2019","format":false,"excerpt":"Flan\u015fl\u0131 Akaryak\u0131t Hortumlar\u0131 (A\u011f\u0131r Tip)KULLANIM ALANLARI : Ham ve di\u011fer petrol \u00fcr\u00fcnlerinin dolum ve bo\u015falt\u0131m\u0131nda tanker ve di\u011fer ara\u00e7larda ba\u011flant\u0131 sa\u011flama i\u015flerinde kullan\u0131lmaktad\u0131r. Flan\u015flar ve \u00e7elik tel \u00f6zel bir sistemle hortuma ba\u011flanm\u0131\u015ft\u0131r. SERT\u0130F\u0130KALAR : Hortumlar TSE markal\u0131d\u0131r. TS3916 A T\u00dcR 1 KONTR\u00dcKS\u0130YON Alt : NBR, siyah, \u00f6zel bi\u00e7imde alt kata\u2026","rel":"","context":"\u062a\u062f\u0648\u064a\u0646\u0629 \u0645\u0634\u0627\u0628\u0647\u0629","block_context":{"text":"\u062a\u062f\u0648\u064a\u0646\u0629 \u0645\u0634\u0627\u0628\u0647\u0629","link":""},"img":{"alt_text":"","src":"https:\/\/i0.wp.com\/tuzlahortum.com.tr\/wp-content\/uploads\/urunler\/kaucuk\/superlas-flansli-akaryakit-hortumu.jpg?fit=360%2C270&ssl=1&resize=350%2C200","width":350,"height":200},"classes":[]},{"id":719,"url":"https:\/\/tuzlahortum.com.tr\/ar\/product\/akaryakit-alici-verici-hortum\/","url_meta":{"origin":720,"position":2},"title":"\u062e\u0631\u0637\u0648\u0645 \u0627\u0644\u0648\u0642\u0648\u062f \u062c\u0647\u0627\u0632 \u0627\u0644\u0625\u0631\u0633\u0627\u0644 \u0648\u0627\u0644\u0627\u0633\u062a\u0642\u0628\u0627\u0644","author":"admin","date":"6 \u0641\u0628\u0631\u0627\u064a\u0631 2019","format":false,"excerpt":"Akaryak\u0131t Al\u0131c\u0131-Verici HortumKULLANIM ALANLARI : Depolardan tankerlere her nevi akaryak\u0131t emme ve nakil i\u015flerinde ve rafineri \u00e7al\u0131\u015fmalar\u0131nda kullan\u0131lan hortumlard\u0131r. SERT\u0130F\u0130KALAR : Hortumlar TSE markal\u0131d\u0131r. TS3916 B T\u00dcR 1 KONTR\u00dcKS\u0130YON Alt : NBR, siyah, iletken Takviye : Y\u00fcksek mukavemetli kord bezi, \u00e7elik tel, iletken bak\u0131r tel \u00dcst CR, siyah, a\u015f\u0131nmaya, akaryak\u0131ta\u2026","rel":"","context":"\u062a\u062f\u0648\u064a\u0646\u0629 \u0645\u0634\u0627\u0628\u0647\u0629","block_context":{"text":"\u062a\u062f\u0648\u064a\u0646\u0629 \u0645\u0634\u0627\u0628\u0647\u0629","link":""},"img":{"alt_text":"","src":"https:\/\/i0.wp.com\/tuzlahortum.com.tr\/wp-content\/uploads\/urunler\/kaucuk\/superlas-yakit-alici-verici-hortum.jpg?fit=360%2C270&ssl=1&resize=350%2C200","width":350,"height":200},"classes":[]},{"id":728,"url":"https:\/\/tuzlahortum.com.tr\/ar\/product\/celik-tel-orgulu-buhar-hortumlari\/","url_meta":{"origin":720,"position":3},"title":"\u062e\u0631\u0627\u0637\u064a\u0645 \u0628\u062e\u0627\u0631 \u0645\u0636\u0641\u0631\u0629 \u0628\u0633\u0644\u0643 \u0641\u0648\u0644\u0627\u0630\u064a","author":"admin","date":"6 \u0641\u0628\u0631\u0627\u064a\u0631 2019","format":false,"excerpt":"\u00c7elik Tel \u00d6rg\u00fcl\u00fc Buhar Hortumlar\u0131KULLANIM ALANLARI : Y\u00fcksek tazyik ve \u0131s\u0131 gerektiren rafineri, tersane, kimya ve \u00e7elik fabrikalar\u0131nda, buhar devrelerinde SERT\u0130F\u0130KALAR : Hortumlar TSE markal\u0131d\u0131r. TS2149 SINIF 1 \/ T\u0130P 1 KONTR\u00dcKS\u0130YON Alt : EPDM, siyah, d\u00fcz Takviye : Y\u00fcksek mukavemetli ve \u0131s\u0131ya dayan\u0131kl\u0131 tekstil takviye \u00dcst : EPDM, siyah,\u2026","rel":"","context":"\u062a\u062f\u0648\u064a\u0646\u0629 \u0645\u0634\u0627\u0628\u0647\u0629","block_context":{"text":"\u062a\u062f\u0648\u064a\u0646\u0629 \u0645\u0634\u0627\u0628\u0647\u0629","link":""},"img":{"alt_text":"","src":"https:\/\/i0.wp.com\/tuzlahortum.com.tr\/wp-content\/uploads\/urunler\/kaucuk\/superlas-celik-telli-buhar-hortumu.jpg?fit=360%2C270&ssl=1&resize=350%2C200","width":350,"height":200},"classes":[]},{"id":722,"url":"https:\/\/tuzlahortum.com.tr\/ar\/product\/akaryakit-verici-hortumlar\/","url_meta":{"origin":720,"position":4},"title":"\u062e\u0631\u0627\u0637\u064a\u0645 \u062a\u0648\u0635\u064a\u0644 \u0627\u0644\u0648\u0642\u0648\u062f","author":"admin","date":"6 \u0641\u0628\u0631\u0627\u064a\u0631 2019","format":false,"excerpt":"Akaryak\u0131t Verici HortumlarKULLANIM ALANLARI : S\u00fcper benzin, mazot, fuel-oil ve her nevi akaryak\u0131t da\u011f\u0131tma i\u015flerinde SERT\u0130F\u0130KALAR : Hortumlar TSE markal\u0131d\u0131r. TS3916 B T\u00dcR 1 KONTR\u00dcKS\u0130YON Alt : NBR, siyah, parlak, ya\u011fa dayan\u0131kl\u0131 Takviye : Y\u00fcksek mukavemetli kord bezi, iletken bak\u0131r tel \u00dcst : CR, siyah, parlak, bask\u0131l\u0131 \u015ferit, a\u015f\u0131nmaya ve\u2026","rel":"","context":"\u062a\u062f\u0648\u064a\u0646\u0629 \u0645\u0634\u0627\u0628\u0647\u0629","block_context":{"text":"\u062a\u062f\u0648\u064a\u0646\u0629 \u0645\u0634\u0627\u0628\u0647\u0629","link":""},"img":{"alt_text":"","src":"https:\/\/i0.wp.com\/tuzlahortum.com.tr\/wp-content\/uploads\/urunler\/kaucuk\/superlas-yakit-verici-hortum.jpg?fit=360%2C270&ssl=1&resize=350%2C200","width":350,"height":200},"classes":[]},{"id":8740,"url":"https:\/\/tuzlahortum.com.tr\/ar\/product\/trellflex-oil-10-gg\/","url_meta":{"origin":720,"position":5},"title":"\u0632\u064a\u062a \u062a\u0631\u064a\u0644\u0641\u0644\u064a\u0643\u0633 10 \u062c\u0645","author":"\u0130smail \u00c7elik","date":"26 \u0645\u0627\u0631\u0633 2019","format":false,"excerpt":"TRELLFLEX OIL 10 GGKompozit hortumlar\/Ya\u011f ve petrol Aromatik i\u00e7eri\u011fi %50'ye kadar olan hafif veya a\u011f\u0131r petrol \u00fcr\u00fcnleri ve t\u00fcrevlerinin \u00e7ekilmesi ve tahliyesi. Karayolu veya demiryol ta\u015f\u0131tlar\u0131 veya sabit donan\u0131mlar. Avantajlar Hem siyah hem de beyaz ya\u011f ta\u015f\u0131nabilir. D\u00fc\u015f\u00fck k\u0131vr\u0131lma yar\u0131\u00e7ap\u0131. Teknik a\u00e7\u0131klama \u0130\u00e7 yay: galvanize \u00e7elik \u0130\u00e7 t\u00fcp : polipropilen\u2026","rel":"","context":"\u062a\u062f\u0648\u064a\u0646\u0629 \u0645\u0634\u0627\u0628\u0647\u0629","block_context":{"text":"\u062a\u062f\u0648\u064a\u0646\u0629 \u0645\u0634\u0627\u0628\u0647\u0629","link":""},"img":{"alt_text":"","src":"https:\/\/i0.wp.com\/tuzlahortum.com.tr\/wp-content\/uploads\/2019\/03\/trellflex-oil-1.jpg?fit=667%2C604&ssl=1&resize=350%2C200","width":350,"height":200,"srcset":"https:\/\/i0.wp.com\/tuzlahortum.com.tr\/wp-content\/uploads\/2019\/03\/trellflex-oil-1.jpg?fit=667%2C604&ssl=1&resize=350%2C200 1x, https:\/\/i0.wp.com\/tuzlahortum.com.tr\/wp-content\/uploads\/2019\/03\/trellflex-oil-1.jpg?fit=667%2C604&ssl=1&resize=525%2C300 1.5x"},"classes":[]}],"jetpack_sharing_enabled":true,"jetpack_likes_enabled":true,"_links":{"self":[{"href":"https:\/\/tuzlahortum.com.tr\/ar\/wp-json\/wp\/v2\/product\/720","targetHints":{"allow":["GET"]}}],"collection":[{"href":"https:\/\/tuzlahortum.com.tr\/ar\/wp-json\/wp\/v2\/product"}],"about":[{"href":"https:\/\/tuzlahortum.com.tr\/ar\/wp-json\/wp\/v2\/types\/product"}],"replies":[{"embeddable":true,"href":"https:\/\/tuzlahortum.com.tr\/ar\/wp-json\/wp\/v2\/comments?post=720"}],"wp:featuredmedia":[{"embeddable":true,"href":"https:\/\/tuzlahortum.com.tr\/ar\/wp-json\/wp\/v2\/media\/1719"}],"wp:attachment":[{"href":"https:\/\/tuzlahortum.com.tr\/ar\/wp-json\/wp\/v2\/media?parent=720"}],"wp:term":[{"taxonomy":"product_brand","embeddable":true,"href":"https:\/\/tuzlahortum.com.tr\/ar\/wp-json\/wp\/v2\/product_brand?post=720"},{"taxonomy":"product_cat","embeddable":true,"href":"https:\/\/tuzlahortum.com.tr\/ar\/wp-json\/wp\/v2\/product_cat?post=720"},{"taxonomy":"product_tag","embeddable":true,"href":"https:\/\/tuzlahortum.com.tr\/ar\/wp-json\/wp\/v2\/product_tag?post=720"}],"curies":[{"name":"\u062f\u0628\u0644\u064a\u0648 \u0628\u064a","href":"https:\/\/api.w.org\/{rel}","templated":true}]}}