{"id":714,"date":"2019-02-06T23:52:53","date_gmt":"2019-02-06T20:52:53","guid":{"rendered":"http:\/\/hortum.com.tr\/product\/import-placeholder-for-69\/"},"modified":"2024-03-21T17:43:35","modified_gmt":"2024-03-21T14:43:35","slug":"lpg-hortumlari","status":"publish","type":"product","link":"https:\/\/tuzlahortum.com.tr\/ar\/product\/lpg-hortumlari\/","title":{"rendered":"\u062e\u0631\u0627\u0637\u064a\u0645 \u063a\u0627\u0632 \u0627\u0644\u0628\u062a\u0631\u0648\u0644 \u0627\u0644\u0645\u0633\u0627\u0644"},"content":{"rendered":"<h2>\u062e\u0631\u0627\u0637\u064a\u0645 \u063a\u0627\u0632 \u0627\u0644\u0628\u062a\u0631\u0648\u0644 \u0627\u0644\u0645\u0633\u0627\u0644<\/h2>\n<div>\u0645\u062c\u0627\u0644\u0627\u062a \u0627\u0644\u0627\u0633\u062a\u062e\u062f\u0627\u0645: \u062a\u0637\u0628\u064a\u0642\u0627\u062a \u0646\u0642\u0644 \u0648\u062a\u0641\u0631\u064a\u063a \u063a\u0627\u0632 \u0627\u0644\u0628\u062a\u0631\u0648\u0644 \u0627\u0644\u0645\u0633\u0627\u0644<\/div>\n<div><\/div>\n<div>\u0627\u0639\u0645\u0627\u0644 \u0628\u0646\u0627\u0621<\/div>\n<div>\u0623\u0633\u0641\u0644: \u0645\u0637\u0627\u0637 \u0627\u0644\u0646\u062a\u0631\u064a\u0644 \u0627\u0644\u0635\u0646\u0627\u0639\u064a \u060c \u0623\u0633\u0648\u062f<\/div>\n<div>\u0627\u0644\u062a\u0639\u0632\u064a\u0632: \u062c\u062f\u064a\u0644\u0629 \u062a\u0631\u0643\u064a\u0628\u064a\u0629 \u0639\u0627\u0644\u064a\u0629 \u0627\u0644\u0642\u0648\u0629<\/div>\n<div>\u0623\u0639\u0644\u0649 CR \/ NBR \/ PVC \u060c \u0628\u0631\u062a\u0642\u0627\u0644\u064a \u060c \u0642\u0648\u064a \u060c \u0645\u0642\u0627\u0648\u0645\u0629 \u0644\u0644\u062a\u0622\u0643\u0644 \u0648\u0627\u0644\u0637\u0642\u0633 \u060c \u0634\u0639\u0631\u064a\u0629 \u0645\u062b\u0642\u0628\u0629<\/div>\n<div><\/div>\n<div><div class=\"video video-fit mb\" style=\"padding-top:56.25%;\"><p><iframe loading=\"lazy\" title=\"\u0627\u0631\u062a\u0628\u0627\u0643 \u0627\u0644\u0642\u064a\u0627\u0633 (\u0628\u0648\u0635\u0629\u060c \u0625\u0635\u0628\u0639\u060c \u0636\u0628\u0627\u0628\u060c \u0645\u0644\u0644\u064a\u0645\u062a\u0631)\" width=\"1020\" height=\"574\" src=\"https:\/\/www.youtube.com\/embed\/uKk6AG_AZls?feature=oembed\" frameborder=\"0\" allow=\"accelerometer; autoplay; clipboard-write; encrypted-media; gyroscope; picture-in-picture; web-share\" referrerpolicy=\"strict-origin-when-cross-origin\" allowfullscreen><\/iframe><\/p>\n<\/div><\/div>","protected":false},"excerpt":{"rendered":"<p>LPG Hortumlar\u0131 KULLANIM ALANLARI : L.P.G. nakil ve tahliye uygulamalar\u0131nda KONTR\u00dcKS\u0130YON Alt : Sentetik nitril kau\u00e7uk, siyah Takviye : Y\u00fcksek mukavemetli sentetik \u00f6rg\u00fc \u00dcst CR\/NBR\/PVC, turuncu, sa\u011flam, s\u00fcrt\u00fcnmeye ve iklim \u015fartlar\u0131na dayan\u0131kl\u0131, k\u0131lcal delikli<\/p>","protected":false},"featured_media":1673,"comment_status":"open","ping_status":"closed","template":"","meta":{"jetpack_post_was_ever_published":false},"product_brand":[],"product_cat":[159],"product_tag":[770,773,774,769,771,772],"class_list":{"0":"post-714","1":"product","2":"type-product","3":"status-publish","4":"has-post-thumbnail","6":"product_cat-kaynak-hortumlari","7":"product_tag-l-p-g-hortumlari","8":"product_tag-l-p-g-nakil-uygulamalarinda","9":"product_tag-l-p-g-tahliye-uygulamalarinda","10":"product_tag-lpg-hortumlari","11":"product_tag-lpg-nakil-uygulamalarinda","12":"product_tag-lpg-tahliye-uygulamalarinda","14":"first","15":"instock","16":"taxable","17":"shipping-taxable","18":"product-type-variable"},"jetpack-related-posts":[{"id":21335,"url":"https:\/\/tuzlahortum.com.tr\/ar\/product\/uranus\/","url_meta":{"origin":714,"position":0},"title":"\u0623\u0648\u0631\u0627\u0646\u0648\u0633","author":"admin","date":"11 \u0623\u063a\u0633\u0637\u0633 2025","format":false,"excerpt":"\u00a0 \u0627\u0633\u0645 \u0627\u0644\u0645\u0646\u062a\u062c: URANUS \u0631\u0645\u0632 \u0627\u0644\u0645\u0646\u062a\u062c: \u0644\u062d\u0627\u0645 \u0628\u063a\u0627\u0632 \u0627\u0644\u0628\u062a\u0631\u0648\u0644 \u0627\u0644\u0645\u0633\u0627\u0644 LPGW270 \u0645\u062c\u0627\u0644 \u062a\u0637\u0628\u064a\u0642 \u0627\u0644\u0644\u062d\u0627\u0645 \u0628\u063a\u0627\u0632 \u0627\u0644\u0628\u062a\u0631\u0648\u0644 \u0627\u0644\u0645\u0633\u0627\u0644 : \u0644\u0644\u062d\u0627\u0645 \u0628\u063a\u0627\u0632 \u0627\u0644\u0628\u062a\u0631\u0648\u0644 \u0627\u0644\u0645\u0633\u0627\u0644. \u0627\u0644\u0637\u0628\u0642\u0629 \u0627\u0644\u0633\u0641\u0644\u064a\u0629: \u0645\u0637\u0627\u0637 \u0635\u0646\u0627\u0639\u064a \u062e\u0627\u0635 \u0623\u0633\u0648\u062f \u0645\u0642\u0627\u0648\u0645 \u0644\u063a\u0627\u0632 \u0627\u0644\u0628\u062a\u0631\u0648\u0644 \u0627\u0644\u0645\u0633\u0627\u0644 \u0648\u0627\u0644\u0628\u0631\u0648\u0628\u0627\u0646. \u0637\u0628\u0642\u0629 \u0627\u0644\u062a\u0639\u0632\u064a\u0632 : \u0646\u0633\u064a\u062c \u0635\u0646\u0627\u0639\u064a \u0639\u0627\u0644\u064a \u0627\u0644\u0642\u0648\u0629. \u0627\u0644\u0637\u0628\u0642\u0629 \u0627\u0644\u0639\u0644\u0648\u064a\u0629: \u0645\u0637\u0627\u0637 \u0635\u0646\u0627\u0639\u064a \u062e\u0627\u0635 \u0645\u0642\u0627\u0648\u0645 \u0644\u0644\u062a\u0622\u0643\u0644 \u0648\u0627\u0644\u0644\u0647\u0628 \u0648\u0627\u0644\u0623\u0643\u0633\u062c\u064a\u0646 \u0648\u0627\u0644\u0647\u0648\u0627\u0621 \u0648\u0627\u0644\u0632\u064a\u062a. -30 \u062f\u0631\u062c\u0629 \u0645\u0626\u0648\u064a\u0629 \/ +80 \u062f\u0631\u062c\u0629 \u0645\u0626\u0648\u064a\u0629...","rel":"","context":"\u062a\u062f\u0648\u064a\u0646\u0629 \u0645\u0634\u0627\u0628\u0647\u0629","block_context":{"text":"\u062a\u062f\u0648\u064a\u0646\u0629 \u0645\u0634\u0627\u0628\u0647\u0629","link":""},"img":{"alt_text":"","src":"https:\/\/i0.wp.com\/tuzlahortum.com.tr\/wp-content\/uploads\/2025\/08\/uranus-p.png?fit=523%2C523&ssl=1&resize=350%2C200","width":350,"height":200},"classes":[]},{"id":21587,"url":"https:\/\/tuzlahortum.com.tr\/ar\/product\/lpg-sd\/","url_meta":{"origin":714,"position":1},"title":"\u063a\u0627\u0632 \u0627\u0644\u0628\u062a\u0631\u0648\u0644 \u0627\u0644\u0645\u0633\u0627\u0644 - SD","author":"admin","date":"11 \u0623\u063a\u0633\u0637\u0633 2025","format":false,"excerpt":"\u00a0 \u00dcr\u00fcn Ad\u0131: LPG - SD \u00dcr\u00fcn Kodu: LPGSD 279\/27S LPG Al\u0131c\u0131\/Verici - \u03a9 EN 1762 Kullanim Alan\u0131 : LPG'nin Emme ve Transferi \u0130\u00e7in Alt Katman : LPG'ye Dayan\u0131kl\u0131, \u0130letken, Siyah NBR Kau\u00e7uk Takviye Katman\u0131 : Y\u00fcksek Mukavemetli Sentetik Tekstil, \u00c7elik Tel Spiral \u00dcst Katman : Ozona, hava ko\u015fullar\u0131na, \u0131s\u0131ya,\u2026","rel":"","context":"\u062a\u062f\u0648\u064a\u0646\u0629 \u0645\u0634\u0627\u0628\u0647\u0629","block_context":{"text":"\u062a\u062f\u0648\u064a\u0646\u0629 \u0645\u0634\u0627\u0628\u0647\u0629","link":""},"img":{"alt_text":"","src":"https:\/\/i0.wp.com\/tuzlahortum.com.tr\/wp-content\/uploads\/2025\/08\/lpgsd-p.png?fit=514%2C514&ssl=1&resize=350%2C200","width":350,"height":200},"classes":[]},{"id":21584,"url":"https:\/\/tuzlahortum.com.tr\/ar\/product\/lpg-d\/","url_meta":{"origin":714,"position":2},"title":"\u063a\u0627\u0632 \u0627\u0644\u0628\u062a\u0631\u0648\u0644 \u0627\u0644\u0645\u0633\u0627\u0644 - \u062f","author":"admin","date":"11 \u0623\u063a\u0633\u0637\u0633 2025","format":false,"excerpt":"\u00a0 \u00dcr\u00fcn Ad\u0131: LPG - D \u00dcr\u00fcn Kodu: LPGD 278\/27D LPG Bo\u015faltma - \u03a9 EN 1762 Kullanim Alan\u0131 : Teslimat veya LPG i\u00e7in Alt Katman : LPG'ye Dayan\u0131kl\u0131, \u0130letken Siyah NBR Kau\u00e7uk. Takviye Katman\u0131 : Y\u00fcksek Mukavemetli Sentetik Tekstil. \u00dcst Katman : Ozona, hava ko\u015fullar\u0131na, \u0131s\u0131ya, aleve ve ya\u011fa dayan\u0131kl\u0131,\u2026","rel":"","context":"\u062a\u062f\u0648\u064a\u0646\u0629 \u0645\u0634\u0627\u0628\u0647\u0629","block_context":{"text":"\u062a\u062f\u0648\u064a\u0646\u0629 \u0645\u0634\u0627\u0628\u0647\u0629","link":""},"img":{"alt_text":"","src":"https:\/\/i0.wp.com\/tuzlahortum.com.tr\/wp-content\/uploads\/2025\/08\/lpgd-p.png?fit=528%2C528&ssl=1&resize=350%2C200","width":350,"height":200,"srcset":"https:\/\/i0.wp.com\/tuzlahortum.com.tr\/wp-content\/uploads\/2025\/08\/lpgd-p.png?fit=528%2C528&ssl=1&resize=350%2C200 1x, https:\/\/i0.wp.com\/tuzlahortum.com.tr\/wp-content\/uploads\/2025\/08\/lpgd-p.png?fit=528%2C528&ssl=1&resize=525%2C300 1.5x"},"classes":[]},{"id":630,"url":"https:\/\/tuzlahortum.com.tr\/ar\/product\/trelleborg-vulpane\/","url_meta":{"origin":714,"position":3},"title":"Trelleborg VULPANE","author":"admin","date":"6 \u0641\u0628\u0631\u0627\u064a\u0631 2019","format":false,"excerpt":"Trelleborg VULPANEGaz ve kaynak LPG i\u00e7in kau\u00e7uk hortum (gaz t\u00fcpleri, \u0131s\u0131t\u0131c\u0131lar, kaynak ve LPG hatlar\u0131). Avantajlar *Esnek ve kolay ta\u015f\u0131ma sa\u011flayan d\u00fc\u015f\u00fck a\u011f\u0131rl\u0131k. *Uzun, g\u00fcvenli hizmet \u00f6mr\u00fc. *\u00d6zellikle hortum kaplamas\u0131 atmosfer ko\u015fullar\u0131na kar\u015f\u0131 dayan\u0131kl\u0131d\u0131r (ozon ve s\u0131cak b\u00f6lgeler). *\u00d6zel, y\u00fcksek kalitede kau\u00e7uk bile\u015fikler. *Y\u00fcksek emniyet katsay\u0131s\u0131 kazand\u0131ran olduk\u00e7a g\u00fc\u00e7l\u00fc tekstil\u2026","rel":"","context":"\u062a\u062f\u0648\u064a\u0646\u0629 \u0645\u0634\u0627\u0628\u0647\u0629","block_context":{"text":"\u062a\u062f\u0648\u064a\u0646\u0629 \u0645\u0634\u0627\u0628\u0647\u0629","link":""},"img":{"alt_text":"","src":"https:\/\/i0.wp.com\/tuzlahortum.com.tr\/wp-content\/uploads\/2019\/02\/VULPANE.jpg?fit=800%2C800&ssl=1&resize=350%2C200","width":350,"height":200,"srcset":"https:\/\/i0.wp.com\/tuzlahortum.com.tr\/wp-content\/uploads\/2019\/02\/VULPANE.jpg?fit=800%2C800&ssl=1&resize=350%2C200 1x, https:\/\/i0.wp.com\/tuzlahortum.com.tr\/wp-content\/uploads\/2019\/02\/VULPANE.jpg?fit=800%2C800&ssl=1&resize=525%2C300 1.5x, https:\/\/i0.wp.com\/tuzlahortum.com.tr\/wp-content\/uploads\/2019\/02\/VULPANE.jpg?fit=800%2C800&ssl=1&resize=700%2C400 2x"},"classes":[]},{"id":628,"url":"https:\/\/tuzlahortum.com.tr\/ar\/product\/trelleborg-pluton-2g\/","url_meta":{"origin":714,"position":4},"title":"\u062a\u0631\u064a\u0644\u0628\u0648\u0631\u062c \u0628\u0644\u0648\u062a\u0648\u0646 2 \u062c\u0631\u0627\u0645","author":"admin","date":"6 \u0641\u0628\u0631\u0627\u064a\u0631 2019","format":false,"excerpt":"Trelleborg PLUTON 2\u062e\u0631\u0637\u0648\u0645 \u0645\u0637\u0627\u0637\u064a \u0644\u0644\u0623\u0633\u064a\u062a\u064a\u0644\u064a\u0646 \u0641\u064a \u0627\u0644\u0644\u062d\u0627\u0645 \u0628\u0627\u0644\u063a\u0627\u0632 \u0648\u063a\u0627\u0632 \u0627\u0644\u0628\u062a\u0631\u0648\u0644 \u0627\u0644\u0645\u0633\u0627\u0644 (\u0623\u0633\u0637\u0648\u0627\u0646\u0627\u062a \u0627\u0644\u063a\u0627\u0632\u060c \u0648\u0627\u0644\u0633\u062e\u0627\u0646\u0627\u062a\u060c \u0648\u062e\u0637\u0648\u0637 \u0627\u0644\u0644\u062d\u0627\u0645 \u0648\u063a\u0627\u0632 \u0627\u0644\u0628\u062a\u0631\u0648\u0644 \u0627\u0644\u0645\u0633\u0627\u0644) \u0648\u0625\u0645\u062f\u0627\u062f\u0627\u062a \u063a\u0627\u0632 \u0627\u0644\u0644\u062d\u0627\u0645. \u0627\u0644\u0645\u0632\u0627\u064a\u0627 *\u0648\u0632\u0646 \u0645\u0646\u062e\u0641\u0636 \u064a\u0633\u0645\u062d \u0628\u0627\u0644\u0645\u0631\u0648\u0646\u0629 \u0648\u0633\u0647\u0648\u0644\u0629 \u0627\u0644\u0645\u0646\u0627\u0648\u0644\u0629. *\u0639\u0645\u0631 \u062e\u062f\u0645\u0629 \u0637\u0648\u064a\u0644 \u0648\u0622\u0645\u0646. *\u0637\u0644\u0627\u0621 \u0645\u0642\u0627\u0648\u0645 \u0644\u0644\u0638\u0631\u0648\u0641 \u0627\u0644\u062c\u0648\u064a\u0629 (\u0627\u0644\u0623\u0648\u0632\u0648\u0646 \u0648\u0627\u0644\u0645\u0646\u0627\u0637\u0642 \u0627\u0644\u062d\u0627\u0631\u0629). *\u0645\u0642\u0627\u0648\u0645\u0629 \u0644\u0644\u0647\u0628 \u0641\u064a \u062d\u0627\u0644\u0629 \u062d\u062f\u0648\u062b \u0648\u0645\u064a\u0636. *\u0645\u0639\u0627\u0645\u0644 \u0623\u0645\u0627\u0646 \u0639\u0627\u0644\u064d...","rel":"","context":"\u062a\u062f\u0648\u064a\u0646\u0629 \u0645\u0634\u0627\u0628\u0647\u0629","block_context":{"text":"\u062a\u062f\u0648\u064a\u0646\u0629 \u0645\u0634\u0627\u0628\u0647\u0629","link":""},"img":{"alt_text":"","src":"https:\/\/i0.wp.com\/tuzlahortum.com.tr\/wp-content\/uploads\/2019\/02\/PLUTON-2G.jpg?fit=800%2C800&ssl=1&resize=350%2C200","width":350,"height":200,"srcset":"https:\/\/i0.wp.com\/tuzlahortum.com.tr\/wp-content\/uploads\/2019\/02\/PLUTON-2G.jpg?fit=800%2C800&ssl=1&resize=350%2C200 1x, https:\/\/i0.wp.com\/tuzlahortum.com.tr\/wp-content\/uploads\/2019\/02\/PLUTON-2G.jpg?fit=800%2C800&ssl=1&resize=525%2C300 1.5x, https:\/\/i0.wp.com\/tuzlahortum.com.tr\/wp-content\/uploads\/2019\/02\/PLUTON-2G.jpg?fit=800%2C800&ssl=1&resize=700%2C400 2x"},"classes":[]},{"id":22624,"url":"https:\/\/tuzlahortum.com.tr\/ar\/product\/tupgaz-cc\/","url_meta":{"origin":714,"position":5},"title":"\u062a\u0648\u0628\u062c\u0627\u0632 \u0633\u064a \u0633\u064a","author":"admin","date":"11 \u0623\u063a\u0633\u0637\u0633 2025","format":false,"excerpt":"\u00a0 \u00dcr\u00fcn Ad\u0131: TUPGAZ CC \u00dcr\u00fcn Kodu: TBT82 LPG, B\u00fctan\/Propan Hortumu Kullanim Alan\u0131 : Evsel uygulamalarda LPG, b\u00fctan\/propandan iletmek i\u00e7in. Alt Katman : LPG, B\u00fctan\/Propana Dayan\u0131kl\u0131 \u00d6zel PVC Bile\u015fi\u011fi. Takviye Katman\u0131 : Y\u00fcksek Mukavemetli Sentetik Tekstil. \u00dcst Katman : A\u015f\u0131nmaya ve Hava Ko\u015fullar\u0131na Dayan\u0131kl\u0131 \u00d6zel PVC Bile\u015fimi. -30\u00b0C \/ +70\u00b0C\u2026","rel":"","context":"\u062a\u062f\u0648\u064a\u0646\u0629 \u0645\u0634\u0627\u0628\u0647\u0629","block_context":{"text":"\u062a\u062f\u0648\u064a\u0646\u0629 \u0645\u0634\u0627\u0628\u0647\u0629","link":""},"img":{"alt_text":"","src":"https:\/\/i0.wp.com\/tuzlahortum.com.tr\/wp-content\/uploads\/2025\/08\/PVC_108.png?fit=446%2C446&ssl=1&resize=350%2C200","width":350,"height":200},"classes":[]}],"jetpack_sharing_enabled":true,"jetpack_likes_enabled":true,"_links":{"self":[{"href":"https:\/\/tuzlahortum.com.tr\/ar\/wp-json\/wp\/v2\/product\/714","targetHints":{"allow":["GET"]}}],"collection":[{"href":"https:\/\/tuzlahortum.com.tr\/ar\/wp-json\/wp\/v2\/product"}],"about":[{"href":"https:\/\/tuzlahortum.com.tr\/ar\/wp-json\/wp\/v2\/types\/product"}],"replies":[{"embeddable":true,"href":"https:\/\/tuzlahortum.com.tr\/ar\/wp-json\/wp\/v2\/comments?post=714"}],"wp:featuredmedia":[{"embeddable":true,"href":"https:\/\/tuzlahortum.com.tr\/ar\/wp-json\/wp\/v2\/media\/1673"}],"wp:attachment":[{"href":"https:\/\/tuzlahortum.com.tr\/ar\/wp-json\/wp\/v2\/media?parent=714"}],"wp:term":[{"taxonomy":"product_brand","embeddable":true,"href":"https:\/\/tuzlahortum.com.tr\/ar\/wp-json\/wp\/v2\/product_brand?post=714"},{"taxonomy":"product_cat","embeddable":true,"href":"https:\/\/tuzlahortum.com.tr\/ar\/wp-json\/wp\/v2\/product_cat?post=714"},{"taxonomy":"product_tag","embeddable":true,"href":"https:\/\/tuzlahortum.com.tr\/ar\/wp-json\/wp\/v2\/product_tag?post=714"}],"curies":[{"name":"\u062f\u0628\u0644\u064a\u0648 \u0628\u064a","href":"https:\/\/api.w.org\/{rel}","templated":true}]}}