{"id":712,"date":"2019-02-06T23:52:53","date_gmt":"2019-02-06T20:52:53","guid":{"rendered":"http:\/\/hortum.com.tr\/product\/import-placeholder-for-65\/"},"modified":"2024-03-21T17:43:37","modified_gmt":"2024-03-21T14:43:37","slug":"kompresor-hortumlari-hafif-tip","status":"publish","type":"product","link":"https:\/\/tuzlahortum.com.tr\/ar\/product\/kompresor-hortumlari-hafif-tip\/","title":{"rendered":"\u062e\u0631\u0627\u0637\u064a\u0645 \u0627\u0644\u0636\u0627\u063a\u0637 (\u0646\u0648\u0639 \u062e\u0641\u064a\u0641)"},"content":{"rendered":"<h2>\u062e\u0631\u0627\u0637\u064a\u0645 \u0627\u0644\u0636\u0627\u063a\u0637 (\u0646\u0648\u0639 \u062e\u0641\u064a\u0641)<\/h2>\n<div>\u0645\u062c\u0627\u0644\u0627\u062a \u0627\u0644\u0627\u0633\u062a\u062e\u062f\u0627\u0645: \u062e\u0631\u0627\u0637\u064a\u0645 \u0647\u0648\u0627\u0621 \u0645\u0641\u064a\u062f\u0629 \u0648\u0642\u0648\u064a\u0629 \u0648\u0645\u0642\u0627\u0648\u0645\u0629 \u0644\u0644\u0643\u0633\u0631 \u0644\u0644\u0645\u0646\u0627\u062c\u0645 \u0648\u0627\u0644\u0635\u0646\u0627\u0639\u0629 \u0648\u0627\u0644\u0628\u0646\u0627\u0621 \u062d\u0633\u0628 \u0636\u063a\u0648\u0637 \u0627\u0644\u0639\u0645\u0644.<\/div>\n<div><\/div>\n<div>\u0627\u0644\u0634\u0647\u0627\u062f\u0627\u062a: \u0627\u0644\u062e\u0631\u0627\u0637\u064a\u0645 \u062a\u062d\u0645\u0644 \u0639\u0644\u0627\u0645\u0629 TSE. TS745 EN ISO2398<\/div>\n<div><\/div>\n<div>\u0627\u0639\u0645\u0627\u0644 \u0628\u0646\u0627\u0621<\/div>\n<div>\u0627\u0644\u062c\u0632\u0621 \u0627\u0644\u0633\u0641\u0644\u064a: SBR \/ NBR \u060c \u0623\u0633\u0648\u062f \u060c \u0645\u0642\u0627\u0648\u0645 \u0644\u0644\u0647\u0648\u0627\u0621 \u0627\u0644\u0645\u0636\u063a\u0648\u0637 \u0627\u0644\u0630\u064a \u064a\u062d\u062a\u0648\u064a \u0639\u0644\u0649 \u0627\u0644\u0645\u0627\u0621 \u0648\u0631\u0630\u0627\u0630 \u0627\u0644\u0632\u064a\u062a<\/div>\n<div>\u0627\u0644\u062a\u0639\u0632\u064a\u0632: \u0646\u0633\u064a\u062c \u062d\u0628\u0644 \u0639\u0627\u0644\u064a \u0627\u0644\u0642\u0648\u0629<\/div>\n<div>\u0627\u0644\u062c\u0632\u0621 \u0627\u0644\u0639\u0644\u0648\u064a: SBR \/ NBR \u060c \u0623\u0633\u0648\u062f \u060c \u0639\u0627\u062f\u064a \u060c \u0645\u0642\u0627\u0648\u0645 \u0644\u0644\u0639\u0648\u0627\u0645\u0644 \u0627\u0644\u062c\u0648\u064a\u0629 \u060c \u0645\u0642\u0627\u0648\u0645 \u0644\u0644\u0633\u062d\u0642 \u0648\u0627\u0644\u062a\u0622\u0643\u0644<\/div>\n<div><\/div>\n<div><div class=\"video video-fit mb\" style=\"padding-top:56.25%;\"><p><iframe loading=\"lazy\" title=\"\u0627\u0631\u062a\u0628\u0627\u0643 \u0627\u0644\u0642\u064a\u0627\u0633 (\u0628\u0648\u0635\u0629\u060c \u0625\u0635\u0628\u0639\u060c \u0636\u0628\u0627\u0628\u060c \u0645\u0644\u0644\u064a\u0645\u062a\u0631)\" width=\"1020\" height=\"574\" src=\"https:\/\/www.youtube.com\/embed\/uKk6AG_AZls?feature=oembed\" frameborder=\"0\" allow=\"accelerometer; autoplay; clipboard-write; encrypted-media; gyroscope; picture-in-picture\" allowfullscreen><\/iframe><\/p>\n<\/div><\/div>","protected":false},"excerpt":{"rendered":"<p>Kompres\u00f6r Hortumlar\u0131 (Hafif Tip) KULLANIM ALANLARI : \u00c7al\u0131\u015fma bas\u0131n\u00e7lar\u0131na g\u00f6re maden ocaklar\u0131nda, end\u00fcstri ve in\u015faat i\u00e7in kullan\u0131\u015fl\u0131, sa\u011flam ve k\u0131r\u0131lmaya dayan\u0131kl\u0131 hava hortumlar\u0131. SERT\u0130F\u0130KALAR : Hortumlar TSE markal\u0131d\u0131r. TS745 EN ISO2398 KONTR\u00dcKS\u0130YON Alt : SBR\/NBR, siyah, su ve ya\u011f buhar\u0131 ihtiva eden bas\u0131n\u00e7l\u0131 havaya dayan\u0131kl\u0131 Takviye : Y\u00fcksek mukavemetli kord bezi \u00dcst : SBR\/NBR, siyah, [&#8230;]\n","protected":false},"featured_media":1681,"comment_status":"open","ping_status":"closed","template":"","meta":{"jetpack_post_was_ever_published":false},"product_brand":[],"product_cat":[156],"product_tag":[608,600,766,598,599,601],"class_list":{"0":"post-712","1":"product","2":"type-product","3":"status-publish","4":"has-post-thumbnail","6":"product_cat-hava-hortumlari","7":"product_tag-10-bar","8":"product_tag-endustri-ve-insaat-icin-kullanisli-hortum","9":"product_tag-hafif-tip-kompresor-hortumlari","10":"product_tag-kompresor-hortumu","11":"product_tag-maden-ocaklarinda-kullanilan-hortum","12":"product_tag-saglam-ve-kirilmaya-dayanikli-hava-hortumlari","14":"first","15":"instock","16":"taxable","17":"shipping-taxable","18":"product-type-variable"},"jetpack-related-posts":[{"id":650,"url":"https:\/\/tuzlahortum.com.tr\/ar\/product\/kompresor-hortumlari-agir-tip\/","url_meta":{"origin":712,"position":0},"title":"\u062e\u0631\u0627\u0637\u064a\u0645 \u0627\u0644\u0636\u0627\u063a\u0637 (\u0627\u0644\u0646\u0648\u0639 \u0627\u0644\u062b\u0642\u064a\u0644)","author":"admin","date":"6 \u0641\u0628\u0631\u0627\u064a\u0631 2019","format":false,"excerpt":"Kompres\u00f6r Hortumlar\u0131 (A\u011f\u0131r Tip)KULLANIM ALANLARI : \u00c7al\u0131\u015fma bas\u0131n\u00e7lar\u0131na g\u00f6re maden ocaklar\u0131nda, end\u00fcstri ve in\u015faat i\u00e7in kullan\u0131\u015fl\u0131, sa\u011flam ve k\u0131r\u0131lmaya dayan\u0131kl\u0131 hava hortumlar\u0131. SERT\u0130F\u0130KALAR : Hortumlar TSE markal\u0131d\u0131r. TS745 EN ISO2398 KONTR\u00dcKS\u0130YON Alt : SBR\/NBR, siyah, su ve ya\u011f buhar\u0131 ihtiva eden bas\u0131n\u00e7l\u0131 havaya dayan\u0131kl\u0131 Takviye : Y\u00fcksek mukavemetli kord bezi\u2026","rel":"","context":"\u062a\u062f\u0648\u064a\u0646\u0629 \u0645\u0634\u0627\u0628\u0647\u0629","block_context":{"text":"\u062a\u062f\u0648\u064a\u0646\u0629 \u0645\u0634\u0627\u0628\u0647\u0629","link":""},"img":{"alt_text":"","src":"https:\/\/i0.wp.com\/tuzlahortum.com.tr\/wp-content\/uploads\/urunler\/kaucuk\/superlas-tip3-kompresor-hortumu.jpg?fit=360%2C270&ssl=1&resize=350%2C200","width":350,"height":200},"classes":[]},{"id":713,"url":"https:\/\/tuzlahortum.com.tr\/ar\/product\/kompresor-hortumlari-orta-tip\/","url_meta":{"origin":712,"position":1},"title":"\u062e\u0631\u0627\u0637\u064a\u0645 \u0627\u0644\u0636\u0627\u063a\u0637 (\u0627\u0644\u0646\u0648\u0639 \u0627\u0644\u0623\u0648\u0633\u0637)","author":"admin","date":"6 \u0641\u0628\u0631\u0627\u064a\u0631 2019","format":false,"excerpt":"Kompres\u00f6r Hortumlar\u0131 (Orta Tip)KULLANIM ALANLARI : \u00c7al\u0131\u015fma bas\u0131n\u00e7lar\u0131na g\u00f6re maden ocaklar\u0131nda, end\u00fcstri ve in\u015faat i\u00e7in kullan\u0131\u015fl\u0131, sa\u011flam ve k\u0131r\u0131lmaya dayan\u0131kl\u0131 hava hortumlar\u0131. SERT\u0130F\u0130KALAR : Hortumlar TSE markal\u0131d\u0131r. TS745 EN ISO2398 KONTR\u00dcKS\u0130YON Alt : SBR\/NBR, siyah, su ve ya\u011f buhar\u0131 ihtiva eden bas\u0131n\u00e7l\u0131 havaya dayan\u0131kl\u0131 Takviye : Y\u00fcksek mukavemetli kord bezi\u2026","rel":"","context":"\u062a\u062f\u0648\u064a\u0646\u0629 \u0645\u0634\u0627\u0628\u0647\u0629","block_context":{"text":"\u062a\u062f\u0648\u064a\u0646\u0629 \u0645\u0634\u0627\u0628\u0647\u0629","link":""},"img":{"alt_text":"","src":"https:\/\/i0.wp.com\/tuzlahortum.com.tr\/wp-content\/uploads\/urunler\/kaucuk\/superlas-tip2-komnpresor-hortumu.jpg?fit=360%2C270&ssl=1&resize=350%2C200","width":350,"height":200},"classes":[]},{"id":900,"url":"https:\/\/tuzlahortum.com.tr\/ar\/product\/bezli-su-hortumlari-hafif-tip\/","url_meta":{"origin":712,"position":2},"title":"\u062e\u0631\u0627\u0637\u064a\u0645 \u0645\u064a\u0627\u0647 \u0645\u0646 \u0627\u0644\u0642\u0645\u0627\u0634 (\u0646\u0648\u0639 \u062e\u0641\u064a\u0641)","author":"admin","date":"6 \u0641\u0628\u0631\u0627\u064a\u0631 2019","format":false,"excerpt":"Bezli Su Hortumlar\u0131 (Hafif Tip)KULLANIM ALANLARI : \u00c7al\u0131\u015fma bas\u0131n\u00e7lar\u0131na g\u00f6re sanayi, in\u015faat, tar\u0131m ve spor alanlar\u0131 gibi su nakledilmesi gereken t\u00fcm i\u015flerde kullan\u0131labilir. SERT\u0130F\u0130KALAR : Hortumlar TSE markal\u0131d\u0131r. TS2420 ISO 1403 KONTR\u00dcKS\u0130YON Alt : SBR\/NR siyah neme dayan\u0131kl\u0131 Takviye : Y\u00fcksek mukavemetli kord bezi \u00dcst : SBR siyah hava \u015fartlar\u0131na\u2026","rel":"","context":"\u062a\u062f\u0648\u064a\u0646\u0629 \u0645\u0634\u0627\u0628\u0647\u0629","block_context":{"text":"\u062a\u062f\u0648\u064a\u0646\u0629 \u0645\u0634\u0627\u0628\u0647\u0629","link":""},"img":{"alt_text":"","src":"https:\/\/i0.wp.com\/tuzlahortum.com.tr\/wp-content\/uploads\/urunler\/kaucuk\/superlas-bezli-su-verici-hortum.jpg?fit=360%2C270&ssl=1&resize=350%2C200","width":350,"height":200},"classes":[]},{"id":734,"url":"https:\/\/tuzlahortum.com.tr\/ar\/product\/hava-pompa-hortumlari\/","url_meta":{"origin":712,"position":3},"title":"\u062e\u0631\u0627\u0637\u064a\u0645 \u0636\u062e \u0627\u0644\u0647\u0648\u0627\u0621","author":"admin","date":"6 \u0641\u0628\u0631\u0627\u064a\u0631 2019","format":false,"excerpt":"Hava Pompa Hortumlar\u0131KULLANIM ALANLARI : Esas olarak servis istasyonlar\u0131ndaki hava pompalar\u0131nda ve tazyikli hava uygulamalar\u0131nda kullan\u0131lmaktad\u0131r. SERT\u0130F\u0130KALAR : Hortumlar TSE markal\u0131d\u0131r. TS 745 EN ISO 2398 KONTR\u00dcKS\u0130YON Alt : SBR\/NBR, siyah, d\u00fcz Takviye : Y\u00fcksek mukavemetli tekstil \u00f6rg\u00fc \u00dcst : SBR\/NBR, siyah, d\u00fcz, iklim \u015fartlar\u0131na ve a\u015f\u0131nmaya dayan\u0131kl\u0131","rel":"","context":"\u062a\u062f\u0648\u064a\u0646\u0629 \u0645\u0634\u0627\u0628\u0647\u0629","block_context":{"text":"\u062a\u062f\u0648\u064a\u0646\u0629 \u0645\u0634\u0627\u0628\u0647\u0629","link":""},"img":{"alt_text":"","src":"https:\/\/i0.wp.com\/tuzlahortum.com.tr\/wp-content\/uploads\/urunler\/kaucuk\/superlas-hava-pompa-hortumu.jpg?fit=360%2C270&ssl=1&resize=350%2C200","width":350,"height":200},"classes":[]},{"id":540,"url":"https:\/\/tuzlahortum.com.tr\/ar\/product\/trelleborg-fp-2007\/","url_meta":{"origin":712,"position":4},"title":"Trelleborg FP 2007","author":"admin","date":"6 \u0641\u0628\u0631\u0627\u064a\u0631 2019","format":false,"excerpt":"Trelleborg FP 2007Bal\u0131k pompas\u0131 Bak\u0131l \u00e7iftliklerinde ve bal\u0131k i\u015fleme tesislerinde bal\u0131\u011f\u0131n pompalanmas\u0131 i\u00e7in kullan\u0131l\u0131r. Avantajlar *Esnek hortum tasar\u0131m\u0131 bu uygulama i\u00e7in optimum \u00f6zellikler sa\u011flar. *Zorlu \u015fartlarda kullan\u0131ma dayan\u0131kl\u0131d\u0131r. *Tahliye uygulamalar\u0131 i\u00e7in helissiz olarak \u00fcretilir. Teknik a\u00e7\u0131klama \u0130\u00e7 t\u00fcp :\u00a0a\u015f\u0131nmaya dayan\u0131kl\u0131 SBR\/NBR, siyah. Takviye :\u00a0sentetik tekstil. Kaplama :\u00a0hava ko\u015fullar\u0131na kar\u015f\u0131 dayan\u0131kl\u0131\u2026","rel":"","context":"\u062a\u062f\u0648\u064a\u0646\u0629 \u0645\u0634\u0627\u0628\u0647\u0629","block_context":{"text":"\u062a\u062f\u0648\u064a\u0646\u0629 \u0645\u0634\u0627\u0628\u0647\u0629","link":""},"img":{"alt_text":"","src":"https:\/\/i0.wp.com\/tuzlahortum.com.tr\/wp-content\/uploads\/2019\/02\/FP-2007.jpg?fit=800%2C800&ssl=1&resize=350%2C200","width":350,"height":200,"srcset":"https:\/\/i0.wp.com\/tuzlahortum.com.tr\/wp-content\/uploads\/2019\/02\/FP-2007.jpg?fit=800%2C800&ssl=1&resize=350%2C200 1x, https:\/\/i0.wp.com\/tuzlahortum.com.tr\/wp-content\/uploads\/2019\/02\/FP-2007.jpg?fit=800%2C800&ssl=1&resize=525%2C300 1.5x, https:\/\/i0.wp.com\/tuzlahortum.com.tr\/wp-content\/uploads\/2019\/02\/FP-2007.jpg?fit=800%2C800&ssl=1&resize=700%2C400 2x"},"classes":[]},{"id":920,"url":"https:\/\/tuzlahortum.com.tr\/ar\/product\/trelleborg-trelljet-560\/","url_meta":{"origin":712,"position":5},"title":"560 \u0645\u0634\u0631\u0648\u0639 \u0632\u0631\u0627\u0639\u0629 \u0646\u0628\u0627\u062a\u0627\u062a \u0627\u0644\u0633\u064a\u0644\u0648\u0644\u064a\u062a 560","author":"admin","date":"6 \u0641\u0628\u0631\u0627\u064a\u0631 2019","format":false,"excerpt":"Trelleborg TRELLJET 560Su\/Y\u00fcksek bas\u0131n\u00e7l\u0131 p\u00fcsk\u00fcrtme \u00d6zel olarak profesyonel ve end\u00fcstriyel y\u00fcksek bas\u0131n\u00e7l\u0131 temizlik i\u00e7in tasarlanm\u0131\u015ft\u0131r. Makineler, ara\u00e7lar, zeminler, kamu alanlar\u0131, cepheler, vs. i\u00e7in etkilidir. Mobil bas\u0131n\u00e7l\u0131 y\u0131kay\u0131c\u0131lar, sabit tesisatlar ve tekerlek \u00fczerine monte uygulamalar i\u00e7in uygundur. Avantajlar *D\u00fcz kaplama. *Ya\u011fa, deterjana, a\u015f\u0131nmaya ve eskimeye dayan\u0131kl\u0131. *Y\u00fcksek \u00e7al\u0131\u015fma bas\u0131nc\u0131. *Y\u00fcksek s\u0131cakl\u0131k\u2026","rel":"","context":"\u062a\u062f\u0648\u064a\u0646\u0629 \u0645\u0634\u0627\u0628\u0647\u0629","block_context":{"text":"\u062a\u062f\u0648\u064a\u0646\u0629 \u0645\u0634\u0627\u0628\u0647\u0629","link":""},"img":{"alt_text":"","src":"https:\/\/i0.wp.com\/tuzlahortum.com.tr\/wp-content\/uploads\/2019\/02\/TRELLJET-560.jpg?fit=800%2C800&ssl=1&resize=350%2C200","width":350,"height":200,"srcset":"https:\/\/i0.wp.com\/tuzlahortum.com.tr\/wp-content\/uploads\/2019\/02\/TRELLJET-560.jpg?fit=800%2C800&ssl=1&resize=350%2C200 1x, https:\/\/i0.wp.com\/tuzlahortum.com.tr\/wp-content\/uploads\/2019\/02\/TRELLJET-560.jpg?fit=800%2C800&ssl=1&resize=525%2C300 1.5x, https:\/\/i0.wp.com\/tuzlahortum.com.tr\/wp-content\/uploads\/2019\/02\/TRELLJET-560.jpg?fit=800%2C800&ssl=1&resize=700%2C400 2x"},"classes":[]}],"jetpack_sharing_enabled":true,"jetpack_likes_enabled":true,"_links":{"self":[{"href":"https:\/\/tuzlahortum.com.tr\/ar\/wp-json\/wp\/v2\/product\/712","targetHints":{"allow":["GET"]}}],"collection":[{"href":"https:\/\/tuzlahortum.com.tr\/ar\/wp-json\/wp\/v2\/product"}],"about":[{"href":"https:\/\/tuzlahortum.com.tr\/ar\/wp-json\/wp\/v2\/types\/product"}],"replies":[{"embeddable":true,"href":"https:\/\/tuzlahortum.com.tr\/ar\/wp-json\/wp\/v2\/comments?post=712"}],"wp:featuredmedia":[{"embeddable":true,"href":"https:\/\/tuzlahortum.com.tr\/ar\/wp-json\/wp\/v2\/media\/1681"}],"wp:attachment":[{"href":"https:\/\/tuzlahortum.com.tr\/ar\/wp-json\/wp\/v2\/media?parent=712"}],"wp:term":[{"taxonomy":"product_brand","embeddable":true,"href":"https:\/\/tuzlahortum.com.tr\/ar\/wp-json\/wp\/v2\/product_brand?post=712"},{"taxonomy":"product_cat","embeddable":true,"href":"https:\/\/tuzlahortum.com.tr\/ar\/wp-json\/wp\/v2\/product_cat?post=712"},{"taxonomy":"product_tag","embeddable":true,"href":"https:\/\/tuzlahortum.com.tr\/ar\/wp-json\/wp\/v2\/product_tag?post=712"}],"curies":[{"name":"\u062f\u0628\u0644\u064a\u0648 \u0628\u064a","href":"https:\/\/api.w.org\/{rel}","templated":true}]}}