{"id":7104,"date":"2019-03-08T10:01:50","date_gmt":"2019-03-08T07:01:50","guid":{"rendered":"http:\/\/hortum.com.tr\/?post_type=product&#038;p=7104"},"modified":"2024-03-21T17:39:01","modified_gmt":"2024-03-21T14:39:01","slug":"ptfe-duz-teflon-hortum","status":"publish","type":"product","link":"https:\/\/tuzlahortum.com.tr\/ar\/product\/ptfe-duz-teflon-hortum\/","title":{"rendered":"\u062e\u0631\u0637\u0648\u0645 \u0627\u0644\u062a\u0641\u0644\u0648\u0646 \u0627\u0644\u0645\u0633\u062a\u0642\u064a\u0645 PTFE"},"content":{"rendered":"<h2>\u062e\u0631\u0637\u0648\u0645 \u0627\u0644\u062a\u0641\u0644\u0648\u0646 \u0627\u0644\u0645\u0633\u062a\u0642\u064a\u0645 PTFE<\/h2>\n<p><strong>\u0627\u0644\u0645\u0644\u0627\u0645\u062d \u0627\u0644\u0639\u0627\u0645\u0629<\/strong><\/p>\n<ol>\n<li>\u062a\u0641\u0644\u0648\u0646 (PTFE) \u060c \u0645\u0644\u0641\u0648\u0641 \u060c \u0645\u0642\u0627\u0648\u0645\u0629 \u0645\u064a\u0643\u0627\u0646\u064a\u0643\u064a\u0629 \u0639\u0627\u0644\u064a\u0629 \u060c \u0639\u0627\u0632\u0644 \u060c \u0648\u0645\u0642\u0627\u0648\u0645\u0629 \u0644\u0644\u062d\u0631\u064a\u0642<\/li>\n<li>\u064a\u062a\u0645 \u0627\u0633\u062a\u062e\u062f\u0627\u0645\u0647 \u0641\u064a \u0627\u0644\u0636\u0648\u0627\u063a\u0637 \u0648\u0627\u0644\u063a\u0627\u0632 \u0648\u0627\u0644\u0628\u062e\u0627\u0631 \u0648\u0627\u0644\u0645\u0627\u0621 \u0648\u0627\u0644\u0647\u0648\u0627\u0621 \u0648\u0632\u064a\u062a \u0627\u0644\u0648\u0642\u0648\u062f \u0648\u0627\u0644\u0643\u064a\u0645\u064a\u0627\u0621 \u0648\u0627\u0644\u0623\u063a\u0630\u064a\u0629 \u0648\u0627\u0644\u0635\u0646\u0627\u0639\u0627\u062a \u0627\u0644\u062f\u0648\u0627\u0626\u064a\u0629 \u0648\u0627\u0644\u0645\u0630\u064a\u0628\u0627\u062a \u0648\u0627\u0644\u0623\u0635\u0628\u0627\u063a \u0648\u062e\u0637\u0648\u0637 \u0646\u0642\u0644 \u0627\u0644\u0637\u0644\u0627\u0621.<\/li>\n<li style=\"font-weight: 400;\">\u0646\u0637\u0627\u0642 \u062f\u0631\u062c\u0629 \u0627\u0644\u062d\u0631\u0627\u0631\u0629: -40 \u062f\u0631\u062c\u0629 \u0645\u0626\u0648\u064a\u0629 \u0625\u0644\u0649 260 \u062f\u0631\u062c\u0629 \u0645\u0626\u0648\u064a\u0629<\/li>\n<\/ol>\n<div class=\"video video-fit mb\" style=\"padding-top:56.25%;\"><p><iframe loading=\"lazy\" title=\"\u0627\u0631\u062a\u0628\u0627\u0643 \u0627\u0644\u0642\u064a\u0627\u0633 (\u0628\u0648\u0635\u0629\u060c \u0625\u0635\u0628\u0639\u060c \u0636\u0628\u0627\u0628\u060c \u0645\u0644\u0644\u064a\u0645\u062a\u0631)\" width=\"1020\" height=\"574\" src=\"https:\/\/www.youtube.com\/embed\/uKk6AG_AZls?feature=oembed\" frameborder=\"0\" allow=\"accelerometer; autoplay; clipboard-write; encrypted-media; gyroscope; picture-in-picture; web-share\" referrerpolicy=\"strict-origin-when-cross-origin\" allowfullscreen><\/iframe><\/p>\n<\/div>","protected":false},"excerpt":{"rendered":"<p>\u062e\u0631\u0637\u0648\u0645 \u062a\u0641\u0644\u0648\u0646 \u0645\u0633\u062a\u0642\u064a\u0645 PTFE \u0627\u0644\u0645\u064a\u0632\u0627\u062a \u0627\u0644\u0639\u0627\u0645\u0629 \u062a\u0641\u0644\u0648\u0646 (PTFE)\u060c \u0645\u063a\u0644\u0641\u060c \u0645\u0642\u0627\u0648\u0645\u0629 \u0645\u064a\u0643\u0627\u0646\u064a\u0643\u064a\u0629 \u0639\u0627\u0644\u064a\u0629\u060c \u0639\u0627\u0632\u0644\u060c \u0648\u0645\u0642\u0627\u0648\u0645 \u0644\u0644\u062d\u0631\u064a\u0642 \u0641\u064a \u0627\u0644\u0636\u0648\u0627\u063a\u0637 \u0648\u0627\u0644\u063a\u0627\u0632 \u0648\u0627\u0644\u0628\u062e\u0627\u0631 \u0648\u0627\u0644\u0645\u0627\u0621 \u0648\u0627\u0644\u0647\u0648\u0627\u0621 \u0648\u0632\u064a\u062a \u0627\u0644\u0648\u0642\u0648\u062f \u0648\u0627\u0644\u0635\u0646\u0627\u0639\u0627\u062a \u0627\u0644\u0643\u064a\u0645\u064a\u0627\u0626\u064a\u0629 \u0648\u0627\u0644\u063a\u0630\u0627\u0626\u064a\u0629 \u0648\u0627\u0644\u0635\u064a\u062f\u0644\u0627\u0646\u064a\u0629 \u0648\u0627\u0644\u0645\u0630\u064a\u0628\u0627\u062a \u0648\u0627\u0644\u0623\u0635\u0628\u0627\u063a \u0648\u0646\u0642\u0644 \u0627\u0644\u0637\u0644\u0627\u0621 \u064a\u062a\u0645 \u0627\u0633\u062a\u062e\u062f\u0627\u0645 \u0627\u0644\u062e\u0637\u0648\u0637. \u0646\u0637\u0627\u0642 \u062f\u0631\u062c\u0629 \u0627\u0644\u062d\u0631\u0627\u0631\u0629: -40 \u062f\u0631\u062c\u0629 \u0645\u0626\u0648\u064a\u0629 \u0625\u0644\u0649 260 \u062f\u0631\u062c\u0629 \u0645\u0626\u0648\u064a\u0629<\/p>","protected":false},"featured_media":7114,"comment_status":"open","ping_status":"closed","template":"","meta":[],"product_brand":[],"product_cat":[88],"product_tag":[2104,689,681,683,676,669,338,402,424,290,685,684,682,679,687,2107,2106,686,555,677],"class_list":{"0":"post-7104","1":"product","2":"type-product","3":"status-publish","4":"has-post-thumbnail","6":"product_cat-hidrolik-hortumlar","7":"product_tag-40c","8":"product_tag-260c","9":"product_tag-atese-dayanikli","10":"product_tag-buhar","11":"product_tag-duz","12":"product_tag-fuel-oil-2","13":"product_tag-gaz","14":"product_tag-gida","15":"product_tag-hava","16":"product_tag-hortum","17":"product_tag-ilac-endustrisinde","18":"product_tag-kimya","19":"product_tag-kompresorlerde","20":"product_tag-mekanik-direncli","21":"product_tag-pigmentlerde","22":"product_tag-ptfe","23":"product_tag-ptfe-duz-teflon-hortum","24":"product_tag-solventlerde","25":"product_tag-su","26":"product_tag-teflon","28":"first","29":"instock","30":"featured","31":"taxable","32":"shipping-taxable","33":"product-type-variable"},"jetpack-related-posts":[{"id":680,"url":"https:\/\/tuzlahortum.com.tr\/ar\/product\/paslanmaz-orgulu-duz-teflon-hortum\/","url_meta":{"origin":7104,"position":0},"title":"\u063a\u064a\u0631 \u0627\u0644\u0642\u0627\u0628\u0644 \u0644\u0644\u0635\u062f\u0623 \u062e\u0631\u0637\u0648\u0645 \u0645\u0633\u062a\u0642\u064a\u0645 \u0645\u0636\u0641\u0631 \u062a\u0641\u0644\u0648\u0646","author":"admin","date":"6 \u0641\u0628\u0631\u0627\u064a\u0631 2019","format":false,"excerpt":"Paslanmaz \u00d6rg\u00fcl\u00fc D\u00fcz Teflon HortumGENEL \u00d6ZELL\u0130KLER \u0130\u00e7 k\u0131sm\u0131 teflon (PTFE) d\u00fcz, y\u00fcksek\u00a0mekanik diren\u00e7li, dielektriksel,ve ate\u015fe dayan\u0131kl\u0131 Y\u00fcksek gerilmeye mukavemetli\u00a0 paslanmaz\u00a0\u00a0AISI 304 \u00e7elik tel \u00f6rg\u00fcl\u00fc Kompres\u00f6rlerde, gaz, buhar, su, hava, fuel\u00a0oil,kimya, g\u0131da,ila\u00e7 end\u00fcstrisinde,\u00a0solventlerde,pigmentlerde, ve boya transfer hatlar\u0131nda kullan\u0131lmaktad\u0131r. S\u0131cakl\u0131k aral\u0131\u011f\u0131 :-40\u00b0C ile260\u00b0C","rel":"","context":"\u062a\u062f\u0648\u064a\u0646\u0629 \u0645\u0634\u0627\u0628\u0647\u0629","block_context":{"text":"\u062a\u062f\u0648\u064a\u0646\u0629 \u0645\u0634\u0627\u0628\u0647\u0629","link":""},"img":{"alt_text":"","src":"https:\/\/i0.wp.com\/tuzlahortum.com.tr\/wp-content\/uploads\/2019\/04\/Paslanmaz-%C3%96rg%C3%BCl%C3%BC-D%C3%BCz-Teflon-Hortum-1-1.jpg?fit=771%2C500&ssl=1&resize=350%2C200","width":350,"height":200,"srcset":"https:\/\/i0.wp.com\/tuzlahortum.com.tr\/wp-content\/uploads\/2019\/04\/Paslanmaz-%C3%96rg%C3%BCl%C3%BC-D%C3%BCz-Teflon-Hortum-1-1.jpg?fit=771%2C500&ssl=1&resize=350%2C200 1x, https:\/\/i0.wp.com\/tuzlahortum.com.tr\/wp-content\/uploads\/2019\/04\/Paslanmaz-%C3%96rg%C3%BCl%C3%BC-D%C3%BCz-Teflon-Hortum-1-1.jpg?fit=771%2C500&ssl=1&resize=525%2C300 1.5x, https:\/\/i0.wp.com\/tuzlahortum.com.tr\/wp-content\/uploads\/2019\/04\/Paslanmaz-%C3%96rg%C3%BCl%C3%BC-D%C3%BCz-Teflon-Hortum-1-1.jpg?fit=771%2C500&ssl=1&resize=700%2C400 2x"},"classes":[]},{"id":809,"url":"https:\/\/tuzlahortum.com.tr\/ar\/product\/paslanmaz-orgulu-bogumlu-teflon-hortum\/","url_meta":{"origin":7104,"position":1},"title":"\u063a\u064a\u0631 \u0627\u0644\u0642\u0627\u0628\u0644 \u0644\u0644\u0635\u062f\u0623 \u0645\u0636\u0641\u0631 \u062e\u0631\u0637\u0648\u0645 \u062a\u0641\u0644\u0648\u0646 \u0645\u0639\u0642\u0648\u062f","author":"admin","date":"6 \u0641\u0628\u0631\u0627\u064a\u0631 2019","format":false,"excerpt":"Paslanmaz \u00d6rg\u00fcl\u00fc Bo\u011fumlu Teflon HortumGENEL \u00d6ZELL\u0130KLER \u0130\u00e7 k\u0131sm\u0131 teflon (PTFE), sarg\u0131l\u0131, y\u00fcksek\u00a0mekanik diren\u00e7li, dielektriksel,ve\u00a0 ate\u015fe dayan\u0131kl\u0131 Y\u00fcksek gerilmeye mukavemetli\u00a0 AISI 304 paslanmaz \u00e7elik tel \u00f6rg\u00fcl\u00fc Kompres\u00f6rlerde, gaz, buhar, su, hava, fuel oil,kimya, g\u0131da,ila\u00e7 end\u00fcstrisinde, solventlerde, pigmentlerde, ve boya transfer hatlar\u0131nda\u00a0kullan\u0131lmaktad\u0131r. S\u0131cakl\u0131k aral\u0131\u011f\u0131 :-40\u00b0C ile260\u00b0C","rel":"","context":"\u062a\u062f\u0648\u064a\u0646\u0629 \u0645\u0634\u0627\u0628\u0647\u0629","block_context":{"text":"\u062a\u062f\u0648\u064a\u0646\u0629 \u0645\u0634\u0627\u0628\u0647\u0629","link":""},"img":{"alt_text":"","src":"https:\/\/i0.wp.com\/tuzlahortum.com.tr\/wp-content\/uploads\/2019\/04\/Paslanmaz-%C3%96rg%C3%BCl%C3%BC-Bo%C4%9Fumlu-Teflon-Hortum.jpg?fit=771%2C500&ssl=1&resize=350%2C200","width":350,"height":200,"srcset":"https:\/\/i0.wp.com\/tuzlahortum.com.tr\/wp-content\/uploads\/2019\/04\/Paslanmaz-%C3%96rg%C3%BCl%C3%BC-Bo%C4%9Fumlu-Teflon-Hortum.jpg?fit=771%2C500&ssl=1&resize=350%2C200 1x, https:\/\/i0.wp.com\/tuzlahortum.com.tr\/wp-content\/uploads\/2019\/04\/Paslanmaz-%C3%96rg%C3%BCl%C3%BC-Bo%C4%9Fumlu-Teflon-Hortum.jpg?fit=771%2C500&ssl=1&resize=525%2C300 1.5x, https:\/\/i0.wp.com\/tuzlahortum.com.tr\/wp-content\/uploads\/2019\/04\/Paslanmaz-%C3%96rg%C3%BCl%C3%BC-Bo%C4%9Fumlu-Teflon-Hortum.jpg?fit=771%2C500&ssl=1&resize=700%2C400 2x"},"classes":[]},{"id":691,"url":"https:\/\/tuzlahortum.com.tr\/ar\/product\/tc-24\/","url_meta":{"origin":7104,"position":2},"title":"TC 24","author":"admin","date":"6 \u0641\u0628\u0631\u0627\u064a\u0631 2019","format":false,"excerpt":"TC 24MATERYAL: Hortum Cidar\u0131 : PTFE (Teflon) Kapl\u0131 kuma\u015f \u2022 A\u011f\u0131rl\u0131k : 155 - 270 gr\/m2 \u00c7apa g\u00f6re de\u011fi\u015fmektedir \u2022 \u00c7ekme dayan\u0131m\u0131 : Warp: 800 N\/5cm, Weft: 1200 N\/5cm \u2022 Renk : Gri D\u0131\u015f Spiaral : Galvaniz \u00e7elik UYGULAMALAR: \u2022 S\u0131cak hava transferi \u2022 Egzoz transferi \u2022 Savunma sanayi \u0131s\u0131\u2026","rel":"","context":"\u062a\u062f\u0648\u064a\u0646\u0629 \u0645\u0634\u0627\u0628\u0647\u0629","block_context":{"text":"\u062a\u062f\u0648\u064a\u0646\u0629 \u0645\u0634\u0627\u0628\u0647\u0629","link":""},"img":{"alt_text":"","src":"https:\/\/i0.wp.com\/tuzlahortum.com.tr\/wp-content\/uploads\/2019\/03\/TC-24.jpg?fit=600%2C450&ssl=1&resize=350%2C200","width":350,"height":200,"srcset":"https:\/\/i0.wp.com\/tuzlahortum.com.tr\/wp-content\/uploads\/2019\/03\/TC-24.jpg?fit=600%2C450&ssl=1&resize=350%2C200 1x, https:\/\/i0.wp.com\/tuzlahortum.com.tr\/wp-content\/uploads\/2019\/03\/TC-24.jpg?fit=600%2C450&ssl=1&resize=525%2C300 1.5x"},"classes":[]},{"id":8918,"url":"https:\/\/tuzlahortum.com.tr\/ar\/product\/trellflex-chem-ptfe-10-ss\/","url_meta":{"origin":7104,"position":3},"title":"TRELLFLEX CHEM PTFE 10 SS","author":"\u0130smail \u00c7elik","date":"26 \u0645\u0627\u0631\u0633 2019","format":false,"excerpt":"TRELLFLEX CHEM PTFE 10 SSKompozit hortumlar\/Kimyasal ve korozif \u00fcr\u00fcnler \u00c7ok agresif veya \u00e7ok korozif olan kimyasallar, kimyasal at\u0131klar\u0131n \u00e7o\u011funun \u00e7ekilmesi ve tahliyesi. Karayolu ve demiryolu tankerleri ekipman\u0131 veya kimya end\u00fcstrisindeki sabit sistemler. Avantajlar Hortumun esnekli\u011finden (d\u00fc\u015f\u00fck k\u0131vr\u0131lma yar\u0131\u00e7ap\u0131) dolay\u0131 ta\u015f\u0131mas\u0131 kolayd\u0131r. Geni\u015f bir s\u0131cakl\u0131k aral\u0131\u011f\u0131nda kullan\u0131labilir. Bir\u00e7ok farkl\u0131 kimyasal i\u00e7in\u2026","rel":"","context":"\u062a\u062f\u0648\u064a\u0646\u0629 \u0645\u0634\u0627\u0628\u0647\u0629","block_context":{"text":"\u062a\u062f\u0648\u064a\u0646\u0629 \u0645\u0634\u0627\u0628\u0647\u0629","link":""},"img":{"alt_text":"","src":"https:\/\/i0.wp.com\/tuzlahortum.com.tr\/wp-content\/uploads\/2019\/03\/trellflex-chem-ptfe-1.jpg?fit=624%2C602&ssl=1&resize=350%2C200","width":350,"height":200,"srcset":"https:\/\/i0.wp.com\/tuzlahortum.com.tr\/wp-content\/uploads\/2019\/03\/trellflex-chem-ptfe-1.jpg?fit=624%2C602&ssl=1&resize=350%2C200 1x, https:\/\/i0.wp.com\/tuzlahortum.com.tr\/wp-content\/uploads\/2019\/03\/trellflex-chem-ptfe-1.jpg?fit=624%2C602&ssl=1&resize=525%2C300 1.5x"},"classes":[]},{"id":8867,"url":"https:\/\/tuzlahortum.com.tr\/ar\/product\/trellflex-chem-ptfe-10-sg\/","url_meta":{"origin":7104,"position":4},"title":"TRELLFLEX CHEM PTFE 10 \u062c\u0631\u0627\u0645","author":"\u0130smail \u00c7elik","date":"26 \u0645\u0627\u0631\u0633 2019","format":false,"excerpt":"TRELLFLEX CHEM PTFE 10 SGKompozit hortumlar\/Kimyasal ve korozif \u00fcr\u00fcnler \u00c7ok agresif veya \u00e7ok korozif olan kimyasallar, kimyasal at\u0131klar\u0131n \u00e7o\u011funun \u00e7ekilmesi ve tahliyesi. Karayolu ve demiryolu tankerleri ekipman\u0131 veya kimya end\u00fcstrisindeki sabit sistemler. Avantajlar Hortumun esnekli\u011finden (d\u00fc\u015f\u00fck k\u0131vr\u0131lma yar\u0131\u00e7ap\u0131) dolay\u0131 ta\u015f\u0131mas\u0131 kolayd\u0131r. Geni\u015f bir s\u0131cakl\u0131k aral\u0131\u011f\u0131nda kullan\u0131labilir. Bir\u00e7ok farkl\u0131 kimyasal i\u00e7in\u2026","rel":"","context":"\u062a\u062f\u0648\u064a\u0646\u0629 \u0645\u0634\u0627\u0628\u0647\u0629","block_context":{"text":"\u062a\u062f\u0648\u064a\u0646\u0629 \u0645\u0634\u0627\u0628\u0647\u0629","link":""},"img":{"alt_text":"","src":"https:\/\/i0.wp.com\/tuzlahortum.com.tr\/wp-content\/uploads\/2019\/03\/trellflex-chem-ptfe-1.jpg?fit=624%2C602&ssl=1&resize=350%2C200","width":350,"height":200,"srcset":"https:\/\/i0.wp.com\/tuzlahortum.com.tr\/wp-content\/uploads\/2019\/03\/trellflex-chem-ptfe-1.jpg?fit=624%2C602&ssl=1&resize=350%2C200 1x, https:\/\/i0.wp.com\/tuzlahortum.com.tr\/wp-content\/uploads\/2019\/03\/trellflex-chem-ptfe-1.jpg?fit=624%2C602&ssl=1&resize=525%2C300 1.5x"},"classes":[]},{"id":8872,"url":"https:\/\/tuzlahortum.com.tr\/ar\/product\/trellflex-chem-ptfe-14-sg\/","url_meta":{"origin":7104,"position":5},"title":"TRELLFLEX CHEM PTFE 14 SG","author":"\u0130smail \u00c7elik","date":"26 \u0645\u0627\u0631\u0633 2019","format":false,"excerpt":"TRELLFLEX CHEM PTFE 14 SGKompozit hortumlar\/Kimyasal ve korozif \u00fcr\u00fcnler \u00c7ok agresif veya \u00e7ok korozif olan kimyasallar, kimyasal at\u0131klar\u0131n \u00e7o\u011funun \u00e7ekilmesi ve tahliyesi. Karayolu ve demiryolu tankerleri ekipman\u0131 veya kimya end\u00fcstrisindeki sabit sistemler. Avantajlar Hortumun esnekli\u011finden (d\u00fc\u015f\u00fck k\u0131vr\u0131lma yar\u0131\u00e7ap\u0131) dolay\u0131 ta\u015f\u0131mas\u0131 kolayd\u0131r. Geni\u015f bir s\u0131cakl\u0131k aral\u0131\u011f\u0131nda kullan\u0131labilir. Bir\u00e7ok farkl\u0131 kimyasal i\u00e7in\u2026","rel":"","context":"\u062a\u062f\u0648\u064a\u0646\u0629 \u0645\u0634\u0627\u0628\u0647\u0629","block_context":{"text":"\u062a\u062f\u0648\u064a\u0646\u0629 \u0645\u0634\u0627\u0628\u0647\u0629","link":""},"img":{"alt_text":"","src":"https:\/\/i0.wp.com\/tuzlahortum.com.tr\/wp-content\/uploads\/2019\/03\/trellflex-chem-ptfe-1.jpg?fit=624%2C602&ssl=1&resize=350%2C200","width":350,"height":200,"srcset":"https:\/\/i0.wp.com\/tuzlahortum.com.tr\/wp-content\/uploads\/2019\/03\/trellflex-chem-ptfe-1.jpg?fit=624%2C602&ssl=1&resize=350%2C200 1x, https:\/\/i0.wp.com\/tuzlahortum.com.tr\/wp-content\/uploads\/2019\/03\/trellflex-chem-ptfe-1.jpg?fit=624%2C602&ssl=1&resize=525%2C300 1.5x"},"classes":[]}],"jetpack_sharing_enabled":true,"jetpack_likes_enabled":true,"_links":{"self":[{"href":"https:\/\/tuzlahortum.com.tr\/ar\/wp-json\/wp\/v2\/product\/7104","targetHints":{"allow":["GET"]}}],"collection":[{"href":"https:\/\/tuzlahortum.com.tr\/ar\/wp-json\/wp\/v2\/product"}],"about":[{"href":"https:\/\/tuzlahortum.com.tr\/ar\/wp-json\/wp\/v2\/types\/product"}],"replies":[{"embeddable":true,"href":"https:\/\/tuzlahortum.com.tr\/ar\/wp-json\/wp\/v2\/comments?post=7104"}],"wp:featuredmedia":[{"embeddable":true,"href":"https:\/\/tuzlahortum.com.tr\/ar\/wp-json\/wp\/v2\/media\/7114"}],"wp:attachment":[{"href":"https:\/\/tuzlahortum.com.tr\/ar\/wp-json\/wp\/v2\/media?parent=7104"}],"wp:term":[{"taxonomy":"product_brand","embeddable":true,"href":"https:\/\/tuzlahortum.com.tr\/ar\/wp-json\/wp\/v2\/product_brand?post=7104"},{"taxonomy":"product_cat","embeddable":true,"href":"https:\/\/tuzlahortum.com.tr\/ar\/wp-json\/wp\/v2\/product_cat?post=7104"},{"taxonomy":"product_tag","embeddable":true,"href":"https:\/\/tuzlahortum.com.tr\/ar\/wp-json\/wp\/v2\/product_tag?post=7104"}],"curies":[{"name":"\u062f\u0628\u0644\u064a\u0648 \u0628\u064a","href":"https:\/\/api.w.org\/{rel}","templated":true}]}}