{"id":709,"date":"2019-02-06T23:52:52","date_gmt":"2019-02-06T20:52:52","guid":{"rendered":"http:\/\/hortum.com.tr\/product\/import-placeholder-for-600\/"},"modified":"2024-03-21T17:43:39","modified_gmt":"2024-03-21T14:43:39","slug":"dp-tipi-polipropilen-kamlok","status":"publish","type":"product","link":"https:\/\/tuzlahortum.com.tr\/ar\/product\/dp-tipi-polipropilen-kamlok\/","title":{"rendered":"DP \u0646\u0648\u0639 \u0627\u0644\u0628\u0648\u0644\u064a \u0628\u0631\u0648\u0628\u0644\u064a\u0646 Camlock"},"content":{"rendered":"<h2>DP \u0646\u0648\u0639 \u0627\u0644\u0628\u0648\u0644\u064a \u0628\u0631\u0648\u0628\u0644\u064a\u0646 Camlock<\/h2>\n<p>https:\/\/www.youtube.com\/watch?v=O8ZlzKEjfEQ<\/p>\n<p style=\"text-align: center;\">\n    <a href=\"https:\/\/www.flow-hose.com.tr\/technical-info\/2-2\/kamloklar\" target=\"_blank\" class=\"button\" style=\"margin-top:12px;\" rel=\"noopener\">\u0627\u0646\u0642\u0631 \u0644\u0644\u062d\u0635\u0648\u0644 \u0639\u0644\u0649 \u062f\u0644\u064a\u0644 \u0643\u0627\u0645\u0644\u0648\u0643<\/a><\/p>","protected":false},"excerpt":{"rendered":"<p>DP Tipi Poliropilen Kamlok https:\/\/www.youtube.com\/watch?v=O8ZlzKEjfEQ Kamlok Rehberi i\u00e7in t\u0131klay\u0131n\u0131z<\/p>","protected":false},"featured_media":12592,"comment_status":"open","ping_status":"closed","template":"","meta":[],"product_brand":[],"product_cat":[2330],"product_tag":[271,752,278,270,269,277,2332,274,276,275],"class_list":{"0":"post-709","1":"product","2":"type-product","3":"status-publish","4":"has-post-thumbnail","6":"product_cat-polipropilen-kamloklar","7":"product_tag-baglanti-elemani","8":"product_tag-dp-tipi","9":"product_tag-hizli-baglanti","10":"product_tag-hortum-baglantisi","11":"product_tag-kamlok","12":"product_tag-kolay-baglanti","13":"product_tag-poliropilen","14":"product_tag-sok","15":"product_tag-sok-tak","16":"product_tag-tak","18":"first","19":"instock","20":"taxable","21":"shipping-taxable","22":"product-type-variable"},"jetpack-related-posts":[{"id":705,"url":"https:\/\/tuzlahortum.com.tr\/ar\/product\/a-tipi-poliropilen-kamlok\/","url_meta":{"origin":709,"position":0},"title":"\u0646\u0648\u0639 \u0627\u0644\u0628\u0648\u0644\u064a \u0628\u0631\u0648\u0628\u0644\u064a\u0646 Camlock","author":"admin","date":"6 \u0641\u0628\u0631\u0627\u064a\u0631 2019","format":false,"excerpt":"A Tipi Poliropilen Kamlokhttps:\/\/www.youtube.com\/watch?v=O8ZlzKEjfEQ Kamlok Rehberi i\u00e7in t\u0131klay\u0131n\u0131z","rel":"","context":"\u062a\u062f\u0648\u064a\u0646\u0629 \u0645\u0634\u0627\u0628\u0647\u0629","block_context":{"text":"\u062a\u062f\u0648\u064a\u0646\u0629 \u0645\u0634\u0627\u0628\u0647\u0629","link":""},"img":{"alt_text":"","src":"https:\/\/i0.wp.com\/tuzlahortum.com.tr\/wp-content\/uploads\/2019\/02\/PPA.jpg?fit=901%2C579&ssl=1&resize=350%2C200","width":350,"height":200,"srcset":"https:\/\/i0.wp.com\/tuzlahortum.com.tr\/wp-content\/uploads\/2019\/02\/PPA.jpg?fit=901%2C579&ssl=1&resize=350%2C200 1x, https:\/\/i0.wp.com\/tuzlahortum.com.tr\/wp-content\/uploads\/2019\/02\/PPA.jpg?fit=901%2C579&ssl=1&resize=525%2C300 1.5x, https:\/\/i0.wp.com\/tuzlahortum.com.tr\/wp-content\/uploads\/2019\/02\/PPA.jpg?fit=901%2C579&ssl=1&resize=700%2C400 2x"},"classes":[]},{"id":707,"url":"https:\/\/tuzlahortum.com.tr\/ar\/product\/c-tipi-poliropilen-kamlok\/","url_meta":{"origin":709,"position":1},"title":"C \u0646\u0648\u0639 \u0627\u0644\u0628\u0648\u0644\u064a \u0628\u0631\u0648\u0628\u0644\u064a\u0646 Camlock","author":"admin","date":"6 \u0641\u0628\u0631\u0627\u064a\u0631 2019","format":false,"excerpt":"C Tipi Poliropilen Kamlokhttps:\/\/www.youtube.com\/watch?v=O8ZlzKEjfEQ Kamlok Rehberi i\u00e7in t\u0131klay\u0131n\u0131z","rel":"","context":"\u062a\u062f\u0648\u064a\u0646\u0629 \u0645\u0634\u0627\u0628\u0647\u0629","block_context":{"text":"\u062a\u062f\u0648\u064a\u0646\u0629 \u0645\u0634\u0627\u0628\u0647\u0629","link":""},"img":{"alt_text":"","src":"https:\/\/i0.wp.com\/tuzlahortum.com.tr\/wp-content\/uploads\/2019\/02\/PPC.jpg?fit=900%2C580&ssl=1&resize=350%2C200","width":350,"height":200,"srcset":"https:\/\/i0.wp.com\/tuzlahortum.com.tr\/wp-content\/uploads\/2019\/02\/PPC.jpg?fit=900%2C580&ssl=1&resize=350%2C200 1x, https:\/\/i0.wp.com\/tuzlahortum.com.tr\/wp-content\/uploads\/2019\/02\/PPC.jpg?fit=900%2C580&ssl=1&resize=525%2C300 1.5x, https:\/\/i0.wp.com\/tuzlahortum.com.tr\/wp-content\/uploads\/2019\/02\/PPC.jpg?fit=900%2C580&ssl=1&resize=700%2C400 2x"},"classes":[]},{"id":708,"url":"https:\/\/tuzlahortum.com.tr\/ar\/product\/dc-tipi-poliropilen-kamlok\/","url_meta":{"origin":709,"position":2},"title":"DC \u0646\u0648\u0639 \u0627\u0644\u0628\u0648\u0644\u064a \u0628\u0631\u0648\u0628\u0644\u064a\u0646 Camlock","author":"admin","date":"6 \u0641\u0628\u0631\u0627\u064a\u0631 2019","format":false,"excerpt":"DC Tipi Poliropilen Kamlokhttps:\/\/www.youtube.com\/watch?v=O8ZlzKEjfEQ Kamlok Rehberi i\u00e7in t\u0131klay\u0131n\u0131z","rel":"","context":"\u062a\u062f\u0648\u064a\u0646\u0629 \u0645\u0634\u0627\u0628\u0647\u0629","block_context":{"text":"\u062a\u062f\u0648\u064a\u0646\u0629 \u0645\u0634\u0627\u0628\u0647\u0629","link":""},"img":{"alt_text":"","src":"https:\/\/i0.wp.com\/tuzlahortum.com.tr\/wp-content\/uploads\/2019\/02\/PPDC.jpg?fit=900%2C579&ssl=1&resize=350%2C200","width":350,"height":200,"srcset":"https:\/\/i0.wp.com\/tuzlahortum.com.tr\/wp-content\/uploads\/2019\/02\/PPDC.jpg?fit=900%2C579&ssl=1&resize=350%2C200 1x, https:\/\/i0.wp.com\/tuzlahortum.com.tr\/wp-content\/uploads\/2019\/02\/PPDC.jpg?fit=900%2C579&ssl=1&resize=525%2C300 1.5x, https:\/\/i0.wp.com\/tuzlahortum.com.tr\/wp-content\/uploads\/2019\/02\/PPDC.jpg?fit=900%2C579&ssl=1&resize=700%2C400 2x"},"classes":[]},{"id":840,"url":"https:\/\/tuzlahortum.com.tr\/ar\/product\/b-tipi-poliropilen-kamlok\/","url_meta":{"origin":709,"position":3},"title":"B \u0646\u0648\u0639 \u0627\u0644\u0628\u0648\u0644\u064a \u0628\u0631\u0648\u0628\u0644\u064a\u0646 Camlock","author":"admin","date":"6 \u0641\u0628\u0631\u0627\u064a\u0631 2019","format":false,"excerpt":"B Tipi Poliropilen Kamlokhttps:\/\/www.youtube.com\/watch?v=O8ZlzKEjfEQ Kamlok Rehberi i\u00e7in t\u0131klay\u0131n\u0131z","rel":"","context":"\u062a\u062f\u0648\u064a\u0646\u0629 \u0645\u0634\u0627\u0628\u0647\u0629","block_context":{"text":"\u062a\u062f\u0648\u064a\u0646\u0629 \u0645\u0634\u0627\u0628\u0647\u0629","link":""},"img":{"alt_text":"","src":"https:\/\/i0.wp.com\/tuzlahortum.com.tr\/wp-content\/uploads\/2019\/02\/PPB.jpg?fit=900%2C580&ssl=1&resize=350%2C200","width":350,"height":200,"srcset":"https:\/\/i0.wp.com\/tuzlahortum.com.tr\/wp-content\/uploads\/2019\/02\/PPB.jpg?fit=900%2C580&ssl=1&resize=350%2C200 1x, https:\/\/i0.wp.com\/tuzlahortum.com.tr\/wp-content\/uploads\/2019\/02\/PPB.jpg?fit=900%2C580&ssl=1&resize=525%2C300 1.5x, https:\/\/i0.wp.com\/tuzlahortum.com.tr\/wp-content\/uploads\/2019\/02\/PPB.jpg?fit=900%2C580&ssl=1&resize=700%2C400 2x"},"classes":[]},{"id":841,"url":"https:\/\/tuzlahortum.com.tr\/ar\/product\/d-tipi-poliropilen-kamlok\/","url_meta":{"origin":709,"position":4},"title":"D \u0646\u0648\u0639 \u0627\u0644\u0628\u0648\u0644\u064a \u0628\u0631\u0648\u0628\u0644\u064a\u0646 Camlock","author":"admin","date":"6 \u0641\u0628\u0631\u0627\u064a\u0631 2019","format":false,"excerpt":"D Tipi Poliropilen Kamlokhttps:\/\/www.youtube.com\/watch?v=O8ZlzKEjfEQ Kamlok Rehberi i\u00e7in t\u0131klay\u0131n\u0131z","rel":"","context":"\u062a\u062f\u0648\u064a\u0646\u0629 \u0645\u0634\u0627\u0628\u0647\u0629","block_context":{"text":"\u062a\u062f\u0648\u064a\u0646\u0629 \u0645\u0634\u0627\u0628\u0647\u0629","link":""},"img":{"alt_text":"","src":"https:\/\/i0.wp.com\/tuzlahortum.com.tr\/wp-content\/uploads\/2019\/02\/PPD.jpg?fit=900%2C580&ssl=1&resize=350%2C200","width":350,"height":200,"srcset":"https:\/\/i0.wp.com\/tuzlahortum.com.tr\/wp-content\/uploads\/2019\/02\/PPD.jpg?fit=900%2C580&ssl=1&resize=350%2C200 1x, https:\/\/i0.wp.com\/tuzlahortum.com.tr\/wp-content\/uploads\/2019\/02\/PPD.jpg?fit=900%2C580&ssl=1&resize=525%2C300 1.5x, https:\/\/i0.wp.com\/tuzlahortum.com.tr\/wp-content\/uploads\/2019\/02\/PPD.jpg?fit=900%2C580&ssl=1&resize=700%2C400 2x"},"classes":[]},{"id":842,"url":"https:\/\/tuzlahortum.com.tr\/ar\/product\/e-tipi-poliropilen-kamlok\/","url_meta":{"origin":709,"position":5},"title":"E \u0646\u0648\u0639 \u0627\u0644\u0628\u0648\u0644\u064a \u0628\u0631\u0648\u0628\u0644\u064a\u0646 Camlock","author":"admin","date":"6 \u0641\u0628\u0631\u0627\u064a\u0631 2019","format":false,"excerpt":"E Tipi Poliropilen Kamlokhttps:\/\/www.youtube.com\/watch?v=O8ZlzKEjfEQ Kamlok Rehberi i\u00e7in t\u0131klay\u0131n\u0131z","rel":"","context":"\u062a\u062f\u0648\u064a\u0646\u0629 \u0645\u0634\u0627\u0628\u0647\u0629","block_context":{"text":"\u062a\u062f\u0648\u064a\u0646\u0629 \u0645\u0634\u0627\u0628\u0647\u0629","link":""},"img":{"alt_text":"","src":"https:\/\/i0.wp.com\/tuzlahortum.com.tr\/wp-content\/uploads\/2019\/02\/PPE.jpg?fit=900%2C579&ssl=1&resize=350%2C200","width":350,"height":200,"srcset":"https:\/\/i0.wp.com\/tuzlahortum.com.tr\/wp-content\/uploads\/2019\/02\/PPE.jpg?fit=900%2C579&ssl=1&resize=350%2C200 1x, https:\/\/i0.wp.com\/tuzlahortum.com.tr\/wp-content\/uploads\/2019\/02\/PPE.jpg?fit=900%2C579&ssl=1&resize=525%2C300 1.5x, https:\/\/i0.wp.com\/tuzlahortum.com.tr\/wp-content\/uploads\/2019\/02\/PPE.jpg?fit=900%2C579&ssl=1&resize=700%2C400 2x"},"classes":[]}],"jetpack_sharing_enabled":true,"jetpack_likes_enabled":true,"_links":{"self":[{"href":"https:\/\/tuzlahortum.com.tr\/ar\/wp-json\/wp\/v2\/product\/709","targetHints":{"allow":["GET"]}}],"collection":[{"href":"https:\/\/tuzlahortum.com.tr\/ar\/wp-json\/wp\/v2\/product"}],"about":[{"href":"https:\/\/tuzlahortum.com.tr\/ar\/wp-json\/wp\/v2\/types\/product"}],"replies":[{"embeddable":true,"href":"https:\/\/tuzlahortum.com.tr\/ar\/wp-json\/wp\/v2\/comments?post=709"}],"wp:featuredmedia":[{"embeddable":true,"href":"https:\/\/tuzlahortum.com.tr\/ar\/wp-json\/wp\/v2\/media\/12592"}],"wp:attachment":[{"href":"https:\/\/tuzlahortum.com.tr\/ar\/wp-json\/wp\/v2\/media?parent=709"}],"wp:term":[{"taxonomy":"product_brand","embeddable":true,"href":"https:\/\/tuzlahortum.com.tr\/ar\/wp-json\/wp\/v2\/product_brand?post=709"},{"taxonomy":"product_cat","embeddable":true,"href":"https:\/\/tuzlahortum.com.tr\/ar\/wp-json\/wp\/v2\/product_cat?post=709"},{"taxonomy":"product_tag","embeddable":true,"href":"https:\/\/tuzlahortum.com.tr\/ar\/wp-json\/wp\/v2\/product_tag?post=709"}],"curies":[{"name":"\u062f\u0628\u0644\u064a\u0648 \u0628\u064a","href":"https:\/\/api.w.org\/{rel}","templated":true}]}}