{"id":7054,"date":"2019-03-07T13:01:07","date_gmt":"2019-03-07T10:01:07","guid":{"rendered":"http:\/\/hortum.com.tr\/?post_type=product&#038;p=7054"},"modified":"2024-03-21T17:39:01","modified_gmt":"2024-03-21T14:39:01","slug":"selblast-4plus-waterblast","status":"publish","type":"product","link":"https:\/\/tuzlahortum.com.tr\/ar\/product\/selblast-4plus-waterblast\/","title":{"rendered":"SELBLAST 4+ (WATERBLAST)"},"content":{"rendered":"<h2>SELBLAST 4+ (WATERBLAST)<\/h2>\n<table border=\"0\" width=\"570\">\n<tbody>\n<tr>\n<td colspan=\"2\" valign=\"top\">\n<table border=\"0\" width=\"100%\">\n<tbody>\n<tr valign=\"top\">\n<td width=\"60\">\u0627\u0644\u0637\u0627\u0628\u0642 \u0627\u0644\u0633\u0641\u0644\u064a<\/td>\n<td width=\"15\">:<\/td>\n<td width=\"370\">\u0645\u0637\u0627\u0637 \u0635\u0646\u0627\u0639\u064a \u062e\u0627\u0635 \u0645\u0642\u0627\u0648\u0645 \u0644\u0644\u0632\u064a\u0648\u062a \u0627\u0644\u0647\u064a\u062f\u0631\u0648\u0644\u064a\u0643\u064a\u0629 \u0627\u0644\u0645\u0639\u062f\u0646\u064a\u0629 \u0648\u0627\u0644\u0646\u0628\u0627\u062a\u064a\u0629 \u0648\u0627\u0644\u062c\u0644\u064a\u0643\u0648\u0644.<\/td>\n<\/tr>\n<tr valign=\"top\">\n<td width=\"60\">\u062a\u0639\u0632\u064a\u0632<\/td>\n<td width=\"15\">:<\/td>\n<td width=\"370\">4 \u0623\u0648 6 \u0644\u0641 \u0633\u0644\u0643 \u0641\u0648\u0644\u0627\u0630\u064a \u0639\u0627\u0644\u064a \u0627\u0644\u0634\u062f.<\/td>\n<\/tr>\n<tr valign=\"top\">\n<td width=\"60\">\u0627\u0644\u0637\u0627\u0628\u0642 \u0627\u0644\u0639\u0644\u0648\u064a<\/td>\n<td width=\"15\">:<\/td>\n<td width=\"370\">\u0645\u0637\u0627\u0637 \u0635\u0646\u0627\u0639\u064a \u0645\u063a\u0644\u0641 \u062e\u0627\u0635 \u0645\u0642\u0627\u0648\u0645 \u0644\u0644\u0632\u064a\u0648\u062a \u0648\u0627\u0644\u0627\u0631\u062a\u062f\u0627\u0621 \u0648\u062c\u0645\u064a\u0639 \u0638\u0631\u0648\u0641 \u0627\u0644\u0637\u0642\u0633.<\/td>\n<\/tr>\n<tr valign=\"top\">\n<td width=\"60\">\u0645\u0643\u0627\u0646 \u0627\u0644\u0627\u0633\u062a\u062e\u062f\u0627\u0645<\/td>\n<td width=\"15\">:<\/td>\n<td width=\"370\">\u0641\u064a \u0623\u0646\u0638\u0645\u0629 \u0627\u0644\u0643\u0634\u0637 \u0627\u0644\u0645\u0627\u0626\u064a \u0639\u0646\u062f \u0636\u063a\u0637 \u0645\u0631\u062a\u0641\u0639 \u062c\u062f\u064b\u0627.<\/td>\n<\/tr>\n<\/tbody>\n<\/table>\n<\/td>\n<\/tr>\n<\/tbody>\n<\/table>\n<p>&nbsp;<\/p>\n<div class=\"video video-fit mb\" style=\"padding-top:56.25%;\"><p><iframe loading=\"lazy\" title=\"\u0627\u0631\u062a\u0628\u0627\u0643 \u0627\u0644\u0642\u064a\u0627\u0633 (\u0628\u0648\u0635\u0629\u060c \u0625\u0635\u0628\u0639\u060c \u0636\u0628\u0627\u0628\u060c \u0645\u0644\u0644\u064a\u0645\u062a\u0631)\" width=\"1020\" height=\"574\" src=\"https:\/\/www.youtube.com\/embed\/uKk6AG_AZls?feature=oembed\" frameborder=\"0\" allow=\"accelerometer; autoplay; clipboard-write; encrypted-media; gyroscope; picture-in-picture; web-share\" referrerpolicy=\"strict-origin-when-cross-origin\" allowfullscreen><\/iframe><\/p>\n<\/div><img data-recalc-dims=\"1\" loading=\"lazy\" decoding=\"async\" class=\"alignnone size-full wp-image-7052\" src=\"https:\/\/i0.wp.com\/hortum.com.tr\/wp-content\/uploads\/2019\/02\/SELBLAST-4-.jpg?resize=640%2C255\" alt=\"\" width=\"640\" height=\"255\" title=\"\" srcset=\"https:\/\/i0.wp.com\/tuzlahortum.com.tr\/wp-content\/uploads\/2019\/02\/SELBLAST-4-.jpg?w=640&amp;ssl=1 640w, https:\/\/i0.wp.com\/tuzlahortum.com.tr\/wp-content\/uploads\/2019\/02\/SELBLAST-4-.jpg?resize=600%2C239&amp;ssl=1 600w\" sizes=\"auto, (max-width: 640px) 100vw, 640px\" \/><\/p>","protected":false},"excerpt":{"rendered":"<p>SELBLAST 4+ (WATERBLAST) Alt Kat : M\u0130NERAL, NEBAT\u0130 VE GL\u0130KOL BAZLI H\u0130DROL\u0130K YA\u011eLARA DAYANIKLI \u00d6ZEL SENTET\u0130K KAU\u00c7UK. Takviye : 4 VEYA 6 KAT \u00c7OK Y\u00dcKSEK MUKAVEMETL\u0130 SP\u0130RAL \u00c7EL\u0130K TEL. \u00dcst Kat : YA\u011eLARA, A\u015eINMAYA VE HER T\u00dcRL\u00dc HAVA \u015eARTLARINA DAYANIKLI SARGILI \u00d6ZEL SENTET\u0130K KAU\u00c7UK. Kullan\u0131m Yeri : \u00c7OK Y\u00dcKSEK BASIN\u00c7LARDA SU \u0130LE A\u015eINDIRMA S\u0130STEMLER\u0130NDE. &nbsp;<\/p>","protected":false},"featured_media":8416,"comment_status":"open","ping_status":"closed","template":"","meta":{"jetpack_post_was_ever_published":false},"product_brand":[],"product_cat":[157,88],"product_tag":[558,673,658,660,2304,2277,659,674,661],"class_list":{"0":"post-7054","1":"product","2":"type-product","3":"status-publish","4":"has-post-thumbnail","6":"product_cat-hidrolik-hortum","7":"product_cat-hidrolik-hortumlar","8":"product_tag-basinc","9":"product_tag-basincli-su-hortumu","10":"product_tag-hidrolik-hortum","11":"product_tag-hidrolik-yaglara-dayanikli","12":"product_tag-selblast","13":"product_tag-selblast-4","14":"product_tag-sentetik-kaucuk","15":"product_tag-waterblast","16":"product_tag-yuksek-mukavemetli","18":"first","19":"instock","20":"taxable","21":"shipping-taxable","22":"product-type-variable"},"jetpack-related-posts":[],"jetpack_sharing_enabled":true,"jetpack_likes_enabled":true,"_links":{"self":[{"href":"https:\/\/tuzlahortum.com.tr\/ar\/wp-json\/wp\/v2\/product\/7054","targetHints":{"allow":["GET"]}}],"collection":[{"href":"https:\/\/tuzlahortum.com.tr\/ar\/wp-json\/wp\/v2\/product"}],"about":[{"href":"https:\/\/tuzlahortum.com.tr\/ar\/wp-json\/wp\/v2\/types\/product"}],"replies":[{"embeddable":true,"href":"https:\/\/tuzlahortum.com.tr\/ar\/wp-json\/wp\/v2\/comments?post=7054"}],"wp:featuredmedia":[{"embeddable":true,"href":"https:\/\/tuzlahortum.com.tr\/ar\/wp-json\/wp\/v2\/media\/8416"}],"wp:attachment":[{"href":"https:\/\/tuzlahortum.com.tr\/ar\/wp-json\/wp\/v2\/media?parent=7054"}],"wp:term":[{"taxonomy":"product_brand","embeddable":true,"href":"https:\/\/tuzlahortum.com.tr\/ar\/wp-json\/wp\/v2\/product_brand?post=7054"},{"taxonomy":"product_cat","embeddable":true,"href":"https:\/\/tuzlahortum.com.tr\/ar\/wp-json\/wp\/v2\/product_cat?post=7054"},{"taxonomy":"product_tag","embeddable":true,"href":"https:\/\/tuzlahortum.com.tr\/ar\/wp-json\/wp\/v2\/product_tag?post=7054"}],"curies":[{"name":"\u062f\u0628\u0644\u064a\u0648 \u0628\u064a","href":"https:\/\/api.w.org\/{rel}","templated":true}]}}