{"id":692,"date":"2019-02-06T23:52:30","date_gmt":"2019-02-06T20:52:30","guid":{"rendered":"http:\/\/hortum.com.tr\/product\/import-placeholder-for-611\/"},"modified":"2024-03-21T17:43:50","modified_gmt":"2024-03-21T14:43:50","slug":"pulverizator-ilaclama-hortumu","status":"publish","type":"product","link":"https:\/\/tuzlahortum.com.tr\/ar\/product\/pulverizator-ilaclama-hortumu\/","title":{"rendered":"\u062e\u0631\u0637\u0648\u0645 \u0631\u0634 \u0627\u0644\u0637\u0627\u062d\u0646"},"content":{"rendered":"<h2>\u062e\u0631\u0637\u0648\u0645 \u0631\u0634 \u0627\u0644\u0637\u0627\u062d\u0646<\/h2>\n<p><span class=\"footer_baslik\">\u0633\u0645\u0627\u062a :<\/span><\/p>\n<p><span class=\"haberlink\">\u2022 \u0645\u0635\u0646\u0648\u0639 \u0645\u0646 \u0645\u0627\u062f\u0629 PVC \u0645\u0646 \u0627\u0644\u062f\u0631\u062c\u0629 \u0627\u0644\u0623\u0648\u0644\u0649. <\/span><\/p>\n<p><span class=\"haberlink\">\u2022 \u0645\u0642\u0627\u0648\u0645\u0629 \u0639\u0627\u0644\u064a\u0629 \u0644\u0644\u0634\u062f \u0648\u0627\u0644\u062a\u0645\u062f\u062f. <\/span><\/p>\n<p><span class=\"haberlink\">\u2022 \u0645\u0642\u0627\u0648\u0645\u0629 \u0644\u062f\u0631\u062c\u0627\u062a \u0627\u0644\u062d\u0631\u0627\u0631\u0629 \u0628\u064a\u0646 -20 \u062f\u0631\u062c\u0629 \u0645\u0626\u0648\u064a\u0629 \u0648 +60 \u062f\u0631\u062c\u0629 \u0645\u0626\u0648\u064a\u0629.<\/span><\/p>\n<p>\u0645\u062c\u0627\u0644\u0627\u062a \u0627\u0644\u0627\u0633\u062a\u062e\u062f\u0627\u0645:<\/p>\n<p><span class=\"haberlink\">\u2022 \u064a\u0633\u062a\u062e\u062f\u0645 \u0641\u064a \u0627\u0644\u0635\u0646\u0627\u0639\u0629 \u0627\u0644\u0632\u0631\u0627\u0639\u064a\u0629 \u0648\u0623\u0639\u0645\u0627\u0644 \u0627\u0644\u0631\u0634 \u0628\u0627\u0644\u0636\u063a\u0637 \u0627\u0644\u0639\u0627\u0644\u064a.<\/span><\/p>\n<p>&nbsp;<\/p>\n<div class=\"video video-fit mb\" style=\"padding-top:56.25%;\"><p><iframe loading=\"lazy\" title=\"\u0627\u0631\u062a\u0628\u0627\u0643 \u0627\u0644\u0642\u064a\u0627\u0633 (\u0628\u0648\u0635\u0629\u060c \u0625\u0635\u0628\u0639\u060c \u0636\u0628\u0627\u0628\u060c \u0645\u0644\u0644\u064a\u0645\u062a\u0631)\" width=\"1020\" height=\"574\" src=\"https:\/\/www.youtube.com\/embed\/uKk6AG_AZls?feature=oembed\" frameborder=\"0\" allow=\"accelerometer; autoplay; clipboard-write; encrypted-media; gyroscope; picture-in-picture; web-share\" referrerpolicy=\"strict-origin-when-cross-origin\" allowfullscreen><\/iframe><\/p>\n<\/div>","protected":false},"excerpt":{"rendered":"<p>Pulverizat\u00f6r \u0130la\u00e7lama Hortumu \u00d6zellikler : \u2022 1. S\u0131n\u0131f PVC\u2019 den imal edilmi\u015ftir. \u2022 \u00c7ekmeye ve gerilmeye kar\u015f\u0131 y\u00fcksek derecede dayan\u0131kl\u0131d\u0131r. \u2022 -20\u00b0C ile +60\u00b0C aras\u0131nda s\u0131cakl\u0131\u011fa dayan\u0131kl\u0131d\u0131r. Kullan\u0131m Alanlar\u0131 : \u2022 Tar\u0131m sanayinde, y\u00fcksek bas\u0131n\u00e7l\u0131 ila\u00e7lama i\u015flerinde kullan\u0131l\u0131r. &nbsp;<\/p>","protected":false},"featured_media":1527,"comment_status":"open","ping_status":"closed","template":"","meta":{"jetpack_post_was_ever_published":false},"product_brand":[],"product_cat":[158],"product_tag":[720,719,721,718,722,723,652],"class_list":{"0":"post-692","1":"product","2":"type-product","3":"status-publish","4":"has-post-thumbnail","6":"product_cat-ilaclama-hortumlari","7":"product_tag-hortumu","8":"product_tag-ilaclama","9":"product_tag-ilaclama-hortumu","10":"product_tag-pulverizator","11":"product_tag-pulverizator-hortumu","12":"product_tag-sanayi","13":"product_tag-tarim","15":"first","16":"instock","17":"featured","18":"taxable","19":"shipping-taxable","20":"product-type-variable"},"jetpack-related-posts":[],"jetpack_sharing_enabled":true,"jetpack_likes_enabled":true,"_links":{"self":[{"href":"https:\/\/tuzlahortum.com.tr\/ar\/wp-json\/wp\/v2\/product\/692","targetHints":{"allow":["GET"]}}],"collection":[{"href":"https:\/\/tuzlahortum.com.tr\/ar\/wp-json\/wp\/v2\/product"}],"about":[{"href":"https:\/\/tuzlahortum.com.tr\/ar\/wp-json\/wp\/v2\/types\/product"}],"replies":[{"embeddable":true,"href":"https:\/\/tuzlahortum.com.tr\/ar\/wp-json\/wp\/v2\/comments?post=692"}],"wp:featuredmedia":[{"embeddable":true,"href":"https:\/\/tuzlahortum.com.tr\/ar\/wp-json\/wp\/v2\/media\/1527"}],"wp:attachment":[{"href":"https:\/\/tuzlahortum.com.tr\/ar\/wp-json\/wp\/v2\/media?parent=692"}],"wp:term":[{"taxonomy":"product_brand","embeddable":true,"href":"https:\/\/tuzlahortum.com.tr\/ar\/wp-json\/wp\/v2\/product_brand?post=692"},{"taxonomy":"product_cat","embeddable":true,"href":"https:\/\/tuzlahortum.com.tr\/ar\/wp-json\/wp\/v2\/product_cat?post=692"},{"taxonomy":"product_tag","embeddable":true,"href":"https:\/\/tuzlahortum.com.tr\/ar\/wp-json\/wp\/v2\/product_tag?post=692"}],"curies":[{"name":"\u062f\u0628\u0644\u064a\u0648 \u0628\u064a","href":"https:\/\/api.w.org\/{rel}","templated":true}]}}