{"id":691,"date":"2019-02-06T23:52:30","date_gmt":"2019-02-06T20:52:30","guid":{"rendered":"http:\/\/hortum.com.tr\/product\/import-placeholder-for-243\/"},"modified":"2024-03-21T17:43:51","modified_gmt":"2024-03-21T14:43:51","slug":"tc-24","status":"publish","type":"product","link":"https:\/\/tuzlahortum.com.tr\/ar\/product\/tc-24\/","title":{"rendered":"TC 24"},"content":{"rendered":"<h2>TC 24<\/h2>\n<div>\u0627\u0644\u0645\u0648\u0627\u062f:<\/div>\n<div>\u062c\u062f\u0627\u0631 \u0627\u0644\u062e\u0631\u0637\u0648\u0645: \u0642\u0645\u0627\u0634 \u0645\u0637\u0644\u064a \u0628\u0645\u0627\u062f\u0629 PTFE (\u062a\u0641\u0644\u0648\u0646)<\/div>\n<div>\u2022 \u0627\u0644\u0648\u0632\u0646: 155 - 270 \u062c\u0631\u0627\u0645 \/ \u0645 2<\/div>\n<div>\u062d\u0633\u0628 \u0627\u0644\u0642\u0637\u0631<\/div>\n<div>\u064a\u062a\u063a\u064a\u0631<\/div>\n<div>\u2022 \u0642\u0648\u0629 \u0627\u0644\u0634\u062f: \u0627\u0644\u0627\u0644\u062a\u0641\u0627\u0641: 800 \u0646\u064a\u0648\u062a\u0646 \/ 5 \u0633\u0645 \u060c<\/div>\n<div>\u0627\u0644\u0644\u062d\u0645\u0629: 1200 \u0646\u064a\u0648\u062a\u0646 \/ 5 \u0633\u0645<\/div>\n<div>\u2022 \u0631\u0645\u0627\u062f\u064a \u0627\u0644\u0644\u0648\u0646<\/div>\n<div>Spiaral \u0627\u0644\u062e\u0627\u0631\u062c\u064a: \u0627\u0644\u0641\u0648\u0644\u0627\u0630 \u0627\u0644\u0645\u062c\u0644\u0641\u0646<\/div>\n<div><\/div>\n<div><div class=\"video video-fit mb\" style=\"padding-top:56.25%;\"><p><iframe loading=\"lazy\" title=\"\u0627\u0631\u062a\u0628\u0627\u0643 \u0627\u0644\u0642\u064a\u0627\u0633 (\u0628\u0648\u0635\u0629\u060c \u0625\u0635\u0628\u0639\u060c \u0636\u0628\u0627\u0628\u060c \u0645\u0644\u0644\u064a\u0645\u062a\u0631)\" width=\"1020\" height=\"574\" src=\"https:\/\/www.youtube.com\/embed\/uKk6AG_AZls?feature=oembed\" frameborder=\"0\" allow=\"accelerometer; autoplay; clipboard-write; encrypted-media; gyroscope; picture-in-picture; web-share\" referrerpolicy=\"strict-origin-when-cross-origin\" allowfullscreen><\/iframe><\/p>\n<\/div><\/div>\n<div><\/div>\n<div>\u062a\u0637\u0628\u064a\u0642\u0627\u062a:<\/div>\n<div>\u2022 \u0646\u0642\u0644 \u0627\u0644\u0647\u0648\u0627\u0621 \u0627\u0644\u0633\u0627\u062e\u0646<\/div>\n<div>\u2022 \u0646\u0642\u0644 \u0627\u0644\u0639\u0627\u062f\u0645<\/div>\n<div>\u2022 \u062a\u0637\u0628\u064a\u0642\u0627\u062a \u0646\u0642\u0644 \u0627\u0644\u062d\u0631\u0627\u0631\u0629 \u0641\u064a \u0635\u0646\u0627\u0639\u0629 \u0627\u0644\u062f\u0641\u0627\u0639<\/div>\n<div>\u2022 \u0646\u0642\u0644 \u0627\u0644\u062c\u0633\u064a\u0645\u0627\u062a \u0641\u064a \u0642\u0637\u0627\u0639 \u0627\u0644\u0623\u063a\u0630\u064a\u0629 \u0648\u0627\u0644\u0623\u062f\u0648\u064a\u0629<\/div>\n<div>\u2022 \u062a\u0637\u0628\u064a\u0642\u0627\u062a \u0627\u0644\u0636\u063a\u0637 \u0627\u0644\u0645\u0646\u062e\u0641\u0636<\/div>\n<div>\u2022 \u0646\u0642\u0644 \u0627\u0644\u0645\u0648\u0627\u062f \u0627\u0644\u0645\u0633\u0628\u0628\u0629 \u0644\u0644\u062a\u0622\u0643\u0644<\/div>\n<div>\u2022 \u0646\u0628\u0627\u062a\u0627\u062a \u0643\u064a\u0645\u064a\u0627\u0626\u064a\u0629<\/div>\n<div>\u2022 \u0646\u0642\u0644 \u0627\u0644\u0645\u0630\u064a\u0628\u0627\u062a<\/div>\n<div>\u2022 \u0646\u0642\u0644 \u0628\u062e\u0627\u0631 \u0627\u0644\u0637\u0644\u0627\u0621<\/div>\n<div>\u0645\u064a\u0632\u0627\u062a:<\/div>\n<div>\u2022 \u0645\u0642\u0627\u0648\u0645\u0629 \u062f\u0631\u062c\u0627\u062a \u0627\u0644\u062d\u0631\u0627\u0631\u0629 \u0627\u0644\u0639\u0627\u0644\u064a\u0629<\/div>\n<div>\u2022 \u0645\u0642\u0627\u0648\u0645\u0629 \u0645\u0645\u062a\u0627\u0632\u0629 \u0644\u0644\u0645\u0648\u0627\u062f \u0627\u0644\u0643\u064a\u0645\u064a\u0627\u0626\u064a\u0629<\/div>\n<div>\u2022 \u0645\u0641\u064a\u062f \u0644\u0644\u0635\u062d\u0629<\/div>\n<div>\u2022 \u0645\u0643\u0627\u0641\u062d\u0629 \u0633\u0627\u0643\u0646\u0629<\/div>\n<div>\u2022 \u0627\u0646\u062e\u0641\u0627\u0636 \u0646\u0635\u0641 \u0642\u0637\u0631 \u0627\u0644\u0627\u0646\u062d\u0646\u0627\u0621<\/div>\n<div>\u2022 \u0646\u0633\u0628\u0629 \u0636\u063a\u0637 \u062c\u064a\u062f\u0629: 1: 7<\/div>\n<div>\u2022 \u0644\u0648\u0644\u0628 \u0635\u0644\u0628 \u0645\u062c\u0644\u0641\u0646 \u0636\u062f \u0627\u0644\u062a\u0622\u0643\u0644 \u0627\u0644\u062e\u0627\u0631\u062c\u064a<\/div>\n<div>\u2022 \u0627\u0644\u0625\u0646\u062a\u0627\u062c \u0628\u062a\u0642\u0646\u064a\u0629 \u0631\u0628\u0637 \u0645\u064a\u0643\u0627\u0646\u064a\u0643\u064a\u0629 \u0642\u0648\u064a\u0629<\/div>\n<div>\u2022 \u062e\u0641\u064a\u0641<\/div>\n<div>\u2022 \u0645\u0642\u0627\u0648\u0645\u0629 \u0644\u0644\u062a\u063a\u064a\u0631\u0627\u062a \u0641\u064a \u062f\u0631\u062c\u0627\u062a \u0627\u0644\u062d\u0631\u0627\u0631\u0629 \u0627\u0644\u0645\u062d\u064a\u0637\u0629<\/div>","protected":false},"excerpt":{"rendered":"<p>TC 24 MATERYAL: Hortum Cidar\u0131 : PTFE (Teflon) Kapl\u0131 kuma\u015f \u2022 A\u011f\u0131rl\u0131k : 155 &#8211; 270 gr\/m2 \u00c7apa g\u00f6re de\u011fi\u015fmektedir \u2022 \u00c7ekme dayan\u0131m\u0131 : Warp: 800 N\/5cm, Weft: 1200 N\/5cm \u2022 Renk : Gri D\u0131\u015f Spiaral : Galvaniz \u00e7elik UYGULAMALAR: \u2022 S\u0131cak hava transferi \u2022 Egzoz transferi \u2022 Savunma sanayi \u0131s\u0131 transfer uygulamalar\u0131 \u2022 G\u0131da [&#8230;]\n","protected":false},"featured_media":6348,"comment_status":"open","ping_status":"closed","template":"","meta":{"jetpack_post_was_ever_published":false},"product_brand":[],"product_cat":[145,146],"product_tag":[717,636,481,714,230,498,716,635,715,713],"class_list":{"0":"post-691","1":"product","2":"type-product","3":"status-publish","4":"has-post-thumbnail","6":"product_cat-isiya-dayanikli-hortumlar","7":"product_cat-kimyasal-hortumlar","8":"product_tag-anti-statik","9":"product_tag-egzoz-transferi","10":"product_tag-galvaniz-celik-dis-spiral","11":"product_tag-gida-ve-ilac-sektoru-tanecik-transferi","12":"product_tag-gri","13":"product_tag-isiya-dayanikli","14":"product_tag-kimyasallara-karsi-dayanim","15":"product_tag-sicak-hava-transferi","16":"product_tag-solvent-nakli","17":"product_tag-teflon-kapli-kumas","19":"first","20":"instock","21":"taxable","22":"shipping-taxable","23":"product-type-variable"},"jetpack-related-posts":[{"id":665,"url":"https:\/\/tuzlahortum.com.tr\/ar\/product\/tc-28\/","url_meta":{"origin":691,"position":0},"title":"TC 28","author":"admin","date":"6 \u0641\u0628\u0631\u0627\u064a\u0631 2019","format":false,"excerpt":"TC 28MATERYAL: Hortum Cidar\u0131 : \u00d6zel kaplamal\u0131 E-Camelyaf \u2022 A\u011f\u0131rl\u0131k : 490 gr\/m2 \u2022 \u00c7ekme Dayan\u0131m\u0131: Warp 1100 N\/cm, Weft 700 N\/cm \u2022 Kal\u0131nl\u0131k : 0.45 mm \u2022 Renk : Gri \u2022 Kaplama : \u00c7ift taraf\u0131 30 gr\/m2 Gri poli\u00fcretan kaplama \u2022 Alev S\u0131n\u0131f\u0131 : DIN 66083 D\u0131\u015f Spiaral :\u2026","rel":"","context":"\u062a\u062f\u0648\u064a\u0646\u0629 \u0645\u0634\u0627\u0628\u0647\u0629","block_context":{"text":"\u062a\u062f\u0648\u064a\u0646\u0629 \u0645\u0634\u0627\u0628\u0647\u0629","link":""},"img":{"alt_text":"","src":"https:\/\/i0.wp.com\/tuzlahortum.com.tr\/wp-content\/uploads\/2019\/03\/TC-28.jpg?fit=600%2C450&ssl=1&resize=350%2C200","width":350,"height":200,"srcset":"https:\/\/i0.wp.com\/tuzlahortum.com.tr\/wp-content\/uploads\/2019\/03\/TC-28.jpg?fit=600%2C450&ssl=1&resize=350%2C200 1x, https:\/\/i0.wp.com\/tuzlahortum.com.tr\/wp-content\/uploads\/2019\/03\/TC-28.jpg?fit=600%2C450&ssl=1&resize=525%2C300 1.5x"},"classes":[]},{"id":687,"url":"https:\/\/tuzlahortum.com.tr\/ar\/product\/tc-04\/","url_meta":{"origin":691,"position":1},"title":"TC 04","author":"admin","date":"6 \u0641\u0628\u0631\u0627\u064a\u0631 2019","format":false,"excerpt":"TC 04MATERYAL: Hortum Duvar\u0131 : Silikon kapl\u0131 E-Camelyaf kuma\u015f \u2022 A\u011f\u0131rl\u0131k : 590 gr\/m2 \u2022 \u00c7ek. dayan\u0131m\u0131 : Warp 4277 N\/5cm, Weft 2757 N\/5cm \u2022 Kal\u0131nl\u0131k : 0.45 mm \u2022 Renk : Gri \u2022 Kaplama : \u00c7ift tarafl\u0131 80\/80 gr\/m2 gri silikon \u2022 Alev s\u0131n\u0131f\u0131 : DIN 66083, TNO 3883\u2026","rel":"","context":"\u062a\u062f\u0648\u064a\u0646\u0629 \u0645\u0634\u0627\u0628\u0647\u0629","block_context":{"text":"\u062a\u062f\u0648\u064a\u0646\u0629 \u0645\u0634\u0627\u0628\u0647\u0629","link":""},"img":{"alt_text":"","src":"https:\/\/i0.wp.com\/tuzlahortum.com.tr\/wp-content\/uploads\/2019\/03\/TC-04.jpg?fit=600%2C450&ssl=1&resize=350%2C200","width":350,"height":200,"srcset":"https:\/\/i0.wp.com\/tuzlahortum.com.tr\/wp-content\/uploads\/2019\/03\/TC-04.jpg?fit=600%2C450&ssl=1&resize=350%2C200 1x, https:\/\/i0.wp.com\/tuzlahortum.com.tr\/wp-content\/uploads\/2019\/03\/TC-04.jpg?fit=600%2C450&ssl=1&resize=525%2C300 1.5x"},"classes":[]},{"id":616,"url":"https:\/\/tuzlahortum.com.tr\/ar\/product\/tc-02as\/","url_meta":{"origin":691,"position":2},"title":"TC 02AS","author":"admin","date":"6 \u0641\u0628\u0631\u0627\u064a\u0631 2019","format":false,"excerpt":"TC 02ASMATERYAL: Kuma\u015f Duvar : Antistatik \u2264 10^8Ohm \u2022 A\u011f\u0131rl\u0131k : 570 gr\/m2 DIN EN ISO 2286-2 \u2022 \u00c7ekme Dayan\u0131m\u0131 : 2200 \/ 2200 N\/5 cm \u2022 Y\u0131rt\u0131lma Dayan\u0131m\u0131 : 310 \/ 350 N \u2022 Ek Kal\u0131nl\u0131\u011f\u0131 : 0,55 mm \u2022 Renk : Siyah D\u0131\u015f Spiral : Galvaniz \u00c7elik UYGULAMALAR:\u2026","rel":"","context":"\u062a\u062f\u0648\u064a\u0646\u0629 \u0645\u0634\u0627\u0628\u0647\u0629","block_context":{"text":"\u062a\u062f\u0648\u064a\u0646\u0629 \u0645\u0634\u0627\u0628\u0647\u0629","link":""},"img":{"alt_text":"","src":"https:\/\/i0.wp.com\/tuzlahortum.com.tr\/wp-content\/uploads\/2019\/03\/TC-02AS.jpg?fit=600%2C450&ssl=1&resize=350%2C200","width":350,"height":200,"srcset":"https:\/\/i0.wp.com\/tuzlahortum.com.tr\/wp-content\/uploads\/2019\/03\/TC-02AS.jpg?fit=600%2C450&ssl=1&resize=350%2C200 1x, https:\/\/i0.wp.com\/tuzlahortum.com.tr\/wp-content\/uploads\/2019\/03\/TC-02AS.jpg?fit=600%2C450&ssl=1&resize=525%2C300 1.5x"},"classes":[]},{"id":688,"url":"https:\/\/tuzlahortum.com.tr\/ar\/product\/tc-12\/","url_meta":{"origin":691,"position":3},"title":"TC 12","author":"admin","date":"6 \u0641\u0628\u0631\u0627\u064a\u0631 2019","format":false,"excerpt":"TC 12MATERYAL: Kuma\u015f Duvar\u0131 : Hypalon kapl\u0131 cam elyaf kuma\u015f \u2022 A\u011f\u0131rl\u0131k : 400 gr\/m2 \u2022 \u00c7ekme Dayan\u0131m\u0131 : Warp : 180 daN\/5cm Weft : 150 daN\/5cm \u2022 Ek Kal\u0131nl\u0131\u011f\u0131 : 0,40 mm \u2022 Standart Uzunluk : 5 mt. - 10 mt. \u2022 Renk : Siyah D\u0131\u015f Spiral : Galvaniz\u2026","rel":"","context":"\u062a\u062f\u0648\u064a\u0646\u0629 \u0645\u0634\u0627\u0628\u0647\u0629","block_context":{"text":"\u062a\u062f\u0648\u064a\u0646\u0629 \u0645\u0634\u0627\u0628\u0647\u0629","link":""},"img":{"alt_text":"","src":"https:\/\/i0.wp.com\/tuzlahortum.com.tr\/wp-content\/uploads\/2019\/03\/TC-11-12.jpg?fit=600%2C450&ssl=1&resize=350%2C200","width":350,"height":200,"srcset":"https:\/\/i0.wp.com\/tuzlahortum.com.tr\/wp-content\/uploads\/2019\/03\/TC-11-12.jpg?fit=600%2C450&ssl=1&resize=350%2C200 1x, https:\/\/i0.wp.com\/tuzlahortum.com.tr\/wp-content\/uploads\/2019\/03\/TC-11-12.jpg?fit=600%2C450&ssl=1&resize=525%2C300 1.5x"},"classes":[]},{"id":668,"url":"https:\/\/tuzlahortum.com.tr\/ar\/product\/tc-25\/","url_meta":{"origin":691,"position":4},"title":"TC 25","author":"admin","date":"6 \u0641\u0628\u0631\u0627\u064a\u0631 2019","format":false,"excerpt":"TC 25MATERYAL: Hortum duvar\u0131 : PVC Kapl\u0131 Kuma\u015f \u2022 A\u011f\u0131rl\u0131k : 850 gr\/m2 \u2022 \u00c7ekme dayan\u0131m\u0131 : 320 \/ 300 kg.F \u2022 Y\u0131rt\u0131lma dayan\u0131m\u0131 : 37 \/ 45 kg.F \u2022 Kal\u0131nl\u0131k : 0.65 mm \u2022 Renk : Sar\u0131 - Gri \u2022 Su Ge\u00e7irgenli\u011fi : 2000 mmWG D\u0131\u015f Spiral : Galvaniz\u2026","rel":"","context":"\u062a\u062f\u0648\u064a\u0646\u0629 \u0645\u0634\u0627\u0628\u0647\u0629","block_context":{"text":"\u062a\u062f\u0648\u064a\u0646\u0629 \u0645\u0634\u0627\u0628\u0647\u0629","link":""},"img":{"alt_text":"","src":"https:\/\/i0.wp.com\/tuzlahortum.com.tr\/wp-content\/uploads\/2019\/03\/TC-02FR-01FR-TC25.jpg?fit=600%2C450&ssl=1&resize=350%2C200","width":350,"height":200,"srcset":"https:\/\/i0.wp.com\/tuzlahortum.com.tr\/wp-content\/uploads\/2019\/03\/TC-02FR-01FR-TC25.jpg?fit=600%2C450&ssl=1&resize=350%2C200 1x, https:\/\/i0.wp.com\/tuzlahortum.com.tr\/wp-content\/uploads\/2019\/03\/TC-02FR-01FR-TC25.jpg?fit=600%2C450&ssl=1&resize=525%2C300 1.5x"},"classes":[]},{"id":689,"url":"https:\/\/tuzlahortum.com.tr\/ar\/product\/tc-20\/","url_meta":{"origin":691,"position":5},"title":"TC 20","author":"admin","date":"6 \u0641\u0628\u0631\u0627\u064a\u0631 2019","format":false,"excerpt":"TC 20MATERYAL: Hortum Duvar\u0131 : Silisyum oksit ve poli\u00fcretan kapl\u0131 E-Camelyaf kuma\u015f \u2022 A\u011f\u0131rl\u0131k : 1250 gr\/m2 \u2022 \u00c7ekme dayan\u0131m\u0131 : Warp: 35 daN\/cm, Weft: 25 daN\/cm \u2022 Kal\u0131nl\u0131k : Yakla\u015f\u0131k 2 mm \u2022 Renk : Gri D\u0131\u015f Spiral : Galvaniz veya Cr-Ni \u00e7elik UYGULAMALAR: \u2022 S\u0131cak hava transferi \u2022\u2026","rel":"","context":"\u062a\u062f\u0648\u064a\u0646\u0629 \u0645\u0634\u0627\u0628\u0647\u0629","block_context":{"text":"\u062a\u062f\u0648\u064a\u0646\u0629 \u0645\u0634\u0627\u0628\u0647\u0629","link":""},"img":{"alt_text":"","src":"https:\/\/i0.wp.com\/tuzlahortum.com.tr\/wp-content\/uploads\/2019\/03\/TC-21-20.jpg?fit=600%2C450&ssl=1&resize=350%2C200","width":350,"height":200,"srcset":"https:\/\/i0.wp.com\/tuzlahortum.com.tr\/wp-content\/uploads\/2019\/03\/TC-21-20.jpg?fit=600%2C450&ssl=1&resize=350%2C200 1x, https:\/\/i0.wp.com\/tuzlahortum.com.tr\/wp-content\/uploads\/2019\/03\/TC-21-20.jpg?fit=600%2C450&ssl=1&resize=525%2C300 1.5x"},"classes":[]}],"jetpack_sharing_enabled":true,"jetpack_likes_enabled":true,"_links":{"self":[{"href":"https:\/\/tuzlahortum.com.tr\/ar\/wp-json\/wp\/v2\/product\/691","targetHints":{"allow":["GET"]}}],"collection":[{"href":"https:\/\/tuzlahortum.com.tr\/ar\/wp-json\/wp\/v2\/product"}],"about":[{"href":"https:\/\/tuzlahortum.com.tr\/ar\/wp-json\/wp\/v2\/types\/product"}],"replies":[{"embeddable":true,"href":"https:\/\/tuzlahortum.com.tr\/ar\/wp-json\/wp\/v2\/comments?post=691"}],"wp:featuredmedia":[{"embeddable":true,"href":"https:\/\/tuzlahortum.com.tr\/ar\/wp-json\/wp\/v2\/media\/6348"}],"wp:attachment":[{"href":"https:\/\/tuzlahortum.com.tr\/ar\/wp-json\/wp\/v2\/media?parent=691"}],"wp:term":[{"taxonomy":"product_brand","embeddable":true,"href":"https:\/\/tuzlahortum.com.tr\/ar\/wp-json\/wp\/v2\/product_brand?post=691"},{"taxonomy":"product_cat","embeddable":true,"href":"https:\/\/tuzlahortum.com.tr\/ar\/wp-json\/wp\/v2\/product_cat?post=691"},{"taxonomy":"product_tag","embeddable":true,"href":"https:\/\/tuzlahortum.com.tr\/ar\/wp-json\/wp\/v2\/product_tag?post=691"}],"curies":[{"name":"\u062f\u0628\u0644\u064a\u0648 \u0628\u064a","href":"https:\/\/api.w.org\/{rel}","templated":true}]}}