{"id":689,"date":"2019-02-06T23:52:29","date_gmt":"2019-02-06T20:52:29","guid":{"rendered":"http:\/\/hortum.com.tr\/product\/import-placeholder-for-258\/"},"modified":"2024-03-21T17:43:52","modified_gmt":"2024-03-21T14:43:52","slug":"tc-20","status":"publish","type":"product","link":"https:\/\/tuzlahortum.com.tr\/ar\/product\/tc-20\/","title":{"rendered":"TC 20"},"content":{"rendered":"<h2>TC 20<\/h2>\n<p>\u0627\u0644\u0645\u0648\u0627\u062f:<br \/>\n\u062c\u062f\u0627\u0631 \u0627\u0644\u062e\u0631\u0637\u0648\u0645: \u0623\u0643\u0633\u064a\u062f \u0627\u0644\u0633\u064a\u0644\u064a\u0643\u0648\u0646 \u0648\u0645\u063a\u0637\u0649 \u0628\u0627\u0644\u0628\u0648\u0644\u064a \u064a\u0648\u0631\u064a\u062b\u064a\u0646<br \/>\n\u0646\u0633\u064a\u062c \u0627\u0644\u0623\u0644\u064a\u0627\u0641 \u0627\u0644\u0632\u062c\u0627\u062c\u064a\u0629 \u0627\u0644\u0625\u0644\u0643\u062a\u0631\u0648\u0646\u064a\u0629<br \/>\n\u2022 \u0627\u0644\u0648\u0632\u0646: 1250 \u062c\u0631\u0627\u0645 \/ \u0645 2<br \/>\n\u2022 \u0642\u0648\u0629 \u0627\u0644\u0634\u062f: \u0627\u0644\u0627\u0644\u062a\u0641\u0627\u0641: 35 \u062f\u064a\u0646 \/ \u0633\u0645 \u060c<br \/>\n\u0627\u0644\u0644\u062d\u0645\u0629: 25 \u062f\u0646 \/ \u0633\u0645<br \/>\n\u2022 \u0627\u0644\u0633\u0645\u0627\u0643\u0629: \u062d\u0648\u0627\u0644\u064a 2 \u0645\u0645<br \/>\n\u2022 \u0631\u0645\u0627\u062f\u064a \u0627\u0644\u0644\u0648\u0646<br \/>\n\u0627\u0644\u0644\u0648\u0644\u0628 \u0627\u0644\u062e\u0627\u0631\u062c\u064a: \u0627\u0644\u0635\u0644\u0628 \u0627\u0644\u0645\u062c\u0644\u0641\u0646 \u0623\u0648 \u0627\u0644\u0643\u0631\u0648\u0645 \u0627\u0644\u0646\u064a\u0643\u0644<\/p>\n<div class=\"video video-fit mb\" style=\"padding-top:56.25%;\"><p><iframe loading=\"lazy\" title=\"\u0627\u0631\u062a\u0628\u0627\u0643 \u0627\u0644\u0642\u064a\u0627\u0633 (\u0628\u0648\u0635\u0629\u060c \u0625\u0635\u0628\u0639\u060c \u0636\u0628\u0627\u0628\u060c \u0645\u0644\u0644\u064a\u0645\u062a\u0631)\" width=\"1020\" height=\"574\" src=\"https:\/\/www.youtube.com\/embed\/uKk6AG_AZls?feature=oembed\" frameborder=\"0\" allow=\"accelerometer; autoplay; clipboard-write; encrypted-media; gyroscope; picture-in-picture; web-share\" referrerpolicy=\"strict-origin-when-cross-origin\" allowfullscreen><\/iframe><\/p>\n<\/div>\n<p>\u062a\u0637\u0628\u064a\u0642\u0627\u062a:<br \/>\n\u2022 \u0646\u0642\u0644 \u0627\u0644\u0647\u0648\u0627\u0621 \u0627\u0644\u0633\u0627\u062e\u0646<br \/>\n\u2022 \u062a\u0637\u0628\u064a\u0642\u0627\u062a \u0627\u0644\u0635\u0646\u0627\u0639\u0627\u062a \u0627\u0644\u062f\u0641\u0627\u0639\u064a\u0629 \u0630\u0627\u062a \u062f\u0631\u062c\u0627\u062a \u0627\u0644\u062d\u0631\u0627\u0631\u0629 \u0627\u0644\u0639\u0627\u0644\u064a\u0629<br \/>\n\u2022 \u0635\u0646\u0627\u0639\u0629 \u0627\u0644\u0632\u062c\u0627\u062c<br \/>\n\u2022 \u062a\u0637\u0628\u064a\u0642\u0627\u062a \u0627\u0644\u0636\u063a\u0637 \u0627\u0644\u0645\u0646\u062e\u0641\u0636<br \/>\n\u2022 \u062a\u0637\u0628\u064a\u0642\u0627\u062a \u0627\u0644\u0641\u0631\u0646<br \/>\n\u2022 \u0635\u0646\u0627\u0639\u0629 \u0627\u0644\u062d\u062f\u064a\u062f \u0648\u0627\u0644\u0635\u0644\u0628<br \/>\n\u2022 \u0627\u0644\u0645\u0633\u0627\u0628\u0643<br \/>\n\u2022 \u0635\u0646\u0627\u0639\u0629 \u0628\u0646\u0627\u0621 \u0627\u0644\u0633\u0641\u0646<br \/>\n\u2022 \u0645\u0631\u0627\u0641\u0642 \u0627\u0644\u062a\u062c\u0641\u064a\u0641 \u0627\u0644\u0635\u0646\u0627\u0639\u064a<br \/>\n\u0645\u064a\u0632\u0627\u062a:<br \/>\n\u2022 \u0645\u0642\u0627\u0648\u0645\u0629 \u062f\u0631\u062c\u0627\u062a \u0627\u0644\u062d\u0631\u0627\u0631\u0629 \u0627\u0644\u0639\u0627\u0644\u064a\u0629<br \/>\n\u2022 \u0627\u0646\u062e\u0641\u0627\u0636 \u0646\u0635\u0641 \u0642\u0637\u0631 \u0627\u0644\u0627\u0646\u062d\u0646\u0627\u0621<br \/>\n\u2022 \u0646\u0633\u0628\u0629 \u0627\u0644\u0636\u063a\u0637 1: 3<br \/>\n\u2022 \u0644\u0648\u0644\u0628 \u062e\u0627\u0631\u062c\u064a \u0645\u062c\u0644\u0641\u0646 \u0636\u062f \u0627\u0644\u062a\u0622\u0643\u0644<br \/>\n\u2022 \u0627\u0644\u0625\u0646\u062a\u0627\u062c \u0628\u062a\u0642\u0646\u064a\u0629 \u0631\u0628\u0637 \u0645\u064a\u0643\u0627\u0646\u064a\u0643\u064a\u0629 \u0642\u0648\u064a\u0629<br \/>\n\u2022 \u0647\u064a\u0643\u0644 \u062e\u0627\u0644\u064d \u0645\u0646 \u0627\u0644\u0633\u064a\u0644\u064a\u0643\u0648\u0646<br \/>\n\u2022 \u062e\u0635\u0627\u0626\u0635 \u0627\u0644\u062d\u0631\u0642 \u0627\u0644\u0635\u0639\u0628\u0629<\/p>","protected":false},"excerpt":{"rendered":"<p>TC 20 MATERYAL: Hortum Duvar\u0131 : Silisyum oksit ve poli\u00fcretan kapl\u0131 E-Camelyaf kuma\u015f \u2022 A\u011f\u0131rl\u0131k : 1250 gr\/m2 \u2022 \u00c7ekme dayan\u0131m\u0131 : Warp: 35 daN\/cm, Weft: 25 daN\/cm \u2022 Kal\u0131nl\u0131k : Yakla\u015f\u0131k 2 mm \u2022 Renk : Gri D\u0131\u015f Spiral : Galvaniz veya Cr-Ni \u00e7elik UYGULAMALAR: \u2022 S\u0131cak hava transferi \u2022 Savunma sanayi y\u00fcksek s\u0131cakl\u0131k [&#8230;]\n","protected":false},"featured_media":6347,"comment_status":"open","ping_status":"closed","template":"","meta":{"jetpack_post_was_ever_published":false},"product_brand":[],"product_cat":[143,145],"product_tag":[705,697,393,704,706,230,498,707,703,635],"class_list":{"0":"post-689","1":"product","2":"type-product","3":"status-publish","4":"has-post-thumbnail","6":"product_cat-havacilik-endustrisi-hortumlari","7":"product_cat-isiya-dayanikli-hortumlar","8":"product_tag-cam-endustrisi","9":"product_tag-camelyaf-kumas","10":"product_tag-dokumhaneler","11":"product_tag-galvaniz-veya-cr-ni-celik-dis-spiral","12":"product_tag-gemi-insa-sektoru","13":"product_tag-gri","14":"product_tag-isiya-dayanikli","15":"product_tag-silikonsuz-yapi","16":"product_tag-silisyum-oksit-ve-poliuretan-kapli","17":"product_tag-sicak-hava-transferi","19":"first","20":"instock","21":"taxable","22":"shipping-taxable","23":"product-type-variable"},"jetpack-related-posts":[],"jetpack_sharing_enabled":true,"jetpack_likes_enabled":true,"_links":{"self":[{"href":"https:\/\/tuzlahortum.com.tr\/ar\/wp-json\/wp\/v2\/product\/689","targetHints":{"allow":["GET"]}}],"collection":[{"href":"https:\/\/tuzlahortum.com.tr\/ar\/wp-json\/wp\/v2\/product"}],"about":[{"href":"https:\/\/tuzlahortum.com.tr\/ar\/wp-json\/wp\/v2\/types\/product"}],"replies":[{"embeddable":true,"href":"https:\/\/tuzlahortum.com.tr\/ar\/wp-json\/wp\/v2\/comments?post=689"}],"wp:featuredmedia":[{"embeddable":true,"href":"https:\/\/tuzlahortum.com.tr\/ar\/wp-json\/wp\/v2\/media\/6347"}],"wp:attachment":[{"href":"https:\/\/tuzlahortum.com.tr\/ar\/wp-json\/wp\/v2\/media?parent=689"}],"wp:term":[{"taxonomy":"product_brand","embeddable":true,"href":"https:\/\/tuzlahortum.com.tr\/ar\/wp-json\/wp\/v2\/product_brand?post=689"},{"taxonomy":"product_cat","embeddable":true,"href":"https:\/\/tuzlahortum.com.tr\/ar\/wp-json\/wp\/v2\/product_cat?post=689"},{"taxonomy":"product_tag","embeddable":true,"href":"https:\/\/tuzlahortum.com.tr\/ar\/wp-json\/wp\/v2\/product_tag?post=689"}],"curies":[{"name":"\u062f\u0628\u0644\u064a\u0648 \u0628\u064a","href":"https:\/\/api.w.org\/{rel}","templated":true}]}}