{"id":685,"date":"2019-02-06T23:52:29","date_gmt":"2019-02-06T20:52:29","guid":{"rendered":"http:\/\/hortum.com.tr\/product\/import-placeholder-for-269\/"},"modified":"2024-03-21T17:43:56","modified_gmt":"2024-03-21T14:43:56","slug":"st-2-boya-ve-tiner-hortumu","status":"publish","type":"product","link":"https:\/\/tuzlahortum.com.tr\/ar\/product\/st-2-boya-ve-tiner-hortumu\/","title":{"rendered":"ST 2 \u062f\u0647\u0627\u0646 \u0648\u062e\u0631\u0637\u0648\u0645 \u0623\u0631\u0642"},"content":{"rendered":"<h2>ST 2 \u062f\u0647\u0627\u0646 \u0648\u062e\u0631\u0637\u0648\u0645 \u0623\u0631\u0642<\/h2>\n<table border=\"0\">\n<tbody>\n<tr valign=\"top\">\n<td width=\"60\">\u0627\u0644\u0637\u0627\u0628\u0642 \u0627\u0644\u0633\u0641\u0644\u064a<\/td>\n<td width=\"15\">:<\/td>\n<td width=\"370\">\u0645\u0627\u062f\u0629 \u0627\u0644\u0628\u0648\u0644\u064a \u0623\u0645\u064a\u062f \u0645\u0642\u0627\u0648\u0645\u0629 \u0644\u0644\u0645\u0630\u064a\u0628\u0627\u062a \u0648\u0627\u0644\u062f\u0647\u0627\u0646\u0627\u062a \u0648\u0627\u0644\u0632\u064a\u0648\u062a \u0627\u0644\u0647\u064a\u062f\u0631\u0648\u0644\u064a\u0643\u064a\u0629.<\/td>\n<\/tr>\n<tr valign=\"top\">\n<td width=\"60\">\u062a\u0639\u0632\u064a\u0632<\/td>\n<td width=\"15\">:<\/td>\n<td width=\"370\">\u0634\u0628\u0643\u0629 \u0623\u0633\u0644\u0627\u0643 \u0627\u0644\u0641\u0648\u0644\u0627\u0630 \u0639\u0627\u0644\u064a\u0629 \u0627\u0644\u0634\u062f.<\/td>\n<\/tr>\n<tr valign=\"top\">\n<td width=\"60\">\u0627\u0644\u0637\u0627\u0628\u0642 \u0627\u0644\u0639\u0644\u0648\u064a<\/td>\n<td width=\"15\">:<\/td>\n<td width=\"370\">\u0628\u0648\u0644\u064a \u064a\u0648\u0631\u064a\u062b\u064a\u0646 \u0645\u0642\u0627\u0648\u0645 \u0644\u0644\u0632\u064a\u062a \u0648\u0627\u0644\u0627\u0631\u062a\u062f\u0627\u0621 \u0648\u0627\u0644\u0637\u0642\u0633.<\/td>\n<\/tr>\n<tr valign=\"top\">\n<td width=\"60\">\u0645\u0643\u0627\u0646 \u0627\u0644\u0627\u0633\u062a\u062e\u062f\u0627\u0645<\/td>\n<td width=\"15\">:<\/td>\n<td width=\"370\">\u0644\u062a\u0635\u0631\u064a\u0641 \u0627\u0644\u0645\u0630\u064a\u0628\u0627\u062a \u0648\u0627\u0644\u062f\u0647\u0627\u0646\u0627\u062a \u0648\u0627\u0644\u0647\u0648\u0627\u0621 \u0648\u0627\u0644\u0645\u0627\u0621 \u0648\u0627\u0644\u0632\u064a\u0648\u062a \u0627\u0644\u0645\u0639\u062f\u0646\u064a\u0629 \u0648\u0627\u0644\u0647\u064a\u062f\u0631\u0648\u0644\u064a\u0643\u064a\u0629 \u0627\u0644\u062a\u064a \u062a\u062a\u0637\u0644\u0628 \u0645\u0642\u0627\u0648\u0645\u0629 \u0636\u063a\u0637 \u0639\u0627\u0644\u064a\u0629 \u062c\u062f\u064b\u0627<\/td>\n<\/tr>\n<\/tbody>\n<\/table>\n<table class=\"table table-bordered table-striped\">\n<thead class=\"thead-light\">\n<tr>\n<th>\u0627\u0634\u0631\u0628<\/th>\n<th>\u0627\u0644\u062a\u0637\u0648\u064a\u0631 \u0627\u0644\u062a\u0646\u0638\u064a\u0645\u064a<\/th>\n<th>WB<\/th>\n<th>PB<\/th>\n<th>\u0643\u064a\u0627<\/th>\n<th>\u0623\u0644\u0645<\/th>\n<\/tr>\n<\/thead>\n<tbody>\n<tr>\n<td>\u0628\u0648\u0635\u0629<\/td>\n<td>\u0645\u0645<\/td>\n<td>\u0634\u0631\u064a\u0637<\/td>\n<td>\u0634\u0631\u064a\u0637<\/td>\n<td>\u0645\u0645<\/td>\n<td>\u063a\u0631\u0627\u0645 \/ \u0645<\/td>\n<\/tr>\n<tr>\n<td>1\/8\u2033<\/td>\n<td>9.8<\/td>\n<td>450<\/td>\n<td>1800<\/td>\n<td>30<\/td>\n<td>172<\/td>\n<\/tr>\n<tr>\n<td>5\/32\u2033<\/td>\n<td>10.5<\/td>\n<td>400<\/td>\n<td>1600<\/td>\n<td>30<\/td>\n<td>195<\/td>\n<\/tr>\n<tr>\n<td>3\/16\u2033<\/td>\n<td>11.3<\/td>\n<td>293<\/td>\n<td>1560<\/td>\n<td>35<\/td>\n<td>238<\/td>\n<\/tr>\n<tr>\n<td>1\/4\u2033<\/td>\n<td>13<\/td>\n<td>390<\/td>\n<td>1462<\/td>\n<td>40<\/td>\n<td>274<\/td>\n<\/tr>\n<tr>\n<td>5\/16\u2033<\/td>\n<td>15<\/td>\n<td>330<\/td>\n<td>1320<\/td>\n<td>50<\/td>\n<td>312<\/td>\n<\/tr>\n<tr>\n<td>3\/8\u2033<\/td>\n<td>17<\/td>\n<td>315<\/td>\n<td>1102<\/td>\n<td>60<\/td>\n<td>424<\/td>\n<\/tr>\n<tr>\n<td>1\/2\u2033<\/td>\n<td>20<\/td>\n<td>250<\/td>\n<td>1000<\/td>\n<td>80<\/td>\n<td>463<\/td>\n<\/tr>\n<tr>\n<td>5\/8\u2033<\/td>\n<td>23.5<\/td>\n<td>180<\/td>\n<td>875<\/td>\n<td>115<\/td>\n<td>574<\/td>\n<\/tr>\n<tr>\n<td>3\/4\u2033<\/td>\n<td>28<\/td>\n<td>180<\/td>\n<td>720<\/td>\n<td>160<\/td>\n<td>611<\/td>\n<\/tr>\n<tr>\n<td>1\u2033<\/td>\n<td>34<\/td>\n<td>160<\/td>\n<td>640<\/td>\n<td>200<\/td>\n<td>760<\/td>\n<\/tr>\n<\/tbody>\n<\/table>\n<p>&nbsp;<\/p>\n<div class=\"video video-fit mb\" style=\"padding-top:56.25%;\"><p><iframe loading=\"lazy\" title=\"\u0627\u0631\u062a\u0628\u0627\u0643 \u0627\u0644\u0642\u064a\u0627\u0633 (\u0628\u0648\u0635\u0629\u060c \u0625\u0635\u0628\u0639\u060c \u0636\u0628\u0627\u0628\u060c \u0645\u0644\u0644\u064a\u0645\u062a\u0631)\" width=\"1020\" height=\"574\" src=\"https:\/\/www.youtube.com\/embed\/uKk6AG_AZls?feature=oembed\" frameborder=\"0\" allow=\"accelerometer; autoplay; clipboard-write; encrypted-media; gyroscope; picture-in-picture; web-share\" referrerpolicy=\"strict-origin-when-cross-origin\" allowfullscreen><\/iframe><\/p>\n<\/div>","protected":false},"excerpt":{"rendered":"<p>ST 2 Boya Ve Tiner Hortumu Alt Kat : SOLVENTLERE, BOYALARA VE H\u0130DROL\u0130K YA\u011eLARA DAYANIKLI POL\u0130AM\u0130D. Takviye : Y\u00dcKSEK MUKAVEMETL\u0130 \u00c7EL\u0130K TEL \u00d6RG\u00dc. \u00dcst Kat : YA\u011e, A\u015eINMA VE HAVA \u015eARTLARINA DAYANIKLI POL\u0130\u00dcRETAN. Kullan\u0131m Yeri : \u00c7OK Y\u00dcKSEK BASIN\u00c7 DAYANIMI GEREKT\u0130REN SOLVENTLER, BOYALAR, HAVA, SU, M\u0130NERAL VE H\u0130DROL\u0130K YA\u011eLARIN TAHL\u0130YE \u0130\u015eLER\u0130NDE \u0130\u00c7 D\u00c7 \u00c7B PB [&#8230;]\n","protected":false},"featured_media":8419,"comment_status":"open","ping_status":"closed","template":"","meta":{"jetpack_post_was_ever_published":false},"product_brand":[],"product_cat":[157,88],"product_tag":[558,692,694,690,424,660,290,693,691,2279,2280,555,695,661],"class_list":{"0":"post-685","1":"product","2":"type-product","3":"status-publish","4":"has-post-thumbnail","6":"product_cat-hidrolik-hortum","7":"product_cat-hidrolik-hortumlar","8":"product_tag-basinc","9":"product_tag-boya","10":"product_tag-boya-hortumu","11":"product_tag-celik-orgu","12":"product_tag-hava","13":"product_tag-hidrolik-yaglara-dayanikli","14":"product_tag-hortum","15":"product_tag-mineral","16":"product_tag-solvent","17":"product_tag-st-2-boya","18":"product_tag-st-2-boya-ve-tiner-hortumu","19":"product_tag-su","20":"product_tag-tiner-hortumu","21":"product_tag-yuksek-mukavemetli","23":"first","24":"instock","25":"taxable","26":"shipping-taxable","27":"product-type-variable"},"jetpack-related-posts":[],"jetpack_sharing_enabled":true,"jetpack_likes_enabled":true,"_links":{"self":[{"href":"https:\/\/tuzlahortum.com.tr\/ar\/wp-json\/wp\/v2\/product\/685","targetHints":{"allow":["GET"]}}],"collection":[{"href":"https:\/\/tuzlahortum.com.tr\/ar\/wp-json\/wp\/v2\/product"}],"about":[{"href":"https:\/\/tuzlahortum.com.tr\/ar\/wp-json\/wp\/v2\/types\/product"}],"replies":[{"embeddable":true,"href":"https:\/\/tuzlahortum.com.tr\/ar\/wp-json\/wp\/v2\/comments?post=685"}],"wp:featuredmedia":[{"embeddable":true,"href":"https:\/\/tuzlahortum.com.tr\/ar\/wp-json\/wp\/v2\/media\/8419"}],"wp:attachment":[{"href":"https:\/\/tuzlahortum.com.tr\/ar\/wp-json\/wp\/v2\/media?parent=685"}],"wp:term":[{"taxonomy":"product_brand","embeddable":true,"href":"https:\/\/tuzlahortum.com.tr\/ar\/wp-json\/wp\/v2\/product_brand?post=685"},{"taxonomy":"product_cat","embeddable":true,"href":"https:\/\/tuzlahortum.com.tr\/ar\/wp-json\/wp\/v2\/product_cat?post=685"},{"taxonomy":"product_tag","embeddable":true,"href":"https:\/\/tuzlahortum.com.tr\/ar\/wp-json\/wp\/v2\/product_tag?post=685"}],"curies":[{"name":"\u062f\u0628\u0644\u064a\u0648 \u0628\u064a","href":"https:\/\/api.w.org\/{rel}","templated":true}]}}