{"id":684,"date":"2019-02-06T23:52:28","date_gmt":"2019-02-06T20:52:28","guid":{"rendered":"http:\/\/hortum.com.tr\/product\/import-placeholder-for-267\/"},"modified":"2024-03-21T17:43:57","modified_gmt":"2024-03-21T14:43:57","slug":"st-1-boya-ve-tiner-hortumu","status":"publish","type":"product","link":"https:\/\/tuzlahortum.com.tr\/ar\/product\/st-1-boya-ve-tiner-hortumu\/","title":{"rendered":"ST 1 \u062f\u0647\u0627\u0646 \u0648\u062e\u0631\u0637\u0648\u0645 \u0623\u0631\u0642"},"content":{"rendered":"<h2>ST 1 \u062f\u0647\u0627\u0646 \u0648\u062e\u0631\u0637\u0648\u0645 \u0623\u0631\u0642<\/h2>\n<table border=\"0\">\n<tbody>\n<tr>\n<td colspan=\"2\" valign=\"top\">\n<table border=\"0\">\n<tbody>\n<tr valign=\"top\">\n<td width=\"60\">\u0627\u0644\u0637\u0627\u0628\u0642 \u0627\u0644\u0633\u0641\u0644\u064a<\/td>\n<td width=\"15\">:<\/td>\n<td width=\"370\">\u0645\u0627\u062f\u0629 \u0627\u0644\u0628\u0648\u0644\u064a \u0623\u0645\u064a\u062f \u0645\u0642\u0627\u0648\u0645\u0629 \u0644\u0644\u0645\u0630\u064a\u0628\u0627\u062a \u0648\u0627\u0644\u062f\u0647\u0627\u0646\u0627\u062a \u0648\u0627\u0644\u0632\u064a\u0648\u062a \u0627\u0644\u0647\u064a\u062f\u0631\u0648\u0644\u064a\u0643\u064a\u0629.<\/td>\n<\/tr>\n<tr valign=\"top\">\n<td width=\"60\">\u062a\u0639\u0632\u064a\u0632<\/td>\n<td width=\"15\">:<\/td>\n<td width=\"370\">\u0634\u0628\u0643\u0629 \u0623\u0633\u0644\u0627\u0643 \u0627\u0644\u0641\u0648\u0644\u0627\u0630 \u0639\u0627\u0644\u064a\u0629 \u0627\u0644\u0634\u062f.<\/td>\n<\/tr>\n<tr valign=\"top\">\n<td width=\"60\">\u0627\u0644\u0637\u0627\u0628\u0642 \u0627\u0644\u0639\u0644\u0648\u064a<\/td>\n<td width=\"15\">:<\/td>\n<td width=\"370\">\u0628\u0648\u0644\u064a \u064a\u0648\u0631\u064a\u062b\u064a\u0646 \u0645\u0642\u0627\u0648\u0645 \u0644\u0644\u0632\u064a\u062a \u0648\u0627\u0644\u0627\u0631\u062a\u062f\u0627\u0621 \u0648\u0627\u0644\u0637\u0642\u0633.<\/td>\n<\/tr>\n<tr valign=\"top\">\n<td width=\"60\">\u0645\u0643\u0627\u0646 \u0627\u0644\u0627\u0633\u062a\u062e\u062f\u0627\u0645<\/td>\n<td width=\"15\">:<\/td>\n<td width=\"370\">\u0645\u0630\u064a\u0628\u0627\u062a \u0627\u0644\u0635\u0631\u0641 \u060c \u0648\u0627\u0644\u062f\u0647\u0627\u0646\u0627\u062a \u060c \u0648\u0627\u0644\u0647\u0648\u0627\u0621 \u060c \u0648\u0627\u0644\u0645\u064a\u0627\u0647 \u060c \u0648\u0627\u0644\u0632\u064a\u0648\u062a \u0627\u0644\u0645\u0639\u062f\u0646\u064a\u0629 \u0648\u0627\u0644\u0647\u064a\u062f\u0631\u0648\u0644\u064a\u0643\u064a\u0629 \u0627\u0644\u062a\u064a \u062a\u062a\u0637\u0644\u0628 \u0645\u0642\u0627\u0648\u0645\u0629 \u0639\u0627\u0644\u064a\u0629 \u0644\u0644\u0636\u063a\u0637<\/td>\n<\/tr>\n<\/tbody>\n<\/table>\n<\/td>\n<\/tr>\n<\/tbody>\n<\/table>\n<table class=\"table table-bordered table-striped\">\n<thead class=\"thead-light\">\n<tr>\n<th>\u0627\u0634\u0631\u0628<\/th>\n<th>\u0627\u0644\u062a\u0637\u0648\u064a\u0631 \u0627\u0644\u062a\u0646\u0638\u064a\u0645\u064a<\/th>\n<th>WB<\/th>\n<th>PB<\/th>\n<th>\u0643\u064a\u0627<\/th>\n<th>\u0623\u0644\u0645<\/th>\n<\/tr>\n<\/thead>\n<tbody>\n<tr>\n<td>\u0628\u0648\u0635\u0629<\/td>\n<td>\u0645\u0645<\/td>\n<td>\u0634\u0631\u064a\u0637<\/td>\n<td>\u0634\u0631\u064a\u0637<\/td>\n<td>\u0645\u0645<\/td>\n<td>\u063a\u0631\u0627\u0645 \/ \u0645<\/td>\n<\/tr>\n<tr>\n<td>1\/8\u2033<\/td>\n<td>8.2<\/td>\n<td>325<\/td>\n<td>1300<\/td>\n<td>20<\/td>\n<td>100<\/td>\n<\/tr>\n<tr>\n<td>5\/32\u2033<\/td>\n<td>8.6<\/td>\n<td>300<\/td>\n<td>1200<\/td>\n<td>40<\/td>\n<td>111<\/td>\n<\/tr>\n<tr>\n<td>3\/16\u2033<\/td>\n<td>9.5<\/td>\n<td>293<\/td>\n<td>1172<\/td>\n<td>90<\/td>\n<td>128<\/td>\n<\/tr>\n<tr>\n<td>1\/4\u2033<\/td>\n<td>12<\/td>\n<td>287<\/td>\n<td>1148<\/td>\n<td>100<\/td>\n<td>165<\/td>\n<\/tr>\n<tr>\n<td>5\/16\u2033<\/td>\n<td>13<\/td>\n<td>240<\/td>\n<td>960<\/td>\n<td>115<\/td>\n<td>162<\/td>\n<\/tr>\n<tr>\n<td>3\/8\u2033<\/td>\n<td>15.5<\/td>\n<td>212<\/td>\n<td>848<\/td>\n<td>125<\/td>\n<td>231<\/td>\n<\/tr>\n<tr>\n<td>1\/2\u2033<\/td>\n<td>18.7<\/td>\n<td>185<\/td>\n<td>740<\/td>\n<td>180<\/td>\n<td>263<\/td>\n<\/tr>\n<tr>\n<td>5\/8\u2033<\/td>\n<td>22.5<\/td>\n<td>150<\/td>\n<td>600<\/td>\n<td>205<\/td>\n<td>368<\/td>\n<\/tr>\n<tr>\n<td>3\/4\u2033<\/td>\n<td>25.7<\/td>\n<td>125<\/td>\n<td>500<\/td>\n<td>240<\/td>\n<td>404<\/td>\n<\/tr>\n<tr>\n<td>1\u2033<\/td>\n<td>31.5<\/td>\n<td>100<\/td>\n<td>400<\/td>\n<td>400<\/td>\n<td>462<\/td>\n<\/tr>\n<\/tbody>\n<\/table>\n<p>&nbsp;<\/p>\n<div class=\"video video-fit mb\" style=\"padding-top:56.25%;\"><p><iframe loading=\"lazy\" title=\"\u0627\u0631\u062a\u0628\u0627\u0643 \u0627\u0644\u0642\u064a\u0627\u0633 (\u0628\u0648\u0635\u0629\u060c \u0625\u0635\u0628\u0639\u060c \u0636\u0628\u0627\u0628\u060c \u0645\u0644\u0644\u064a\u0645\u062a\u0631)\" width=\"1020\" height=\"574\" src=\"https:\/\/www.youtube.com\/embed\/uKk6AG_AZls?feature=oembed\" frameborder=\"0\" allow=\"accelerometer; autoplay; clipboard-write; encrypted-media; gyroscope; picture-in-picture; web-share\" referrerpolicy=\"strict-origin-when-cross-origin\" allowfullscreen><\/iframe><\/p>\n<\/div>","protected":false},"excerpt":{"rendered":"<p>ST 1 Boya Ve Tiner Hortumu Alt Kat : SOLVENTLERE, BOYALARA VE H\u0130DROL\u0130K YA\u011eLARA DAYANIKLI POL\u0130AM\u0130D. Takviye : Y\u00dcKSEK MUKAVEMETL\u0130 \u00c7EL\u0130K TEL \u00d6RG\u00dc. \u00dcst Kat : YA\u011e, A\u015eINMA VE HAVA \u015eARTLARINA DAYANIKLI POL\u0130\u00dcRETAN. Kullan\u0131m Yeri : Y\u00dcKSEK BASIN\u00c7 DAYANIMI GEREKT\u0130REN SOLVENTLER, BOYALAR, HAVA, SU, M\u0130NERAL VE H\u0130DROL\u0130K YA\u011eLARIN TAHL\u0130YES\u0130NDE \u0130\u00c7 D\u00c7 \u00c7B PB KY\u00c7 A\u011fr [&#8230;]\n","protected":false},"featured_media":8418,"comment_status":"open","ping_status":"closed","template":"","meta":{"jetpack_post_was_ever_published":false},"product_brand":[],"product_cat":[157,88],"product_tag":[558,692,694,690,424,660,290,693,691,2281,2282,555,695,661],"class_list":{"0":"post-684","1":"product","2":"type-product","3":"status-publish","4":"has-post-thumbnail","6":"product_cat-hidrolik-hortum","7":"product_cat-hidrolik-hortumlar","8":"product_tag-basinc","9":"product_tag-boya","10":"product_tag-boya-hortumu","11":"product_tag-celik-orgu","12":"product_tag-hava","13":"product_tag-hidrolik-yaglara-dayanikli","14":"product_tag-hortum","15":"product_tag-mineral","16":"product_tag-solvent","17":"product_tag-st-1-boya","18":"product_tag-st1-boya-ve-tiner-hortumu","19":"product_tag-su","20":"product_tag-tiner-hortumu","21":"product_tag-yuksek-mukavemetli","23":"first","24":"instock","25":"taxable","26":"shipping-taxable","27":"product-type-variable"},"jetpack-related-posts":[{"id":685,"url":"https:\/\/tuzlahortum.com.tr\/ar\/product\/st-2-boya-ve-tiner-hortumu\/","url_meta":{"origin":684,"position":0},"title":"ST 2 \u062f\u0647\u0627\u0646 \u0648\u062e\u0631\u0637\u0648\u0645 \u0623\u0631\u0642","author":"admin","date":"6 \u0641\u0628\u0631\u0627\u064a\u0631 2019","format":false,"excerpt":"ST 2 Boya Ve Tiner Hortumu Alt Kat : SOLVENTLERE, BOYALARA VE H\u0130DROL\u0130K YA\u011eLARA DAYANIKLI POL\u0130AM\u0130D. Takviye : Y\u00dcKSEK MUKAVEMETL\u0130 \u00c7EL\u0130K TEL \u00d6RG\u00dc. \u00dcst Kat : YA\u011e, A\u015eINMA VE HAVA \u015eARTLARINA DAYANIKLI POL\u0130\u00dcRETAN. Kullan\u0131m Yeri : \u00c7OK Y\u00dcKSEK BASIN\u00c7 DAYANIMI GEREKT\u0130REN SOLVENTLER, BOYALAR, HAVA, SU, M\u0130NERAL VE H\u0130DROL\u0130K YA\u011eLARIN TAHL\u0130YE\u2026","rel":"","context":"\u062a\u062f\u0648\u064a\u0646\u0629 \u0645\u0634\u0627\u0628\u0647\u0629","block_context":{"text":"\u062a\u062f\u0648\u064a\u0646\u0629 \u0645\u0634\u0627\u0628\u0647\u0629","link":""},"img":{"alt_text":"","src":"https:\/\/i0.wp.com\/tuzlahortum.com.tr\/wp-content\/uploads\/2019\/03\/selpaint-st-2-hortum.png?fit=512%2C512&ssl=1&resize=350%2C200","width":350,"height":200},"classes":[]},{"id":22699,"url":"https:\/\/tuzlahortum.com.tr\/ar\/product\/selpaints-st-2-twin\/","url_meta":{"origin":684,"position":1},"title":"\u0633\u064a\u0644\u0628\u0627\u064a\u0646\u062a\u0633 ST-2 \u062a\u0648\u064a\u0646","author":"admin","date":"11 \u0623\u063a\u0633\u0637\u0633 2025","format":false,"excerpt":"\u00a0 \u00dcr\u00fcn Ad\u0131: SELPAINT ST-2 TWIN \u00dcr\u00fcn Kodu: PST2TW323 \u00c7elik Takviyeli \u00c7ok Y\u00fcksek Bas\u0131n\u00e7 Solvent ve Boya \u0130kiz Kullanim Alan\u0131 : Su bazl\u0131 s\u0131v\u0131lar, \u00e7\u00f6z\u00fcc\u00fcler, boyalar ve hidrolik ya\u011flar i\u00e7in \u00e7ok y\u00fcksek bas\u0131n\u00e7. Alt Katman : Solventlere, boyalara ve hidrolik ya\u011flara dayan\u0131kl\u0131 poliamid. Takviye Katman\u0131 : 2 Kat Y\u00fcksek Mukavemetli\u2026","rel":"","context":"\u062a\u062f\u0648\u064a\u0646\u0629 \u0645\u0634\u0627\u0628\u0647\u0629","block_context":{"text":"\u062a\u062f\u0648\u064a\u0646\u0629 \u0645\u0634\u0627\u0628\u0647\u0629","link":""},"img":{"alt_text":"","src":"https:\/\/i0.wp.com\/tuzlahortum.com.tr\/wp-content\/uploads\/2025\/08\/THERMO_25.png?fit=578%2C578&ssl=1&resize=350%2C200","width":350,"height":200,"srcset":"https:\/\/i0.wp.com\/tuzlahortum.com.tr\/wp-content\/uploads\/2025\/08\/THERMO_25.png?fit=578%2C578&ssl=1&resize=350%2C200 1x, https:\/\/i0.wp.com\/tuzlahortum.com.tr\/wp-content\/uploads\/2025\/08\/THERMO_25.png?fit=578%2C578&ssl=1&resize=525%2C300 1.5x"},"classes":[]},{"id":22690,"url":"https:\/\/tuzlahortum.com.tr\/ar\/product\/selpaint-st-1\/","url_meta":{"origin":684,"position":2},"title":"SELPAINT ST-1","author":"admin","date":"11 \u0623\u063a\u0633\u0637\u0633 2025","format":false,"excerpt":"\u00a0 \u00dcr\u00fcn Ad\u0131: SELPAINT ST-1 \u00dcr\u00fcn Kodu: PST312 \u00c7elik Takviyeli Y\u00fcksek Bas\u0131n\u00e7 Solvent ve Boya Kullanim Alan\u0131 : Su bazl\u0131 s\u0131v\u0131lar, \u00e7\u00f6z\u00fcc\u00fcler, boyalar ve hidrolik ya\u011flar i\u00e7in y\u00fcksek bas\u0131n\u00e7 alt\u0131nda kullan\u0131ma uygundur. Alt Katman : Solventlere, boyalara ve hidrolik ya\u011flara dayan\u0131kl\u0131 poliamid. Takviye Katman\u0131 : Y\u00fcksek Mukavemetli \u00c7elik Tel \u00d6rg\u00fc.\u2026","rel":"","context":"\u062a\u062f\u0648\u064a\u0646\u0629 \u0645\u0634\u0627\u0628\u0647\u0629","block_context":{"text":"\u062a\u062f\u0648\u064a\u0646\u0629 \u0645\u0634\u0627\u0628\u0647\u0629","link":""},"img":{"alt_text":"","src":"https:\/\/i0.wp.com\/tuzlahortum.com.tr\/wp-content\/uploads\/2025\/08\/THERMO_22.png?fit=589%2C589&ssl=1&resize=350%2C200","width":350,"height":200,"srcset":"https:\/\/i0.wp.com\/tuzlahortum.com.tr\/wp-content\/uploads\/2025\/08\/THERMO_22.png?fit=589%2C589&ssl=1&resize=350%2C200 1x, https:\/\/i0.wp.com\/tuzlahortum.com.tr\/wp-content\/uploads\/2025\/08\/THERMO_22.png?fit=589%2C589&ssl=1&resize=525%2C300 1.5x"},"classes":[]},{"id":22696,"url":"https:\/\/tuzlahortum.com.tr\/ar\/product\/selpaint-st-2\/","url_meta":{"origin":684,"position":3},"title":"SELPAINT ST-2","author":"admin","date":"11 \u0623\u063a\u0633\u0637\u0633 2025","format":false,"excerpt":"\u00a0 \u00dcr\u00fcn Ad\u0131: SELPAINT ST-2 \u00dcr\u00fcn Kodu: PST2322 \u00c7elik Takviyeli \u00c7ok Y\u00fcksek Bas\u0131n\u00e7 Solvent ve Boya Kullanim Alan\u0131 : Su bazl\u0131 s\u0131v\u0131lar, \u00e7\u00f6z\u00fcc\u00fcler, boyalar ve hidrolik ya\u011flar i\u00e7in \u00e7ok y\u00fcksek bas\u0131n\u00e7. Alt Katman : \u00c7\u00f6z\u00fcc\u00fclere, Boyalara ve Hidrolik Ya\u011flara Dayan\u0131kl\u0131 Poliamid. Takviye Katman\u0131 : 2 Kat Y\u00fcksek Mukavemetli \u00c7elik Tel\u2026","rel":"","context":"\u062a\u062f\u0648\u064a\u0646\u0629 \u0645\u0634\u0627\u0628\u0647\u0629","block_context":{"text":"\u062a\u062f\u0648\u064a\u0646\u0629 \u0645\u0634\u0627\u0628\u0647\u0629","link":""},"img":{"alt_text":"","src":"https:\/\/i0.wp.com\/tuzlahortum.com.tr\/wp-content\/uploads\/2025\/08\/THERMO_24.png?fit=588%2C588&ssl=1&resize=350%2C200","width":350,"height":200,"srcset":"https:\/\/i0.wp.com\/tuzlahortum.com.tr\/wp-content\/uploads\/2025\/08\/THERMO_24.png?fit=588%2C588&ssl=1&resize=350%2C200 1x, https:\/\/i0.wp.com\/tuzlahortum.com.tr\/wp-content\/uploads\/2025\/08\/THERMO_24.png?fit=588%2C588&ssl=1&resize=525%2C300 1.5x"},"classes":[]},{"id":22693,"url":"https:\/\/tuzlahortum.com.tr\/ar\/product\/selpaint-st-1-twin\/","url_meta":{"origin":684,"position":4},"title":"\u0633\u064a\u0644\u0628\u0627\u064a\u0646\u062a \u0633\u062a-1 \u062a\u0648\u064a\u0646","author":"admin","date":"11 \u0623\u063a\u0633\u0637\u0633 2025","format":false,"excerpt":"\u00a0 \u00dcr\u00fcn Ad\u0131: SELPAINT ST-1 TWIN \u00dcr\u00fcn Kodu: PSTTW313 \u00c7elik Takviyeli Y\u00fcksek Bas\u0131n\u00e7 Solvent ve Boya \u0130kiz Kullanim Alan\u0131 : Su bazl\u0131 s\u0131v\u0131lar, \u00e7\u00f6z\u00fcc\u00fcler, boyalar ve hidrolik ya\u011flar i\u00e7in y\u00fcksek bas\u0131n\u00e7 alt\u0131nda kullan\u0131l\u0131r. Alt Katman : \u00c7\u00f6z\u00fcc\u00fclere, Boyalara ve Hidrolik Ya\u011flara Dayan\u0131kl\u0131 Poliamid. Takviye Katman\u0131 : Y\u00fcksek Mukavemetli \u00c7elik Tel\u2026","rel":"","context":"\u062a\u062f\u0648\u064a\u0646\u0629 \u0645\u0634\u0627\u0628\u0647\u0629","block_context":{"text":"\u062a\u062f\u0648\u064a\u0646\u0629 \u0645\u0634\u0627\u0628\u0647\u0629","link":""},"img":{"alt_text":"","src":"https:\/\/i0.wp.com\/tuzlahortum.com.tr\/wp-content\/uploads\/2025\/08\/THERMO_23.png?fit=582%2C582&ssl=1&resize=350%2C200","width":350,"height":200,"srcset":"https:\/\/i0.wp.com\/tuzlahortum.com.tr\/wp-content\/uploads\/2025\/08\/THERMO_23.png?fit=582%2C582&ssl=1&resize=350%2C200 1x, https:\/\/i0.wp.com\/tuzlahortum.com.tr\/wp-content\/uploads\/2025\/08\/THERMO_23.png?fit=582%2C582&ssl=1&resize=525%2C300 1.5x"},"classes":[]},{"id":22702,"url":"https:\/\/tuzlahortum.com.tr\/ar\/product\/selpaint-ar-1\/","url_meta":{"origin":684,"position":5},"title":"SELPAINT AR-1","author":"admin","date":"11 \u0623\u063a\u0633\u0637\u0633 2025","format":false,"excerpt":"\u00a0 \u00dcr\u00fcn Ad\u0131: SELPAINT AR-1 \u00dcr\u00fcn Kodu: PAR1450 Tekstil (Aramid) \u00d6rg\u00fcl\u00fc Y\u00fcksek Bas\u0131n\u00e7 Solvent ve Boya Kullanim Alan\u0131 : Su bazl\u0131 s\u0131v\u0131lar, \u00e7\u00f6z\u00fcc\u00fcler, boyalar ve hidrolik ya\u011flar i\u00e7in y\u00fcksek bas\u0131n\u00e7 alt\u0131nda kullan\u0131ma uygundur. Alt Katman : Solventlere, boyalara ve hidrolik ya\u011flara dayan\u0131kl\u0131 poliamid. Takviye Katman\u0131 : \u00c7ok Y\u00fcksek Mukavemetli Aramid\u2026","rel":"","context":"\u062a\u062f\u0648\u064a\u0646\u0629 \u0645\u0634\u0627\u0628\u0647\u0629","block_context":{"text":"\u062a\u062f\u0648\u064a\u0646\u0629 \u0645\u0634\u0627\u0628\u0647\u0629","link":""},"img":{"alt_text":"","src":"https:\/\/i0.wp.com\/tuzlahortum.com.tr\/wp-content\/uploads\/2025\/08\/THERMO_26.png?fit=584%2C584&ssl=1&resize=350%2C200","width":350,"height":200,"srcset":"https:\/\/i0.wp.com\/tuzlahortum.com.tr\/wp-content\/uploads\/2025\/08\/THERMO_26.png?fit=584%2C584&ssl=1&resize=350%2C200 1x, https:\/\/i0.wp.com\/tuzlahortum.com.tr\/wp-content\/uploads\/2025\/08\/THERMO_26.png?fit=584%2C584&ssl=1&resize=525%2C300 1.5x"},"classes":[]}],"jetpack_sharing_enabled":true,"jetpack_likes_enabled":true,"_links":{"self":[{"href":"https:\/\/tuzlahortum.com.tr\/ar\/wp-json\/wp\/v2\/product\/684","targetHints":{"allow":["GET"]}}],"collection":[{"href":"https:\/\/tuzlahortum.com.tr\/ar\/wp-json\/wp\/v2\/product"}],"about":[{"href":"https:\/\/tuzlahortum.com.tr\/ar\/wp-json\/wp\/v2\/types\/product"}],"replies":[{"embeddable":true,"href":"https:\/\/tuzlahortum.com.tr\/ar\/wp-json\/wp\/v2\/comments?post=684"}],"wp:featuredmedia":[{"embeddable":true,"href":"https:\/\/tuzlahortum.com.tr\/ar\/wp-json\/wp\/v2\/media\/8418"}],"wp:attachment":[{"href":"https:\/\/tuzlahortum.com.tr\/ar\/wp-json\/wp\/v2\/media?parent=684"}],"wp:term":[{"taxonomy":"product_brand","embeddable":true,"href":"https:\/\/tuzlahortum.com.tr\/ar\/wp-json\/wp\/v2\/product_brand?post=684"},{"taxonomy":"product_cat","embeddable":true,"href":"https:\/\/tuzlahortum.com.tr\/ar\/wp-json\/wp\/v2\/product_cat?post=684"},{"taxonomy":"product_tag","embeddable":true,"href":"https:\/\/tuzlahortum.com.tr\/ar\/wp-json\/wp\/v2\/product_tag?post=684"}],"curies":[{"name":"\u062f\u0628\u0644\u064a\u0648 \u0628\u064a","href":"https:\/\/api.w.org\/{rel}","templated":true}]}}