{"id":681,"date":"2019-02-06T23:52:28","date_gmt":"2019-02-06T20:52:28","guid":{"rendered":"http:\/\/hortum.com.tr\/product\/import-placeholder-for-591\/"},"modified":"2024-03-21T17:44:00","modified_gmt":"2024-03-21T14:44:00","slug":"r4-hidrolik-hortumu","status":"publish","type":"product","link":"https:\/\/tuzlahortum.com.tr\/ar\/product\/r4-hidrolik-hortumu\/","title":{"rendered":"R4 \u062e\u0631\u0637\u0648\u0645 \u0647\u064a\u062f\u0631\u0648\u0644\u064a\u0643\u064a"},"content":{"rendered":"<h2>R4 \u062e\u0631\u0637\u0648\u0645 \u0647\u064a\u062f\u0631\u0648\u0644\u064a\u0643\u064a<\/h2>\n<table border=\"0\">\n<tbody>\n<tr>\n<td colspan=\"2\" valign=\"top\">\n<table border=\"0\">\n<tbody>\n<tr valign=\"top\">\n<td width=\"60\">\u0627\u0644\u0637\u0627\u0628\u0642 \u0627\u0644\u0633\u0641\u0644\u064a<\/td>\n<td width=\"15\">:<\/td>\n<td width=\"370\">\u0645\u0637\u0627\u0637 \u0635\u0646\u0627\u0639\u064a \u062e\u0627\u0635 \u0645\u0642\u0627\u0648\u0645 \u0644\u0644\u0632\u064a\u0648\u062a \u0648\u0627\u0644\u0648\u0642\u0648\u062f \u0627\u0644\u0647\u064a\u062f\u0631\u0648\u0644\u064a\u0643\u064a.<\/td>\n<\/tr>\n<tr valign=\"top\">\n<td width=\"60\">\u062a\u0639\u0632\u064a\u0632<\/td>\n<td width=\"15\">:<\/td>\n<td width=\"370\">\u0646\u0633\u064a\u062c \u0635\u0646\u0627\u0639\u064a \u0639\u0627\u0644\u064a \u0627\u0644\u0634\u062f \u0648\u0633\u0644\u0643 \u0644\u0648\u0644\u0628\u064a \u0645\u0646 \u0627\u0644\u0635\u0644\u0628.<\/td>\n<\/tr>\n<tr valign=\"top\">\n<td width=\"60\">\u0627\u0644\u0637\u0627\u0628\u0642 \u0627\u0644\u0639\u0644\u0648\u064a<\/td>\n<td width=\"15\">:<\/td>\n<td width=\"370\">\u0645\u0637\u0627\u0637 \u0635\u0646\u0627\u0639\u064a \u062e\u0627\u0635 \u0645\u0642\u0627\u0648\u0645 \u0644\u0644\u0632\u064a\u0648\u062a \u0648\u0627\u0644\u0623\u0648\u0632\u0648\u0646 \u0648\u0627\u0644\u062a\u0622\u0643\u0644 \u0648\u062c\u0645\u064a\u0639 \u0627\u0644\u0638\u0631\u0648\u0641 \u0627\u0644\u062c\u0648\u064a\u0629.<\/td>\n<\/tr>\n<tr valign=\"top\">\n<td width=\"60\">\u0645\u0643\u0627\u0646 \u0627\u0644\u0627\u0633\u062a\u062e\u062f\u0627\u0645<\/td>\n<td width=\"15\">:<\/td>\n<td width=\"370\">\u0641\u064a \u062f\u0648\u0627\u0626\u0631 \u0627\u0644\u0639\u0648\u062f\u0629 \u0644\u0644\u0623\u0646\u0638\u0645\u0629 \u0627\u0644\u0647\u064a\u062f\u0631\u0648\u0644\u064a\u0643\u064a\u0629 \u0641\u064a \u0627\u0644\u0628\u0646\u0627\u0621 \u0648\u0627\u0644\u0622\u0644\u0627\u062a \u0627\u0644\u0632\u0631\u0627\u0639\u064a\u0629.<\/td>\n<\/tr>\n<\/tbody>\n<\/table>\n<\/td>\n<\/tr>\n<\/tbody>\n<\/table>\n<table border=\"1\" cellspacing=\"1\" cellpadding=\"1\" align=\"center\">\n<thead>\n<tr>\n<th colspan=\"2\" rowspan=\"1\" scope=\"col\">\u0627\u0644\u0642\u0637\u0631 \u0627\u0644\u062f\u0627\u062e\u0644\u064a<\/th>\n<th scope=\"col\">\u0627\u0644\u0642\u0637\u0631 \u0627\u0644\u062e\u0627\u0631\u062c\u064a<\/th>\n<th scope=\"col\">\u0636\u063a\u0637 \u0627\u0644\u062a\u0634\u063a\u064a\u0644<\/th>\n<th scope=\"col\">\u0636\u063a\u0637 \u0627\u0644\u0627\u0646\u0641\u062c\u0627\u0631<\/th>\n<\/tr>\n<\/thead>\n<tbody>\n<tr>\n<td><strong>\u0628\u0648\u0635\u0629<\/strong><\/td>\n<td><strong>\u0645\u0645<\/strong><\/td>\n<td><strong>\u0645\u0645<\/strong><\/td>\n<td><strong>\u0634\u0631\u064a\u0637<\/strong><\/td>\n<td><strong>\u0634\u0631\u064a\u0637<\/strong><\/td>\n<\/tr>\n<tr>\n<td>3\/4<\/td>\n<td>19<\/td>\n<td>32<\/td>\n<td>21<\/td>\n<td>84<\/td>\n<\/tr>\n<tr>\n<td>1\u2033<\/td>\n<td>25.4<\/td>\n<td>37.4<\/td>\n<td>17<\/td>\n<td>68<\/td>\n<\/tr>\n<tr>\n<td>1 1\/4<\/td>\n<td>31.8<\/td>\n<td>45<\/td>\n<td>14<\/td>\n<td>56<\/td>\n<\/tr>\n<tr>\n<td>1 1\/2<\/td>\n<td>38.1<\/td>\n<td>52<\/td>\n<td>10<\/td>\n<td>40<\/td>\n<\/tr>\n<tr>\n<td>2\u2033<\/td>\n<td>50.8<\/td>\n<td>64<\/td>\n<td>7<\/td>\n<td>28<\/td>\n<\/tr>\n<tr>\n<td>2 1\/2<\/td>\n<td>63.5<\/td>\n<td>77<\/td>\n<td>4<\/td>\n<td>16<\/td>\n<\/tr>\n<tr>\n<td>3\u2033<\/td>\n<td>76.2<\/td>\n<td>90<\/td>\n<td>4<\/td>\n<td>16<\/td>\n<\/tr>\n<tr>\n<td>3 1\/2<\/td>\n<td>88.9<\/td>\n<td>103<\/td>\n<td>3<\/td>\n<td>12<\/td>\n<\/tr>\n<tr>\n<td>4\u2033<\/td>\n<td>101.6<\/td>\n<td>116<\/td>\n<td>2<\/td>\n<td>8<\/td>\n<\/tr>\n<\/tbody>\n<\/table>\n<p>&nbsp;<\/p>\n<div class=\"video video-fit mb\" style=\"padding-top:56.25%;\"><p><iframe loading=\"lazy\" title=\"\u0627\u0631\u062a\u0628\u0627\u0643 \u0627\u0644\u0642\u064a\u0627\u0633 (\u0628\u0648\u0635\u0629\u060c \u0625\u0635\u0628\u0639\u060c \u0636\u0628\u0627\u0628\u060c \u0645\u0644\u0644\u064a\u0645\u062a\u0631)\" width=\"1020\" height=\"574\" src=\"https:\/\/www.youtube.com\/embed\/uKk6AG_AZls?feature=oembed\" frameborder=\"0\" allow=\"accelerometer; autoplay; clipboard-write; encrypted-media; gyroscope; picture-in-picture; web-share\" referrerpolicy=\"strict-origin-when-cross-origin\" allowfullscreen><\/iframe><\/p>\n<\/div>","protected":false},"excerpt":{"rendered":"<p>R4 Hidrolik Hortumu Alt Kat : H\u0130DROL\u0130K YA\u011eLARA VE YAKITLARA DAYANIKLI \u00d6ZEL SENTET\u0130K KAU\u00c7UK. Takviye : Y\u00dcKSEK MUKAVEMETL\u0130 SENTET\u0130K TEKST\u0130L VE SP\u0130RAL \u00c7EL\u0130K TEL. \u00dcst Kat : YA\u011eLARA, OZONA, A\u015eINMAYA VE HER T\u00dcRL\u00dc HAVA \u015eARTLARINA DAYANIKLI \u00d6ZEL SENTET\u0130K KAU\u00c7UK. Kullan\u0131m Yeri : \u0130\u015e VE TARIM MAK\u0130NELER\u0130NDE H\u0130DROL\u0130K S\u0130STEMLER\u0130N D\u00d6N\u00dc\u015e DEVRELER\u0130NDE. \u0130\u00c7 \u00c7API DI\u015e \u00c7API \u00c7ALI\u015eMA [&#8230;]\n","protected":false},"featured_media":8420,"comment_status":"open","ping_status":"closed","template":"","meta":{"jetpack_post_was_ever_published":false},"product_brand":[],"product_cat":[157,88],"product_tag":[658,657,660,662,2285,659,663,661],"class_list":{"0":"post-681","1":"product","2":"type-product","3":"status-publish","4":"has-post-thumbnail","6":"product_cat-hidrolik-hortum","7":"product_cat-hidrolik-hortumlar","8":"product_tag-hidrolik-hortum","9":"product_tag-hidrolik-sistemlerde","10":"product_tag-hidrolik-yaglara-dayanikli","11":"product_tag-is","12":"product_tag-r4-hidrolik","13":"product_tag-sentetik-kaucuk","14":"product_tag-tarim-makinelerinde","15":"product_tag-yuksek-mukavemetli","17":"first","18":"instock","19":"taxable","20":"shipping-taxable","21":"product-type-variable"},"jetpack-related-posts":[],"jetpack_sharing_enabled":true,"jetpack_likes_enabled":true,"_links":{"self":[{"href":"https:\/\/tuzlahortum.com.tr\/ar\/wp-json\/wp\/v2\/product\/681","targetHints":{"allow":["GET"]}}],"collection":[{"href":"https:\/\/tuzlahortum.com.tr\/ar\/wp-json\/wp\/v2\/product"}],"about":[{"href":"https:\/\/tuzlahortum.com.tr\/ar\/wp-json\/wp\/v2\/types\/product"}],"replies":[{"embeddable":true,"href":"https:\/\/tuzlahortum.com.tr\/ar\/wp-json\/wp\/v2\/comments?post=681"}],"wp:featuredmedia":[{"embeddable":true,"href":"https:\/\/tuzlahortum.com.tr\/ar\/wp-json\/wp\/v2\/media\/8420"}],"wp:attachment":[{"href":"https:\/\/tuzlahortum.com.tr\/ar\/wp-json\/wp\/v2\/media?parent=681"}],"wp:term":[{"taxonomy":"product_brand","embeddable":true,"href":"https:\/\/tuzlahortum.com.tr\/ar\/wp-json\/wp\/v2\/product_brand?post=681"},{"taxonomy":"product_cat","embeddable":true,"href":"https:\/\/tuzlahortum.com.tr\/ar\/wp-json\/wp\/v2\/product_cat?post=681"},{"taxonomy":"product_tag","embeddable":true,"href":"https:\/\/tuzlahortum.com.tr\/ar\/wp-json\/wp\/v2\/product_tag?post=681"}],"curies":[{"name":"\u062f\u0628\u0644\u064a\u0648 \u0628\u064a","href":"https:\/\/api.w.org\/{rel}","templated":true}]}}