{"id":680,"date":"2019-02-06T23:52:27","date_gmt":"2019-02-06T20:52:27","guid":{"rendered":"http:\/\/hortum.com.tr\/product\/import-placeholder-for-270\/"},"modified":"2024-03-21T17:44:01","modified_gmt":"2024-03-21T14:44:01","slug":"paslanmaz-orgulu-duz-teflon-hortum","status":"publish","type":"product","link":"https:\/\/tuzlahortum.com.tr\/ar\/product\/paslanmaz-orgulu-duz-teflon-hortum\/","title":{"rendered":"\u063a\u064a\u0631 \u0627\u0644\u0642\u0627\u0628\u0644 \u0644\u0644\u0635\u062f\u0623 \u062e\u0631\u0637\u0648\u0645 \u0645\u0633\u062a\u0642\u064a\u0645 \u0645\u0636\u0641\u0631 \u062a\u0641\u0644\u0648\u0646"},"content":{"rendered":"<h2>\u063a\u064a\u0631 \u0627\u0644\u0642\u0627\u0628\u0644 \u0644\u0644\u0635\u062f\u0623 \u062e\u0631\u0637\u0648\u0645 \u0645\u0633\u062a\u0642\u064a\u0645 \u0645\u0636\u0641\u0631 \u062a\u0641\u0644\u0648\u0646<\/h2>\n<p><strong>\u0627\u0644\u0645\u0644\u0627\u0645\u062d \u0627\u0644\u0639\u0627\u0645\u0629<\/strong><\/p>\n<ol>\n<li>\u062a\u0641\u0644\u0648\u0646 (PTFE) \u062f\u0627\u062e\u0644\u064a \u0645\u0633\u0637\u062d \u060c \u0645\u0642\u0627\u0648\u0645\u0629 \u0645\u064a\u0643\u0627\u0646\u064a\u0643\u064a\u0629 \u0639\u0627\u0644\u064a\u0629 \u060c \u0639\u0627\u0632\u0644 \u060c \u0648\u0645\u0642\u0627\u0648\u0645\u0629 \u0644\u0644\u062d\u0631\u064a\u0642<\/li>\n<li>\u0639\u0627\u0644\u064a\u0629 \u0627\u0644\u0634\u062f \u0627\u0644\u0641\u0648\u0644\u0627\u0630 \u0627\u0644\u0645\u0642\u0627\u0648\u0645 \u0644\u0644\u0635\u062f\u0623 AISI 304 \u0633\u0644\u0643 \u0645\u0636\u0641\u0631<\/li>\n<li>\u064a\u062a\u0645 \u0627\u0633\u062a\u062e\u062f\u0627\u0645\u0647 \u0641\u064a \u0627\u0644\u0636\u0648\u0627\u063a\u0637 \u0648\u0627\u0644\u063a\u0627\u0632 \u0648\u0627\u0644\u0628\u062e\u0627\u0631 \u0648\u0627\u0644\u0645\u0627\u0621 \u0648\u0627\u0644\u0647\u0648\u0627\u0621 \u0648\u0632\u064a\u062a \u0627\u0644\u0648\u0642\u0648\u062f \u0648\u0627\u0644\u0643\u064a\u0645\u064a\u0627\u0621 \u0648\u0627\u0644\u0623\u063a\u0630\u064a\u0629 \u0648\u0627\u0644\u0635\u0646\u0627\u0639\u0627\u062a \u0627\u0644\u062f\u0648\u0627\u0626\u064a\u0629 \u0648\u0627\u0644\u0645\u0630\u064a\u0628\u0627\u062a \u0648\u0627\u0644\u0623\u0635\u0628\u0627\u063a \u0648\u062e\u0637\u0648\u0637 \u0646\u0642\u0644 \u0627\u0644\u0637\u0644\u0627\u0621.<\/li>\n<li style=\"font-weight: 400;\">\u0646\u0637\u0627\u0642 \u062f\u0631\u062c\u0629 \u0627\u0644\u062d\u0631\u0627\u0631\u0629: -40 \u062f\u0631\u062c\u0629 \u0645\u0626\u0648\u064a\u0629 \u0625\u0644\u0649 260 \u062f\u0631\u062c\u0629 \u0645\u0626\u0648\u064a\u0629<\/li>\n<\/ol>\n<div class=\"video video-fit mb\" style=\"padding-top:56.25%;\"><p><iframe loading=\"lazy\" title=\"\u0627\u0631\u062a\u0628\u0627\u0643 \u0627\u0644\u0642\u064a\u0627\u0633 (\u0628\u0648\u0635\u0629\u060c \u0625\u0635\u0628\u0639\u060c \u0636\u0628\u0627\u0628\u060c \u0645\u0644\u0644\u064a\u0645\u062a\u0631)\" width=\"1020\" height=\"574\" src=\"https:\/\/www.youtube.com\/embed\/uKk6AG_AZls?feature=oembed\" frameborder=\"0\" allow=\"accelerometer; autoplay; clipboard-write; encrypted-media; gyroscope; picture-in-picture; web-share\" referrerpolicy=\"strict-origin-when-cross-origin\" allowfullscreen><\/iframe><\/p>\n<\/div>","protected":false},"excerpt":{"rendered":"<p>Paslanmaz \u00d6rg\u00fcl\u00fc D\u00fcz Teflon Hortum GENEL \u00d6ZELL\u0130KLER \u0130\u00e7 k\u0131sm\u0131 teflon (PTFE) d\u00fcz, y\u00fcksek\u00a0mekanik diren\u00e7li, dielektriksel,ve ate\u015fe dayan\u0131kl\u0131 Y\u00fcksek gerilmeye mukavemetli\u00a0 paslanmaz\u00a0\u00a0AISI 304 \u00e7elik tel \u00f6rg\u00fcl\u00fc Kompres\u00f6rlerde, gaz, buhar, su, hava, fuel\u00a0oil,kimya, g\u0131da,ila\u00e7 end\u00fcstrisinde,\u00a0solventlerde,pigmentlerde, ve boya transfer hatlar\u0131nda kullan\u0131lmaktad\u0131r. S\u0131cakl\u0131k aral\u0131\u011f\u0131 :-40\u00b0C ile260\u00b0C<\/p>","protected":false},"featured_media":9071,"comment_status":"open","ping_status":"closed","template":"","meta":{"jetpack_post_was_ever_published":false},"product_brand":[],"product_cat":[88],"product_tag":[2104,689,681,683,680,676,669,338,402,424,290,685,684,682,679,675,666,678,687,686,555,677],"class_list":{"0":"post-680","1":"product","2":"type-product","3":"status-publish","4":"has-post-thumbnail","6":"product_cat-hidrolik-hortumlar","7":"product_tag-40c","8":"product_tag-260c","9":"product_tag-atese-dayanikli","10":"product_tag-buhar","11":"product_tag-dielektriksel","12":"product_tag-duz","13":"product_tag-fuel-oil-2","14":"product_tag-gaz","15":"product_tag-gida","16":"product_tag-hava","17":"product_tag-hortum","18":"product_tag-ilac-endustrisinde","19":"product_tag-kimya","20":"product_tag-kompresorlerde","21":"product_tag-mekanik-direncli","22":"product_tag-orgulu","23":"product_tag-paslanmaz","24":"product_tag-paslanmaz-orgulu-duz-teflon-hortum","25":"product_tag-pigmentlerde","26":"product_tag-solventlerde","27":"product_tag-su","28":"product_tag-teflon","30":"first","31":"instock","32":"taxable","33":"shipping-taxable","34":"product-type-variable"},"jetpack-related-posts":[],"jetpack_sharing_enabled":true,"jetpack_likes_enabled":true,"_links":{"self":[{"href":"https:\/\/tuzlahortum.com.tr\/ar\/wp-json\/wp\/v2\/product\/680","targetHints":{"allow":["GET"]}}],"collection":[{"href":"https:\/\/tuzlahortum.com.tr\/ar\/wp-json\/wp\/v2\/product"}],"about":[{"href":"https:\/\/tuzlahortum.com.tr\/ar\/wp-json\/wp\/v2\/types\/product"}],"replies":[{"embeddable":true,"href":"https:\/\/tuzlahortum.com.tr\/ar\/wp-json\/wp\/v2\/comments?post=680"}],"wp:featuredmedia":[{"embeddable":true,"href":"https:\/\/tuzlahortum.com.tr\/ar\/wp-json\/wp\/v2\/media\/9071"}],"wp:attachment":[{"href":"https:\/\/tuzlahortum.com.tr\/ar\/wp-json\/wp\/v2\/media?parent=680"}],"wp:term":[{"taxonomy":"product_brand","embeddable":true,"href":"https:\/\/tuzlahortum.com.tr\/ar\/wp-json\/wp\/v2\/product_brand?post=680"},{"taxonomy":"product_cat","embeddable":true,"href":"https:\/\/tuzlahortum.com.tr\/ar\/wp-json\/wp\/v2\/product_cat?post=680"},{"taxonomy":"product_tag","embeddable":true,"href":"https:\/\/tuzlahortum.com.tr\/ar\/wp-json\/wp\/v2\/product_tag?post=680"}],"curies":[{"name":"\u062f\u0628\u0644\u064a\u0648 \u0628\u064a","href":"https:\/\/api.w.org\/{rel}","templated":true}]}}