{"id":677,"date":"2019-02-06T23:52:27","date_gmt":"2019-02-06T20:52:27","guid":{"rendered":"http:\/\/hortum.com.tr\/product\/import-placeholder-for-487\/"},"modified":"2024-03-21T17:44:04","modified_gmt":"2024-03-21T14:44:04","slug":"trelleborg-din-1-te","status":"publish","type":"product","link":"https:\/\/tuzlahortum.com.tr\/ar\/product\/trelleborg-din-1-te\/","title":{"rendered":"Trelleborg DIN 1 TE"},"content":{"rendered":"<h2>Trelleborg DIN 1 TE<\/h2>\n<p>\u062e\u0637\u0648\u0637 \u0627\u0644\u062a\u062d\u0643\u0645 \u0627\u0644\u0647\u064a\u062f\u0631\u0648\u0644\u064a\u0643\u064a\u0629<\/p>\n<p>\u062e\u0631\u0637\u0648\u0645 \u0645\u0637\u0627\u0637\u064a \u0645\u0642\u0648\u0649 \u0628\u0627\u0644\u0646\u0633\u064a\u062c \u0644\u062e\u0637\u0648\u0637 \u0627\u0644\u062a\u062d\u0643\u0645 \u0627\u0644\u0647\u064a\u062f\u0631\u0648\u0644\u064a\u0643\u064a\u0629.<\/p>\n<p>\u062a\u0635\u0631\u064a\u0641 \u0627\u0644\u0633\u0648\u0627\u0626\u0644 \u0627\u0644\u0647\u064a\u062f\u0631\u0648\u0644\u064a\u0643\u064a\u0629 \u0648\u0627\u0644\u0632\u064a\u062a \u0648\u0627\u0644\u0647\u0648\u0627\u0621 \u0627\u0644\u0632\u064a\u062a\u064a \u0648\u0627\u0644\u0645\u0627\u0621 \u062a\u062d\u062a \u0627\u0644\u0636\u063a\u0637.<\/p>\n<p>\u0645\u0632\u0627\u064a\u0627<\/p>\n<p>* \u0625\u0646\u0647 \u062e\u0641\u064a\u0641 \u0648\u0645\u0631\u0646 \u0628\u0641\u0636\u0644 \u062a\u0642\u0648\u064a\u062a\u0647 \u0627\u0644\u0646\u0633\u064a\u062c\u064a\u0629.<\/p>\n<p>* \u064a\u0645\u0646\u0639 \u0627\u0644\u0627\u0647\u062a\u0632\u0627\u0632\u0627\u062a \u0641\u064a \u0627\u0644\u062e\u0637\u0648\u0637 \u0627\u0644\u0647\u064a\u062f\u0631\u0648\u0644\u064a\u0643\u064a\u0629.<\/p>\n<p>* \u0648\u0635\u0644\u0627\u062a \u062e\u0631\u0637\u0648\u0645 \u0645\u0642\u0627\u0648\u0645\u0629 \u0644\u0644\u063a\u0627\u064a\u0629 \u0644\u0644\u0632\u064a\u062a \u0648\u0627\u0644\u0634\u062d\u0648\u0645.<\/p>\n<p>\u0627\u0644\u0648\u0635\u0641 \u0627\u0644\u0641\u0646\u064a<\/p>\n<p>\u0627\u0644\u0623\u0646\u0628\u0648\u0628 \u0627\u0644\u062f\u0627\u062e\u0644\u064a: NBR \u0627\u0644\u0645\u0642\u0627\u0648\u0645 \u0644\u0644\u0632\u064a\u062a \u060c \u0623\u0633\u0648\u062f \u060c \u0639\u0627\u062f\u064a.<\/p>\n<p>\u0627\u0644\u062a\u0639\u0632\u064a\u0632: \u063a\u0644\u0627\u0641 \u0646\u0633\u064a\u062c \u0628\u0637\u0628\u0642\u0629 \u0648\u0627\u062d\u062f\u0629.<\/p>\n<p>\u0637\u0644\u0627\u0621: \u0632\u064a\u062a CR \u0645\u0642\u0627\u0648\u0645\u0629 \u0644\u0644\u062a\u0622\u0643\u0644 \u060c \u0623\u0633\u0648\u062f \u060c \u0623\u0645\u0644\u0633.<\/p>\n<p>\u0646\u0637\u0627\u0642 \u062f\u0631\u062c\u0629 \u062d\u0631\u0627\u0631\u0629 :<\/p>\n<p>\u0627\u0644\u0633\u0648\u0627\u0626\u0644 \u0627\u0644\u0647\u064a\u062f\u0631\u0648\u0644\u064a\u0643\u064a\u0629: -40 \u062f\u0631\u062c\u0629 \u0645\u0626\u0648\u064a\u0629 \u0625\u0644\u0649 + 100 \u062f\u0631\u062c\u0629 \u0645\u0626\u0648\u064a\u0629.<\/p>\n<p>\u0627\u0644\u0633\u0648\u0627\u0626\u0644 \u0627\u0644\u0645\u0627\u0626\u064a\u0629: -40 \u062f\u0631\u062c\u0629 \u0645\u0626\u0648\u064a\u0629 \u0625\u0644\u0649 +70 \u062f\u0631\u062c\u0629 \u0645\u0626\u0648\u064a\u0629.<\/p>\n<p>\u0627\u0644\u0645\u0627\u0621: 0 \u062f\u0631\u062c\u0629 \u0645\u0626\u0648\u064a\u0629 \u0625\u0644\u0649 +70 \u062f\u0631\u062c\u0629 \u0645\u0626\u0648\u064a\u0629 ..<\/p>\n<p>\u0627\u0644\u0645\u0639\u064a\u0627\u0631 \/ \u0627\u0644\u0645\u0648\u0627\u0641\u0642\u0629: DIN 2021 1TE \u060c EN 854: 1996 1TE.<\/p>\n<p>\u0645\u0639\u0644\u0648\u0645\u0627\u062a \u0625\u0636\u0627\u0641\u064a\u0629<\/p>\n<p>\u064a\u062a\u0645 \u062a\u062d\u062f\u064a\u062f \u0634\u0631\u0648\u0637 \u0627\u0644\u062a\u0633\u0644\u064a\u0645 \u0648\u0641\u0642\u064b\u0627 \u0644\u0644\u0623\u0645\u0631.<\/p>\n<p>%50 sabit uzunluk;<\/p>\n<p>%50 rastgele uzunluklar :<\/p>\n<p>10-39 \u0645 \u0644\u062c\u0645\u064a\u0639 \u0627\u0644\u062a\u0637\u0648\u064a\u0631 \u0627\u0644\u062a\u0646\u0638\u064a\u0645\u064a \u060c<\/p>\n<p>41-99 \u0645 \u0644\u0640 OD 4.8<\/p>\n<p>41-119 \u0645 \u0644\u0640 OD 6.4 \u0625\u0644\u0649 15.9 \u060c<\/p>\n<p>41-79 IA 19 \u0625\u0644\u0649 25.4 \u0645.<\/p>\n<div class=\"video video-fit mb\" style=\"padding-top:56.25%;\"><p><iframe loading=\"lazy\" title=\"\u0627\u0631\u062a\u0628\u0627\u0643 \u0627\u0644\u0642\u064a\u0627\u0633 (\u0628\u0648\u0635\u0629\u060c \u0625\u0635\u0628\u0639\u060c \u0636\u0628\u0627\u0628\u060c \u0645\u0644\u0644\u064a\u0645\u062a\u0631)\" width=\"1020\" height=\"574\" src=\"https:\/\/www.youtube.com\/embed\/uKk6AG_AZls?feature=oembed\" frameborder=\"0\" allow=\"accelerometer; autoplay; clipboard-write; encrypted-media; gyroscope; picture-in-picture; web-share\" referrerpolicy=\"strict-origin-when-cross-origin\" allowfullscreen><\/iframe><\/p>\n<\/div>\n<p><img data-recalc-dims=\"1\" loading=\"lazy\" decoding=\"async\" class=\"alignnone size-medium wp-image-2123\" src=\"https:\/\/i0.wp.com\/hortum.com.tr\/wp-content\/uploads\/urunler\/trelleborg\/Trelleborg-DIN-1-TE-800x192.jpg?resize=800%2C192\" alt=\"\" width=\"800\" height=\"192\" title=\"\" srcset=\"https:\/\/i0.wp.com\/tuzlahortum.com.tr\/wp-content\/uploads\/urunler\/trelleborg\/Trelleborg-DIN-1-TE.jpg?resize=800%2C192&amp;ssl=1 800w, https:\/\/i0.wp.com\/tuzlahortum.com.tr\/wp-content\/uploads\/urunler\/trelleborg\/Trelleborg-DIN-1-TE.jpg?resize=768%2C185&amp;ssl=1 768w, https:\/\/i0.wp.com\/tuzlahortum.com.tr\/wp-content\/uploads\/urunler\/trelleborg\/Trelleborg-DIN-1-TE.jpg?resize=600%2C144&amp;ssl=1 600w, https:\/\/i0.wp.com\/tuzlahortum.com.tr\/wp-content\/uploads\/urunler\/trelleborg\/Trelleborg-DIN-1-TE.jpg?w=1035&amp;ssl=1 1035w\" sizes=\"auto, (max-width: 800px) 100vw, 800px\" \/><\/p>","protected":false},"excerpt":{"rendered":"<p>Trelleborg DIN 1 TE Hidrolik kontrol hatlar\u0131 Hidrolik kontrol hatlar\u0131 i\u00e7in tekstil takviyeli kau\u00e7uk hortum. Bas\u0131n\u00e7 alt\u0131ndaki hidrolik s\u0131v\u0131lar, ya\u011f, ya\u011fl\u0131 hava ve suyun tahliyesi. Avantajlar *Tekstil takviyesi sayesinde hafif ve esnektir. *Hidrolik hatlarda tire\u015fimleri engeller. *Hortum kapmalar\u0131 ya\u011f ve grese kar\u015f\u0131 son derece dayan\u0131kl\u0131d\u0131r. Teknik a\u00e7\u0131klama \u0130\u00e7 t\u00fcp :\u00a0ya\u011fa dayan\u0131kl\u0131 NBR, siyah, d\u00fcz. Takviye [&#8230;]\n","protected":false},"featured_media":2638,"comment_status":"open","ping_status":"closed","template":"","meta":{"jetpack_post_was_ever_published":false},"product_brand":[],"product_cat":[179],"product_tag":[294,647,290],"class_list":{"0":"post-677","1":"product","2":"type-product","3":"status-publish","4":"has-post-thumbnail","6":"product_cat-hidrolik-kontrol-hortumlari","7":"product_tag-dayanikli","8":"product_tag-hidrolik","9":"product_tag-hortum","11":"first","12":"instock","13":"taxable","14":"shipping-taxable","15":"product-type-variable"},"jetpack-related-posts":[],"jetpack_sharing_enabled":true,"jetpack_likes_enabled":true,"_links":{"self":[{"href":"https:\/\/tuzlahortum.com.tr\/ar\/wp-json\/wp\/v2\/product\/677","targetHints":{"allow":["GET"]}}],"collection":[{"href":"https:\/\/tuzlahortum.com.tr\/ar\/wp-json\/wp\/v2\/product"}],"about":[{"href":"https:\/\/tuzlahortum.com.tr\/ar\/wp-json\/wp\/v2\/types\/product"}],"replies":[{"embeddable":true,"href":"https:\/\/tuzlahortum.com.tr\/ar\/wp-json\/wp\/v2\/comments?post=677"}],"wp:featuredmedia":[{"embeddable":true,"href":"https:\/\/tuzlahortum.com.tr\/ar\/wp-json\/wp\/v2\/media\/2638"}],"wp:attachment":[{"href":"https:\/\/tuzlahortum.com.tr\/ar\/wp-json\/wp\/v2\/media?parent=677"}],"wp:term":[{"taxonomy":"product_brand","embeddable":true,"href":"https:\/\/tuzlahortum.com.tr\/ar\/wp-json\/wp\/v2\/product_brand?post=677"},{"taxonomy":"product_cat","embeddable":true,"href":"https:\/\/tuzlahortum.com.tr\/ar\/wp-json\/wp\/v2\/product_cat?post=677"},{"taxonomy":"product_tag","embeddable":true,"href":"https:\/\/tuzlahortum.com.tr\/ar\/wp-json\/wp\/v2\/product_tag?post=677"}],"curies":[{"name":"\u062f\u0628\u0644\u064a\u0648 \u0628\u064a","href":"https:\/\/api.w.org\/{rel}","templated":true}]}}