{"id":675,"date":"2019-02-06T23:52:26","date_gmt":"2019-02-06T20:52:26","guid":{"rendered":"http:\/\/hortum.com.tr\/product\/import-placeholder-for-310\/"},"modified":"2024-03-21T17:44:05","modified_gmt":"2024-03-21T14:44:05","slug":"hidrolik-kuresel-vana","status":"publish","type":"product","link":"https:\/\/tuzlahortum.com.tr\/ar\/product\/hidrolik-kuresel-vana\/","title":{"rendered":"\u0635\u0645\u0627\u0645 \u0643\u0631\u0648\u064a \u0647\u064a\u062f\u0631\u0648\u0644\u064a\u0643\u064a"},"content":{"rendered":"<h2>\u0635\u0645\u0627\u0645 \u0643\u0631\u0648\u064a \u0647\u064a\u062f\u0631\u0648\u0644\u064a\u0643\u064a<\/h2>\n<p>\u062a\u064f\u0633\u062a\u062e\u062f\u0645 \u0627\u0644\u0635\u0645\u0627\u0645\u0627\u062a \u0627\u0644\u0643\u0631\u0648\u064a\u0629 \u0627\u0644\u0647\u064a\u062f\u0631\u0648\u0644\u064a\u0643\u064a\u0629 \u062b\u0646\u0627\u0626\u064a\u0629 \u0627\u0644\u0627\u062a\u062c\u0627\u0647 \u0645\u0646 \u0633\u0644\u0633\u0644\u0629 Bv2 \u0644\u0641\u062a\u062d \u0648\u062e\u0646\u0642 \u0627\u0644\u0633\u0627\u0626\u0644. \u062a\u0636\u0645\u0646 \u0627\u0644\u0642\u062f\u0631\u0629 \u0639\u0644\u0649 \u0627\u0644\u0641\u062a\u062d \u0648\u0627\u0644\u0625\u063a\u0644\u0627\u0642 \u0628\u0633\u0647\u0648\u0644\u0629 \u0623\u0646 \u064a\u0643\u0648\u0646 \u0645\u0645\u0631 \u0627\u0644\u0633\u0648\u0627\u0626\u0644 \u0645\u0631\u064a\u062d\u064b\u0627. \u0646\u0638\u0631\u064b\u0627 \u0644\u062a\u0631\u0643\u064a\u0628\u0647\u0627 \u0627\u0644\u062d\u062c\u0645\u064a \u060c \u0641\u0625\u0646\u0647\u0627 \u062a\u0639\u0645\u0644 \u0628\u0633\u0631\u0639\u0629 \u0648\u0643\u0641\u0627\u0621\u0629 \u0648\u062a\u0645\u0646\u0639 \u0627\u0644\u062a\u062c\u0627\u0648\u064a\u0641 \u0627\u0644\u062a\u064a \u0642\u062f \u062a\u062d\u062f\u062b \u0641\u064a \u0627\u0644\u0633\u0627\u0626\u0644. \u0639\u0646\u062f \u0627\u0644\u0631\u063a\u0628\u0629 \u060c \u064a\u0645\u0643\u0646 \u0642\u0641\u0644\u0647\u0627 \u0623\u0648 \u0625\u063a\u0644\u0627\u0642\u0647\u0627 \u0628\u0645\u0633\u0627\u0639\u062f\u0629 \u063a\u0633\u0627\u0644\u0629 \u0627\u0644\u0642\u0641\u0644 \u0627\u0644\u0645\u0648\u062c\u0648\u062f\u0629 \u0639\u0644\u0649 \u0627\u0644\u062f\u0628\u0648\u0633 \u0627\u0644\u0645\u0631\u0628\u0639.\u00a0<br \/>\u0641\u064a \u0627\u0644\u0635\u0645\u0627\u0645\u0627\u062a \u0627\u0644\u0643\u0631\u0648\u064a\u0629 \u0627\u0644\u0647\u064a\u062f\u0631\u0648\u0644\u064a\u0643\u064a\u0629 \u062b\u0646\u0627\u0626\u064a\u0629 \u0627\u0644\u0627\u062a\u062c\u0627\u0647 \u0645\u0646 \u0633\u0644\u0633\u0644\u0629 BV2 \u060c \u064a\u0643\u0648\u0646 \u0627\u0644\u0643\u0631\u0629 \u0627\u0644\u062f\u0627\u062e\u0644\u064a\u0629 \u0645\u0646 \u0627\u0644\u0641\u0648\u0644\u0627\u0630 \u0627\u0644\u0645\u0637\u0644\u064a \u0628\u0627\u0644\u0643\u0631\u0648\u0645 \u0627\u0644\u0635\u0644\u0628 \u0648\u0645\u062b\u0628\u062a\u0629 \u0645\u0639 delrin (POM).\u00a0<br \/>\u062a\u064f\u0633\u062a\u062e\u062f\u0645 \u0627\u0644\u0635\u0645\u0627\u0645\u0627\u062a \u0627\u0644\u0643\u0631\u0648\u064a\u0629 \u0627\u0644\u0647\u064a\u062f\u0631\u0648\u0644\u064a\u0643\u064a\u0629 \u062b\u0646\u0627\u0626\u064a\u0629 \u0627\u0644\u0627\u062a\u062c\u0627\u0647 \u0645\u0646 \u0633\u0644\u0633\u0644\u0629 BV2 \u0641\u064a \u0645\u0631\u0648\u0631 \u0632\u064a\u062a \u0627\u0644\u0648\u0642\u0648\u062f \u0648\u063a\u0627\u0632 \u0627\u0644\u0628\u062a\u0631\u0648\u0644 \u0627\u0644\u0645\u0633\u0627\u0644 \u0648\u0627\u0644\u063a\u0627\u0632 \u0627\u0644\u0637\u0628\u064a\u0639\u064a \u0627\u0644\u0645\u0636\u063a\u0648\u0637 \u0648\u0627\u0644\u063a\u0627\u0632\u0627\u062a \u0627\u0644\u0623\u062e\u0631\u0649 \u0648\u0643\u0630\u0644\u0643 \u0627\u0644\u0632\u064a\u0648\u062a \u0627\u0644\u0647\u064a\u062f\u0631\u0648\u0644\u064a\u0643\u064a\u0629 \u0648\u0627\u0644\u0632\u064a\u0648\u062a \u0627\u0644\u0635\u0646\u0627\u0639\u064a\u0629 \u0627\u0644\u0623\u062e\u0631\u0649.<\/p>\n<p>\u00a0<\/p>\n<table border=\"0\" width=\"1022\">\n<tbody>\n<tr>\n<td width=\"578\">\u0645\u0627\u062f\u0629 \u0627\u0644\u062c\u0633\u0645\u00a0<\/td>\n<td width=\"444\">\u0642\u0637\u0639 \u0627\u0644\u0635\u0644\u0628 \u0645\u062c\u0627\u0646\u0627<\/td>\n<\/tr>\n<tr>\n<td>\u0645\u0627\u062f\u0629 \u0627\u0644\u0645\u062c\u0627\u0644\u00a0<\/td>\n<td>\u0635\u0644\u0628 \u0645\u0637\u0644\u064a \u0628\u0627\u0644\u0643\u0631\u0648\u0645 \u0627\u0644\u0635\u0644\u0628<\/td>\n<\/tr>\n<tr>\n<td>\u062d\u062c\u0645 \u0627\u0644\u0645\u0633\u0645\u0627\u0631<\/td>\n<td>BSP \u060c NPT<\/td>\n<\/tr>\n<tr>\n<td>\u062a\u062d\u0645\u0644 \u0627\u0644\u0645\u062c\u0627\u0644\u00a0<\/td>\n<td>\u062f\u0644\u0631\u064a\u0646 (\u0628\u0648\u0645)<\/td>\n<\/tr>\n<tr>\n<td>\u062e\u062a\u0645<\/td>\n<td>\u0627\u0644\u0646\u062a\u0631\u064a\u0644 \u064a\u0627 \u0627\u0644\u062f\u0627\u0626\u0631\u064a (NBR)<\/td>\n<\/tr>\n<tr>\n<td>\u062f\u0631\u062c\u0629 \u062d\u0631\u0627\u0631\u0629 \u0627\u0644\u062a\u0634\u063a\u064a\u0644\u00a0<\/td>\n<td>-30 \u062f\u0631\u062c\u0629 \u0645\u0626\u0648\u064a\u0629 \u0625\u0644\u0649 +110 \u062f\u0631\u062c\u0629 \u0645\u0626\u0648\u064a\u0629<\/td>\n<\/tr>\n<tr>\n<td>\u062a\u063a\u0637\u064a\u0629<\/td>\n<td>\u0627\u0644\u0645\u062c\u0644\u0641\u0646 (\u062a\u062e\u0645\u064a\u0644 \u0627\u0644\u0643\u0631\u0648\u0645 III)<\/td>\n<\/tr>\n<tr>\n<td>\u0641\u064a \u0638\u0631\u0648\u0641 \u062e\u0627\u0635\u0629<\/td>\n<td>\u0641\u064a\u062a\u0648\u0646<\/td>\n<\/tr>\n<tr>\n<td>\u0645\u0646\u0637\u0642\u0629 \u0627\u0644\u0627\u0633\u062a\u062e\u062f\u0627\u0645<\/td>\n<td>\u0622\u0644\u0627\u062a \u0627\u0644\u062d\u0641\u0631 \u060c \u0648\u0622\u0644\u0627\u062a \u062a\u0634\u0643\u064a\u0644 \u062e\u062a\u0645 \u0627\u0644\u0628\u0644\u0627\u0633\u062a\u064a\u0643 \u060c\u00a0<\/td>\n<\/tr>\n<tr>\n<td>\u00a0<\/td>\n<td>\u0645\u0635\u0627\u0646\u0639 \u0625\u0646\u062a\u0627\u062c \u0627\u0644\u0645\u0648\u0627\u062f \u0627\u0644\u0643\u064a\u0645\u064a\u0627\u0626\u064a\u0629 \u0648\u0627\u0644\u0631\u0627\u0641\u0639\u0627\u062a \u060c\u00a0<\/td>\n<\/tr>\n<tr>\n<td>\u00a0<\/td>\n<td>\u0627\u0644\u0634\u0627\u062d\u0646\u0627\u062a \u0648\u0627\u0644\u062a\u0637\u0628\u064a\u0642\u0627\u062a \u0627\u0644\u0647\u064a\u062f\u0631\u0648\u0644\u064a\u0643\u064a\u0629 \u0627\u0644\u0639\u0627\u0645\u0629<\/td>\n<\/tr>\n<\/tbody>\n<\/table>","protected":false},"excerpt":{"rendered":"<p>Hidrolik K\u00fcresel Vana Bv2 Serisi Hidrolik 2 Yollu K\u00fcresel Vanalar, ak\u0131\u015fkan\u0131n a\u00e7ma ve k\u0131s\u0131lmas\u0131nda kullan\u0131l\u0131rlar. Kolayca a\u00e7\u0131l\u0131p kapanabilmeleri ak\u0131\u015fkan ge\u00e7i\u015finin rahat olmas\u0131n\u0131 sa\u011flar. Volumetrik yap\u0131lar\u0131ndan dolay\u0131 h\u0131zl\u0131 ve verimli \u00e7al\u0131\u015f\u0131rlar ve ak\u0131\u015fkanda olu\u015fabilecek kavitasyonlar\u0131 engellerler. \u0130stenildi\u011finde kare pim \u00fczerindeki kilitleme pulu yard\u0131m\u0131yla a\u00e7\u0131k veya kapal\u0131 olarak kilitlenebilirler.\u00a0BV2 Serisi Hidrolik 2 Yollu K\u00fcresel Vanalarda i\u00e7teki k\u00fcre [&#8230;]\n","protected":false},"featured_media":2879,"comment_status":"open","ping_status":"closed","template":"","meta":{"jetpack_post_was_ever_published":false},"product_brand":[],"product_cat":[91],"product_tag":[647,2270,672,965,331],"class_list":{"0":"post-675","1":"product","2":"type-product","3":"status-publish","4":"has-post-thumbnail","6":"product_cat-hidrolik-baglanti-elemanlari","7":"product_tag-hidrolik","8":"product_tag-hidrolik-kuresel-vana","9":"product_tag-kuresel","10":"product_tag-kuresel-vana","11":"product_tag-vana","13":"first","14":"instock","15":"taxable","16":"shipping-taxable","17":"product-type-variable"},"jetpack-related-posts":[],"jetpack_sharing_enabled":true,"jetpack_likes_enabled":true,"_links":{"self":[{"href":"https:\/\/tuzlahortum.com.tr\/ar\/wp-json\/wp\/v2\/product\/675","targetHints":{"allow":["GET"]}}],"collection":[{"href":"https:\/\/tuzlahortum.com.tr\/ar\/wp-json\/wp\/v2\/product"}],"about":[{"href":"https:\/\/tuzlahortum.com.tr\/ar\/wp-json\/wp\/v2\/types\/product"}],"replies":[{"embeddable":true,"href":"https:\/\/tuzlahortum.com.tr\/ar\/wp-json\/wp\/v2\/comments?post=675"}],"wp:featuredmedia":[{"embeddable":true,"href":"https:\/\/tuzlahortum.com.tr\/ar\/wp-json\/wp\/v2\/media\/2879"}],"wp:attachment":[{"href":"https:\/\/tuzlahortum.com.tr\/ar\/wp-json\/wp\/v2\/media?parent=675"}],"wp:term":[{"taxonomy":"product_brand","embeddable":true,"href":"https:\/\/tuzlahortum.com.tr\/ar\/wp-json\/wp\/v2\/product_brand?post=675"},{"taxonomy":"product_cat","embeddable":true,"href":"https:\/\/tuzlahortum.com.tr\/ar\/wp-json\/wp\/v2\/product_cat?post=675"},{"taxonomy":"product_tag","embeddable":true,"href":"https:\/\/tuzlahortum.com.tr\/ar\/wp-json\/wp\/v2\/product_tag?post=675"}],"curies":[{"name":"\u062f\u0628\u0644\u064a\u0648 \u0628\u064a","href":"https:\/\/api.w.org\/{rel}","templated":true}]}}