{"id":671,"date":"2019-02-06T23:52:25","date_gmt":"2019-02-06T20:52:25","guid":{"rendered":"http:\/\/hortum.com.tr\/product\/import-placeholder-for-266\/"},"modified":"2024-03-21T17:44:08","modified_gmt":"2024-03-21T14:44:08","slug":"kuka-hortumu-kanal-acma","status":"publish","type":"product","link":"https:\/\/tuzlahortum.com.tr\/ar\/product\/kuka-hortumu-kanal-acma\/","title":{"rendered":"\u062e\u0631\u0637\u0648\u0645 \u0643\u0648\u0643\u0627 (\u062d\u0632)"},"content":{"rendered":"<h2>\u062e\u0631\u0637\u0648\u0645 \u0643\u0648\u0643\u0627 (\u062d\u0632)<\/h2>\n<p>\u062e\u0631\u0637\u0648\u0645 \u062d\u0641\u0631 (\u0645\u0639 \u0643\u0644\u062a\u0627 \u0627\u0644\u062a\u0631\u0643\u064a\u0628\u0627\u062a)<\/p>\n<table border=\"0\" width=\"570\">\n<tbody>\n<tr>\n<td colspan=\"2\" valign=\"top\">\n<table border=\"0\" width=\"100%\">\n<tbody>\n<tr valign=\"top\">\n<td width=\"60\">\u0627\u0644\u0637\u0627\u0628\u0642 \u0627\u0644\u0633\u0641\u0644\u064a<\/td>\n<td width=\"15\">:<\/td>\n<td width=\"370\">NR \/ SBR \u0627\u0644\u0645\u0637\u0627\u0637.<\/td>\n<\/tr>\n<tr valign=\"top\">\n<td width=\"60\">\u062a\u0639\u0632\u064a\u0632<\/td>\n<td width=\"15\">:<\/td>\n<td width=\"370\">\u0646\u0633\u064a\u062c \u0635\u0646\u0627\u0639\u064a \u0639\u0627\u0644\u064a \u0627\u0644\u0634\u062f \u0648\u062d\u064a\u0627\u0643\u0629 \u0623\u0631\u0627\u0645\u064a\u062f.<\/td>\n<\/tr>\n<tr valign=\"top\">\n<td width=\"60\">\u0627\u0644\u0637\u0627\u0628\u0642 \u0627\u0644\u0639\u0644\u0648\u064a<\/td>\n<td width=\"15\">:<\/td>\n<td width=\"370\">\u0645\u0637\u0627\u0637 NR \/ SBR \u0645\u0642\u0627\u0648\u0645 \u0644\u0644\u062a\u0622\u0643\u0644 \u0648\u062c\u0645\u064a\u0639 \u0627\u0644\u0638\u0631\u0648\u0641 \u0627\u0644\u062c\u0648\u064a\u0629 \u0648\u0627\u0644\u062a\u0622\u0643\u0644.<\/td>\n<\/tr>\n<tr valign=\"top\">\n<td width=\"60\">\u0645\u0643\u0627\u0646 \u0627\u0644\u0627\u0633\u062a\u062e\u062f\u0627\u0645<\/td>\n<td width=\"15\">:<\/td>\n<td width=\"370\">\u0627\u0644\u0623\u0639\u0645\u0627\u0644 \u0627\u0644\u062a\u064a \u062a\u062a\u0637\u0644\u0628 \u0623\u0639\u0645\u0627\u0644 \u062a\u0646\u0638\u064a\u0641 \u0639\u0627\u0644\u064a\u0629 \u0627\u0644\u0636\u063a\u0637 \u0648\u062a\u0646\u0638\u064a\u0641 \u0627\u0644\u0645\u062c\u0627\u0631\u064a.<\/td>\n<\/tr>\n<\/tbody>\n<\/table>\n<\/td>\n<td width=\"71\">\n<div align=\"center\"><\/div>\n<\/td>\n<\/tr>\n<\/tbody>\n<\/table>\n<div>-40 \u062f\u0631\u062c\u0629 \u0645\u0626\u0648\u064a\u0629 \/ +70 \u062f\u0631\u062c\u0629 \u0645\u0626\u0648\u064a\u0629<\/div>\n<div>-40 \u062f\u0631\u062c\u0629 \u0641\u0647\u0631\u0646\u0647\u0627\u064a\u062a \/ + 158 \u062f\u0631\u062c\u0629 \u0641\u0647\u0631\u0646\u0647\u0627\u064a\u062a: \u062a\u0634\u063a\u064a\u0644 250 \u0628\u0627\u0631<\/div>\n<table border=\"0\" width=\"570\">\n<tbody>\n<tr>\n<td>\n<table border=\"0\" width=\"570\">\n<tbody>\n<tr>\n<td width=\"69\" height=\"25\"><strong>\u0623\u0639\u0631\u0627\u0641:<\/strong><\/td>\n<td width=\"217\">ISO 1307<\/td>\n<\/tr>\n<tr>\n<td height=\"25\"><\/td>\n<td><\/td>\n<\/tr>\n<\/tbody>\n<\/table>\n<\/td>\n<\/tr>\n<\/tbody>\n<\/table>\n<p>&nbsp;<\/p>\n<div class=\"video video-fit mb\" style=\"padding-top:56.25%;\"><p><iframe loading=\"lazy\" title=\"\u0627\u0631\u062a\u0628\u0627\u0643 \u0627\u0644\u0642\u064a\u0627\u0633 (\u0628\u0648\u0635\u0629\u060c \u0625\u0635\u0628\u0639\u060c \u0636\u0628\u0627\u0628\u060c \u0645\u0644\u0644\u064a\u0645\u062a\u0631)\" width=\"1020\" height=\"574\" src=\"https:\/\/www.youtube.com\/embed\/uKk6AG_AZls?feature=oembed\" frameborder=\"0\" allow=\"accelerometer; autoplay; clipboard-write; encrypted-media; gyroscope; picture-in-picture\" allowfullscreen><\/iframe><\/p>\n<\/div>","protected":false},"excerpt":{"rendered":"<p>Kuka Hortumu (Kanal A\u00e7ma) KANAL A\u00c7MA HORTUMU (HER \u0130K\u0130 UCU RAKORLU) Alt Kat : NR\/SBR KAU\u00c7UK. Takviye : Y\u00dcKSEK MUKAVEMETL\u0130 SENTET\u0130K TEKST\u0130L VE ARAM\u0130D \u00d6RG\u00dc. \u00dcst Kat : A\u015eINMAYA, HER T\u00dcRL\u00dc HAVA \u015eARTLARINA VE YIPRANMAYA DAYANIKLI NR\/SBR KAU\u00c7UK. Kullan\u0131m Yeri : Y\u00dcKSEK BASIN\u00c7LA TEM\u0130ZLEME GEREKT\u0130REN \u0130\u015eLERDE VE KANAL\u0130ZASYON TEM\u0130ZL\u0130K \u0130\u015eLER\u0130NDE. -40\u00b0C\/+70\u00b0C -40\u00b0F\/+158\u00b0F \u00a0 : \u00a0\u00c7ALI\u015eMA [&#8230;]\n","protected":false},"featured_media":2897,"comment_status":"open","ping_status":"closed","template":"","meta":{"jetpack_post_was_ever_published":false},"product_brand":[],"product_cat":[157,88,2327],"product_tag":[558,290,354,665,518,353,355,661],"class_list":{"0":"post-671","1":"product","2":"type-product","3":"status-publish","4":"has-post-thumbnail","6":"product_cat-hidrolik-hortum","7":"product_cat-hidrolik-hortumlar","8":"product_cat-kanal-acma-hortumlari","9":"product_tag-basinc","10":"product_tag-hortum","11":"product_tag-kanal-acma","12":"product_tag-kanalizasyon","13":"product_tag-kaucuk","14":"product_tag-kuka","15":"product_tag-kuka-hortumu","16":"product_tag-yuksek-mukavemetli","18":"first","19":"instock","20":"featured","21":"taxable","22":"shipping-taxable","23":"product-type-variable"},"jetpack-related-posts":[],"jetpack_sharing_enabled":true,"jetpack_likes_enabled":true,"_links":{"self":[{"href":"https:\/\/tuzlahortum.com.tr\/ar\/wp-json\/wp\/v2\/product\/671","targetHints":{"allow":["GET"]}}],"collection":[{"href":"https:\/\/tuzlahortum.com.tr\/ar\/wp-json\/wp\/v2\/product"}],"about":[{"href":"https:\/\/tuzlahortum.com.tr\/ar\/wp-json\/wp\/v2\/types\/product"}],"replies":[{"embeddable":true,"href":"https:\/\/tuzlahortum.com.tr\/ar\/wp-json\/wp\/v2\/comments?post=671"}],"wp:featuredmedia":[{"embeddable":true,"href":"https:\/\/tuzlahortum.com.tr\/ar\/wp-json\/wp\/v2\/media\/2897"}],"wp:attachment":[{"href":"https:\/\/tuzlahortum.com.tr\/ar\/wp-json\/wp\/v2\/media?parent=671"}],"wp:term":[{"taxonomy":"product_brand","embeddable":true,"href":"https:\/\/tuzlahortum.com.tr\/ar\/wp-json\/wp\/v2\/product_brand?post=671"},{"taxonomy":"product_cat","embeddable":true,"href":"https:\/\/tuzlahortum.com.tr\/ar\/wp-json\/wp\/v2\/product_cat?post=671"},{"taxonomy":"product_tag","embeddable":true,"href":"https:\/\/tuzlahortum.com.tr\/ar\/wp-json\/wp\/v2\/product_tag?post=671"}],"curies":[{"name":"\u062f\u0628\u0644\u064a\u0648 \u0628\u064a","href":"https:\/\/api.w.org\/{rel}","templated":true}]}}