{"id":670,"date":"2019-02-06T23:52:25","date_gmt":"2019-02-06T20:52:25","guid":{"rendered":"http:\/\/hortum.com.tr\/product\/import-placeholder-for-590\/"},"modified":"2024-03-21T17:44:09","modified_gmt":"2024-03-21T14:44:09","slug":"r13-hidrolik-hortumu","status":"publish","type":"product","link":"https:\/\/tuzlahortum.com.tr\/ar\/product\/r13-hidrolik-hortumu\/","title":{"rendered":"R13 \u062e\u0631\u0637\u0648\u0645 \u0647\u064a\u062f\u0631\u0648\u0644\u064a\u0643\u064a"},"content":{"rendered":"<h2>R13 \u062e\u0631\u0637\u0648\u0645 \u0647\u064a\u062f\u0631\u0648\u0644\u064a\u0643\u064a<\/h2>\n<p class=\"description\">\u0645\u0635\u0646\u0648\u0639 \u0645\u0646 \u0627\u0644\u0645\u0637\u0627\u0637 \u0627\u0644\u0635\u0646\u0627\u0639\u064a \u0627\u0644\u062e\u0627\u0635 \u0627\u0644\u0645\u0642\u0627\u0648\u0645 \u0644\u0644\u0632\u064a\u0648\u062a \u0627\u0644\u0647\u064a\u062f\u0631\u0648\u0644\u064a\u0643\u064a\u0629 \u0627\u0644\u0645\u0639\u062f\u0646\u064a\u0629 \u0648\u0627\u0644\u0646\u0628\u0627\u062a\u064a\u0629 \u0648\u0627\u0644\u062c\u0644\u0648\u0643\u0648\u0632 \u060c \u0648\u0630\u0631\u0648\u0629 \u0639\u0627\u0644\u064a\u0629 \u062c\u062f\u064b\u0627<\/p>\n<p class=\"description\">\u0647\u0648 \u0646\u0648\u0639 \u0645\u0646 \u0627\u0644\u062e\u0631\u0627\u0637\u064a\u0645 \u0627\u0644\u0645\u0633\u062a\u062e\u062f\u0645\u0629 \u0641\u064a \u0627\u0644\u0623\u0646\u0638\u0645\u0629 \u0627\u0644\u062a\u064a \u0633\u062a\u062a\u0639\u0631\u0636 \u0644\u0644\u0636\u063a\u0648\u0637 \u0648\u0627\u0644\u0638\u0631\u0648\u0641 \u0627\u0644\u0635\u0639\u0628\u0629.<\/p>\n<ul class=\"list\">\n<li>\u00a0-40 \u062f\u0631\u062c\u0629 \u0645\u0626\u0648\u064a\u0629 \/ + 120 \u062f\u0631\u062c\u0629 \u0645\u0626\u0648\u064a\u0629<\/li>\n<\/ul>\n<table border=\"1\" cellspacing=\"1\" cellpadding=\"1\" align=\"center\">\n<thead>\n<tr>\n<th colspan=\"2\" rowspan=\"1\" scope=\"col\">\u0627\u0644\u0642\u0637\u0631 \u0627\u0644\u062f\u0627\u062e\u0644\u064a<\/th>\n<th scope=\"col\">\u0627\u0644\u0642\u0637\u0631 \u0627\u0644\u062e\u0627\u0631\u062c\u064a<\/th>\n<th scope=\"col\">\u0636\u063a\u0637 \u0627\u0644\u062a\u0634\u063a\u064a\u0644<\/th>\n<th scope=\"col\">\u0636\u063a\u0637 \u0627\u0644\u0627\u0646\u0641\u062c\u0627\u0631<\/th>\n<\/tr>\n<\/thead>\n<tbody>\n<tr>\n<td><strong>\u0628\u0648\u0635\u0629<\/strong><\/td>\n<td><strong>\u0645\u0645<\/strong><\/td>\n<td><strong>\u0645\u0645<\/strong><\/td>\n<td><strong>\u0634\u0631\u064a\u0637<\/strong><\/td>\n<td><strong>\u0634\u0631\u064a\u0637<\/strong><\/td>\n<\/tr>\n<tr>\n<td>3\/4<\/td>\n<td>19<\/td>\n<td>32<\/td>\n<td>345<\/td>\n<td>1380<\/td>\n<\/tr>\n<tr>\n<td>1\u2033<\/td>\n<td>25.4<\/td>\n<td>38.4<\/td>\n<td>345<\/td>\n<td>1380<\/td>\n<\/tr>\n<tr>\n<td>1 1\/4<\/td>\n<td>31.8<\/td>\n<td>49.3<\/td>\n<td>345<\/td>\n<td>1380<\/td>\n<\/tr>\n<tr>\n<td>1 1\/2<\/td>\n<td>38.1<\/td>\n<td>57.3<\/td>\n<td>345<\/td>\n<td>1380<\/td>\n<\/tr>\n<tr>\n<td>2\u2033<\/td>\n<td>50.8<\/td>\n<td>71.6<\/td>\n<td>345<\/td>\n<td>1380<\/td>\n<\/tr>\n<\/tbody>\n<\/table>\n<p>&nbsp;<\/p>\n<div class=\"video video-fit mb\" style=\"padding-top:56.25%;\"><p><iframe loading=\"lazy\" title=\"\u0627\u0631\u062a\u0628\u0627\u0643 \u0627\u0644\u0642\u064a\u0627\u0633 (\u0628\u0648\u0635\u0629\u060c \u0625\u0635\u0628\u0639\u060c \u0636\u0628\u0627\u0628\u060c \u0645\u0644\u0644\u064a\u0645\u062a\u0631)\" width=\"1020\" height=\"574\" src=\"https:\/\/www.youtube.com\/embed\/uKk6AG_AZls?feature=oembed\" frameborder=\"0\" allow=\"accelerometer; autoplay; clipboard-write; encrypted-media; gyroscope; picture-in-picture; web-share\" referrerpolicy=\"strict-origin-when-cross-origin\" allowfullscreen><\/iframe><\/p>\n<\/div>","protected":false},"excerpt":{"rendered":"<p>R13 Hidrolik Hortumu Mineral, nebati ve glikoz bazl\u0131 hidrolik ya\u011flara dayan\u0131kl\u0131 \u00f6zel sentetik kau\u00e7uktan mamul, \u00e7ok y\u00fcksek pik bas\u0131n\u00e7lara ve zor \u015fartlara maruz kalacak sistemlerde kullan\u0131lan hortum \u00e7e\u015fididir. \u00a0-40\u00b0C \/ +120\u00b0C \u0130\u00c7 \u00c7API DI\u015e \u00c7API \u00c7ALI\u015eMA BASINCI PATLAMA BASINCI inch mm mm bar bar 3\/4 19 32 345 1380 1&#8243; 25.4 38.4 345 1380 1 [&#8230;]\n","protected":false},"featured_media":8415,"comment_status":"open","ping_status":"closed","template":"","meta":{"jetpack_post_was_ever_published":false},"product_brand":[],"product_cat":[157,88],"product_tag":[664,658,660,662,2288,659,663,661],"class_list":{"0":"post-670","1":"product","2":"type-product","3":"status-publish","4":"has-post-thumbnail","6":"product_cat-hidrolik-hortum","7":"product_cat-hidrolik-hortumlar","8":"product_tag-atese-dayaniklilik","9":"product_tag-hidrolik-hortum","10":"product_tag-hidrolik-yaglara-dayanikli","11":"product_tag-is","12":"product_tag-r13-hidrolik","13":"product_tag-sentetik-kaucuk","14":"product_tag-tarim-makinelerinde","15":"product_tag-yuksek-mukavemetli","17":"first","18":"instock","19":"taxable","20":"shipping-taxable","21":"product-type-variable"},"jetpack-related-posts":[],"jetpack_sharing_enabled":true,"jetpack_likes_enabled":true,"_links":{"self":[{"href":"https:\/\/tuzlahortum.com.tr\/ar\/wp-json\/wp\/v2\/product\/670","targetHints":{"allow":["GET"]}}],"collection":[{"href":"https:\/\/tuzlahortum.com.tr\/ar\/wp-json\/wp\/v2\/product"}],"about":[{"href":"https:\/\/tuzlahortum.com.tr\/ar\/wp-json\/wp\/v2\/types\/product"}],"replies":[{"embeddable":true,"href":"https:\/\/tuzlahortum.com.tr\/ar\/wp-json\/wp\/v2\/comments?post=670"}],"wp:featuredmedia":[{"embeddable":true,"href":"https:\/\/tuzlahortum.com.tr\/ar\/wp-json\/wp\/v2\/media\/8415"}],"wp:attachment":[{"href":"https:\/\/tuzlahortum.com.tr\/ar\/wp-json\/wp\/v2\/media?parent=670"}],"wp:term":[{"taxonomy":"product_brand","embeddable":true,"href":"https:\/\/tuzlahortum.com.tr\/ar\/wp-json\/wp\/v2\/product_brand?post=670"},{"taxonomy":"product_cat","embeddable":true,"href":"https:\/\/tuzlahortum.com.tr\/ar\/wp-json\/wp\/v2\/product_cat?post=670"},{"taxonomy":"product_tag","embeddable":true,"href":"https:\/\/tuzlahortum.com.tr\/ar\/wp-json\/wp\/v2\/product_tag?post=670"}],"curies":[{"name":"\u062f\u0628\u0644\u064a\u0648 \u0628\u064a","href":"https:\/\/api.w.org\/{rel}","templated":true}]}}