{"id":669,"date":"2019-02-06T23:52:24","date_gmt":"2019-02-06T20:52:24","guid":{"rendered":"http:\/\/hortum.com.tr\/product\/import-placeholder-for-274\/"},"modified":"2024-03-21T17:44:10","modified_gmt":"2024-03-21T14:44:10","slug":"hidrolik-bilya-gobekli-otomatik-rekor","status":"publish","type":"product","link":"https:\/\/tuzlahortum.com.tr\/ar\/product\/hidrolik-bilya-gobekli-otomatik-rekor\/","title":{"rendered":"\u0645\u0631\u0643\u0632 \u0627\u0644\u0643\u0631\u0629 \u0627\u0644\u0647\u064a\u062f\u0631\u0648\u0644\u064a\u0643\u064a \u0627\u0644\u062a\u0644\u0642\u0627\u0626\u064a \u0627\u0644\u0627\u062a\u062d\u0627\u062f"},"content":{"rendered":"<h2>\u0645\u0631\u0643\u0632 \u0627\u0644\u0643\u0631\u0629 \u0627\u0644\u0647\u064a\u062f\u0631\u0648\u0644\u064a\u0643\u064a \u0627\u0644\u062a\u0644\u0642\u0627\u0626\u064a \u0627\u0644\u0627\u062a\u062d\u0627\u062f<\/h2>\n<p>\u062a\u0633\u062a\u062e\u062f\u0645 \u0627\u0644\u0627\u062a\u062d\u0627\u062f\u0627\u062a \u0627\u0644\u0623\u0648\u062a\u0648\u0645\u0627\u062a\u064a\u0643\u064a\u0629 \u0630\u0627\u062a \u0627\u0644\u0645\u0631\u0643\u0632 \u0627\u0644\u0643\u0631\u0648\u064a \u0627\u0644\u0647\u064a\u062f\u0631\u0648\u0644\u064a\u0643\u064a \u0645\u0646 \u0633\u0644\u0633\u0644\u0629 BT \u0643\u0648\u0635\u0644\u0627\u062a \u0647\u064a\u062f\u0631\u0648\u0644\u064a\u0643\u064a\u0629 \u0633\u0631\u064a\u0639\u0629 \u0641\u064a \u0627\u0644\u0639\u062f\u064a\u062f \u0645\u0646 \u0627\u0644\u0645\u062c\u0627\u0644\u0627\u062a \u0627\u0644\u0635\u0646\u0627\u0639\u064a\u0629.\u00a0<br \/>\u0641\u064a \u0633\u0644\u0633\u0644\u0629 BT \u060c \u064a\u062a\u0645 \u062a\u0642\u0648\u064a\u0629 \u0627\u0644\u0623\u0637\u0631\u0627\u0641 \u0627\u0644\u0630\u0643\u0631\u064a\u0629 \u0639\u0646 \u0637\u0631\u064a\u0642 \u0627\u0644\u0645\u0639\u0627\u0644\u062c\u0629 \u0627\u0644\u062d\u0631\u0627\u0631\u064a\u0629.<\/p>\n<p><img data-recalc-dims=\"1\" loading=\"lazy\" decoding=\"async\" class=\"alignnone size-full wp-image-2878\" src=\"https:\/\/i0.wp.com\/hortum.com.tr\/wp-content\/uploads\/2019\/02\/Hidrolik-Bilya-G%C3%B6bekli-Otomatik-Rekor2.jpg?resize=463%2C219\" alt=\"\" width=\"463\" height=\"219\" title=\"\"><\/p>\n<table border=\"0\" width=\"1022\">\n<tbody>\n<tr>\n<td width=\"578\">\u0646\u0638\u0627\u0645 \u0627\u0644\u0635\u0645\u0627\u0645<\/td>\n<td width=\"444\">\u0648\u0636\u0639 \u0627\u0644\u0643\u0631\u0647<\/td>\n<\/tr>\n<tr>\n<td>\u0645\u0648\u0627\u062f\u00a0<\/td>\n<td>\u0642\u0637\u0639 \u0627\u0644\u0635\u0644\u0628 \u0645\u062c\u0627\u0646\u0627<\/td>\n<\/tr>\n<tr>\n<td>\u062d\u062c\u0645 \u0627\u0644\u0645\u0633\u0645\u0627\u0631\u00a0<\/td>\n<td>BSP (\u0627\u062e\u062a\u064a\u0627\u0631\u064a: NPT \u060c \u0645\u062a\u0631\u064a)<\/td>\n<\/tr>\n<tr>\n<td>\u062e\u062a\u0645\u00a0<\/td>\n<td>\u0627\u0644\u0646\u062a\u0631\u064a\u0644 \u064a\u0627 \u0627\u0644\u062f\u0627\u0626\u0631\u064a (NBR)<\/td>\n<\/tr>\n<tr>\n<td>\u062f\u0631\u062c\u0629 \u062d\u0631\u0627\u0631\u0629 \u0627\u0644\u062a\u0634\u063a\u064a\u0644\u00a0<\/td>\n<td>-30 \u062f\u0631\u062c\u0629 \u0645\u0626\u0648\u064a\u0629 \u0625\u0644\u0649 +110 \u062f\u0631\u062c\u0629 \u0645\u0626\u0648\u064a\u0629<\/td>\n<\/tr>\n<tr>\n<td>\u062a\u063a\u0637\u064a\u0629\u00a0<\/td>\n<td>\u0627\u0644\u0645\u062c\u0644\u0641\u0646 (\u062a\u062e\u0645\u064a\u0644 \u0627\u0644\u0643\u0631\u0648\u0645 III)<\/td>\n<\/tr>\n<tr>\n<td>\u0627\u0644\u0645\u0639\u0627\u0644\u062c\u0629 \u0627\u0644\u062d\u0631\u0627\u0631\u064a\u0629<\/td>\n<td>\u0633\u062c\u0644 \u0627\u0644\u0630\u0643\u0648\u0631 \u0627\u0644\u062a\u0644\u0642\u0627\u0626\u064a<\/td>\n<\/tr>\n<tr>\n<td>\u0646\u0638\u0627\u0645 \u0627\u0644\u0625\u0631\u0633\u0627\u0621<\/td>\n<td>\u062a\u0645 \u0633\u062d\u0628 \u0627\u0644\u062d\u0644\u0642\u0629 \u0644\u0644\u062e\u0644\u0641<\/td>\n<\/tr>\n<tr>\n<td>\u0646\u0638\u0627\u0645 \u0627\u0644\u0627\u0633\u062a\u062e\u0631\u0627\u062c<\/td>\n<td>\u062a\u0645 \u0633\u062d\u0628 \u0627\u0644\u062d\u0644\u0642\u0629 \u0644\u0644\u062e\u0644\u0641<\/td>\n<\/tr>\n<tr>\n<td>\u0642\u0627\u0628\u0644 \u0644\u0644\u062a\u0648\u0635\u064a\u0644 \u062a\u062d\u062a \u0627\u0644\u0636\u063a\u0637<\/td>\n<td>\u0644\u0627 \u064a\u0645\u0643\u0646 \u0627\u0644\u0642\u064a\u0627\u0645 \u0628\u0647<\/td>\n<\/tr>\n<tr>\n<td>\u0642\u0627\u0628\u0644 \u0644\u0644\u0625\u0632\u0627\u0644\u0629 \u062a\u062d\u062a \u0627\u0644\u0636\u063a\u0637<\/td>\n<td>\u0644\u0627 \u064a\u0645\u0643\u0646 \u0627\u0644\u0642\u064a\u0627\u0645 \u0628\u0647<\/td>\n<\/tr>\n<tr>\n<td>\u0641\u064a \u0638\u0631\u0648\u0641 \u062e\u0627\u0635\u0629<\/td>\n<td>VITON &amp; \u0632\u0646\u0628\u0631\u0643 \u062e\u0627\u0635 \u0645\u0642\u0627\u0648\u0645 \u0644\u0644\u062d\u0631\u0627\u0631\u0629 (-30 \u062f\u0631\u062c\u0629 \u0645\u0626\u0648\u064a\u0629 \u0625\u0644\u0649 +225 \u062f\u0631\u062c\u0629 \u0645\u0626\u0648\u064a\u0629)<\/td>\n<\/tr>\n<tr>\n<td>\u0645\u0646\u0637\u0642\u0629 \u0627\u0644\u0627\u0633\u062a\u062e\u062f\u0627\u0645<\/td>\n<td>\u0627\u0644\u062a\u0637\u0628\u064a\u0642\u0627\u062a \u0627\u0644\u0635\u0646\u0627\u0639\u064a\u0629 \u0627\u0644\u0639\u0627\u0645\u0629<\/td>\n<\/tr>\n<\/tbody>\n<\/table>\n<p>\u00a0<\/p>\n<p>\u00a0<\/p>\n<p>\u00a0<\/p>\n<p>\u00a0<\/p>\n<p>\u00a0<\/p>\n<p>\u00a0<\/p>\n<p>\u00a0<\/p>\n<p>\u00a0<\/p>\n<p>\u00a0<\/p>\n<p>\u00a0<\/p>","protected":false},"excerpt":{"rendered":"<p>Hidrolik Bilya G\u00f6bekli Otomatik Rekor BT Serisi Hidrolik Bilya G\u00f6bekli Otomatik Rekorlar pek\u00e7ok end\u00fcstriyel alanda hidrolik \u00e7abuk ba\u011flant\u0131 eleman\u0131 olarak kullan\u0131lmaktad\u0131rlar.\u00a0BT Serisi&#8217;nde erkek u\u00e7lar \u0131s\u0131l i\u015flem uygulanarak sertle\u015ftirilmi\u015ftir. Valf Sistemi Bilyal\u0131 Malzeme\u00a0 Otomat \u00c7eli\u011fi Vida \u00d6l\u00e7\u00fcs\u00fc\u00a0 BSP (\u0130ste\u011fe Ba\u011fl\u0131: NPT, Metrik) S\u0131zd\u0131rmazl\u0131k\u00a0 Nitril O-ring (NBR) \u00c7al\u0131\u015fma S\u0131cakl\u0131\u011f\u0131\u00a0 -30 \u00b0C ile +110 \u00b0C Kaplama\u00a0 Galvaniz (Chrome [&#8230;]\n","protected":false},"featured_media":2877,"comment_status":"open","ping_status":"closed","template":"","meta":[],"product_brand":[],"product_cat":[91],"product_tag":[650,651,646,649,653,647,2271,2272,657,655,648,296,652,656,654],"class_list":{"0":"post-669","1":"product","2":"type-product","3":"status-publish","4":"has-post-thumbnail","6":"product_cat-hidrolik-baglanti-elemanlari","7":"product_tag-30-c","8":"product_tag-110-c","9":"product_tag-celik","10":"product_tag-galvaniz-kaplama","11":"product_tag-havacilik","12":"product_tag-hidrolik","13":"product_tag-hidrolik-bilya-gobekli","14":"product_tag-hidrolik-bilya-gobekli-otomatik-rekor","15":"product_tag-hidrolik-sistemlerde","16":"product_tag-makine","17":"product_tag-otomatik-rekor","18":"product_tag-otomotiv","19":"product_tag-tarim","20":"product_tag-techizat","21":"product_tag-yapi-ve-savunma","23":"first","24":"instock","25":"taxable","26":"shipping-taxable","27":"product-type-variable"},"jetpack-related-posts":[{"id":874,"url":"https:\/\/tuzlahortum.com.tr\/ar\/product\/hidrolik-otomatik-rekor\/","url_meta":{"origin":669,"position":0},"title":"\u0633\u062c\u0644 \u0647\u064a\u062f\u0631\u0648\u0644\u064a\u0643\u064a \u0623\u0648\u062a\u0648\u0645\u0627\u062a\u064a\u0643\u064a","author":"admin","date":"6 \u0641\u0628\u0631\u0627\u064a\u0631 2019","format":false,"excerpt":"Hidrolik Otomatik RekorQC Serisi Hidrolik Otomatik Rekorlar pek \u00e7ok tar\u0131msal ve end\u00fcstriyel alanda hidrolik \u00e7abuk\u00a0ba\u011flant\u0131 eleman\u0131 olarak kullan\u0131lmaktad\u0131rlar.QC Serisi'nde erkek u\u00e7lar \u0131s\u0131l i\u015flem uygulanarak sertle\u015ftirilmi\u015ftir.UyumlulukISO 7241-AValf SistemiPimliMalzemeOtomat \u00c7eli\u011fiVida \u00d6l\u00e7\u00fcs\u00fcBSP (\u0130ste\u011fe Ba\u011fl\u0131: Metrik)S\u0131zd\u0131rmazl\u0131kNitril O-ring (NBR)\u00c7al\u0131\u015fma S\u0131cakl\u0131\u011f\u0131-30 \u00b0C ile +110 \u00b0CKaplamaGalvaniz (Chrome III pasivasyon)Is\u0131l \u0130\u015flemOtomatik Erkek RekorTakma SistemiY\u00fcz\u00fck geri \u00e7ekilerek\u00c7\u0131karma SistemiY\u00fcz\u00fck geri\u2026","rel":"","context":"\u062a\u062f\u0648\u064a\u0646\u0629 \u0645\u0634\u0627\u0628\u0647\u0629","block_context":{"text":"\u062a\u062f\u0648\u064a\u0646\u0629 \u0645\u0634\u0627\u0628\u0647\u0629","link":""},"img":{"alt_text":"","src":"https:\/\/i0.wp.com\/tuzlahortum.com.tr\/wp-content\/uploads\/2019\/02\/Hidrolik-Otomatik-Rekor.jpg?fit=400%2C400&ssl=1&resize=350%2C200","width":350,"height":200},"classes":[]},{"id":875,"url":"https:\/\/tuzlahortum.com.tr\/ar\/product\/hava-jak-cesitleri-erkek-disigovde-uc\/","url_meta":{"origin":669,"position":1},"title":"\u0623\u0646\u0648\u0627\u0639 \u062c\u0627\u0643 \u0627\u0644\u0647\u0648\u0627\u0621 (\u0630\u0643\u0631 - \u0623\u0646\u062b\u0649 \u060c \u0637\u0631\u0641 \u0627\u0644\u062c\u0633\u0645)","author":"admin","date":"6 \u0641\u0628\u0631\u0627\u064a\u0631 2019","format":false,"excerpt":"Hava Jak \u00c7e\u015fitleri (Erkek-Di\u015fi,G\u00f6vde-U\u00e7)PN25 Serisi Pn\u00f6matik Otomatik Rekorlar bas\u0131n\u00e7 alt\u0131nda tek elle s\u00f6k\u00fcl\u00fcp tak\u0131labilme \u00f6zelli\u011fine sahiptir. PN25 serisinde yaylar krom nikeldir.\u00a0 Pn25 Serisi Pn\u00f6matik Otomatik Rekorlar, sa\u011flam ve dayan\u0131kl\u0131 yap\u0131lar\u0131, y\u00fcksek hava ak\u0131m kapasiteleri ve kullan\u0131m kolayl\u0131\u011f\u0131 sayesinde t\u00fcm sanayide bas\u0131n\u00e7l\u0131 hava hatlar\u0131nda g\u00fcvenle kullan\u0131lmaktad\u0131r. Uyumluluk Rectus 26 (Avrupa Standard\u0131)\u2026","rel":"","context":"\u062a\u062f\u0648\u064a\u0646\u0629 \u0645\u0634\u0627\u0628\u0647\u0629","block_context":{"text":"\u062a\u062f\u0648\u064a\u0646\u0629 \u0645\u0634\u0627\u0628\u0647\u0629","link":""},"img":{"alt_text":"","src":"https:\/\/i0.wp.com\/tuzlahortum.com.tr\/wp-content\/uploads\/2019\/03\/hava-jak-%C3%A7e%C5%9Fitleri.jpg?fit=502%2C570&ssl=1&resize=350%2C200","width":350,"height":200},"classes":[]},{"id":672,"url":"https:\/\/tuzlahortum.com.tr\/ar\/product\/paslanmaz-hidrolik-otomatik-rekor\/","url_meta":{"origin":669,"position":2},"title":"\u063a\u064a\u0631 \u0627\u0644\u0642\u0627\u0628\u0644 \u0644\u0644\u0635\u062f\u0623 \u0627\u0644\u0627\u062a\u062d\u0627\u062f \u0627\u0644\u0647\u064a\u062f\u0631\u0648\u0644\u064a\u0643\u064a \u0627\u0644\u062a\u0644\u0642\u0627\u0626\u064a","author":"admin","date":"6 \u0641\u0628\u0631\u0627\u064a\u0631 2019","format":false,"excerpt":"Paslanmaz Hidrolik Otomatik RekorKomple olarak AISI 316-L kalite paslanmaz \u00e7elikten imal edilen QCSS Serisi Otomatik Rekorlar her t\u00fcrl\u00fc kimyasal ve korozyona kar\u015f\u0131 m\u00fckemmel dirence sahiptir.Standart olarak V\u0130TON s\u0131zd\u0131rmazl\u0131k kullan\u0131lan QCSS serisinde y\u00fcksek \u0131s\u0131ya dayan\u0131kl\u0131 \u00f6zel yaylar kullan\u0131lmaktad\u0131r.\u00a0UyumlulukISO 7241-AValf SistemiPimliMalzeme\u00a0316-L kalite paslanmaz \u00e7elikVida \u00d6l\u00e7\u00fcs\u00fc\u00a0BSP (\u0130ste\u011fe Ba\u011fl\u0131: NPT, Metrik)S\u0131zd\u0131rmazl\u0131k\u00a0V\u0130TON\u00c7al\u0131\u015fma S\u0131cakl\u0131\u011f\u0131\u00a0-30 \u00b0C ile\u2026","rel":"","context":"\u062a\u062f\u0648\u064a\u0646\u0629 \u0645\u0634\u0627\u0628\u0647\u0629","block_context":{"text":"\u062a\u062f\u0648\u064a\u0646\u0629 \u0645\u0634\u0627\u0628\u0647\u0629","link":""},"img":{"alt_text":"","src":"https:\/\/i0.wp.com\/tuzlahortum.com.tr\/wp-content\/uploads\/2019\/02\/Paslanmaz-Hidrolik-Otomatik-Rekor.jpg?fit=400%2C400&ssl=1&resize=350%2C200","width":350,"height":200},"classes":[]},{"id":7222,"url":"https:\/\/tuzlahortum.com.tr\/ar\/product\/hava-jak-cesitleri-hortumgovde-uc\/","url_meta":{"origin":669,"position":3},"title":"\u0623\u0646\u0648\u0627\u0639 \u062c\u0627\u0643 \u0627\u0644\u0647\u0648\u0627\u0621 (\u062e\u0631\u0637\u0648\u0645 \u060c \u0646\u0647\u0627\u064a\u0629 \u0627\u0644\u062c\u0633\u0645)","author":"\u0130smail \u00c7elik","date":"8 \u0645\u0627\u0631\u0633 2019","format":false,"excerpt":"Hava Jak \u00c7e\u015fitleri (Hortum,G\u00f6vde-U\u00e7)PN25 Serisi Pn\u00f6matik Otomatik Rekorlar bas\u0131n\u00e7 alt\u0131nda tek elle s\u00f6k\u00fcl\u00fcp tak\u0131labilme \u00f6zelli\u011fine sahiptir. PN25 serisinde yaylar krom nikeldir.\u00a0 Pn25 Serisi Pn\u00f6matik Otomatik Rekorlar, sa\u011flam ve dayan\u0131kl\u0131 yap\u0131lar\u0131, y\u00fcksek hava ak\u0131m kapasiteleri ve kullan\u0131m kolayl\u0131\u011f\u0131 sayesinde t\u00fcm sanayide bas\u0131n\u00e7l\u0131 hava hatlar\u0131nda g\u00fcvenle kullan\u0131lmaktad\u0131r. Uyumluluk Rectus 26 (Avrupa Standard\u0131)\u2026","rel":"","context":"\u062a\u062f\u0648\u064a\u0646\u0629 \u0645\u0634\u0627\u0628\u0647\u0629","block_context":{"text":"\u062a\u062f\u0648\u064a\u0646\u0629 \u0645\u0634\u0627\u0628\u0647\u0629","link":""},"img":{"alt_text":"","src":"https:\/\/i0.wp.com\/tuzlahortum.com.tr\/wp-content\/uploads\/2019\/03\/hava-jak-%C3%A7e%C5%9Fitleri.jpg?fit=502%2C570&ssl=1&resize=350%2C200","width":350,"height":200},"classes":[]},{"id":8168,"url":"https:\/\/tuzlahortum.com.tr\/ar\/product\/sari-su-jak-cesitleri-erkek-disigovde-uc\/","url_meta":{"origin":669,"position":4},"title":"\u0623\u0646\u0648\u0627\u0639 \u062c\u0627\u0643 \u0627\u0644\u0645\u0627\u0621 \u0627\u0644\u0623\u0635\u0641\u0631 (\u0630\u0643\u0631 - \u0623\u0646\u062b\u0649 \u060c \u0637\u0631\u0641 \u0627\u0644\u062c\u0633\u0645)","author":"\u0130smail \u00c7elik","date":"15 \u0645\u0627\u0631\u0633 2019","format":false,"excerpt":"\u0623\u0646\u0648\u0627\u0639 \u062c\u0627\u0643 \u0627\u0644\u0645\u0627\u0621 \u0627\u0644\u0623\u0635\u0641\u0631 (\u0630\u0643\u0631 - \u0623\u0646\u062b\u0649 \u060c \u0637\u0631\u0641 \u0627\u0644\u062c\u0633\u0645)","rel":"","context":"\u062a\u062f\u0648\u064a\u0646\u0629 \u0645\u0634\u0627\u0628\u0647\u0629","block_context":{"text":"\u062a\u062f\u0648\u064a\u0646\u0629 \u0645\u0634\u0627\u0628\u0647\u0629","link":""},"img":{"alt_text":"","src":"https:\/\/i0.wp.com\/tuzlahortum.com.tr\/wp-content\/uploads\/2019\/03\/sar%C4%B1-su-jak%C4%B1-600-x-800.jpg?fit=600%2C800&ssl=1&resize=350%2C200","width":350,"height":200,"srcset":"https:\/\/i0.wp.com\/tuzlahortum.com.tr\/wp-content\/uploads\/2019\/03\/sar%C4%B1-su-jak%C4%B1-600-x-800.jpg?fit=600%2C800&ssl=1&resize=350%2C200 1x, https:\/\/i0.wp.com\/tuzlahortum.com.tr\/wp-content\/uploads\/2019\/03\/sar%C4%B1-su-jak%C4%B1-600-x-800.jpg?fit=600%2C800&ssl=1&resize=525%2C300 1.5x"},"classes":[]},{"id":7264,"url":"https:\/\/tuzlahortum.com.tr\/ar\/product\/sari-hava-jak-cesitleri-erkek-disigovde-uc\/","url_meta":{"origin":669,"position":5},"title":"\u0623\u0646\u0648\u0627\u0639 \u062c\u0627\u0643 \u0627\u0644\u0647\u0648\u0627\u0621 \u0627\u0644\u0623\u0635\u0641\u0631 (\u0630\u0643\u0631 - \u0623\u0646\u062b\u0649 \u060c \u0637\u0631\u0641 \u0627\u0644\u062c\u0633\u0645)","author":"\u0130smail \u00c7elik","date":"8 \u0645\u0627\u0631\u0633 2019","format":false,"excerpt":"\u0623\u0646\u0648\u0627\u0639 \u062c\u0627\u0643 \u0627\u0644\u0647\u0648\u0627\u0621 \u0627\u0644\u0623\u0635\u0641\u0631 (\u0630\u0643\u0631 - \u0623\u0646\u062b\u0649 \u060c \u0637\u0631\u0641 \u0627\u0644\u062c\u0633\u0645)","rel":"","context":"\u062a\u062f\u0648\u064a\u0646\u0629 \u0645\u0634\u0627\u0628\u0647\u0629","block_context":{"text":"\u062a\u062f\u0648\u064a\u0646\u0629 \u0645\u0634\u0627\u0628\u0647\u0629","link":""},"img":{"alt_text":"","src":"https:\/\/i0.wp.com\/tuzlahortum.com.tr\/wp-content\/uploads\/2019\/03\/sar%C4%B1-hava-jak2.jpg?fit=628%2C830&ssl=1&resize=350%2C200","width":350,"height":200,"srcset":"https:\/\/i0.wp.com\/tuzlahortum.com.tr\/wp-content\/uploads\/2019\/03\/sar%C4%B1-hava-jak2.jpg?fit=628%2C830&ssl=1&resize=350%2C200 1x, https:\/\/i0.wp.com\/tuzlahortum.com.tr\/wp-content\/uploads\/2019\/03\/sar%C4%B1-hava-jak2.jpg?fit=628%2C830&ssl=1&resize=525%2C300 1.5x"},"classes":[]}],"jetpack_sharing_enabled":true,"jetpack_likes_enabled":true,"_links":{"self":[{"href":"https:\/\/tuzlahortum.com.tr\/ar\/wp-json\/wp\/v2\/product\/669","targetHints":{"allow":["GET"]}}],"collection":[{"href":"https:\/\/tuzlahortum.com.tr\/ar\/wp-json\/wp\/v2\/product"}],"about":[{"href":"https:\/\/tuzlahortum.com.tr\/ar\/wp-json\/wp\/v2\/types\/product"}],"replies":[{"embeddable":true,"href":"https:\/\/tuzlahortum.com.tr\/ar\/wp-json\/wp\/v2\/comments?post=669"}],"wp:featuredmedia":[{"embeddable":true,"href":"https:\/\/tuzlahortum.com.tr\/ar\/wp-json\/wp\/v2\/media\/2877"}],"wp:attachment":[{"href":"https:\/\/tuzlahortum.com.tr\/ar\/wp-json\/wp\/v2\/media?parent=669"}],"wp:term":[{"taxonomy":"product_brand","embeddable":true,"href":"https:\/\/tuzlahortum.com.tr\/ar\/wp-json\/wp\/v2\/product_brand?post=669"},{"taxonomy":"product_cat","embeddable":true,"href":"https:\/\/tuzlahortum.com.tr\/ar\/wp-json\/wp\/v2\/product_cat?post=669"},{"taxonomy":"product_tag","embeddable":true,"href":"https:\/\/tuzlahortum.com.tr\/ar\/wp-json\/wp\/v2\/product_tag?post=669"}],"curies":[{"name":"\u062f\u0628\u0644\u064a\u0648 \u0628\u064a","href":"https:\/\/api.w.org\/{rel}","templated":true}]}}