{"id":668,"date":"2019-02-06T23:52:06","date_gmt":"2019-02-06T20:52:06","guid":{"rendered":"http:\/\/hortum.com.tr\/product\/import-placeholder-for-246\/"},"modified":"2024-03-21T17:44:11","modified_gmt":"2024-03-21T14:44:11","slug":"tc-25","status":"publish","type":"product","link":"https:\/\/tuzlahortum.com.tr\/ar\/product\/tc-25\/","title":{"rendered":"TC 25"},"content":{"rendered":"<h2>TC 25<\/h2>\n<div>\u0627\u0644\u0645\u0648\u0627\u062f:<\/div>\n<div>\u062c\u062f\u0627\u0631 \u062e\u0631\u0637\u0648\u0645: \u0642\u0645\u0627\u0634 \u0645\u0637\u0644\u064a \u0628\u0627\u0644\u0628\u0644\u0627\u0633\u062a\u064a\u0643<\/div>\n<div>\u2022 \u0627\u0644\u0648\u0632\u0646: 850 \u062c\u0631\u0627\u0645 \/ \u0645 2<\/div>\n<div>\u2022 \u0645\u0642\u0627\u0648\u0645\u0629 \u0627\u0644\u0634\u062f: 320\/300 \u0643\u062c\u0645 \u0641\u0647\u0631\u0646\u0647\u0627\u064a\u062a<\/div>\n<div>\u2022 \u0642\u0648\u0629 \u0627\u0644\u062a\u0645\u0632\u0642: 37\/45 \u0643\u062c\u0645 \u0641\u0647\u0631\u0646\u0647\u0627\u064a\u062a<\/div>\n<div>\u2022 \u0627\u0644\u0633\u0645\u0627\u0643\u0629: 0.65 \u0645\u0645<\/div>\n<div>\u2022 \u0627\u0644\u0644\u0648\u0646: \u0623\u0635\u0641\u0631 - \u0631\u0645\u0627\u062f\u064a<\/div>\n<div>\u2022 \u0646\u0641\u0627\u0630\u064a\u0629 \u0627\u0644\u0645\u0627\u0621: 2000 \u0645\u0644\u0645<\/div>\n<div>\u0627\u0644\u0644\u0648\u0644\u0628 \u0627\u0644\u062e\u0627\u0631\u062c\u064a: \u0627\u0644\u0641\u0648\u0644\u0627\u0630 \u0627\u0644\u0645\u062c\u0644\u0641\u0646<\/div>\n<div><\/div>\n<div><div class=\"video video-fit mb\" style=\"padding-top:56.25%;\"><p><iframe loading=\"lazy\" title=\"\u0627\u0631\u062a\u0628\u0627\u0643 \u0627\u0644\u0642\u064a\u0627\u0633 (\u0628\u0648\u0635\u0629\u060c \u0625\u0635\u0628\u0639\u060c \u0636\u0628\u0627\u0628\u060c \u0645\u0644\u0644\u064a\u0645\u062a\u0631)\" width=\"1020\" height=\"574\" src=\"https:\/\/www.youtube.com\/embed\/uKk6AG_AZls?feature=oembed\" frameborder=\"0\" allow=\"accelerometer; autoplay; clipboard-write; encrypted-media; gyroscope; picture-in-picture; web-share\" referrerpolicy=\"strict-origin-when-cross-origin\" allowfullscreen><\/iframe><\/p>\n<\/div><\/div>\n<div><\/div>\n<div>\u062a\u0637\u0628\u064a\u0642\u0627\u062a:<\/div>\n<div>\u2022 \u062a\u0646\u0641\u0633<\/div>\n<div>\u2022 \u0645\u062f\u062e\u0644 \u0627\u0644\u0647\u0648\u0627\u0621<\/div>\n<div>\u2022 \u0627\u0644\u0625\u062e\u0644\u0627\u0621 \u0627\u0644\u062c\u0648\u064a \u0648\u0627\u0644\u0646\u0642\u0644<\/div>\n<div>\u2022 \u062a\u0637\u0628\u064a\u0642\u0627\u062a \u0627\u0644\u0645\u0646\u0641\u0627\u062e<\/div>\n<div>\u2022 \u0623\u0646\u0638\u0645\u0629 \u0634\u0641\u0637 \u0623\u0628\u062e\u0631\u0629 \u0627\u0644\u0644\u062d\u0627\u0645<\/div>\n<div>\u2022 \u062a\u0637\u0628\u064a\u0642\u0627\u062a \u0627\u0644\u0636\u063a\u0637 \u0627\u0644\u0645\u0646\u062e\u0641\u0636 \u0648\u0627\u0644\u0645\u062a\u0648\u0633\u0637<\/div>\n<div>\u2022 \u062a\u0637\u0628\u064a\u0642\u0627\u062a \u0641\u0631\u0627\u063a \u0645\u0646\u062e\u0641\u0636\u0629 \u0648\u0645\u062a\u0648\u0633\u0637\u0629<\/div>\n<div>\u2022 \u062a\u0647\u0648\u064a\u0629 \u0627\u0644\u0633\u0641\u0646<\/div>\n<div>\u2022 \u0641\u0644\u0627\u062a\u0631 \u0645\u0635\u0627\u0646\u0639 \u0627\u0644\u0623\u0633\u0641\u0644\u062a<\/div>\n<div>\u2022 \u0627\u0644\u0637\u0628\u0627\u0639\u0629 - \u0646\u0642\u0644 \u0627\u0644\u0648\u0631\u0642 \u0641\u064a \u0645\u0631\u0627\u0641\u0642 \u0627\u0644\u0637\u0628\u0627\u0639\u0629<\/div>\n<div>\u2022 \u0646\u0641\u0642 - \u062a\u0647\u0648\u064a\u0629 \u0645\u0646\u062c\u0645<\/div>\n<div>\u0645\u064a\u0632\u0627\u062a:<\/div>\n<div>\u2022 \u0642\u0648\u0629 \u0645\u064a\u0643\u0627\u0646\u064a\u0643\u064a\u0629 \u0627\u0633\u062a\u062b\u0646\u0627\u0626\u064a\u0629<\/div>\n<div>\u2022 \u0642\u0648\u064a \u0628\u0634\u0643\u0644 \u0627\u0633\u062a\u062b\u0646\u0627\u0626\u064a<\/div>\n<div>\u2022 \u0646\u0633\u0628\u0629 \u0627\u0644\u0636\u063a\u0637 1: 3<\/div>\n<div>\u2022 \u0644\u0648\u0644\u0628 \u062e\u0627\u0631\u062c\u064a \u0645\u062c\u0644\u0641\u0646 \u0636\u062f \u0627\u0644\u062a\u0622\u0643\u0644<\/div>\n<div>\u2022 \u0627\u0644\u0625\u0646\u062a\u0627\u062c \u0628\u062a\u0642\u0646\u064a\u0629 \u0631\u0628\u0637 \u0645\u064a\u0643\u0627\u0646\u064a\u0643\u064a\u0629 \u0642\u0648\u064a\u0629<\/div>\n<div>\u2022 \u0645\u0627\u062f\u0629 \u0646\u0633\u064a\u062c \u0623\u0642\u0648\u0649 \u0645\u0646 TechniConnect 02<\/div>\n<div>\u2022 \u0642\u0648\u0629 \u0627\u0644\u0634\u062f \u0648\u0627\u0644\u0627\u0644\u062a\u0648\u0627\u0621 \u0627\u0644\u0639\u0627\u0644\u064a\u0629<\/div>","protected":false},"excerpt":{"rendered":"<p>TC 25 MATERYAL: Hortum duvar\u0131 : PVC Kapl\u0131 Kuma\u015f \u2022 A\u011f\u0131rl\u0131k : 850 gr\/m2 \u2022 \u00c7ekme dayan\u0131m\u0131 : 320 \/ 300 kg.F \u2022 Y\u0131rt\u0131lma dayan\u0131m\u0131 : 37 \/ 45 kg.F \u2022 Kal\u0131nl\u0131k : 0.65 mm \u2022 Renk : Sar\u0131 &#8211; Gri \u2022 Su Ge\u00e7irgenli\u011fi : 2000 mmWG D\u0131\u015f Spiral : Galvaniz \u00e7elik UYGULAMALAR: \u2022 \u00a0Havaland\u0131rma [&#8230;]\n","protected":false},"featured_media":6342,"comment_status":"open","ping_status":"closed","template":"","meta":{"jetpack_post_was_ever_published":false},"product_brand":[],"product_cat":[144,150],"product_tag":[490,644,481,230,369,488,484,465],"class_list":{"0":"post-668","1":"product","2":"type-product","3":"status-publish","4":"has-post-thumbnail","6":"product_cat-havalandirma-ve-kaynak-hortumlari","7":"product_cat-tarim-sektoru-hortumlari","8":"product_tag-asfalt-plentleri","9":"product_tag-blower-uygulamalarinda","10":"product_tag-galvaniz-celik-dis-spiral","11":"product_tag-gri","12":"product_tag-havalandirma","13":"product_tag-mekanik-dayanim","14":"product_tag-pvc-kapli-kumas","15":"product_tag-sari","17":"first","18":"instock","19":"taxable","20":"shipping-taxable","21":"product-type-variable"},"jetpack-related-posts":[],"jetpack_sharing_enabled":true,"jetpack_likes_enabled":true,"_links":{"self":[{"href":"https:\/\/tuzlahortum.com.tr\/ar\/wp-json\/wp\/v2\/product\/668","targetHints":{"allow":["GET"]}}],"collection":[{"href":"https:\/\/tuzlahortum.com.tr\/ar\/wp-json\/wp\/v2\/product"}],"about":[{"href":"https:\/\/tuzlahortum.com.tr\/ar\/wp-json\/wp\/v2\/types\/product"}],"replies":[{"embeddable":true,"href":"https:\/\/tuzlahortum.com.tr\/ar\/wp-json\/wp\/v2\/comments?post=668"}],"wp:featuredmedia":[{"embeddable":true,"href":"https:\/\/tuzlahortum.com.tr\/ar\/wp-json\/wp\/v2\/media\/6342"}],"wp:attachment":[{"href":"https:\/\/tuzlahortum.com.tr\/ar\/wp-json\/wp\/v2\/media?parent=668"}],"wp:term":[{"taxonomy":"product_brand","embeddable":true,"href":"https:\/\/tuzlahortum.com.tr\/ar\/wp-json\/wp\/v2\/product_brand?post=668"},{"taxonomy":"product_cat","embeddable":true,"href":"https:\/\/tuzlahortum.com.tr\/ar\/wp-json\/wp\/v2\/product_cat?post=668"},{"taxonomy":"product_tag","embeddable":true,"href":"https:\/\/tuzlahortum.com.tr\/ar\/wp-json\/wp\/v2\/product_tag?post=668"}],"curies":[{"name":"\u062f\u0628\u0644\u064a\u0648 \u0628\u064a","href":"https:\/\/api.w.org\/{rel}","templated":true}]}}