{"id":667,"date":"2019-02-06T23:52:06","date_gmt":"2019-02-06T20:52:06","guid":{"rendered":"http:\/\/hortum.com.tr\/product\/import-placeholder-for-245\/"},"modified":"2024-03-21T17:44:12","modified_gmt":"2024-03-21T14:44:12","slug":"tc-10","status":"publish","type":"product","link":"https:\/\/tuzlahortum.com.tr\/ar\/product\/tc-10\/","title":{"rendered":"TC 10"},"content":{"rendered":"<h2>TC 10<\/h2>\n<div>\u0627\u0644\u0645\u0648\u0627\u062f:<\/div>\n<div>\u062c\u062f\u0627\u0631 \u0627\u0644\u0646\u0633\u064a\u062c: \u0642\u0645\u0627\u0634 \u0645\u0637\u0644\u064a \u0628\u0627\u0644\u0628\u0644\u0627\u0633\u062a\u064a\u0643<\/div>\n<div>\u2022 \u0627\u0644\u0648\u0632\u0646: 600 \u062c\u0631\u0627\u0645 \/ \u0645 2<\/div>\n<div>\u2022 \u0642\u0648\u0629 \u0627\u0644\u0634\u062f: 150\/75 \u0643\u062c\u0645 \/ 5 \u0633\u0645<\/div>\n<div>\u2022 \u0633\u0645\u0627\u0643\u0629 \u0627\u0644\u0648\u0635\u0644\u0629: 0.90 \u0645\u0645<\/div>\n<div>\u2022 \u0644\u0648\u0646 \u0623\u0633\u0648\u062f<\/div>\n<div>\u0627\u0644\u0644\u0648\u0644\u0628 \u0627\u0644\u062e\u0627\u0631\u062c\u064a: \u0627\u0644\u0641\u0648\u0644\u0627\u0630 \u0627\u0644\u0645\u062c\u0644\u0641\u0646<\/div>\n<div><\/div>\n<div><div class=\"video video-fit mb\" style=\"padding-top:56.25%;\"><p><iframe loading=\"lazy\" title=\"\u0627\u0631\u062a\u0628\u0627\u0643 \u0627\u0644\u0642\u064a\u0627\u0633 (\u0628\u0648\u0635\u0629\u060c \u0625\u0635\u0628\u0639\u060c \u0636\u0628\u0627\u0628\u060c \u0645\u0644\u0644\u064a\u0645\u062a\u0631)\" width=\"1020\" height=\"574\" src=\"https:\/\/www.youtube.com\/embed\/uKk6AG_AZls?feature=oembed\" frameborder=\"0\" allow=\"accelerometer; autoplay; clipboard-write; encrypted-media; gyroscope; picture-in-picture; web-share\" referrerpolicy=\"strict-origin-when-cross-origin\" allowfullscreen><\/iframe><\/p>\n<\/div><\/div>\n<div><\/div>\n<div>\u062a\u0637\u0628\u064a\u0642\u0627\u062a:<\/div>\n<div>\u2022 \u0646\u0642\u0644 \u0627\u0644\u0647\u0648\u0627\u0621 \u0627\u0644\u0633\u0627\u062e\u0646<\/div>\n<div>\u2022 \u0641\u064a \u062a\u0635\u0631\u064a\u0641 \u0627\u0644\u0637\u0639\u0627\u0645 \u0628\u0627\u0644\u062d\u0628\u0648\u0628<\/div>\n<div>\u2022 \u0641\u064a \u062a\u0637\u0628\u064a\u0642\u0627\u062a \u0627\u0644\u0636\u063a\u0637 \u0627\u0644\u0645\u0646\u062e\u0641\u0636<\/div>\n<div>\u2022 \u0641\u064a \u0635\u0646\u0627\u0639\u0629 \u0627\u0644\u062f\u0641\u0627\u0639<\/div>\n<div>\u2022 \u0641\u064a \u062a\u0635\u0631\u064a\u0641 \u0627\u0644\u0645\u0648\u0627\u062f \u0627\u0644\u0643\u0627\u0634\u0637\u0629<\/div>\n<div>\u2022 \u0641\u064a \u0627\u0644\u0645\u0635\u0627\u0646\u0639 \u0627\u0644\u0643\u064a\u0645\u0627\u0648\u064a\u0629<\/div>\n<div>\u2022 \u0627\u0644\u062a\u0641\u0631\u064a\u063a \u0627\u0644\u0633\u0648\u0641\u064a\u062a\u064a<\/div>\n<div>\u2022 \u0625\u062e\u0644\u0627\u0621 \u062f\u062e\u0627\u0646 \u0627\u0644\u0637\u0644\u0627\u0621<\/div>\n<div>\u0645\u064a\u0632\u0627\u062a:<\/div>\n<div>\u2022 \u0645\u0642\u0627\u0648\u0645\u0629 \u0627\u0644\u062a\u0644\u0641 \u0627\u0644\u0645\u064a\u0643\u0627\u0646\u064a\u0643\u064a<\/div>\n<div>\u2022 \u0642\u0648\u064a<\/div>\n<div>\u2022 \u0645\u0627\u062f\u0629 \u0623\u0642\u0648\u0649 \u0645\u0646 TechniConnect 01<\/div>\n<div>\u2022 \u0645\u0631\u0648\u0646\u0629 \u0639\u0627\u0644\u064a\u0629 \u060c \u0646\u0633\u0628\u0629 \u0636\u063a\u0637 1: 7<\/div>\n<div>\u2022 \u0644\u0648\u0644\u0628 \u062e\u0627\u0631\u062c\u064a \u0645\u062c\u0644\u0641\u0646 \u0636\u062f \u0627\u0644\u062a\u0622\u0643\u0644<\/div>\n<div>\u2022 \u0637\u0631\u064a\u0642\u0629 \u062a\u0635\u0646\u064a\u0639 \u0642\u0648\u064a\u0629 \u0644\u0644\u063a\u0627\u064a\u0629.<\/div>","protected":false},"excerpt":{"rendered":"<p>TC 10 MATERYAL: Kuma\u015f duvar\u0131 : PVC Kapl\u0131 Canvas \u2022 A\u011f\u0131rl\u0131k : 600 gr\/m2 \u2022 \u00c7ekme Dayan\u0131m\u0131 : 150 \/ 75 kg \/ 5cm \u2022 Ek Kal\u0131nl\u0131\u011f\u0131 : 0,90 mm \u2022 Renk : Siyah D\u0131\u015f Spiral : Galvaniz \u00c7elik UYGULAMALAR: \u2022 S\u0131cak hava transferi \u2022 G\u0131da tanelerinin tahliyesinde \u2022 D\u00fc\u015f\u00fck bas\u0131n\u00e7l\u0131 uygulamalarda \u2022 Savunma sanayinde [&#8230;]\n","protected":false},"featured_media":6345,"comment_status":"open","ping_status":"closed","template":"","meta":{"jetpack_post_was_ever_published":false},"product_brand":[],"product_cat":[144],"product_tag":[642,481,643,488,641,454,635],"class_list":{"0":"post-667","1":"product","2":"type-product","3":"status-publish","4":"has-post-thumbnail","6":"product_cat-havalandirma-ve-kaynak-hortumlari","7":"product_tag-asindirici-materyallerin-tahliyesinde","8":"product_tag-galvaniz-celik-dis-spiral","9":"product_tag-kimya-tesislerinde","10":"product_tag-mekanik-dayanim","11":"product_tag-pvc-kapli-kanvas-kumas","12":"product_tag-siyah","13":"product_tag-sicak-hava-transferi","15":"first","16":"instock","17":"taxable","18":"shipping-taxable","19":"product-type-variable"},"jetpack-related-posts":[{"id":616,"url":"https:\/\/tuzlahortum.com.tr\/ar\/product\/tc-02as\/","url_meta":{"origin":667,"position":0},"title":"TC 02AS","author":"admin","date":"6 \u0641\u0628\u0631\u0627\u064a\u0631 2019","format":false,"excerpt":"TC 02ASMATERYAL: Kuma\u015f Duvar : Antistatik \u2264 10^8Ohm \u2022 A\u011f\u0131rl\u0131k : 570 gr\/m2 DIN EN ISO 2286-2 \u2022 \u00c7ekme Dayan\u0131m\u0131 : 2200 \/ 2200 N\/5 cm \u2022 Y\u0131rt\u0131lma Dayan\u0131m\u0131 : 310 \/ 350 N \u2022 Ek Kal\u0131nl\u0131\u011f\u0131 : 0,55 mm \u2022 Renk : Siyah D\u0131\u015f Spiral : Galvaniz \u00c7elik UYGULAMALAR:\u2026","rel":"","context":"\u062a\u062f\u0648\u064a\u0646\u0629 \u0645\u0634\u0627\u0628\u0647\u0629","block_context":{"text":"\u062a\u062f\u0648\u064a\u0646\u0629 \u0645\u0634\u0627\u0628\u0647\u0629","link":""},"img":{"alt_text":"","src":"https:\/\/i0.wp.com\/tuzlahortum.com.tr\/wp-content\/uploads\/2019\/03\/TC-02AS.jpg?fit=600%2C450&ssl=1&resize=350%2C200","width":350,"height":200,"srcset":"https:\/\/i0.wp.com\/tuzlahortum.com.tr\/wp-content\/uploads\/2019\/03\/TC-02AS.jpg?fit=600%2C450&ssl=1&resize=350%2C200 1x, https:\/\/i0.wp.com\/tuzlahortum.com.tr\/wp-content\/uploads\/2019\/03\/TC-02AS.jpg?fit=600%2C450&ssl=1&resize=525%2C300 1.5x"},"classes":[]},{"id":668,"url":"https:\/\/tuzlahortum.com.tr\/ar\/product\/tc-25\/","url_meta":{"origin":667,"position":1},"title":"TC 25","author":"admin","date":"6 \u0641\u0628\u0631\u0627\u064a\u0631 2019","format":false,"excerpt":"TC 25MATERYAL: Hortum duvar\u0131 : PVC Kapl\u0131 Kuma\u015f \u2022 A\u011f\u0131rl\u0131k : 850 gr\/m2 \u2022 \u00c7ekme dayan\u0131m\u0131 : 320 \/ 300 kg.F \u2022 Y\u0131rt\u0131lma dayan\u0131m\u0131 : 37 \/ 45 kg.F \u2022 Kal\u0131nl\u0131k : 0.65 mm \u2022 Renk : Sar\u0131 - Gri \u2022 Su Ge\u00e7irgenli\u011fi : 2000 mmWG D\u0131\u015f Spiral : Galvaniz\u2026","rel":"","context":"\u062a\u062f\u0648\u064a\u0646\u0629 \u0645\u0634\u0627\u0628\u0647\u0629","block_context":{"text":"\u062a\u062f\u0648\u064a\u0646\u0629 \u0645\u0634\u0627\u0628\u0647\u0629","link":""},"img":{"alt_text":"","src":"https:\/\/i0.wp.com\/tuzlahortum.com.tr\/wp-content\/uploads\/2019\/03\/TC-02FR-01FR-TC25.jpg?fit=600%2C450&ssl=1&resize=350%2C200","width":350,"height":200,"srcset":"https:\/\/i0.wp.com\/tuzlahortum.com.tr\/wp-content\/uploads\/2019\/03\/TC-02FR-01FR-TC25.jpg?fit=600%2C450&ssl=1&resize=350%2C200 1x, https:\/\/i0.wp.com\/tuzlahortum.com.tr\/wp-content\/uploads\/2019\/03\/TC-02FR-01FR-TC25.jpg?fit=600%2C450&ssl=1&resize=525%2C300 1.5x"},"classes":[]},{"id":615,"url":"https:\/\/tuzlahortum.com.tr\/ar\/product\/tc-02\/","url_meta":{"origin":667,"position":2},"title":"TC 02","author":"admin","date":"6 \u0641\u0628\u0631\u0627\u064a\u0631 2019","format":false,"excerpt":"TC 02MATERYAL: Kuma\u015f Duvar\u0131 : PVC Kapl\u0131 kuma\u015f \u2022 A\u011f\u0131rl\u0131k : 630 gr\/m2 \u2022 \u00c7ekme Dayan\u0131m\u0131 : Warp 200 kg.F, Weft 200 kg.F \u2022 Kuma\u015f Dayan\u0131m\u0131 : Warp 25 kg.F, Weft 25 kg.F \u2022 Kal\u0131nl\u0131k : 0,55 mm \u2022 Renk : Sar\u0131 \u2013 Siyah \u2013 Gri - Ye\u015fil D\u0131\u015f Spiral\u2026","rel":"","context":"\u062a\u062f\u0648\u064a\u0646\u0629 \u0645\u0634\u0627\u0628\u0647\u0629","block_context":{"text":"\u062a\u062f\u0648\u064a\u0646\u0629 \u0645\u0634\u0627\u0628\u0647\u0629","link":""},"img":{"alt_text":"","src":"https:\/\/i0.wp.com\/tuzlahortum.com.tr\/wp-content\/uploads\/2019\/03\/TC-02.jpg?fit=600%2C501&ssl=1&resize=350%2C200","width":350,"height":200,"srcset":"https:\/\/i0.wp.com\/tuzlahortum.com.tr\/wp-content\/uploads\/2019\/03\/TC-02.jpg?fit=600%2C501&ssl=1&resize=350%2C200 1x, https:\/\/i0.wp.com\/tuzlahortum.com.tr\/wp-content\/uploads\/2019\/03\/TC-02.jpg?fit=600%2C501&ssl=1&resize=525%2C300 1.5x"},"classes":[]},{"id":941,"url":"https:\/\/tuzlahortum.com.tr\/ar\/product\/tc-27\/","url_meta":{"origin":667,"position":3},"title":"TC 27","author":"admin","date":"6 \u0641\u0628\u0631\u0627\u064a\u0631 2019","format":false,"excerpt":"TC 27MATERYAL: Hortum duvar\u0131 : Polietilen Film \u2022 A\u011f\u0131rl\u0131k : 400 gr\/m2 \u2022 \u00c7ekme dayan\u0131m\u0131 : 80 \/ 80 kg.F \u2022 Y\u0131rt\u0131lma dayan\u0131m\u0131 : 5 \/ 6 kg.F \u2022 Kal\u0131nl\u0131k : 0.35 mm \u2022 Renk : Mavi D\u0131\u015f Spiral : Galvaniz \u00c7elik UYGULAMALAR: \u2022 \u00a0Klima \u2022 \u00a0Havaland\u0131rma \u2022 \u00a0Maden havaland\u0131rmas\u0131\u2026","rel":"","context":"\u062a\u062f\u0648\u064a\u0646\u0629 \u0645\u0634\u0627\u0628\u0647\u0629","block_context":{"text":"\u062a\u062f\u0648\u064a\u0646\u0629 \u0645\u0634\u0627\u0628\u0647\u0629","link":""},"img":{"alt_text":"","src":"https:\/\/i0.wp.com\/tuzlahortum.com.tr\/wp-content\/uploads\/2019\/03\/TC-27.jpg?fit=600%2C450&ssl=1&resize=350%2C200","width":350,"height":200,"srcset":"https:\/\/i0.wp.com\/tuzlahortum.com.tr\/wp-content\/uploads\/2019\/03\/TC-27.jpg?fit=600%2C450&ssl=1&resize=350%2C200 1x, https:\/\/i0.wp.com\/tuzlahortum.com.tr\/wp-content\/uploads\/2019\/03\/TC-27.jpg?fit=600%2C450&ssl=1&resize=525%2C300 1.5x"},"classes":[]},{"id":617,"url":"https:\/\/tuzlahortum.com.tr\/ar\/product\/tc-02fr\/","url_meta":{"origin":667,"position":4},"title":"TC 02FR","author":"admin","date":"6 \u0641\u0628\u0631\u0627\u064a\u0631 2019","format":false,"excerpt":"TC 02FRMATERYAL: Kuma\u015f Duvar\u0131 : PVC Kapl\u0131 kuma\u015f, Alev Y\u00fcr\u00fcmez \u00d6zellikte \u2022 A\u011f\u0131rl\u0131k : 630 gr\/m2 \u2022 \u00c7ekme Dayan\u0131m\u0131 : Warp 200 kg.F, Weft 200 kg.F \u2022 Kuma\u015f Dayan\u0131m\u0131 : Warp 25 kg.F, Weft 25 kg.F \u2022 Kal\u0131nl\u0131k : 0,55 mm \u2022 Renk : Sar\u0131 \u2013 Siyah \u2013 Gri -\u2026","rel":"","context":"\u062a\u062f\u0648\u064a\u0646\u0629 \u0645\u0634\u0627\u0628\u0647\u0629","block_context":{"text":"\u062a\u062f\u0648\u064a\u0646\u0629 \u0645\u0634\u0627\u0628\u0647\u0629","link":""},"img":{"alt_text":"","src":"https:\/\/i0.wp.com\/tuzlahortum.com.tr\/wp-content\/uploads\/2019\/03\/TC-02FR-01FR-TC25.jpg?fit=600%2C450&ssl=1&resize=350%2C200","width":350,"height":200,"srcset":"https:\/\/i0.wp.com\/tuzlahortum.com.tr\/wp-content\/uploads\/2019\/03\/TC-02FR-01FR-TC25.jpg?fit=600%2C450&ssl=1&resize=350%2C200 1x, https:\/\/i0.wp.com\/tuzlahortum.com.tr\/wp-content\/uploads\/2019\/03\/TC-02FR-01FR-TC25.jpg?fit=600%2C450&ssl=1&resize=525%2C300 1.5x"},"classes":[]},{"id":691,"url":"https:\/\/tuzlahortum.com.tr\/ar\/product\/tc-24\/","url_meta":{"origin":667,"position":5},"title":"TC 24","author":"admin","date":"6 \u0641\u0628\u0631\u0627\u064a\u0631 2019","format":false,"excerpt":"TC 24MATERYAL: Hortum Cidar\u0131 : PTFE (Teflon) Kapl\u0131 kuma\u015f \u2022 A\u011f\u0131rl\u0131k : 155 - 270 gr\/m2 \u00c7apa g\u00f6re de\u011fi\u015fmektedir \u2022 \u00c7ekme dayan\u0131m\u0131 : Warp: 800 N\/5cm, Weft: 1200 N\/5cm \u2022 Renk : Gri D\u0131\u015f Spiaral : Galvaniz \u00e7elik UYGULAMALAR: \u2022 S\u0131cak hava transferi \u2022 Egzoz transferi \u2022 Savunma sanayi \u0131s\u0131\u2026","rel":"","context":"\u062a\u062f\u0648\u064a\u0646\u0629 \u0645\u0634\u0627\u0628\u0647\u0629","block_context":{"text":"\u062a\u062f\u0648\u064a\u0646\u0629 \u0645\u0634\u0627\u0628\u0647\u0629","link":""},"img":{"alt_text":"","src":"https:\/\/i0.wp.com\/tuzlahortum.com.tr\/wp-content\/uploads\/2019\/03\/TC-24.jpg?fit=600%2C450&ssl=1&resize=350%2C200","width":350,"height":200,"srcset":"https:\/\/i0.wp.com\/tuzlahortum.com.tr\/wp-content\/uploads\/2019\/03\/TC-24.jpg?fit=600%2C450&ssl=1&resize=350%2C200 1x, https:\/\/i0.wp.com\/tuzlahortum.com.tr\/wp-content\/uploads\/2019\/03\/TC-24.jpg?fit=600%2C450&ssl=1&resize=525%2C300 1.5x"},"classes":[]}],"jetpack_sharing_enabled":true,"jetpack_likes_enabled":true,"_links":{"self":[{"href":"https:\/\/tuzlahortum.com.tr\/ar\/wp-json\/wp\/v2\/product\/667","targetHints":{"allow":["GET"]}}],"collection":[{"href":"https:\/\/tuzlahortum.com.tr\/ar\/wp-json\/wp\/v2\/product"}],"about":[{"href":"https:\/\/tuzlahortum.com.tr\/ar\/wp-json\/wp\/v2\/types\/product"}],"replies":[{"embeddable":true,"href":"https:\/\/tuzlahortum.com.tr\/ar\/wp-json\/wp\/v2\/comments?post=667"}],"wp:featuredmedia":[{"embeddable":true,"href":"https:\/\/tuzlahortum.com.tr\/ar\/wp-json\/wp\/v2\/media\/6345"}],"wp:attachment":[{"href":"https:\/\/tuzlahortum.com.tr\/ar\/wp-json\/wp\/v2\/media?parent=667"}],"wp:term":[{"taxonomy":"product_brand","embeddable":true,"href":"https:\/\/tuzlahortum.com.tr\/ar\/wp-json\/wp\/v2\/product_brand?post=667"},{"taxonomy":"product_cat","embeddable":true,"href":"https:\/\/tuzlahortum.com.tr\/ar\/wp-json\/wp\/v2\/product_cat?post=667"},{"taxonomy":"product_tag","embeddable":true,"href":"https:\/\/tuzlahortum.com.tr\/ar\/wp-json\/wp\/v2\/product_tag?post=667"}],"curies":[{"name":"\u062f\u0628\u0644\u064a\u0648 \u0628\u064a","href":"https:\/\/api.w.org\/{rel}","templated":true}]}}