{"id":665,"date":"2019-02-06T23:52:05","date_gmt":"2019-02-06T20:52:05","guid":{"rendered":"http:\/\/hortum.com.tr\/product\/import-placeholder-for-259\/"},"modified":"2024-03-21T17:44:14","modified_gmt":"2024-03-21T14:44:14","slug":"tc-28","status":"publish","type":"product","link":"https:\/\/tuzlahortum.com.tr\/ar\/product\/tc-28\/","title":{"rendered":"TC 28"},"content":{"rendered":"<h2>TC 28<\/h2>\n<p>\u0627\u0644\u0645\u0648\u0627\u062f:<br \/>\n\u062e\u0631\u0637\u0648\u0645 \u0627\u0644\u062c\u062f\u0627\u0631: \u0627\u0644\u0623\u0644\u064a\u0627\u0641 \u0627\u0644\u0632\u062c\u0627\u062c\u064a\u0629 \u0627\u0644\u0625\u0644\u0643\u062a\u0631\u0648\u0646\u064a\u0629 \u0645\u0639 \u0637\u0644\u0627\u0621 \u062e\u0627\u0635<br \/>\n\u2022 \u0627\u0644\u0648\u0632\u0646: 490 \u062c\u0631\u0627\u0645 \/ \u0645 2<br \/>\n\u2022 \u0642\u0648\u0629 \u0627\u0644\u0634\u062f: \u0627\u0644\u0627\u0644\u062a\u0641\u0627\u0641 1100 \u0646\u064a\u0648\u062a\u0646 \/ \u0633\u0645 \u060c \u0627\u0644\u0644\u062d\u0645\u0629 700 \u0646\u064a\u0648\u062a\u0646 \/ \u0633\u0645<br \/>\n\u2022 \u0627\u0644\u0633\u0645\u0627\u0643\u0629: 0.45 \u0645\u0645<br \/>\n\u2022 \u0631\u0645\u0627\u062f\u064a \u0627\u0644\u0644\u0648\u0646<br \/>\n\u2022 \u0627\u0644\u0637\u0644\u0627\u0621: \u0645\u0632\u062f\u0648\u062c \u0627\u0644\u062c\u0627\u0646\u0628 30 \u063a\u0631\u0627\u0645 \/ \u0645 2 \u0637\u0644\u0627\u0621 \u0628\u0648\u0644\u064a \u064a\u0648\u0631\u064a\u062b\u0627\u0646 \u0631\u0645\u0627\u062f\u064a<br \/>\n\u2022 \u0641\u0626\u0629 \u0627\u0644\u0644\u0647\u0628: DIN 66083<br \/>\nSpiaral \u0627\u0644\u062e\u0627\u0631\u062c\u064a: \u0627\u0644\u0641\u0648\u0644\u0627\u0630 \u0627\u0644\u0645\u062c\u0644\u0641\u0646<\/p>\n<div class=\"video video-fit mb\" style=\"padding-top:56.25%;\"><p><iframe loading=\"lazy\" title=\"\u0627\u0631\u062a\u0628\u0627\u0643 \u0627\u0644\u0642\u064a\u0627\u0633 (\u0628\u0648\u0635\u0629\u060c \u0625\u0635\u0628\u0639\u060c \u0636\u0628\u0627\u0628\u060c \u0645\u0644\u0644\u064a\u0645\u062a\u0631)\" width=\"1020\" height=\"574\" src=\"https:\/\/www.youtube.com\/embed\/uKk6AG_AZls?feature=oembed\" frameborder=\"0\" allow=\"accelerometer; autoplay; clipboard-write; encrypted-media; gyroscope; picture-in-picture; web-share\" referrerpolicy=\"strict-origin-when-cross-origin\" allowfullscreen><\/iframe><\/p>\n<\/div>\n<p>\u062a\u0637\u0628\u064a\u0642\u0627\u062a:<br \/>\n\u2022 \u0646\u0642\u0644 \u0627\u0644\u0647\u0648\u0627\u0621 \u0627\u0644\u0633\u0627\u062e\u0646<br \/>\n\u2022 \u0646\u0642\u0644 \u0627\u0644\u0639\u0627\u062f\u0645<br \/>\n\u2022 \u062a\u0637\u0628\u064a\u0642\u0627\u062a \u0646\u0642\u0644 \u0627\u0644\u062d\u0631\u0627\u0631\u0629 \u0641\u064a \u0635\u0646\u0627\u0639\u0629 \u0627\u0644\u062f\u0641\u0627\u0639<br \/>\n\u2022 \u0642\u0637\u0627\u0639 \u062a\u0635\u0646\u064a\u0639 \u0627\u0644\u0632\u062c\u0627\u062c<br \/>\n\u2022 \u062a\u0637\u0628\u064a\u0642\u0627\u062a \u0627\u0644\u0636\u063a\u0637 \u0627\u0644\u0645\u0646\u062e\u0641\u0636<br \/>\n\u2022 \u0627\u0644\u0623\u0641\u0631\u0627\u0646 \u0627\u0644\u0635\u0646\u0627\u0639\u064a\u0629 - \u062a\u0635\u0646\u064a\u0639 \u0627\u0644\u0623\u0641\u0631\u0627\u0646<br \/>\n\u2022 \u0635\u0646\u0627\u0639\u0629 \u0627\u0644\u062d\u062f\u064a\u062f \u0648\u0627\u0644\u0635\u0644\u0628<br \/>\n\u2022 \u0627\u0644\u0645\u0633\u0627\u0628\u0643<br \/>\n\u0645\u064a\u0632\u0627\u062a:<br \/>\n\u2022 \u0645\u0642\u0627\u0648\u0645\u0629 \u062f\u0631\u062c\u0627\u062a \u0627\u0644\u062d\u0631\u0627\u0631\u0629 \u0627\u0644\u0639\u0627\u0644\u064a\u0629 \u062c\u062f\u064b\u0627 (400 \u062f\u0631\u062c\u0629 \u0645\u0626\u0648\u064a\u0629 \u0645\u0633\u062a\u0645\u0631\u0629)<br \/>\n\u2022 \u0627\u0646\u062e\u0641\u0627\u0636 \u0646\u0635\u0641 \u0642\u0637\u0631 \u0627\u0644\u0627\u0646\u062d\u0646\u0627\u0621<br \/>\n\u2022 \u0646\u0633\u0628\u0629 \u0636\u063a\u0637 \u062c\u064a\u062f\u0629: 1: 7<br \/>\n\u2022 \u0644\u0648\u0644\u0628 \u0635\u0644\u0628 \u0645\u062c\u0644\u0641\u0646 \u0636\u062f \u0627\u0644\u062a\u0622\u0643\u0644 \u0627\u0644\u062e\u0627\u0631\u062c\u064a<br \/>\n\u2022 \u0627\u0644\u0625\u0646\u062a\u0627\u062c \u0628\u062a\u0642\u0646\u064a\u0629 \u0631\u0628\u0637 \u0645\u064a\u0643\u0627\u0646\u064a\u0643\u064a\u0629 \u0642\u0648\u064a\u0629<br \/>\n\u2022 \u062e\u0627\u0644\u064a \u0645\u0646 \u0627\u0644\u0633\u064a\u0644\u064a\u0643\u0648\u0646<\/p>","protected":false},"excerpt":{"rendered":"<p>TC 28 MATERYAL: Hortum Cidar\u0131 : \u00d6zel kaplamal\u0131 E-Camelyaf \u2022 A\u011f\u0131rl\u0131k : 490 gr\/m2 \u2022 \u00c7ekme Dayan\u0131m\u0131: Warp 1100 N\/cm, Weft 700 N\/cm \u2022 Kal\u0131nl\u0131k : 0.45 mm \u2022 Renk : Gri \u2022 Kaplama : \u00c7ift taraf\u0131 30 gr\/m2 Gri poli\u00fcretan kaplama \u2022 Alev S\u0131n\u0131f\u0131 : DIN 66083 D\u0131\u015f Spiaral : Galvaniz \u00e7elik UYGULAMALAR: \u2022 [&#8230;]\n","protected":false},"featured_media":6351,"comment_status":"open","ping_status":"closed","template":"","meta":{"jetpack_post_was_ever_published":false},"product_brand":[],"product_cat":[143,145],"product_tag":[499,637,639,393,636,638,481,230,498,635],"class_list":{"0":"post-665","1":"product","2":"type-product","3":"status-publish","4":"has-post-thumbnail","6":"product_cat-havacilik-endustrisi-hortumlari","7":"product_cat-isiya-dayanikli-hortumlar","8":"product_tag-cam-elyaf-kumas","9":"product_tag-cam-imalat-sektoru","10":"product_tag-demir-ve-celik-endustrisi","11":"product_tag-dokumhaneler","12":"product_tag-egzoz-transferi","13":"product_tag-endustriyel-firin-ocak-imalatlari","14":"product_tag-galvaniz-celik-dis-spiral","15":"product_tag-gri","16":"product_tag-isiya-dayanikli","17":"product_tag-sicak-hava-transferi","19":"first","20":"instock","21":"taxable","22":"shipping-taxable","23":"product-type-variable"},"jetpack-related-posts":[{"id":687,"url":"https:\/\/tuzlahortum.com.tr\/ar\/product\/tc-04\/","url_meta":{"origin":665,"position":0},"title":"TC 04","author":"admin","date":"6 \u0641\u0628\u0631\u0627\u064a\u0631 2019","format":false,"excerpt":"TC 04MATERYAL: Hortum Duvar\u0131 : Silikon kapl\u0131 E-Camelyaf kuma\u015f \u2022 A\u011f\u0131rl\u0131k : 590 gr\/m2 \u2022 \u00c7ek. dayan\u0131m\u0131 : Warp 4277 N\/5cm, Weft 2757 N\/5cm \u2022 Kal\u0131nl\u0131k : 0.45 mm \u2022 Renk : Gri \u2022 Kaplama : \u00c7ift tarafl\u0131 80\/80 gr\/m2 gri silikon \u2022 Alev s\u0131n\u0131f\u0131 : DIN 66083, TNO 3883\u2026","rel":"","context":"\u062a\u062f\u0648\u064a\u0646\u0629 \u0645\u0634\u0627\u0628\u0647\u0629","block_context":{"text":"\u062a\u062f\u0648\u064a\u0646\u0629 \u0645\u0634\u0627\u0628\u0647\u0629","link":""},"img":{"alt_text":"","src":"https:\/\/i0.wp.com\/tuzlahortum.com.tr\/wp-content\/uploads\/2019\/03\/TC-04.jpg?fit=600%2C450&ssl=1&resize=350%2C200","width":350,"height":200,"srcset":"https:\/\/i0.wp.com\/tuzlahortum.com.tr\/wp-content\/uploads\/2019\/03\/TC-04.jpg?fit=600%2C450&ssl=1&resize=350%2C200 1x, https:\/\/i0.wp.com\/tuzlahortum.com.tr\/wp-content\/uploads\/2019\/03\/TC-04.jpg?fit=600%2C450&ssl=1&resize=525%2C300 1.5x"},"classes":[]},{"id":689,"url":"https:\/\/tuzlahortum.com.tr\/ar\/product\/tc-20\/","url_meta":{"origin":665,"position":1},"title":"TC 20","author":"admin","date":"6 \u0641\u0628\u0631\u0627\u064a\u0631 2019","format":false,"excerpt":"TC 20MATERYAL: Hortum Duvar\u0131 : Silisyum oksit ve poli\u00fcretan kapl\u0131 E-Camelyaf kuma\u015f \u2022 A\u011f\u0131rl\u0131k : 1250 gr\/m2 \u2022 \u00c7ekme dayan\u0131m\u0131 : Warp: 35 daN\/cm, Weft: 25 daN\/cm \u2022 Kal\u0131nl\u0131k : Yakla\u015f\u0131k 2 mm \u2022 Renk : Gri D\u0131\u015f Spiral : Galvaniz veya Cr-Ni \u00e7elik UYGULAMALAR: \u2022 S\u0131cak hava transferi \u2022\u2026","rel":"","context":"\u062a\u062f\u0648\u064a\u0646\u0629 \u0645\u0634\u0627\u0628\u0647\u0629","block_context":{"text":"\u062a\u062f\u0648\u064a\u0646\u0629 \u0645\u0634\u0627\u0628\u0647\u0629","link":""},"img":{"alt_text":"","src":"https:\/\/i0.wp.com\/tuzlahortum.com.tr\/wp-content\/uploads\/2019\/03\/TC-21-20.jpg?fit=600%2C450&ssl=1&resize=350%2C200","width":350,"height":200,"srcset":"https:\/\/i0.wp.com\/tuzlahortum.com.tr\/wp-content\/uploads\/2019\/03\/TC-21-20.jpg?fit=600%2C450&ssl=1&resize=350%2C200 1x, https:\/\/i0.wp.com\/tuzlahortum.com.tr\/wp-content\/uploads\/2019\/03\/TC-21-20.jpg?fit=600%2C450&ssl=1&resize=525%2C300 1.5x"},"classes":[]},{"id":616,"url":"https:\/\/tuzlahortum.com.tr\/ar\/product\/tc-02as\/","url_meta":{"origin":665,"position":2},"title":"TC 02AS","author":"admin","date":"6 \u0641\u0628\u0631\u0627\u064a\u0631 2019","format":false,"excerpt":"TC 02ASMATERYAL: Kuma\u015f Duvar : Antistatik \u2264 10^8Ohm \u2022 A\u011f\u0131rl\u0131k : 570 gr\/m2 DIN EN ISO 2286-2 \u2022 \u00c7ekme Dayan\u0131m\u0131 : 2200 \/ 2200 N\/5 cm \u2022 Y\u0131rt\u0131lma Dayan\u0131m\u0131 : 310 \/ 350 N \u2022 Ek Kal\u0131nl\u0131\u011f\u0131 : 0,55 mm \u2022 Renk : Siyah D\u0131\u015f Spiral : Galvaniz \u00c7elik UYGULAMALAR:\u2026","rel":"","context":"\u062a\u062f\u0648\u064a\u0646\u0629 \u0645\u0634\u0627\u0628\u0647\u0629","block_context":{"text":"\u062a\u062f\u0648\u064a\u0646\u0629 \u0645\u0634\u0627\u0628\u0647\u0629","link":""},"img":{"alt_text":"","src":"https:\/\/i0.wp.com\/tuzlahortum.com.tr\/wp-content\/uploads\/2019\/03\/TC-02AS.jpg?fit=600%2C450&ssl=1&resize=350%2C200","width":350,"height":200,"srcset":"https:\/\/i0.wp.com\/tuzlahortum.com.tr\/wp-content\/uploads\/2019\/03\/TC-02AS.jpg?fit=600%2C450&ssl=1&resize=350%2C200 1x, https:\/\/i0.wp.com\/tuzlahortum.com.tr\/wp-content\/uploads\/2019\/03\/TC-02AS.jpg?fit=600%2C450&ssl=1&resize=525%2C300 1.5x"},"classes":[]},{"id":691,"url":"https:\/\/tuzlahortum.com.tr\/ar\/product\/tc-24\/","url_meta":{"origin":665,"position":3},"title":"TC 24","author":"admin","date":"6 \u0641\u0628\u0631\u0627\u064a\u0631 2019","format":false,"excerpt":"TC 24MATERYAL: Hortum Cidar\u0131 : PTFE (Teflon) Kapl\u0131 kuma\u015f \u2022 A\u011f\u0131rl\u0131k : 155 - 270 gr\/m2 \u00c7apa g\u00f6re de\u011fi\u015fmektedir \u2022 \u00c7ekme dayan\u0131m\u0131 : Warp: 800 N\/5cm, Weft: 1200 N\/5cm \u2022 Renk : Gri D\u0131\u015f Spiaral : Galvaniz \u00e7elik UYGULAMALAR: \u2022 S\u0131cak hava transferi \u2022 Egzoz transferi \u2022 Savunma sanayi \u0131s\u0131\u2026","rel":"","context":"\u062a\u062f\u0648\u064a\u0646\u0629 \u0645\u0634\u0627\u0628\u0647\u0629","block_context":{"text":"\u062a\u062f\u0648\u064a\u0646\u0629 \u0645\u0634\u0627\u0628\u0647\u0629","link":""},"img":{"alt_text":"","src":"https:\/\/i0.wp.com\/tuzlahortum.com.tr\/wp-content\/uploads\/2019\/03\/TC-24.jpg?fit=600%2C450&ssl=1&resize=350%2C200","width":350,"height":200,"srcset":"https:\/\/i0.wp.com\/tuzlahortum.com.tr\/wp-content\/uploads\/2019\/03\/TC-24.jpg?fit=600%2C450&ssl=1&resize=350%2C200 1x, https:\/\/i0.wp.com\/tuzlahortum.com.tr\/wp-content\/uploads\/2019\/03\/TC-24.jpg?fit=600%2C450&ssl=1&resize=525%2C300 1.5x"},"classes":[]},{"id":614,"url":"https:\/\/tuzlahortum.com.tr\/ar\/product\/tc-01fr\/","url_meta":{"origin":665,"position":4},"title":"TC 01FR","author":"admin","date":"6 \u0641\u0628\u0631\u0627\u064a\u0631 2019","format":false,"excerpt":"TC 01FRMATERYAL: Kuma\u015f Duvar\u0131 : PVC Kapl\u0131 Kuma\u015f, Alev Y\u00fcr\u00fcmez \u00d6zellikte \u2022 A\u011f\u0131rl\u0131k : 430 gr\/m2 \u2022 \u00c7ekme Dayan\u0131m\u0131 : 100\/100 kg.F \u2022 Y\u0131rt\u0131lma Dayan\u0131m\u0131 : 5\/6 kg.F \u2022 Renk : Sar\u0131 - Siyah - Gri D\u0131\u015f Spiral : Galvaniz \u00c7elik UYGULAMALAR: \u2022 Klima \u2022 Havaland\u0131rma \u2022 Emi\u015f uygulamas\u0131 \u2022\u2026","rel":"","context":"\u062a\u062f\u0648\u064a\u0646\u0629 \u0645\u0634\u0627\u0628\u0647\u0629","block_context":{"text":"\u062a\u062f\u0648\u064a\u0646\u0629 \u0645\u0634\u0627\u0628\u0647\u0629","link":""},"img":{"alt_text":"","src":"https:\/\/i0.wp.com\/tuzlahortum.com.tr\/wp-content\/uploads\/2019\/03\/TC-02FR-01FR-TC25.jpg?fit=600%2C450&ssl=1&resize=350%2C200","width":350,"height":200,"srcset":"https:\/\/i0.wp.com\/tuzlahortum.com.tr\/wp-content\/uploads\/2019\/03\/TC-02FR-01FR-TC25.jpg?fit=600%2C450&ssl=1&resize=350%2C200 1x, https:\/\/i0.wp.com\/tuzlahortum.com.tr\/wp-content\/uploads\/2019\/03\/TC-02FR-01FR-TC25.jpg?fit=600%2C450&ssl=1&resize=525%2C300 1.5x"},"classes":[]},{"id":617,"url":"https:\/\/tuzlahortum.com.tr\/ar\/product\/tc-02fr\/","url_meta":{"origin":665,"position":5},"title":"TC 02FR","author":"admin","date":"6 \u0641\u0628\u0631\u0627\u064a\u0631 2019","format":false,"excerpt":"TC 02FRMATERYAL: Kuma\u015f Duvar\u0131 : PVC Kapl\u0131 kuma\u015f, Alev Y\u00fcr\u00fcmez \u00d6zellikte \u2022 A\u011f\u0131rl\u0131k : 630 gr\/m2 \u2022 \u00c7ekme Dayan\u0131m\u0131 : Warp 200 kg.F, Weft 200 kg.F \u2022 Kuma\u015f Dayan\u0131m\u0131 : Warp 25 kg.F, Weft 25 kg.F \u2022 Kal\u0131nl\u0131k : 0,55 mm \u2022 Renk : Sar\u0131 \u2013 Siyah \u2013 Gri -\u2026","rel":"","context":"\u062a\u062f\u0648\u064a\u0646\u0629 \u0645\u0634\u0627\u0628\u0647\u0629","block_context":{"text":"\u062a\u062f\u0648\u064a\u0646\u0629 \u0645\u0634\u0627\u0628\u0647\u0629","link":""},"img":{"alt_text":"","src":"https:\/\/i0.wp.com\/tuzlahortum.com.tr\/wp-content\/uploads\/2019\/03\/TC-02FR-01FR-TC25.jpg?fit=600%2C450&ssl=1&resize=350%2C200","width":350,"height":200,"srcset":"https:\/\/i0.wp.com\/tuzlahortum.com.tr\/wp-content\/uploads\/2019\/03\/TC-02FR-01FR-TC25.jpg?fit=600%2C450&ssl=1&resize=350%2C200 1x, https:\/\/i0.wp.com\/tuzlahortum.com.tr\/wp-content\/uploads\/2019\/03\/TC-02FR-01FR-TC25.jpg?fit=600%2C450&ssl=1&resize=525%2C300 1.5x"},"classes":[]}],"jetpack_sharing_enabled":true,"jetpack_likes_enabled":true,"_links":{"self":[{"href":"https:\/\/tuzlahortum.com.tr\/ar\/wp-json\/wp\/v2\/product\/665","targetHints":{"allow":["GET"]}}],"collection":[{"href":"https:\/\/tuzlahortum.com.tr\/ar\/wp-json\/wp\/v2\/product"}],"about":[{"href":"https:\/\/tuzlahortum.com.tr\/ar\/wp-json\/wp\/v2\/types\/product"}],"replies":[{"embeddable":true,"href":"https:\/\/tuzlahortum.com.tr\/ar\/wp-json\/wp\/v2\/comments?post=665"}],"wp:featuredmedia":[{"embeddable":true,"href":"https:\/\/tuzlahortum.com.tr\/ar\/wp-json\/wp\/v2\/media\/6351"}],"wp:attachment":[{"href":"https:\/\/tuzlahortum.com.tr\/ar\/wp-json\/wp\/v2\/media?parent=665"}],"wp:term":[{"taxonomy":"product_brand","embeddable":true,"href":"https:\/\/tuzlahortum.com.tr\/ar\/wp-json\/wp\/v2\/product_brand?post=665"},{"taxonomy":"product_cat","embeddable":true,"href":"https:\/\/tuzlahortum.com.tr\/ar\/wp-json\/wp\/v2\/product_cat?post=665"},{"taxonomy":"product_tag","embeddable":true,"href":"https:\/\/tuzlahortum.com.tr\/ar\/wp-json\/wp\/v2\/product_tag?post=665"}],"curies":[{"name":"\u062f\u0628\u0644\u064a\u0648 \u0628\u064a","href":"https:\/\/api.w.org\/{rel}","templated":true}]}}