{"id":661,"date":"2019-02-06T23:52:04","date_gmt":"2019-02-06T20:52:04","guid":{"rendered":"http:\/\/hortum.com.tr\/product\/import-placeholder-for-483\/"},"modified":"2024-03-21T17:44:16","modified_gmt":"2024-03-21T14:44:16","slug":"trelleborg-supermines","status":"publish","type":"product","link":"https:\/\/tuzlahortum.com.tr\/ar\/product\/trelleborg-supermines\/","title":{"rendered":"\u062a\u0631\u064a\u0644\u0628\u0648\u0631\u062c \u0633\u0648\u0628\u0631\u0645\u064a\u0646\u0632"},"content":{"rendered":"<h2>\u062a\u0631\u064a\u0644\u0628\u0648\u0631\u062c \u0633\u0648\u0628\u0631\u0645\u064a\u0646\u0632<\/h2>\n<p>\u062a\u0637\u0628\u064a\u0642\u0627\u062a \u0627\u0644\u0647\u0648\u0627\u0621 \/ \u0627\u0644\u0647\u0648\u0627\u0621 \u0627\u0644\u0645\u0636\u063a\u0648\u0637<\/p>\n<p>\u0645\u0648\u0627\u0642\u0639 \u0627\u0644\u0628\u0646\u0627\u0621 \u0648\u0645\u0634\u0627\u0631\u064a\u0639 \u0627\u0644\u0628\u0646\u0627\u0621 \u0648\u0627\u0644\u0645\u0646\u0627\u062c\u0645 \u0648\u0645\u0627 \u0625\u0644\u0649 \u0630\u0644\u0643. \u062e\u0631\u0637\u0648\u0645 \u0627\u0644\u0636\u0627\u063a\u0637 \u0644\u0644\u0638\u0631\u0648\u0641 \u0627\u0644\u0634\u0627\u0642\u0629 \u0644\u0644\u063a\u0627\u064a\u0629.<\/p>\n<p>\u0645\u0632\u0627\u064a\u0627<\/p>\n<p>* \u0645\u0642\u0627\u0648\u0645\u0629 \u0639\u0627\u0644\u064a\u0629 \u0636\u062f \u0627\u0644\u062a\u0639\u0628 \u0648\u0627\u0644\u0643\u0633\u0631 \u0648\u0627\u0644\u0627\u0646\u062d\u0646\u0627\u0621.<\/p>\n<p>* \u0645\u0642\u0627\u0648\u0645\u0629 \u0645\u0645\u062a\u0627\u0632\u0629 \u0644\u0644\u062a\u0622\u0643\u0644 \u0648\u0627\u0644\u0638\u0631\u0648\u0641 \u0627\u0644\u062c\u0648\u064a\u0629 \u0648\u0627\u0644\u0633\u062d\u0628 \u0639\u0644\u0649 \u0627\u0644\u0623\u0633\u0637\u062d \u0627\u0644\u062e\u0634\u0646\u0629 \u0648\u0627\u0644\u0632\u064a\u062a\u064a\u0629.<\/p>\n<p>* \u0645\u0631\u0648\u0646\u0629 \u062c\u064a\u062f\u0629 \u0641\u064a \u0627\u0644\u0628\u0631\u0648\u062f\u0629.<\/p>\n<p>* \u0645\u0646\u0627\u0633\u0628 \u0644\u0625\u062e\u0644\u0627\u0621 \u0627\u0644\u0623\u0643\u0633\u062c\u064a\u0646 (\u0641\u064a 25 \u0645\u0645 \u0641\u0642\u0637).<\/p>\n<p>* \u0637\u0644\u0627\u0621 \u0634\u0641\u0627\u0641 (\u0623\u0635\u0641\u0631).<\/p>\n<p>\u0627\u0644\u0648\u0635\u0641 \u0627\u0644\u0641\u0646\u064a<\/p>\n<p>\u0627\u0644\u0623\u0646\u0628\u0648\u0628 \u0627\u0644\u062f\u0627\u062e\u0644\u064a: SBR \u060c \u0623\u0633\u0648\u062f \u060c \u0645\u0633\u062a\u0642\u064a\u0645.<\/p>\n<p>\u062a\u0642\u0648\u064a\u0629: \u0646\u0633\u064a\u062c \u062a\u0631\u0643\u064a\u0628\u064a.<\/p>\n<p>\u0627\u0644\u0637\u0644\u0627\u0621: SBR \u060c \u0623\u0635\u0641\u0631 \u060c \u0639\u0627\u062f\u064a \u0644\u0640 DIA\u226425mm \u060c \u0642\u0645\u0627\u0634 \u064a\u0628\u062d\u062b \u0639\u0646 DIA&gt; 25mm.<\/p>\n<p>\u0646\u0637\u0627\u0642 \u062f\u0631\u062c\u0629 \u0627\u0644\u062d\u0631\u0627\u0631\u0629: -30 \u062f\u0631\u062c\u0629 \u0645\u0626\u0648\u064a\u0629 \u0625\u0644\u0649 +70 \u062f\u0631\u062c\u0629 \u0645\u0626\u0648\u064a\u0629.<\/p>\n<div class=\"video video-fit mb\" style=\"padding-top:56.25%;\"><p><iframe loading=\"lazy\" title=\"\u0627\u0631\u062a\u0628\u0627\u0643 \u0627\u0644\u0642\u064a\u0627\u0633 (\u0628\u0648\u0635\u0629\u060c \u0625\u0635\u0628\u0639\u060c \u0636\u0628\u0627\u0628\u060c \u0645\u0644\u0644\u064a\u0645\u062a\u0631)\" width=\"1020\" height=\"574\" src=\"https:\/\/www.youtube.com\/embed\/uKk6AG_AZls?feature=oembed\" frameborder=\"0\" allow=\"accelerometer; autoplay; clipboard-write; encrypted-media; gyroscope; picture-in-picture; web-share\" referrerpolicy=\"strict-origin-when-cross-origin\" allowfullscreen><\/iframe><\/p>\n<\/div>\n<div class=\"video video-fit mb\" style=\"padding-top:56.25%;\"><p>https:\/\/www.youtube.com\/watch?v=O8ZlzKEjfEQ%20<\/p>\n<\/div>\n<p><img data-recalc-dims=\"1\" loading=\"lazy\" decoding=\"async\" class=\"alignnone size-medium wp-image-2082\" src=\"https:\/\/i0.wp.com\/hortum.com.tr\/wp-content\/uploads\/urunler\/trelleborg\/Trelleborg-SUPERMINES-800x218.jpg?resize=800%2C218\" alt=\"\" width=\"800\" height=\"218\" title=\"\" srcset=\"https:\/\/i0.wp.com\/tuzlahortum.com.tr\/wp-content\/uploads\/urunler\/trelleborg\/Trelleborg-SUPERMINES.jpg?resize=800%2C218&amp;ssl=1 800w, https:\/\/i0.wp.com\/tuzlahortum.com.tr\/wp-content\/uploads\/urunler\/trelleborg\/Trelleborg-SUPERMINES.jpg?resize=768%2C209&amp;ssl=1 768w, https:\/\/i0.wp.com\/tuzlahortum.com.tr\/wp-content\/uploads\/urunler\/trelleborg\/Trelleborg-SUPERMINES.jpg?resize=600%2C163&amp;ssl=1 600w, https:\/\/i0.wp.com\/tuzlahortum.com.tr\/wp-content\/uploads\/urunler\/trelleborg\/Trelleborg-SUPERMINES.jpg?w=849&amp;ssl=1 849w\" sizes=\"auto, (max-width: 800px) 100vw, 800px\" \/><\/p>","protected":false},"excerpt":{"rendered":"<p>Trelleborg SUPERMINES Hava\/Bas\u0131n\u00e7l\u0131 hava uygulamalar\u0131 \u015eantiyeler, in\u015faat projeleri, maden ocaklar\u0131, vs. i\u00e7in ekstra a\u011f\u0131r ko\u015fullara uygun kompres\u00f6r\u00a0hortumu. Avantajlar *Yorulma, k\u0131r\u0131lma ve b\u00fck\u00fclmeye kar\u015f\u0131 y\u00fcksek dayan\u0131m. *A\u015f\u0131nma, atmosfer ko\u015fullar\u0131 ve engebeli ve ya\u011fl\u0131 y\u00fczeyler \u00fczerinde s\u00fcr\u00fcklemeye kar\u015f\u0131\u00a0m\u00fckemmel dayan\u0131m. *\u0130yi so\u011fuk esneklik. *Oksijen tahliyesi i\u00e7in uygun (sadece \u0130\u00c7\u226425mm). *\u015eeffaf kaplama (sar\u0131 renkte). Teknik a\u00e7\u0131klama \u0130\u00e7 t\u00fcp :\u00a0SBR, [&#8230;]\n","protected":false},"featured_media":2675,"comment_status":"open","ping_status":"closed","template":"","meta":[],"product_brand":[],"product_cat":[178],"product_tag":[558,294,424,290,628,598,629,627],"class_list":{"0":"post-661","1":"product","2":"type-product","3":"status-publish","4":"has-post-thumbnail","6":"product_cat-hava-basincli-hava-hortumlari","7":"product_tag-basinc","8":"product_tag-dayanikli","9":"product_tag-hava","10":"product_tag-hortum","11":"product_tag-insaat-projeleri","12":"product_tag-kompresor-hortumu","13":"product_tag-maden-ocaklari","14":"product_tag-santiye","16":"first","17":"instock","18":"taxable","19":"shipping-taxable","20":"product-type-variable"},"jetpack-related-posts":[{"id":918,"url":"https:\/\/tuzlahortum.com.tr\/ar\/product\/trelleborg-redwater\/","url_meta":{"origin":661,"position":0},"title":"\u062a\u0631\u064a\u0644\u0628\u0648\u0631\u062c \u0645\u0627\u0621 \u0623\u062d\u0645\u0631","author":"admin","date":"6 \u0641\u0628\u0631\u0627\u064a\u0631 2019","format":false,"excerpt":"\u062e\u0631\u0637\u0648\u0645 Trelleborg REDWATERS \u0645\u064a\u0627\u0647\/\u0645\u064a\u0627\u0647 \u0627\u0644\u062a\u0646\u0638\u064a\u0641 \u0648\u0627\u0644\u063a\u0633\u064a\u0644 \u062a\u0635\u0631\u064a\u0641 \u0627\u0644\u0645\u064a\u0627\u0647 \u062a\u062d\u062a \u0627\u0644\u0636\u063a\u0637 \u0641\u064a \u0627\u0644\u0645\u0646\u0627\u0637\u0642 \u0627\u0644\u0635\u0646\u0627\u0639\u064a\u0629 \u0623\u0648 \u0641\u064a \u0627\u0644\u0645\u062f\u0646. \u0627\u0644\u0645\u0632\u0627\u064a\u0627 * \u062e\u0631\u0637\u0648\u0645 \u0645\u062a\u064a\u0646. * \u0645\u0642\u0627\u0648\u0645\u0629 \u0639\u0627\u0644\u064a\u0629 \u0644\u0644\u062a\u0622\u0643\u0644 \u0628\u0633\u0628\u0628 \u0633\u064f\u0645\u0643 \u0627\u0644\u062c\u062f\u0627\u0631. \u0627\u0644\u0648\u0635\u0641 \u0627\u0644\u0641\u0646\u064a: \u0627\u0644\u0623\u0646\u0628\u0648\u0628 \u0627\u0644\u062f\u0627\u062e\u0644\u064a: SBR \u0644\u0644\u0623\u0646\u0628\u0648\u0628 \u0627\u0644\u062f\u0627\u062e\u0644\u064a \u226425 \u0645\u0645\u060c EPDM \u0644\u0644\u0623\u0646\u0628\u0648\u0628 \u0627\u0644\u062f\u0627\u062e\u0644\u064a &gt;25 \u0645\u0645\u060c \u0623\u0633\u0648\u062f\u060c \u0623\u0645\u0644\u0633. \u0627\u0644\u062a\u0639\u0632\u064a\u0632 : \u0646\u0633\u064a\u062c \u0635\u0646\u0627\u0639\u064a. \u0637\u0644\u0627\u0621 : SBR\u060c \u0623\u062d\u0645\u0631\u060c \u0645\u0638\u0647\u0631 \u0642\u0645\u0627\u0634\u064a \u0644\u0644\u062f\u0627\u062e\u0644\u064a\u0629&gt;25 \u0645\u0645\u060c \u0639\u0627\u062f\u064a \u0644\u0644\u062f\u0627\u062e\u0644\u064a\u0629\u226425 \u0645\u0645. \u0646\u0637\u0627\u0642 \u062f\u0631\u062c\u0629 \u0627\u0644\u062d\u0631\u0627\u0631\u0629 : -25\u00b0C...","rel":"","context":"\u062a\u062f\u0648\u064a\u0646\u0629 \u0645\u0634\u0627\u0628\u0647\u0629","block_context":{"text":"\u062a\u062f\u0648\u064a\u0646\u0629 \u0645\u0634\u0627\u0628\u0647\u0629","link":""},"img":{"alt_text":"","src":"https:\/\/i0.wp.com\/tuzlahortum.com.tr\/wp-content\/uploads\/2019\/02\/RED-WATER.jpg?fit=800%2C800&ssl=1&resize=350%2C200","width":350,"height":200,"srcset":"https:\/\/i0.wp.com\/tuzlahortum.com.tr\/wp-content\/uploads\/2019\/02\/RED-WATER.jpg?fit=800%2C800&ssl=1&resize=350%2C200 1x, https:\/\/i0.wp.com\/tuzlahortum.com.tr\/wp-content\/uploads\/2019\/02\/RED-WATER.jpg?fit=800%2C800&ssl=1&resize=525%2C300 1.5x, https:\/\/i0.wp.com\/tuzlahortum.com.tr\/wp-content\/uploads\/2019\/02\/RED-WATER.jpg?fit=800%2C800&ssl=1&resize=700%2C400 2x"},"classes":[]},{"id":659,"url":"https:\/\/tuzlahortum.com.tr\/ar\/product\/trelleborg-maxair\/","url_meta":{"origin":661,"position":1},"title":"\u0645\u0627\u0643\u0633\u064a\u0631 \u062a\u0631\u064a\u0644\u0628\u0648\u0631\u062c","author":"admin","date":"6 \u0641\u0628\u0631\u0627\u064a\u0631 2019","format":false,"excerpt":"Trelleborg MAXAIRAirAir\/ \u062a\u0637\u0628\u064a\u0642\u0627\u062a \u0627\u0644\u0647\u0648\u0627\u0621 \u0627\u0644\u0645\u0636\u063a\u0648\u0637 \u062e\u0631\u0637\u0648\u0645 \u0627\u0644\u0647\u0648\u0627\u0621 \u0627\u0644\u0645\u0636\u063a\u0648\u0637 \u0644\u0644\u062a\u0637\u0628\u064a\u0642\u0627\u062a \u0627\u0644\u0635\u0646\u0627\u0639\u064a\u0629 \u0648\u063a\u064a\u0631\u0647\u0627 \u0645\u0646 \u0627\u0644\u062a\u0637\u0628\u064a\u0642\u0627\u062a \u0644\u0644\u0623\u062f\u0648\u0627\u062a \u0627\u0644\u0647\u0648\u0627\u0626\u064a\u0629 \u0648\u0627\u0644\u0623\u063a\u0631\u0627\u0636 \u0627\u0644\u0639\u0627\u0645\u0629. \u0645\u0646\u0627\u0633\u0628 \u0644\u0644\u0647\u0648\u0627\u0621 \u0627\u0644\u0645\u0636\u063a\u0648\u0637 \u0644\u062c\u0645\u064a\u0639 \u0627\u0644\u062a\u0637\u0628\u064a\u0642\u0627\u062a\u060c \u0648\u0627\u0644\u0623\u0643\u0633\u062c\u064a\u0646 (POI\u226425 \u0645\u0645 \u0641\u0642\u0637) \u0648\u0627\u0644\u063a\u0627\u0632\u0627\u062a \u0627\u0644\u062e\u0627\u0645\u0644\u0629 \u0627\u0644\u0623\u0631\u062c\u0648\u0646 \u0648\u0627\u0644\u0646\u064a\u062a\u0631\u0648\u062c\u064a\u0646 \u0648\u062b\u0627\u0646\u064a \u0623\u0643\u0633\u064a\u062f \u0627\u0644\u0643\u0631\u0628\u0648\u0646 \u0644\u0644\u062d\u0627\u0645 \u0627\u0644\u0642\u0648\u0633\u064a. \u0623\u064a\u0636\u0627\u064b \u0644\u0644\u0645\u062d\u0627\u0644\u064a\u0644 \u0627\u0644\u0645\u0627\u0626\u064a\u0629 \u0623\u0648 \u0627\u0644\u0645\u0633\u062a\u062d\u0644\u0628\u0627\u062a \u0627\u0644\u0645\u0633\u062a\u062e\u062f\u0645\u0629 \u0641\u064a \u0627\u0644\u0631\u0634 \u0627\u0644\u0632\u0631\u0627\u0639\u064a \u0628\u0627\u0644\u0645\u064a\u0627\u0647 \u0627\u0644\u0635\u0646\u0627\u0639\u064a\u0629\u060c \u0648\u0627\u0644\u062a\u0628\u064a\u064a\u0636\u060c \u0648\u0627\u0644\u062a\u0637\u0647\u064a\u0631\u060c \u0648\u0627\u0644\u0623\u062d\u0645\u0627\u0636 \u0648...","rel":"","context":"\u062a\u062f\u0648\u064a\u0646\u0629 \u0645\u0634\u0627\u0628\u0647\u0629","block_context":{"text":"\u062a\u062f\u0648\u064a\u0646\u0629 \u0645\u0634\u0627\u0628\u0647\u0629","link":""},"img":{"alt_text":"","src":"https:\/\/i0.wp.com\/tuzlahortum.com.tr\/wp-content\/uploads\/2019\/02\/MAXAIR.jpg?fit=800%2C800&ssl=1&resize=350%2C200","width":350,"height":200,"srcset":"https:\/\/i0.wp.com\/tuzlahortum.com.tr\/wp-content\/uploads\/2019\/02\/MAXAIR.jpg?fit=800%2C800&ssl=1&resize=350%2C200 1x, https:\/\/i0.wp.com\/tuzlahortum.com.tr\/wp-content\/uploads\/2019\/02\/MAXAIR.jpg?fit=800%2C800&ssl=1&resize=525%2C300 1.5x, https:\/\/i0.wp.com\/tuzlahortum.com.tr\/wp-content\/uploads\/2019\/02\/MAXAIR.jpg?fit=800%2C800&ssl=1&resize=700%2C400 2x"},"classes":[]},{"id":660,"url":"https:\/\/tuzlahortum.com.tr\/ar\/product\/trelleborg-normines-ii\/","url_meta":{"origin":661,"position":2},"title":"\u0646\u0648\u0631\u0645\u064a\u0646\u0632 \u062a\u0631\u064a\u0644\u0628\u0648\u0631\u062c II","author":"admin","date":"6 \u0641\u0628\u0631\u0627\u064a\u0631 2019","format":false,"excerpt":"\u062a\u0637\u0628\u064a\u0642\u0627\u062a \u0627\u0644\u0647\u0648\u0627\u0621\/\u0627\u0644\u0647\u0648\u0627\u0621 \u0627\u0644\u0645\u0636\u063a\u0648\u0637 Trelleborg NORMINES II \u062e\u0631\u0637\u0648\u0645 \u0647\u0648\u0627\u0621 \u0645\u0636\u063a\u0648\u0637 \u062e\u0631\u0637\u0648\u0645 \u0647\u0648\u0627\u0621 \u0634\u062f\u064a\u062f \u0627\u0644\u062a\u062d\u0645\u0644 \u0644\u0644\u0645\u0627\u0643\u064a\u0646\u0627\u062a \u0627\u0644\u0647\u0648\u0627\u0626\u064a\u0629 \u0645\u062b\u0644 \u0627\u0644\u0645\u062b\u0627\u0642\u0628 \u0627\u0644\u0635\u062e\u0631\u064a\u0629 \u0648\u0645\u0627\u0643\u064a\u0646\u0627\u062a \u0627\u0644\u0643\u0634\u0637 \u0648\u0627\u0644\u0641\u062a\u062d\u0627\u062a \u0648\u0645\u0637\u0627\u0631\u0642 \u0627\u0644\u0628\u0631\u0634\u0627\u0645 \u0648\u0625\u0632\u0627\u0644\u0629 \u0627\u0644\u0623\u0632\u064a\u0632\u060c \u0625\u0644\u062e. \u062e\u0631\u0637\u0648\u0645 \u0647\u0648\u0627\u0621 \u0645\u0636\u063a\u0648\u0637 \u0645\u062a\u0639\u062f\u062f \u0627\u0644\u0623\u063a\u0631\u0627\u0636 \u064a\u064f\u0633\u062a\u062e\u062f\u0645 \u0641\u064a \u0635\u0646\u0627\u0639\u0629 \u0627\u0644\u062a\u0639\u062f\u064a\u0646 \u0648\u0627\u0644\u0628\u0646\u0627\u0621 \u0648\u0627\u0644\u0635\u0646\u0627\u0639\u0629 \u0627\u0644\u062a\u062d\u0648\u064a\u0644\u064a\u0629 \u0648\u063a\u064a\u0631\u0647\u0627. \u0647\u0648\u0627\u0621 \u0645\u0636\u063a\u0648\u0637\u060c \u0623\u0643\u0633\u062c\u064a\u0646 (\u062f\u0627\u062e\u0644\u064a\u226425 \u0645\u0645 \u0641\u0642\u0637) \u0648\u062e\u0631\u0637\u0648\u0645 \u0647\u0648\u0627\u0621 \u0642\u0648\u0633\u064a \u0644\u062c\u0645\u064a\u0639 \u0627\u0644\u062a\u0637\u0628\u064a\u0642\u0627\u062a.","rel":"","context":"\u062a\u062f\u0648\u064a\u0646\u0629 \u0645\u0634\u0627\u0628\u0647\u0629","block_context":{"text":"\u062a\u062f\u0648\u064a\u0646\u0629 \u0645\u0634\u0627\u0628\u0647\u0629","link":""},"img":{"alt_text":"","src":"https:\/\/i0.wp.com\/tuzlahortum.com.tr\/wp-content\/uploads\/2019\/02\/NORMINES-II.jpg?fit=800%2C800&ssl=1&resize=350%2C200","width":350,"height":200,"srcset":"https:\/\/i0.wp.com\/tuzlahortum.com.tr\/wp-content\/uploads\/2019\/02\/NORMINES-II.jpg?fit=800%2C800&ssl=1&resize=350%2C200 1x, https:\/\/i0.wp.com\/tuzlahortum.com.tr\/wp-content\/uploads\/2019\/02\/NORMINES-II.jpg?fit=800%2C800&ssl=1&resize=525%2C300 1.5x, https:\/\/i0.wp.com\/tuzlahortum.com.tr\/wp-content\/uploads\/2019\/02\/NORMINES-II.jpg?fit=800%2C800&ssl=1&resize=700%2C400 2x"},"classes":[]},{"id":909,"url":"https:\/\/tuzlahortum.com.tr\/ar\/product\/trelleborg-cascade\/","url_meta":{"origin":661,"position":3},"title":"Trelleborg \u0643\u0627\u0633\u0643\u0627\u062f","author":"admin","date":"6 \u0641\u0628\u0631\u0627\u064a\u0631 2019","format":false,"excerpt":"Trelleborg CASCADESu\/Temizlik ve y\u0131kama End\u00fcstriyel alanlar veya \u015fehirlerde su tahliyesi ve binalar veya bay\u0131nd\u0131rl\u0131k hizmetlerinde su tahliye uygulamalar\u0131. Avantajlar *Eskime ve atmosfer ko\u015fullar\u0131na kar\u015f\u0131 son derece dayan\u0131kl\u0131. *Y\u00fcksek esneklik ve kavramay\u0131 kolayla\u015ft\u0131ran oluklu kaplama. Teknik a\u00e7\u0131klama \u0130\u00e7 t\u00fcp :\u00a0SBR, siyah, d\u00fcz. Takviye :\u00a0sentetik tekstil. Kaplama :\u00a0EPDM, ye\u015fil, oluklu. S\u0131cakl\u0131k aral\u0131\u011f\u0131\u2026","rel":"","context":"\u062a\u062f\u0648\u064a\u0646\u0629 \u0645\u0634\u0627\u0628\u0647\u0629","block_context":{"text":"\u062a\u062f\u0648\u064a\u0646\u0629 \u0645\u0634\u0627\u0628\u0647\u0629","link":""},"img":{"alt_text":"","src":"https:\/\/i0.wp.com\/tuzlahortum.com.tr\/wp-content\/uploads\/2019\/02\/CASCADE.jpg?fit=800%2C800&ssl=1&resize=350%2C200","width":350,"height":200,"srcset":"https:\/\/i0.wp.com\/tuzlahortum.com.tr\/wp-content\/uploads\/2019\/02\/CASCADE.jpg?fit=800%2C800&ssl=1&resize=350%2C200 1x, https:\/\/i0.wp.com\/tuzlahortum.com.tr\/wp-content\/uploads\/2019\/02\/CASCADE.jpg?fit=800%2C800&ssl=1&resize=525%2C300 1.5x, https:\/\/i0.wp.com\/tuzlahortum.com.tr\/wp-content\/uploads\/2019\/02\/CASCADE.jpg?fit=800%2C800&ssl=1&resize=700%2C400 2x"},"classes":[]},{"id":946,"url":"https:\/\/tuzlahortum.com.tr\/ar\/product\/trelleborg-boat-fuel-hose-iso-7840-a1\/","url_meta":{"origin":661,"position":4},"title":"\u062a\u0631\u064a\u0644\u0628\u0648\u0631\u062c \u062e\u0631\u0637\u0648\u0645 \u0648\u0642\u0648\u062f \u0627\u0644\u0642\u0627\u0631\u0628 ISO 7840 A1","author":"admin","date":"6 \u0641\u0628\u0631\u0627\u064a\u0631 2019","format":false,"excerpt":"Trelleborg BOAT FUEL HOSE ISO 7840 A1Ya\u011f Tekne uygulamalar\u0131nda kullan\u0131lan yanmaya dayan\u0131kl\u0131 yak\u0131t hortumu. Spor teknelerde CEN gerekliliklerine uygun. Avantajlar *Ge\u00e7irim direnci konusunda en y\u00fcksek standard\u0131 kar\u015f\u0131lar. *Uluslararas\u0131 Deniz Belgelendirme Enstit\u00fcs\u00fc taraf\u0131ndan belgelendirilmi\u015ftir. Teknik a\u00e7\u0131klama \u0130\u00e7 t\u00fcp :\u00a0NBR, siyah, d\u00fcz. Takviye :\u00a0\u0130\u00c7>25mm i\u00e7in g\u00f6m\u00fcl\u00fc \u00e7elik helis bulunan sentetik tekstil \u00f6rg\u00fc.\u2026","rel":"","context":"\u062a\u062f\u0648\u064a\u0646\u0629 \u0645\u0634\u0627\u0628\u0647\u0629","block_context":{"text":"\u062a\u062f\u0648\u064a\u0646\u0629 \u0645\u0634\u0627\u0628\u0647\u0629","link":""},"img":{"alt_text":"","src":"https:\/\/i0.wp.com\/tuzlahortum.com.tr\/wp-content\/uploads\/2019\/02\/BOAT-FUEL-HOSE-ISO-7840-A1.jpg?fit=800%2C800&ssl=1&resize=350%2C200","width":350,"height":200,"srcset":"https:\/\/i0.wp.com\/tuzlahortum.com.tr\/wp-content\/uploads\/2019\/02\/BOAT-FUEL-HOSE-ISO-7840-A1.jpg?fit=800%2C800&ssl=1&resize=350%2C200 1x, https:\/\/i0.wp.com\/tuzlahortum.com.tr\/wp-content\/uploads\/2019\/02\/BOAT-FUEL-HOSE-ISO-7840-A1.jpg?fit=800%2C800&ssl=1&resize=525%2C300 1.5x, https:\/\/i0.wp.com\/tuzlahortum.com.tr\/wp-content\/uploads\/2019\/02\/BOAT-FUEL-HOSE-ISO-7840-A1.jpg?fit=800%2C800&ssl=1&resize=700%2C400 2x"},"classes":[]},{"id":913,"url":"https:\/\/tuzlahortum.com.tr\/ar\/product\/trelleborg-osm-ii\/","url_meta":{"origin":661,"position":5},"title":"Trelleborg OSM II","author":"admin","date":"6 \u0641\u0628\u0631\u0627\u064a\u0631 2019","format":false,"excerpt":"Trelleborg OSM IISu\/Vakum uygulamalar\u0131 Evsel su, end\u00fcstriyel su, deniz suyu ve at\u0131k sular\u0131n \u00e7ekilmesi ve tahliyesi. Avantajlar *\u0130ste\u011fe g\u00f6re \u00e7e\u015fitli uzunluklarda kesilerek teslim edilebilir. *Ezilmeye kar\u015f\u0131 \u00e7ok y\u00fcksek diren\u00e7. *Hortumdaki \u00fc\u00e7 katl\u0131 paralel helisler \u00e7e\u015fitli ba\u011flant\u0131 par\u00e7alar\u0131 ile daha kolay d\u00f6\u015fenmesi i\u00e7in yumu\u015fak bir yap\u0131 kazand\u0131r\u0131r. Teknik a\u00e7\u0131klama \u0130\u00e7 t\u00fcp\u2026","rel":"","context":"\u062a\u062f\u0648\u064a\u0646\u0629 \u0645\u0634\u0627\u0628\u0647\u0629","block_context":{"text":"\u062a\u062f\u0648\u064a\u0646\u0629 \u0645\u0634\u0627\u0628\u0647\u0629","link":""},"img":{"alt_text":"","src":"https:\/\/i0.wp.com\/tuzlahortum.com.tr\/wp-content\/uploads\/2019\/02\/OSM-II.jpg?fit=800%2C800&ssl=1&resize=350%2C200","width":350,"height":200,"srcset":"https:\/\/i0.wp.com\/tuzlahortum.com.tr\/wp-content\/uploads\/2019\/02\/OSM-II.jpg?fit=800%2C800&ssl=1&resize=350%2C200 1x, https:\/\/i0.wp.com\/tuzlahortum.com.tr\/wp-content\/uploads\/2019\/02\/OSM-II.jpg?fit=800%2C800&ssl=1&resize=525%2C300 1.5x, https:\/\/i0.wp.com\/tuzlahortum.com.tr\/wp-content\/uploads\/2019\/02\/OSM-II.jpg?fit=800%2C800&ssl=1&resize=700%2C400 2x"},"classes":[]}],"jetpack_sharing_enabled":true,"jetpack_likes_enabled":true,"_links":{"self":[{"href":"https:\/\/tuzlahortum.com.tr\/ar\/wp-json\/wp\/v2\/product\/661","targetHints":{"allow":["GET"]}}],"collection":[{"href":"https:\/\/tuzlahortum.com.tr\/ar\/wp-json\/wp\/v2\/product"}],"about":[{"href":"https:\/\/tuzlahortum.com.tr\/ar\/wp-json\/wp\/v2\/types\/product"}],"replies":[{"embeddable":true,"href":"https:\/\/tuzlahortum.com.tr\/ar\/wp-json\/wp\/v2\/comments?post=661"}],"wp:featuredmedia":[{"embeddable":true,"href":"https:\/\/tuzlahortum.com.tr\/ar\/wp-json\/wp\/v2\/media\/2675"}],"wp:attachment":[{"href":"https:\/\/tuzlahortum.com.tr\/ar\/wp-json\/wp\/v2\/media?parent=661"}],"wp:term":[{"taxonomy":"product_brand","embeddable":true,"href":"https:\/\/tuzlahortum.com.tr\/ar\/wp-json\/wp\/v2\/product_brand?post=661"},{"taxonomy":"product_cat","embeddable":true,"href":"https:\/\/tuzlahortum.com.tr\/ar\/wp-json\/wp\/v2\/product_cat?post=661"},{"taxonomy":"product_tag","embeddable":true,"href":"https:\/\/tuzlahortum.com.tr\/ar\/wp-json\/wp\/v2\/product_tag?post=661"}],"curies":[{"name":"\u062f\u0628\u0644\u064a\u0648 \u0628\u064a","href":"https:\/\/api.w.org\/{rel}","templated":true}]}}