{"id":660,"date":"2019-02-06T23:52:04","date_gmt":"2019-02-06T20:52:04","guid":{"rendered":"http:\/\/hortum.com.tr\/product\/import-placeholder-for-482\/"},"modified":"2024-03-21T17:44:17","modified_gmt":"2024-03-21T14:44:17","slug":"trelleborg-normines-ii","status":"publish","type":"product","link":"https:\/\/tuzlahortum.com.tr\/ar\/product\/trelleborg-normines-ii\/","title":{"rendered":"\u0646\u0648\u0631\u0645\u064a\u0646\u0632 \u062a\u0631\u064a\u0644\u0628\u0648\u0631\u062c II"},"content":{"rendered":"<h2>\u0646\u0648\u0631\u0645\u064a\u0646\u0632 \u062a\u0631\u064a\u0644\u0628\u0648\u0631\u062c II<\/h2>\n<div>\u062a\u0637\u0628\u064a\u0642\u0627\u062a \u0627\u0644\u0647\u0648\u0627\u0621 \/ \u0627\u0644\u0647\u0648\u0627\u0621 \u0627\u0644\u0645\u0636\u063a\u0648\u0637<\/div>\n<div>\u062a\u062f\u0631\u064a\u0628\u0627\u062a \u0627\u0644\u0635\u062e\u0648\u0631 \u060c \u0622\u0644\u0629 \u0627\u0644\u0643\u0634\u0637 \u0648\u0627\u0644\u0641\u062a\u062d\u0629 \u060c \u0645\u0637\u0627\u0631\u0642 \u0627\u0644\u0628\u0631\u0634\u0627\u0645 \u0648\u0625\u0632\u0627\u0644\u0629 \u0627\u0644\u062d\u0648\u0627\u0641 \u060c \u0625\u0644\u062e. \u0645\u062b\u0644<\/div>\n<div>\u062e\u0631\u0637\u0648\u0645 \u0647\u0648\u0627\u0621 \u0645\u0646\u0627\u0633\u0628 \u0644\u0638\u0631\u0648\u0641 \u0627\u0644\u0639\u0645\u0644 \u0627\u0644\u0634\u0627\u0642\u0629 \u0644\u0644\u063a\u0627\u064a\u0629 \u0627\u0644\u0645\u0633\u062a\u062e\u062f\u0645\u0629 \u0641\u064a \u0627\u0644\u0622\u0644\u0627\u062a \u0627\u0644\u0647\u0648\u0627\u0626\u064a\u0629.<\/div>\n<div>\u062e\u0631\u0637\u0648\u0645 \u0647\u0648\u0627\u0621 \u0645\u0636\u063a\u0648\u0637 \u0645\u062a\u0639\u062f\u062f \u0627\u0644\u0623\u063a\u0631\u0627\u0636 \u064a\u0633\u062a\u062e\u062f\u0645 \u0641\u064a \u0635\u0646\u0627\u0639\u0629 \u0627\u0644\u062a\u0639\u062f\u064a\u0646 \u0648\u0627\u0644\u0628\u0646\u0627\u0621 \u0648\u0627\u0644\u0635\u0646\u0627\u0639\u0629 \u0627\u0644\u062a\u062d\u0648\u064a\u0644\u064a\u0629 \u0648\u063a\u064a\u0631\u0647\u0627.<\/div>\n<div>\u0627\u0644\u0647\u0648\u0627\u0621 \u0627\u0644\u0645\u0636\u063a\u0648\u0637 \u0644\u062c\u0645\u064a\u0639 \u0627\u0644\u062a\u0637\u0628\u064a\u0642\u0627\u062a \u060c \u0627\u0644\u0623\u0643\u0633\u062c\u064a\u0646 (25 \u0645\u0645 \u0641\u0642\u0637) \u0648\u0644\u062d\u0627\u0645 \u0627\u0644\u0642\u0648\u0633<\/div>\n<div>\u0645\u0646\u0627\u0633\u0628 \u0644\u0644\u063a\u0627\u0632\u0627\u062a \u0627\u0644\u062e\u0627\u0645\u0644\u0629 \u0627\u0644\u0645\u0633\u062a\u062e\u062f\u0645\u0629 \u0645\u062b\u0644 \u0627\u0644\u0623\u0631\u062c\u0648\u0646 \u0648\u0627\u0644\u0646\u064a\u062a\u0631\u0648\u062c\u064a\u0646 \u0648\u062b\u0627\u0646\u064a \u0623\u0643\u0633\u064a\u062f \u0627\u0644\u0643\u0631\u0628\u0648\u0646.<\/div>\n<div>\u0623\u064a\u0636\u0627 \u060c \u0627\u0644\u0645\u062d\u0627\u0644\u064a\u0644 \u0627\u0644\u0645\u0627\u0626\u064a\u0629 \u0623\u0648 \u0627\u0644\u0645\u0633\u062a\u062d\u0644\u0628\u0627\u062a \u0627\u0644\u0645\u0633\u062a\u062e\u062f\u0645\u0629 \u0641\u064a \u0631\u0634 \u0627\u0644\u0645\u064a\u0627\u0647 \u0627\u0644\u0635\u0646\u0627\u0639\u064a\u0629 \u0627\u0644\u0632\u0631\u0627\u0639\u064a\u0629 \u060c<\/div>\n<div>\u0645\u0646\u0627\u0633\u0628 \u0623\u064a\u0636\u064b\u0627 \u0644\u0644\u0648\u0633\u0627\u0626\u0637 \u0627\u0644\u0623\u062e\u0631\u0649 (\u0641\u064a \u0638\u0644 \u0638\u0631\u0648\u0641 \u0645\u0639\u064a\u0646\u0629) \u0645\u062b\u0644 \u0627\u0644\u062a\u0628\u064a\u064a\u0636 \u0648\u0627\u0644\u062a\u0637\u0647\u064a\u0631 \u0648\u0627\u0644\u0623\u062d\u0645\u0627\u0636 \u0648\u0627\u0644\u0642\u0644\u0648\u064a\u0627\u062a.<\/div>\n<div>\u0645\u0632\u0627\u064a\u0627<\/div>\n<div>* \u0645\u0642\u0627\u0648\u0645\u0629 \u0639\u0627\u0644\u064a\u0629 \u062c\u062f\u064b\u0627 \u0644\u0644\u062a\u0622\u0643\u0644 \u0648\u0627\u0644\u0638\u0631\u0648\u0641 \u0627\u0644\u062c\u0648\u064a\u0629.<\/div>\n<div>* \u0645\u0631\u0648\u0646\u0629 \u062c\u064a\u062f\u0629 \u0641\u064a \u0627\u0644\u0628\u0631\u0648\u062f\u0629.<\/div>\n<div>* \u0645\u062c\u0645\u0648\u0639\u0629 \u0645\u062a\u0646\u0648\u0639\u0629 \u0645\u0646 \u0627\u0644\u0623\u0642\u0637\u0627\u0631 \u0648\u0627\u0644\u0623\u062d\u062c\u0627\u0645.<\/div>\n<div>* \u0639\u0627\u0645\u0644 \u0623\u0645\u0627\u0646 \u0639\u0627\u0644\u064a.<\/div>\n<div>\u0627\u0644\u0648\u0635\u0641 \u0627\u0644\u0641\u0646\u064a<\/div>\n<div>\u0627\u0644\u0623\u0646\u0628\u0648\u0628 \u0627\u0644\u062f\u0627\u062e\u0644\u064a: SBR \u060c \u0623\u0633\u0648\u062f \u060c \u0645\u0633\u062a\u0642\u064a\u0645.<\/div>\n<div>\u062a\u0642\u0648\u064a\u0629: \u0646\u0633\u064a\u062c \u062a\u0631\u0643\u064a\u0628\u064a.<\/div>\n<div>\u0627\u0644\u0637\u0644\u0627\u0621: SBR \u060c \u0623\u0633\u0648\u062f \u060c \u0645\u0638\u0647\u0631 \u0642\u0645\u0627\u0634 \u0644\u0640 DIA&gt; 25mm \u060c \u0639\u0627\u062f\u064a \u0644\u0640 DIA \u226425mm.<\/div>\n<div>\u0646\u0637\u0627\u0642 \u062f\u0631\u062c\u0629 \u0627\u0644\u062d\u0631\u0627\u0631\u0629: -40 \u062f\u0631\u062c\u0629 \u0645\u0626\u0648\u064a\u0629 \u0625\u0644\u0649 +70 \u062f\u0631\u062c\u0629 \u0645\u0626\u0648\u064a\u0629.<\/div>\n<div>\u0627\u0644\u062e\u0635\u0627\u0626\u0635 \u0627\u0644\u0643\u0647\u0631\u0628\u0627\u0626\u064a\u0629: \u0627\u0644\u0623\u0646\u0628\u0648\u0628 \u0627\u0644\u062f\u0627\u062e\u0644\u064a \u0627\u0644\u0645\u0648\u0635\u0651\u0644 \u0648\u0627\u0644\u0628\u0637\u0627\u0646\u0629 \u060c R &lt;106 \/ \u0645.<\/div>\n<div>\n<div class=\"video video-fit mb\" style=\"padding-top:56.25%;\"><p><iframe loading=\"lazy\" title=\"\u0627\u0631\u062a\u0628\u0627\u0643 \u0627\u0644\u0642\u064a\u0627\u0633 (\u0628\u0648\u0635\u0629\u060c \u0625\u0635\u0628\u0639\u060c \u0636\u0628\u0627\u0628\u060c \u0645\u0644\u0644\u064a\u0645\u062a\u0631)\" width=\"1020\" height=\"574\" src=\"https:\/\/www.youtube.com\/embed\/uKk6AG_AZls?feature=oembed\" frameborder=\"0\" allow=\"accelerometer; autoplay; clipboard-write; encrypted-media; gyroscope; picture-in-picture; web-share\" referrerpolicy=\"strict-origin-when-cross-origin\" allowfullscreen><\/iframe><\/p>\n<\/div>\n<div class=\"video video-fit mb\" style=\"padding-top:56.25%;\"><p>https:\/\/www.youtube.com\/watch?v=O8ZlzKEjfEQ%20<\/p>\n<\/div>\n<\/div>\n<p><img data-recalc-dims=\"1\" loading=\"lazy\" decoding=\"async\" class=\"alignnone size-medium wp-image-2096\" src=\"https:\/\/i0.wp.com\/hortum.com.tr\/wp-content\/uploads\/urunler\/trelleborg\/Trelleborg-NORMINES-II-662x400.jpg?resize=662%2C400\" alt=\"\" width=\"662\" height=\"400\" title=\"\" srcset=\"https:\/\/i0.wp.com\/tuzlahortum.com.tr\/wp-content\/uploads\/urunler\/trelleborg\/Trelleborg-NORMINES-II.jpg?resize=662%2C400&amp;ssl=1 662w, https:\/\/i0.wp.com\/tuzlahortum.com.tr\/wp-content\/uploads\/urunler\/trelleborg\/Trelleborg-NORMINES-II.jpg?resize=768%2C464&amp;ssl=1 768w, https:\/\/i0.wp.com\/tuzlahortum.com.tr\/wp-content\/uploads\/urunler\/trelleborg\/Trelleborg-NORMINES-II.jpg?resize=600%2C362&amp;ssl=1 600w, https:\/\/i0.wp.com\/tuzlahortum.com.tr\/wp-content\/uploads\/urunler\/trelleborg\/Trelleborg-NORMINES-II.jpg?w=846&amp;ssl=1 846w\" sizes=\"auto, (max-width: 662px) 100vw, 662px\" \/><\/p>","protected":false},"excerpt":{"rendered":"<p>Trelleborg NORMINES II Hava\/Bas\u0131n\u00e7l\u0131 hava uygulamalar\u0131 Kaya deliciler, a\u015f\u0131nd\u0131r\u0131c\u0131 ve slot makinesi, per\u00e7in ve \u00e7apak temizleme \u00e7eki\u00e7leri, vs. gibi pn\u00f6matik makinelerde kullan\u0131lan ekstra a\u011f\u0131r \u00e7al\u0131\u015fma ko\u015fullar\u0131na uygun hava hortumu. Madencilik end\u00fcstrisi, in\u015faat, imalat end\u00fcstrisi ve di\u011ferlerinde kullan\u0131lan \u00e7ok ama\u00e7l\u0131 bas\u0131n\u00e7l\u0131\u00a0hava hortumu. T\u00fcm uygulamalara y\u00f6nelik s\u0131k\u0131\u015ft\u0131r\u0131lm\u0131\u015f hava, oksijen (sadece \u0130\u00c7\u226425mm) ve ark kayna\u011f\u0131nda kullan\u0131lan asal gazlardan [&#8230;]\n","protected":false},"featured_media":2657,"comment_status":"open","ping_status":"closed","template":"","meta":{"jetpack_post_was_ever_published":false},"product_brand":[],"product_cat":[178],"product_tag":[620,558,623,294,424,290,626,625,619,624,622,621],"class_list":{"0":"post-660","1":"product","2":"type-product","3":"status-publish","4":"has-post-thumbnail","6":"product_cat-hava-basincli-hava-hortumlari","7":"product_tag-asindirici","8":"product_tag-basinc","9":"product_tag-capak-temizleme","10":"product_tag-dayanikli","11":"product_tag-hava","12":"product_tag-hortum","13":"product_tag-imalat-endustrisi","14":"product_tag-insaat","15":"product_tag-kaya-deliciler","16":"product_tag-madencilik-endustrisi","17":"product_tag-percin","18":"product_tag-slot-makinesi","20":"first","21":"instock","22":"taxable","23":"shipping-taxable","24":"product-type-variable"},"jetpack-related-posts":[],"jetpack_sharing_enabled":true,"jetpack_likes_enabled":true,"_links":{"self":[{"href":"https:\/\/tuzlahortum.com.tr\/ar\/wp-json\/wp\/v2\/product\/660","targetHints":{"allow":["GET"]}}],"collection":[{"href":"https:\/\/tuzlahortum.com.tr\/ar\/wp-json\/wp\/v2\/product"}],"about":[{"href":"https:\/\/tuzlahortum.com.tr\/ar\/wp-json\/wp\/v2\/types\/product"}],"replies":[{"embeddable":true,"href":"https:\/\/tuzlahortum.com.tr\/ar\/wp-json\/wp\/v2\/comments?post=660"}],"wp:featuredmedia":[{"embeddable":true,"href":"https:\/\/tuzlahortum.com.tr\/ar\/wp-json\/wp\/v2\/media\/2657"}],"wp:attachment":[{"href":"https:\/\/tuzlahortum.com.tr\/ar\/wp-json\/wp\/v2\/media?parent=660"}],"wp:term":[{"taxonomy":"product_brand","embeddable":true,"href":"https:\/\/tuzlahortum.com.tr\/ar\/wp-json\/wp\/v2\/product_brand?post=660"},{"taxonomy":"product_cat","embeddable":true,"href":"https:\/\/tuzlahortum.com.tr\/ar\/wp-json\/wp\/v2\/product_cat?post=660"},{"taxonomy":"product_tag","embeddable":true,"href":"https:\/\/tuzlahortum.com.tr\/ar\/wp-json\/wp\/v2\/product_tag?post=660"}],"curies":[{"name":"\u062f\u0628\u0644\u064a\u0648 \u0628\u064a","href":"https:\/\/api.w.org\/{rel}","templated":true}]}}