{"id":659,"date":"2019-02-06T23:52:03","date_gmt":"2019-02-06T20:52:03","guid":{"rendered":"http:\/\/hortum.com.tr\/product\/import-placeholder-for-481\/"},"modified":"2024-03-21T17:44:18","modified_gmt":"2024-03-21T14:44:18","slug":"trelleborg-maxair","status":"publish","type":"product","link":"https:\/\/tuzlahortum.com.tr\/ar\/product\/trelleborg-maxair\/","title":{"rendered":"\u0645\u0627\u0643\u0633\u064a\u0631 \u062a\u0631\u064a\u0644\u0628\u0648\u0631\u062c"},"content":{"rendered":"<h2>\u0645\u0627\u0643\u0633\u064a\u0631 \u062a\u0631\u064a\u0644\u0628\u0648\u0631\u062c<\/h2>\n<div>\u062a\u0637\u0628\u064a\u0642\u0627\u062a \u0627\u0644\u0647\u0648\u0627\u0621 \/ \u0627\u0644\u0647\u0648\u0627\u0621 \u0627\u0644\u0645\u0636\u063a\u0648\u0637<\/div>\n<div>\u062e\u0631\u0637\u0648\u0645 \u0647\u0648\u0627\u0621 \u0645\u0636\u063a\u0648\u0637 \u0644\u0644\u0627\u0633\u062a\u062e\u062f\u0627\u0645\u0627\u062a \u0627\u0644\u0635\u0646\u0627\u0639\u064a\u0629 \u0648\u063a\u064a\u0631\u0647\u0627 \u0644\u0644\u0623\u062f\u0648\u0627\u062a \u0627\u0644\u0647\u0648\u0627\u0626\u064a\u0629 \u0648\u0627\u0644\u0623\u063a\u0631\u0627\u0636 \u0627\u0644\u0639\u0627\u0645\u0629.<\/div>\n<div>\u0627\u0644\u0647\u0648\u0627\u0621 \u0627\u0644\u0645\u0636\u063a\u0648\u0637 \u0644\u062c\u0645\u064a\u0639 \u0627\u0644\u062a\u0637\u0628\u064a\u0642\u0627\u062a \u060c \u0627\u0644\u0623\u0643\u0633\u062c\u064a\u0646 (25 \u0645\u0645 \u0641\u0642\u0637) \u0648\u0644\u062d\u0627\u0645 \u0627\u0644\u0642\u0648\u0633<\/div>\n<div>\u0645\u0646\u0627\u0633\u0628 \u0644\u0644\u063a\u0627\u0632\u0627\u062a \u0627\u0644\u062e\u0627\u0645\u0644\u0629 \u0627\u0644\u0645\u0633\u062a\u062e\u062f\u0645\u0629 \u0645\u062b\u0644 \u0627\u0644\u0623\u0631\u062c\u0648\u0646 \u0648\u0627\u0644\u0646\u064a\u062a\u0631\u0648\u062c\u064a\u0646 \u0648\u062b\u0627\u0646\u064a \u0623\u0643\u0633\u064a\u062f \u0627\u0644\u0643\u0631\u0628\u0648\u0646.<\/div>\n<div>\u0628\u0627\u0644\u0625\u0636\u0627\u0641\u0629 \u0625\u0644\u0649 \u0630\u0644\u0643 \u060c \u0627\u0644\u0645\u062d\u0627\u0644\u064a\u0644 \u0627\u0644\u0645\u0627\u0626\u064a\u0629 \u0623\u0648 \u0627\u0644\u0645\u0633\u062a\u062d\u0644\u0628\u0627\u062a \u0627\u0644\u0645\u0633\u062a\u062e\u062f\u0645\u0629 \u0641\u064a \u0631\u0634 \u0627\u0644\u0645\u064a\u0627\u0647 \u0627\u0644\u0635\u0646\u0627\u0639\u064a\u0629 \u0627\u0644\u0632\u0631\u0627\u0639\u064a\u0629 \u060c \u062a\u0628\u064a\u064a\u0636 \u060c \u062a\u0637\u0647\u064a\u0631 \u060c<\/div>\n<div>\u0645\u0646\u0627\u0633\u0628 \u0623\u064a\u0636\u064b\u0627 \u0644\u0644\u0648\u0633\u0627\u0626\u0637 \u0627\u0644\u0623\u062e\u0631\u0649 (\u0641\u064a \u0638\u0644 \u0638\u0631\u0648\u0641 \u0645\u0639\u064a\u0646\u0629) \u0645\u062b\u0644 \u0627\u0644\u0623\u062d\u0645\u0627\u0636 \u0648\u0627\u0644\u0642\u0644\u0648\u064a\u0627\u062a.<\/div>\n<div>\u0645\u0632\u0627\u064a\u0627<\/div>\n<div>* \u0645\u0642\u0627\u0648\u0645\u0629 \u0639\u0627\u0644\u064a\u0629 \u0644\u0644\u062a\u0622\u0643\u0644.<\/div>\n<div>* \u0645\u0631\u0648\u0646\u0629 \u062c\u064a\u062f\u0629 \u0641\u064a \u0627\u0644\u0628\u0631\u0648\u062f\u0629.<\/div>\n<div>* \u0645\u062c\u0645\u0648\u0639\u0629 \u0645\u062a\u0646\u0648\u0639\u0629 \u0645\u0646 \u0627\u0644\u0623\u0642\u0637\u0627\u0631 \u0648\u0627\u0644\u0623\u062d\u062c\u0627\u0645.<\/div>\n<div>* \u0639\u0627\u0645\u0644 \u0623\u0645\u0627\u0646 \u0639\u0627\u0644\u064a.<\/div>\n<div>\u0627\u0644\u0648\u0635\u0641 \u0627\u0644\u0641\u0646\u064a<\/div>\n<div>\u0627\u0644\u0623\u0646\u0628\u0648\u0628 \u0627\u0644\u062f\u0627\u062e\u0644\u064a: SBR \u060c \u0623\u0633\u0648\u062f \u060c \u0645\u0633\u062a\u0642\u064a\u0645.<\/div>\n<div>\u062a\u0642\u0648\u064a\u0629: \u0646\u0633\u064a\u062c \u062a\u0631\u0643\u064a\u0628\u064a.<\/div>\n<div>\u0627\u0644\u0637\u0644\u0627\u0621: SBR \u060c \u0623\u0633\u0648\u062f \u060c \u0645\u0638\u0647\u0631 \u0642\u0645\u0627\u0634 \u0644\u0640 DIA&gt; 25mm \u060c \u0639\u0627\u062f\u064a \u0644\u0640 DIA \u226425mm.<\/div>\n<div>\u0646\u0637\u0627\u0642 \u062f\u0631\u062c\u0629 \u0627\u0644\u062d\u0631\u0627\u0631\u0629: -40 \u062f\u0631\u062c\u0629 \u0645\u0626\u0648\u064a\u0629 \u0625\u0644\u0649 +70 \u062f\u0631\u062c\u0629 \u0645\u0626\u0648\u064a\u0629.<\/div>\n<div>\u0627\u0644\u062e\u0635\u0627\u0626\u0635 \u0627\u0644\u0643\u0647\u0631\u0628\u0627\u0626\u064a\u0629: \u0627\u0644\u0623\u0646\u0628\u0648\u0628 \u0627\u0644\u062f\u0627\u062e\u0644\u064a \u0627\u0644\u0645\u0648\u0635\u0651\u0644 \u0648\u0627\u0644\u0628\u0637\u0627\u0646\u0629 \u060c R &lt;106 \/ \u0645.<\/div>\n<div>\n<div class=\"video video-fit mb\" style=\"padding-top:56.25%;\"><p><iframe loading=\"lazy\" title=\"\u0627\u0631\u062a\u0628\u0627\u0643 \u0627\u0644\u0642\u064a\u0627\u0633 (\u0628\u0648\u0635\u0629\u060c \u0625\u0635\u0628\u0639\u060c \u0636\u0628\u0627\u0628\u060c \u0645\u0644\u0644\u064a\u0645\u062a\u0631)\" width=\"1020\" height=\"574\" src=\"https:\/\/www.youtube.com\/embed\/uKk6AG_AZls?feature=oembed\" frameborder=\"0\" allow=\"accelerometer; autoplay; clipboard-write; encrypted-media; gyroscope; picture-in-picture; web-share\" referrerpolicy=\"strict-origin-when-cross-origin\" allowfullscreen><\/iframe><\/p>\n<\/div>\n<div class=\"video video-fit mb\" style=\"padding-top:56.25%;\"><p>https:\/\/www.youtube.com\/watch?v=O8ZlzKEjfEQ%20<\/p>\n<\/div>\n<\/div>\n<p><img data-recalc-dims=\"1\" loading=\"lazy\" decoding=\"async\" class=\"alignnone size-medium wp-image-2099\" src=\"https:\/\/i0.wp.com\/hortum.com.tr\/wp-content\/uploads\/urunler\/trelleborg\/Trelleborg-MAXAIR-800x381.jpg?resize=800%2C381\" alt=\"\" width=\"800\" height=\"381\" title=\"\" srcset=\"https:\/\/i0.wp.com\/tuzlahortum.com.tr\/wp-content\/uploads\/urunler\/trelleborg\/Trelleborg-MAXAIR.jpg?resize=800%2C381&amp;ssl=1 800w, https:\/\/i0.wp.com\/tuzlahortum.com.tr\/wp-content\/uploads\/urunler\/trelleborg\/Trelleborg-MAXAIR.jpg?resize=768%2C366&amp;ssl=1 768w, https:\/\/i0.wp.com\/tuzlahortum.com.tr\/wp-content\/uploads\/urunler\/trelleborg\/Trelleborg-MAXAIR.jpg?resize=600%2C286&amp;ssl=1 600w, https:\/\/i0.wp.com\/tuzlahortum.com.tr\/wp-content\/uploads\/urunler\/trelleborg\/Trelleborg-MAXAIR.jpg?w=844&amp;ssl=1 844w\" sizes=\"auto, (max-width: 800px) 100vw, 800px\" \/><\/p>","protected":false},"excerpt":{"rendered":"<p>Trelleborg MAXAIR Hava\/Bas\u0131n\u00e7l\u0131 hava uygulamalar\u0131 Pn\u00f6matik aletler ve genel ama\u00e7lar i\u00e7in end\u00fcstriyel ve di\u011fer uygulamalara y\u00f6nelik bas\u0131n\u00e7l\u0131 hava\u00a0hortumu. T\u00fcm uygulamalara y\u00f6nelik s\u0131k\u0131\u015ft\u0131r\u0131lm\u0131\u015f hava, oksijen (sadece \u0130\u00c7\u226425mm) ve ark kayna\u011f\u0131nda kullan\u0131lan asal gazlardan argon, nitrojen ve karbondioksit i\u00e7in uygundur. Ayr\u0131ca end\u00fcstriyel su\u00a0tar\u0131msal spreylemede kullan\u0131lan sulu \u00e7\u00f6zeltiler veya em\u00fclsiyonlar, badana, dezenfeksiyon, asitler ve alkaliler gibi di\u011fer ortamlar [&#8230;]\n","protected":false},"featured_media":2654,"comment_status":"open","ping_status":"closed","template":"","meta":{"jetpack_post_was_ever_published":false},"product_brand":[],"product_cat":[178],"product_tag":[363,558,294,424,290],"class_list":{"0":"post-659","1":"product","2":"type-product","3":"status-publish","4":"has-post-thumbnail","6":"product_cat-hava-basincli-hava-hortumlari","7":"product_tag-asinmaya-dayanikli","8":"product_tag-basinc","9":"product_tag-dayanikli","10":"product_tag-hava","11":"product_tag-hortum","13":"first","14":"instock","15":"taxable","16":"shipping-taxable","17":"product-type-variable"},"jetpack-related-posts":[{"id":660,"url":"https:\/\/tuzlahortum.com.tr\/ar\/product\/trelleborg-normines-ii\/","url_meta":{"origin":659,"position":0},"title":"\u0646\u0648\u0631\u0645\u064a\u0646\u0632 \u062a\u0631\u064a\u0644\u0628\u0648\u0631\u062c II","author":"admin","date":"6 \u0641\u0628\u0631\u0627\u064a\u0631 2019","format":false,"excerpt":"\u062a\u0637\u0628\u064a\u0642\u0627\u062a \u0627\u0644\u0647\u0648\u0627\u0621\/\u0627\u0644\u0647\u0648\u0627\u0621 \u0627\u0644\u0645\u0636\u063a\u0648\u0637 Trelleborg NORMINES II \u062e\u0631\u0637\u0648\u0645 \u0647\u0648\u0627\u0621 \u0645\u0636\u063a\u0648\u0637 \u062e\u0631\u0637\u0648\u0645 \u0647\u0648\u0627\u0621 \u0634\u062f\u064a\u062f \u0627\u0644\u062a\u062d\u0645\u0644 \u0644\u0644\u0645\u0627\u0643\u064a\u0646\u0627\u062a \u0627\u0644\u0647\u0648\u0627\u0626\u064a\u0629 \u0645\u062b\u0644 \u0627\u0644\u0645\u062b\u0627\u0642\u0628 \u0627\u0644\u0635\u062e\u0631\u064a\u0629 \u0648\u0645\u0627\u0643\u064a\u0646\u0627\u062a \u0627\u0644\u0643\u0634\u0637 \u0648\u0627\u0644\u0641\u062a\u062d\u0627\u062a \u0648\u0645\u0637\u0627\u0631\u0642 \u0627\u0644\u0628\u0631\u0634\u0627\u0645 \u0648\u0625\u0632\u0627\u0644\u0629 \u0627\u0644\u0623\u0632\u064a\u0632\u060c \u0625\u0644\u062e. \u062e\u0631\u0637\u0648\u0645 \u0647\u0648\u0627\u0621 \u0645\u0636\u063a\u0648\u0637 \u0645\u062a\u0639\u062f\u062f \u0627\u0644\u0623\u063a\u0631\u0627\u0636 \u064a\u064f\u0633\u062a\u062e\u062f\u0645 \u0641\u064a \u0635\u0646\u0627\u0639\u0629 \u0627\u0644\u062a\u0639\u062f\u064a\u0646 \u0648\u0627\u0644\u0628\u0646\u0627\u0621 \u0648\u0627\u0644\u0635\u0646\u0627\u0639\u0629 \u0627\u0644\u062a\u062d\u0648\u064a\u0644\u064a\u0629 \u0648\u063a\u064a\u0631\u0647\u0627. \u0647\u0648\u0627\u0621 \u0645\u0636\u063a\u0648\u0637\u060c \u0623\u0643\u0633\u062c\u064a\u0646 (\u062f\u0627\u062e\u0644\u064a\u226425 \u0645\u0645 \u0641\u0642\u0637) \u0648\u062e\u0631\u0637\u0648\u0645 \u0647\u0648\u0627\u0621 \u0642\u0648\u0633\u064a \u0644\u062c\u0645\u064a\u0639 \u0627\u0644\u062a\u0637\u0628\u064a\u0642\u0627\u062a.","rel":"","context":"\u062a\u062f\u0648\u064a\u0646\u0629 \u0645\u0634\u0627\u0628\u0647\u0629","block_context":{"text":"\u062a\u062f\u0648\u064a\u0646\u0629 \u0645\u0634\u0627\u0628\u0647\u0629","link":""},"img":{"alt_text":"","src":"https:\/\/i0.wp.com\/tuzlahortum.com.tr\/wp-content\/uploads\/2019\/02\/NORMINES-II.jpg?fit=800%2C800&ssl=1&resize=350%2C200","width":350,"height":200,"srcset":"https:\/\/i0.wp.com\/tuzlahortum.com.tr\/wp-content\/uploads\/2019\/02\/NORMINES-II.jpg?fit=800%2C800&ssl=1&resize=350%2C200 1x, https:\/\/i0.wp.com\/tuzlahortum.com.tr\/wp-content\/uploads\/2019\/02\/NORMINES-II.jpg?fit=800%2C800&ssl=1&resize=525%2C300 1.5x, https:\/\/i0.wp.com\/tuzlahortum.com.tr\/wp-content\/uploads\/2019\/02\/NORMINES-II.jpg?fit=800%2C800&ssl=1&resize=700%2C400 2x"},"classes":[]},{"id":661,"url":"https:\/\/tuzlahortum.com.tr\/ar\/product\/trelleborg-supermines\/","url_meta":{"origin":659,"position":1},"title":"\u062a\u0631\u064a\u0644\u0628\u0648\u0631\u062c \u0633\u0648\u0628\u0631\u0645\u064a\u0646\u0632","author":"admin","date":"6 \u0641\u0628\u0631\u0627\u064a\u0631 2019","format":false,"excerpt":"Trelleborg SUPERMINES \u0647\u0648\u0627\u0621\/\u0627\u0633\u062a\u062e\u062f\u0627\u0645\u0627\u062a \u0627\u0644\u0647\u0648\u0627\u0621 \u0627\u0644\u0645\u0636\u063a\u0648\u0637 \u062e\u0631\u0637\u0648\u0645 \u0636\u0627\u063a\u0637 \u0627\u0644\u0647\u0648\u0627\u0621 \u0634\u062f\u064a\u062f \u0627\u0644\u062a\u062d\u0645\u0644 \u0644\u0645\u0648\u0627\u0642\u0639 \u0627\u0644\u0628\u0646\u0627\u0621\u060c \u0648\u0645\u0634\u0627\u0631\u064a\u0639 \u0627\u0644\u0628\u0646\u0627\u0621\u060c \u0648\u0627\u0644\u0645\u0646\u0627\u062c\u0645\u060c \u0625\u0644\u062e. \u0627\u0644\u0645\u0632\u0627\u064a\u0627 * \u0645\u0642\u0627\u0648\u0645\u0629 \u0639\u0627\u0644\u064a\u0629 \u0644\u0644\u062a\u0639\u0628 \u0648\u0627\u0644\u0643\u0633\u0631 \u0648\u0627\u0644\u0627\u0644\u062a\u0648\u0627\u0621. *\u0645\u0642\u0627\u0648\u0645\u0629 \u0645\u0645\u062a\u0627\u0632\u0629 \u0644\u0644\u062a\u0622\u0643\u0644 \u0648\u0627\u0644\u0638\u0631\u0648\u0641 \u0627\u0644\u062c\u0648\u064a\u0629 \u0648\u0627\u0644\u0633\u062d\u0628 \u0639\u0644\u0649 \u0627\u0644\u0623\u0633\u0637\u062d \u0627\u0644\u062e\u0634\u0646\u0629 \u0648\u0627\u0644\u062f\u0647\u0646\u064a\u0629. *\u0645\u0631\u0648\u0646\u0629 \u062c\u064a\u062f\u0629 \u0641\u064a \u0627\u0644\u0628\u0631\u062f. *\u0645\u0646\u0627\u0633\u0628 \u0644\u062a\u0641\u0631\u064a\u063a \u0627\u0644\u0623\u0643\u0633\u062c\u064a\u0646 (IAQ\u226425 \u0645\u0645 \u0641\u0642\u0637). *\u0637\u0644\u0627\u0621 \u0634\u0641\u0627\u0641 (\u0623\u0635\u0641\u0631 \u0627\u0644\u0644\u0648\u0646). \u062a\u0642\u0646\u064a","rel":"","context":"\u062a\u062f\u0648\u064a\u0646\u0629 \u0645\u0634\u0627\u0628\u0647\u0629","block_context":{"text":"\u062a\u062f\u0648\u064a\u0646\u0629 \u0645\u0634\u0627\u0628\u0647\u0629","link":""},"img":{"alt_text":"","src":"https:\/\/i0.wp.com\/tuzlahortum.com.tr\/wp-content\/uploads\/2019\/02\/SUPERMINES.jpg?fit=800%2C800&ssl=1&resize=350%2C200","width":350,"height":200,"srcset":"https:\/\/i0.wp.com\/tuzlahortum.com.tr\/wp-content\/uploads\/2019\/02\/SUPERMINES.jpg?fit=800%2C800&ssl=1&resize=350%2C200 1x, https:\/\/i0.wp.com\/tuzlahortum.com.tr\/wp-content\/uploads\/2019\/02\/SUPERMINES.jpg?fit=800%2C800&ssl=1&resize=525%2C300 1.5x, https:\/\/i0.wp.com\/tuzlahortum.com.tr\/wp-content\/uploads\/2019\/02\/SUPERMINES.jpg?fit=800%2C800&ssl=1&resize=700%2C400 2x"},"classes":[]},{"id":654,"url":"https:\/\/tuzlahortum.com.tr\/ar\/product\/trelleborg-airflat\/","url_meta":{"origin":659,"position":2},"title":"Trelleborg AIRFLAT","author":"admin","date":"6 \u0641\u0628\u0631\u0627\u064a\u0631 2019","format":false,"excerpt":"Trelleborg AIRFLATHava\/Bas\u0131n\u00e7l\u0131 hava uygulamalar\u0131 Bay\u0131nd\u0131rl\u0131k hizmetleri, tar\u0131m ve t\u00fcm end\u00fcstrilerde \u00e7ok ama\u00e7l\u0131 uygulamalara y\u00f6nelik hafif, d\u00fcz\u00a0hortum. \u00d6zellikle y\u00fcksek uzunluk ve hafif a\u011f\u0131rl\u0131klara ihtiya\u00e7 duyuldu\u011funda ve eri\u015fimin kolay olmad\u0131\u011f\u0131 alanlarda s\u0131v\u0131 ve benzeri s\u0131v\u0131lar\u0131n yan\u0131 s\u0131ra bas\u0131n\u00e7l\u0131 hava pompalanmas\u0131 ve ta\u015f\u0131nmas\u0131 i\u00e7in\u00a0tasarlanm\u0131\u015ft\u0131r. Avantajlar *Ta\u015f\u0131mas\u0131 ve depolanmas\u0131 kolayd\u0131r, \u00e7ok d\u00fc\u015f\u00fck a\u011f\u0131rl\u0131k, sar\u0131labilir.\u2026","rel":"","context":"\u062a\u062f\u0648\u064a\u0646\u0629 \u0645\u0634\u0627\u0628\u0647\u0629","block_context":{"text":"\u062a\u062f\u0648\u064a\u0646\u0629 \u0645\u0634\u0627\u0628\u0647\u0629","link":""},"img":{"alt_text":"","src":"https:\/\/i0.wp.com\/tuzlahortum.com.tr\/wp-content\/uploads\/2019\/02\/AIRFLAT.jpg?fit=800%2C800&ssl=1&resize=350%2C200","width":350,"height":200,"srcset":"https:\/\/i0.wp.com\/tuzlahortum.com.tr\/wp-content\/uploads\/2019\/02\/AIRFLAT.jpg?fit=800%2C800&ssl=1&resize=350%2C200 1x, https:\/\/i0.wp.com\/tuzlahortum.com.tr\/wp-content\/uploads\/2019\/02\/AIRFLAT.jpg?fit=800%2C800&ssl=1&resize=525%2C300 1.5x, https:\/\/i0.wp.com\/tuzlahortum.com.tr\/wp-content\/uploads\/2019\/02\/AIRFLAT.jpg?fit=800%2C800&ssl=1&resize=700%2C400 2x"},"classes":[]},{"id":918,"url":"https:\/\/tuzlahortum.com.tr\/ar\/product\/trelleborg-redwater\/","url_meta":{"origin":659,"position":3},"title":"\u062a\u0631\u064a\u0644\u0628\u0648\u0631\u062c \u0645\u0627\u0621 \u0623\u062d\u0645\u0631","author":"admin","date":"6 \u0641\u0628\u0631\u0627\u064a\u0631 2019","format":false,"excerpt":"\u062e\u0631\u0637\u0648\u0645 Trelleborg REDWATERS \u0645\u064a\u0627\u0647\/\u0645\u064a\u0627\u0647 \u0627\u0644\u062a\u0646\u0638\u064a\u0641 \u0648\u0627\u0644\u063a\u0633\u064a\u0644 \u062a\u0635\u0631\u064a\u0641 \u0627\u0644\u0645\u064a\u0627\u0647 \u062a\u062d\u062a \u0627\u0644\u0636\u063a\u0637 \u0641\u064a \u0627\u0644\u0645\u0646\u0627\u0637\u0642 \u0627\u0644\u0635\u0646\u0627\u0639\u064a\u0629 \u0623\u0648 \u0641\u064a \u0627\u0644\u0645\u062f\u0646. \u0627\u0644\u0645\u0632\u0627\u064a\u0627 * \u062e\u0631\u0637\u0648\u0645 \u0645\u062a\u064a\u0646. * \u0645\u0642\u0627\u0648\u0645\u0629 \u0639\u0627\u0644\u064a\u0629 \u0644\u0644\u062a\u0622\u0643\u0644 \u0628\u0633\u0628\u0628 \u0633\u064f\u0645\u0643 \u0627\u0644\u062c\u062f\u0627\u0631. \u0627\u0644\u0648\u0635\u0641 \u0627\u0644\u0641\u0646\u064a: \u0627\u0644\u0623\u0646\u0628\u0648\u0628 \u0627\u0644\u062f\u0627\u062e\u0644\u064a: SBR \u0644\u0644\u0623\u0646\u0628\u0648\u0628 \u0627\u0644\u062f\u0627\u062e\u0644\u064a \u226425 \u0645\u0645\u060c EPDM \u0644\u0644\u0623\u0646\u0628\u0648\u0628 \u0627\u0644\u062f\u0627\u062e\u0644\u064a &gt;25 \u0645\u0645\u060c \u0623\u0633\u0648\u062f\u060c \u0623\u0645\u0644\u0633. \u0627\u0644\u062a\u0639\u0632\u064a\u0632 : \u0646\u0633\u064a\u062c \u0635\u0646\u0627\u0639\u064a. \u0637\u0644\u0627\u0621 : SBR\u060c \u0623\u062d\u0645\u0631\u060c \u0645\u0638\u0647\u0631 \u0642\u0645\u0627\u0634\u064a \u0644\u0644\u062f\u0627\u062e\u0644\u064a\u0629&gt;25 \u0645\u0645\u060c \u0639\u0627\u062f\u064a \u0644\u0644\u062f\u0627\u062e\u0644\u064a\u0629\u226425 \u0645\u0645. \u0646\u0637\u0627\u0642 \u062f\u0631\u062c\u0629 \u0627\u0644\u062d\u0631\u0627\u0631\u0629 : -25\u00b0C...","rel":"","context":"\u062a\u062f\u0648\u064a\u0646\u0629 \u0645\u0634\u0627\u0628\u0647\u0629","block_context":{"text":"\u062a\u062f\u0648\u064a\u0646\u0629 \u0645\u0634\u0627\u0628\u0647\u0629","link":""},"img":{"alt_text":"","src":"https:\/\/i0.wp.com\/tuzlahortum.com.tr\/wp-content\/uploads\/2019\/02\/RED-WATER.jpg?fit=800%2C800&ssl=1&resize=350%2C200","width":350,"height":200,"srcset":"https:\/\/i0.wp.com\/tuzlahortum.com.tr\/wp-content\/uploads\/2019\/02\/RED-WATER.jpg?fit=800%2C800&ssl=1&resize=350%2C200 1x, https:\/\/i0.wp.com\/tuzlahortum.com.tr\/wp-content\/uploads\/2019\/02\/RED-WATER.jpg?fit=800%2C800&ssl=1&resize=525%2C300 1.5x, https:\/\/i0.wp.com\/tuzlahortum.com.tr\/wp-content\/uploads\/2019\/02\/RED-WATER.jpg?fit=800%2C800&ssl=1&resize=700%2C400 2x"},"classes":[]},{"id":947,"url":"https:\/\/tuzlahortum.com.tr\/ar\/product\/trelleborg-hydroeco\/","url_meta":{"origin":659,"position":4},"title":"Trelleborg HYDRO&#039;ECO","author":"admin","date":"6 \u0641\u0628\u0631\u0627\u064a\u0631 2019","format":false,"excerpt":"Trelleborg HYDRO'ECOYa\u011f Otomotiv uygulamalar\u0131nda, dizel, kur\u015funlu ve kur\u015funsuz petrol, RMA (\u00e7evre dostu benzin) i\u00e7in %50'nin \u00fczerinde aromatik i\u00e7eri\u011fe kar\u015f\u0131 diren\u00e7li bas\u0131n\u00e7l\u0131 hortum. Hidrolik sistemlerde ya\u011f ve gres d\u00f6n\u00fc\u015f hatlar\u0131. Ya\u011f, gres ve su kullan\u0131lan di\u011fer uygulamalar i\u00e7in de uygundur. Avantajlar *\u00d6zel ya\u011fa ve petrole dayan\u0131kl\u0131 i\u00e7 lastik. *M\u00fckemmel b\u00fckme yar\u0131\u00e7ap\u0131.\u2026","rel":"","context":"\u062a\u062f\u0648\u064a\u0646\u0629 \u0645\u0634\u0627\u0628\u0647\u0629","block_context":{"text":"\u062a\u062f\u0648\u064a\u0646\u0629 \u0645\u0634\u0627\u0628\u0647\u0629","link":""},"img":{"alt_text":"","src":"https:\/\/i0.wp.com\/tuzlahortum.com.tr\/wp-content\/uploads\/2019\/02\/HYDROECO.jpg?fit=800%2C800&ssl=1&resize=350%2C200","width":350,"height":200,"srcset":"https:\/\/i0.wp.com\/tuzlahortum.com.tr\/wp-content\/uploads\/2019\/02\/HYDROECO.jpg?fit=800%2C800&ssl=1&resize=350%2C200 1x, https:\/\/i0.wp.com\/tuzlahortum.com.tr\/wp-content\/uploads\/2019\/02\/HYDROECO.jpg?fit=800%2C800&ssl=1&resize=525%2C300 1.5x, https:\/\/i0.wp.com\/tuzlahortum.com.tr\/wp-content\/uploads\/2019\/02\/HYDROECO.jpg?fit=800%2C800&ssl=1&resize=700%2C400 2x"},"classes":[]},{"id":920,"url":"https:\/\/tuzlahortum.com.tr\/ar\/product\/trelleborg-trelljet-560\/","url_meta":{"origin":659,"position":5},"title":"560 \u0645\u0634\u0631\u0648\u0639 \u0632\u0631\u0627\u0639\u0629 \u0646\u0628\u0627\u062a\u0627\u062a \u0627\u0644\u0633\u064a\u0644\u0648\u0644\u064a\u062a 560","author":"admin","date":"6 \u0641\u0628\u0631\u0627\u064a\u0631 2019","format":false,"excerpt":"Trelleborg TRELLJET 560Su\/Y\u00fcksek bas\u0131n\u00e7l\u0131 p\u00fcsk\u00fcrtme \u00d6zel olarak profesyonel ve end\u00fcstriyel y\u00fcksek bas\u0131n\u00e7l\u0131 temizlik i\u00e7in tasarlanm\u0131\u015ft\u0131r. Makineler, ara\u00e7lar, zeminler, kamu alanlar\u0131, cepheler, vs. i\u00e7in etkilidir. Mobil bas\u0131n\u00e7l\u0131 y\u0131kay\u0131c\u0131lar, sabit tesisatlar ve tekerlek \u00fczerine monte uygulamalar i\u00e7in uygundur. Avantajlar *D\u00fcz kaplama. *Ya\u011fa, deterjana, a\u015f\u0131nmaya ve eskimeye dayan\u0131kl\u0131. *Y\u00fcksek \u00e7al\u0131\u015fma bas\u0131nc\u0131. *Y\u00fcksek s\u0131cakl\u0131k\u2026","rel":"","context":"\u062a\u062f\u0648\u064a\u0646\u0629 \u0645\u0634\u0627\u0628\u0647\u0629","block_context":{"text":"\u062a\u062f\u0648\u064a\u0646\u0629 \u0645\u0634\u0627\u0628\u0647\u0629","link":""},"img":{"alt_text":"","src":"https:\/\/i0.wp.com\/tuzlahortum.com.tr\/wp-content\/uploads\/2019\/02\/TRELLJET-560.jpg?fit=800%2C800&ssl=1&resize=350%2C200","width":350,"height":200,"srcset":"https:\/\/i0.wp.com\/tuzlahortum.com.tr\/wp-content\/uploads\/2019\/02\/TRELLJET-560.jpg?fit=800%2C800&ssl=1&resize=350%2C200 1x, https:\/\/i0.wp.com\/tuzlahortum.com.tr\/wp-content\/uploads\/2019\/02\/TRELLJET-560.jpg?fit=800%2C800&ssl=1&resize=525%2C300 1.5x, https:\/\/i0.wp.com\/tuzlahortum.com.tr\/wp-content\/uploads\/2019\/02\/TRELLJET-560.jpg?fit=800%2C800&ssl=1&resize=700%2C400 2x"},"classes":[]}],"jetpack_sharing_enabled":true,"jetpack_likes_enabled":true,"_links":{"self":[{"href":"https:\/\/tuzlahortum.com.tr\/ar\/wp-json\/wp\/v2\/product\/659","targetHints":{"allow":["GET"]}}],"collection":[{"href":"https:\/\/tuzlahortum.com.tr\/ar\/wp-json\/wp\/v2\/product"}],"about":[{"href":"https:\/\/tuzlahortum.com.tr\/ar\/wp-json\/wp\/v2\/types\/product"}],"replies":[{"embeddable":true,"href":"https:\/\/tuzlahortum.com.tr\/ar\/wp-json\/wp\/v2\/comments?post=659"}],"wp:featuredmedia":[{"embeddable":true,"href":"https:\/\/tuzlahortum.com.tr\/ar\/wp-json\/wp\/v2\/media\/2654"}],"wp:attachment":[{"href":"https:\/\/tuzlahortum.com.tr\/ar\/wp-json\/wp\/v2\/media?parent=659"}],"wp:term":[{"taxonomy":"product_brand","embeddable":true,"href":"https:\/\/tuzlahortum.com.tr\/ar\/wp-json\/wp\/v2\/product_brand?post=659"},{"taxonomy":"product_cat","embeddable":true,"href":"https:\/\/tuzlahortum.com.tr\/ar\/wp-json\/wp\/v2\/product_cat?post=659"},{"taxonomy":"product_tag","embeddable":true,"href":"https:\/\/tuzlahortum.com.tr\/ar\/wp-json\/wp\/v2\/product_tag?post=659"}],"curies":[{"name":"\u062f\u0628\u0644\u064a\u0648 \u0628\u064a","href":"https:\/\/api.w.org\/{rel}","templated":true}]}}