{"id":653,"date":"2019-02-06T23:52:02","date_gmt":"2019-02-06T20:52:02","guid":{"rendered":"http:\/\/hortum.com.tr\/product\/import-placeholder-for-68\/"},"modified":"2024-03-21T17:44:20","modified_gmt":"2024-03-21T14:44:20","slug":"toz-ve-hava-emis-hortumlari","status":"publish","type":"product","link":"https:\/\/tuzlahortum.com.tr\/ar\/product\/toz-ve-hava-emis-hortumlari\/","title":{"rendered":"\u062e\u0631\u0627\u0637\u064a\u0645 \u0634\u0641\u0637 \u0627\u0644\u063a\u0628\u0627\u0631 \u0648\u0627\u0644\u0647\u0648\u0627\u0621"},"content":{"rendered":"<h2>\u062e\u0631\u0627\u0637\u064a\u0645 \u0634\u0641\u0637 \u0627\u0644\u063a\u0628\u0627\u0631 \u0648\u0627\u0644\u0647\u0648\u0627\u0621<\/h2>\n<div>\u0645\u062c\u0627\u0644\u0627\u062a \u0627\u0644\u0627\u0633\u062a\u062e\u062f\u0627\u0645: \u0647\u0648 \u062e\u0631\u0637\u0648\u0645 \u0627\u0644\u0634\u0641\u0637 \u0627\u0644\u0645\u0633\u062a\u062e\u062f\u0645 \u0641\u064a \u0623\u0639\u0645\u0627\u0644 \u0634\u0641\u0637 \u0627\u0644\u063a\u0628\u0627\u0631 \u0648\u0627\u0644\u0647\u0648\u0627\u0621 \u0627\u0644\u0645\u0644\u0648\u062b \u0641\u064a \u0627\u0644\u0632\u0631\u0627\u0639\u0629 \u0648\u0627\u0644\u0645\u0646\u0627\u062c\u0645 \u0648\u0627\u0644\u0645\u0635\u0627\u0646\u0639.<\/div>\n<div><\/div>\n<div>\u0627\u0639\u0645\u0627\u0644 \u0628\u0646\u0627\u0621<\/div>\n<div>\u0627\u0644\u062c\u0632\u0621 \u0627\u0644\u0633\u0641\u0644\u064a: SBR \/ NR \u060c \u0623\u0633\u0648\u062f \u060c \u0645\u0642\u0627\u0648\u0645 \u0644\u0644\u0643\u0647\u0631\u0628\u0627\u0621 \u0627\u0644\u0633\u0627\u0643\u0646\u0629 \u0648\u0645\u0642\u0627\u0648\u0645 \u0644\u0644\u062a\u0622\u0643\u0644<\/div>\n<div>\u0627\u0644\u062a\u0639\u0632\u064a\u0632: \u0646\u0633\u064a\u062c \u0627\u0644\u062d\u0628\u0644 \u060c \u0633\u0644\u0643 \u062d\u0644\u0632\u0648\u0646\u064a \u0641\u0648\u0644\u0627\u0630\u064a \u0628\u064a\u0646 \u0627\u0644\u0637\u0628\u0642\u0627\u062a<\/div>\n<div>\u0627\u0644\u062c\u0632\u0621 \u0627\u0644\u0639\u0644\u0648\u064a: SBR \/ NR \u060c \u0623\u0633\u0648\u062f \u060c \u0645\u0642\u0627\u0648\u0645 \u0644\u0644\u062a\u0622\u0643\u0644 \u0648\u062c\u0645\u064a\u0639 \u0627\u0644\u0638\u0631\u0648\u0641 \u0627\u0644\u0645\u0646\u0627\u062e\u064a\u0629<\/div>\n<div><\/div>\n<div><div class=\"video video-fit mb\" style=\"padding-top:56.25%;\"><p><iframe loading=\"lazy\" title=\"\u0627\u0631\u062a\u0628\u0627\u0643 \u0627\u0644\u0642\u064a\u0627\u0633 (\u0628\u0648\u0635\u0629\u060c \u0625\u0635\u0628\u0639\u060c \u0636\u0628\u0627\u0628\u060c \u0645\u0644\u0644\u064a\u0645\u062a\u0631)\" width=\"1020\" height=\"574\" src=\"https:\/\/www.youtube.com\/embed\/uKk6AG_AZls?feature=oembed\" frameborder=\"0\" allow=\"accelerometer; autoplay; clipboard-write; encrypted-media; gyroscope; picture-in-picture; web-share\" referrerpolicy=\"strict-origin-when-cross-origin\" allowfullscreen><\/iframe><\/p>\n<\/div><\/div>","protected":false},"excerpt":{"rendered":"<p>\u062e\u0631\u0627\u0637\u064a\u0645 \u0634\u0641\u0637 \u0627\u0644\u063a\u0628\u0627\u0631 \u0648\u0627\u0644\u0647\u0648\u0627\u0621 \u0645\u062c\u0627\u0644\u0627\u062a \u0627\u0644\u0627\u0633\u062a\u062e\u062f\u0627\u0645 : \u062e\u0631\u0637\u0648\u0645 \u0645\u0627\u0635 \u0644\u0634\u0641\u0637 \u0627\u0644\u063a\u0628\u0627\u0631 \u0648\u0627\u0644\u0647\u0648\u0627\u0621 \u0627\u0644\u0645\u0644\u0648\u062b \u0641\u064a \u0627\u0644\u0632\u0631\u0627\u0639\u0629 \u0648\u0627\u0644\u0645\u0646\u0627\u062c\u0645 \u0648\u0627\u0644\u0645\u0635\u0627\u0646\u0639 \u0627\u0644\u0628\u0646\u0627\u0621 \u0627\u0644\u062c\u0632\u0621 \u0627\u0644\u0633\u0641\u0644\u064a: SBR\/NR\u060c \u0623\u0633\u0648\u062f\u060c \u0645\u0636\u0627\u062f \u0644\u0644\u0643\u0647\u0631\u0628\u0627\u0621 \u0627\u0644\u0633\u0627\u0643\u0646\u0629 \u0648\u0645\u0642\u0627\u0648\u0645 \u0644\u0644\u062a\u0622\u0643\u0644 \u0627\u0644\u062a\u0639\u0632\u064a\u0632: \u0646\u0633\u064a\u062c \u062d\u0628\u0627\u0644\u060c \u0623\u0633\u0644\u0627\u0643 \u0644\u0648\u0644\u0628\u064a\u0629 \u0641\u0648\u0644\u0627\u0630\u064a\u0629 \u0628\u064a\u0646 \u0627\u0644\u0637\u0628\u0642\u0627\u062a \u0627\u0644\u0623\u0639\u0644\u0649 : SBR\/NR\u060c \u0623\u0633\u0648\u062f\u060c \u0645\u0642\u0627\u0648\u0645 \u0644\u0644\u0627\u062d\u062a\u0643\u0627\u0643 \u0648\u062c\u0645\u064a\u0639 \u0627\u0644\u0638\u0631\u0648\u0641 \u0627\u0644\u0645\u0646\u0627\u062e\u064a\u0629<\/p>","protected":false},"featured_media":1688,"comment_status":"open","ping_status":"closed","template":"","meta":[],"product_brand":[],"product_cat":[156],"product_tag":[611,615,613,612,614,610,617,616],"class_list":{"0":"post-653","1":"product","2":"type-product","3":"status-publish","4":"has-post-thumbnail","6":"product_cat-hava-hortumlari","7":"product_tag-emici-hortum","8":"product_tag-kirlenmis-hava-hortumu","9":"product_tag-maden-toz-hortumu","10":"product_tag-marangoz-talas-hortumu","11":"product_tag-tarim-hortumu","12":"product_tag-toz-ve-hava-emis-hortumlari","13":"product_tag-tunel-havalandirma-hortumu","14":"product_tag-tunel-hortumu","16":"first","17":"instock","18":"taxable","19":"shipping-taxable","20":"product-type-variable"},"jetpack-related-posts":[{"id":21309,"url":"https:\/\/tuzlahortum.com.tr\/ar\/product\/mars\/","url_meta":{"origin":653,"position":0},"title":"\u0645\u0627\u0631\u0633","author":"admin","date":"11 \u0623\u063a\u0633\u0637\u0633 2025","format":false,"excerpt":"\u00a0 \u00dcr\u00fcn Ad\u0131: MARS \u00dcr\u00fcn Kodu: ADS240 Hava ve Toz Emme Kullanim Alan\u0131 : Hava, toz, tah\u0131l, toz madde vb. emi\u015f ve transferi i\u00e7in. Alt Katman : Do\u011fal ve Sentetik Kau\u00e7uk. Takviye Katman\u0131 : Sentetik Tekstil ve \u00c7elik Tel Spiral \u00dcst Katman : A\u015f\u0131nma, Ozon, Is\u0131 ve Hava Ko\u015fullar\u0131na Dayan\u0131kl\u0131\u2026","rel":"","context":"\u062a\u062f\u0648\u064a\u0646\u0629 \u0645\u0634\u0627\u0628\u0647\u0629","block_context":{"text":"\u062a\u062f\u0648\u064a\u0646\u0629 \u0645\u0634\u0627\u0628\u0647\u0629","link":""},"img":{"alt_text":"","src":"https:\/\/i0.wp.com\/tuzlahortum.com.tr\/wp-content\/uploads\/2025\/08\/mars-p.png?fit=539%2C539&ssl=1&resize=350%2C200","width":350,"height":200,"srcset":"https:\/\/i0.wp.com\/tuzlahortum.com.tr\/wp-content\/uploads\/2025\/08\/mars-p.png?fit=539%2C539&ssl=1&resize=350%2C200 1x, https:\/\/i0.wp.com\/tuzlahortum.com.tr\/wp-content\/uploads\/2025\/08\/mars-p.png?fit=539%2C539&ssl=1&resize=525%2C300 1.5x"},"classes":[]},{"id":736,"url":"https:\/\/tuzlahortum.com.tr\/ar\/product\/vibrator-hortumu\/","url_meta":{"origin":653,"position":1},"title":"\u062e\u0631\u0637\u0648\u0645 \u0627\u0644\u0647\u0632\u0627\u0632","author":"admin","date":"6 \u0641\u0628\u0631\u0627\u064a\u0631 2019","format":false,"excerpt":"Vibrat\u00f6r HortumuKULLANIM ALANLARI : Beton ve \u00e7imento d\u00f6k\u00fcmlerinde gaz ve hava kabarc\u0131\u011f\u0131n\u0131 \u00f6nleyen hortum KONTR\u00dcKS\u0130YON Alt : SBR, siyah, d\u00fcz ve sert Takviye : Y\u00fcksek mukavemetli kord bezi \u00dcst : SBR\/NR, siyah, s\u00fcrt\u00fcnmeye ve iklim \u015fartlar\u0131na dayan\u0131kl\u0131","rel":"","context":"\u062a\u062f\u0648\u064a\u0646\u0629 \u0645\u0634\u0627\u0628\u0647\u0629","block_context":{"text":"\u062a\u062f\u0648\u064a\u0646\u0629 \u0645\u0634\u0627\u0628\u0647\u0629","link":""},"img":{"alt_text":"","src":"https:\/\/i0.wp.com\/tuzlahortum.com.tr\/wp-content\/uploads\/urunler\/hidrolik\/vibrator-hortumu.png?fit=700%2C262&ssl=1&resize=350%2C200","width":350,"height":200,"srcset":"https:\/\/i0.wp.com\/tuzlahortum.com.tr\/wp-content\/uploads\/urunler\/hidrolik\/vibrator-hortumu.png?fit=700%2C262&ssl=1&resize=350%2C200 1x, https:\/\/i0.wp.com\/tuzlahortum.com.tr\/wp-content\/uploads\/urunler\/hidrolik\/vibrator-hortumu.png?fit=700%2C262&ssl=1&resize=525%2C300 1.5x, https:\/\/i0.wp.com\/tuzlahortum.com.tr\/wp-content\/uploads\/urunler\/hidrolik\/vibrator-hortumu.png?fit=700%2C262&ssl=1&resize=700%2C400 2x"},"classes":[]},{"id":650,"url":"https:\/\/tuzlahortum.com.tr\/ar\/product\/kompresor-hortumlari-agir-tip\/","url_meta":{"origin":653,"position":2},"title":"\u062e\u0631\u0627\u0637\u064a\u0645 \u0627\u0644\u0636\u0627\u063a\u0637 (\u0627\u0644\u0646\u0648\u0639 \u0627\u0644\u062b\u0642\u064a\u0644)","author":"admin","date":"6 \u0641\u0628\u0631\u0627\u064a\u0631 2019","format":false,"excerpt":"Kompres\u00f6r Hortumlar\u0131 (A\u011f\u0131r Tip)KULLANIM ALANLARI : \u00c7al\u0131\u015fma bas\u0131n\u00e7lar\u0131na g\u00f6re maden ocaklar\u0131nda, end\u00fcstri ve in\u015faat i\u00e7in kullan\u0131\u015fl\u0131, sa\u011flam ve k\u0131r\u0131lmaya dayan\u0131kl\u0131 hava hortumlar\u0131. SERT\u0130F\u0130KALAR : Hortumlar TSE markal\u0131d\u0131r. TS745 EN ISO2398 KONTR\u00dcKS\u0130YON Alt : SBR\/NBR, siyah, su ve ya\u011f buhar\u0131 ihtiva eden bas\u0131n\u00e7l\u0131 havaya dayan\u0131kl\u0131 Takviye : Y\u00fcksek mukavemetli kord bezi\u2026","rel":"","context":"\u062a\u062f\u0648\u064a\u0646\u0629 \u0645\u0634\u0627\u0628\u0647\u0629","block_context":{"text":"\u062a\u062f\u0648\u064a\u0646\u0629 \u0645\u0634\u0627\u0628\u0647\u0629","link":""},"img":{"alt_text":"","src":"https:\/\/i0.wp.com\/tuzlahortum.com.tr\/wp-content\/uploads\/urunler\/kaucuk\/superlas-tip3-kompresor-hortumu.jpg?fit=360%2C270&ssl=1&resize=350%2C200","width":350,"height":200},"classes":[]},{"id":712,"url":"https:\/\/tuzlahortum.com.tr\/ar\/product\/kompresor-hortumlari-hafif-tip\/","url_meta":{"origin":653,"position":3},"title":"\u062e\u0631\u0627\u0637\u064a\u0645 \u0627\u0644\u0636\u0627\u063a\u0637 (\u0646\u0648\u0639 \u062e\u0641\u064a\u0641)","author":"admin","date":"6 \u0641\u0628\u0631\u0627\u064a\u0631 2019","format":false,"excerpt":"Kompres\u00f6r Hortumlar\u0131 (Hafif Tip)KULLANIM ALANLARI : \u00c7al\u0131\u015fma bas\u0131n\u00e7lar\u0131na g\u00f6re maden ocaklar\u0131nda, end\u00fcstri ve in\u015faat i\u00e7in kullan\u0131\u015fl\u0131, sa\u011flam ve k\u0131r\u0131lmaya dayan\u0131kl\u0131 hava hortumlar\u0131. SERT\u0130F\u0130KALAR : Hortumlar TSE markal\u0131d\u0131r. TS745 EN ISO2398 KONTR\u00dcKS\u0130YON Alt : SBR\/NBR, siyah, su ve ya\u011f buhar\u0131 ihtiva eden bas\u0131n\u00e7l\u0131 havaya dayan\u0131kl\u0131 Takviye : Y\u00fcksek mukavemetli kord bezi\u2026","rel":"","context":"\u062a\u062f\u0648\u064a\u0646\u0629 \u0645\u0634\u0627\u0628\u0647\u0629","block_context":{"text":"\u062a\u062f\u0648\u064a\u0646\u0629 \u0645\u0634\u0627\u0628\u0647\u0629","link":""},"img":{"alt_text":"","src":"https:\/\/i0.wp.com\/tuzlahortum.com.tr\/wp-content\/uploads\/urunler\/kaucuk\/superlas-tip1-kompresor-hortumu.jpg?fit=360%2C270&ssl=1&resize=350%2C200","width":350,"height":200},"classes":[]},{"id":713,"url":"https:\/\/tuzlahortum.com.tr\/ar\/product\/kompresor-hortumlari-orta-tip\/","url_meta":{"origin":653,"position":4},"title":"\u062e\u0631\u0627\u0637\u064a\u0645 \u0627\u0644\u0636\u0627\u063a\u0637 (\u0627\u0644\u0646\u0648\u0639 \u0627\u0644\u0623\u0648\u0633\u0637)","author":"admin","date":"6 \u0641\u0628\u0631\u0627\u064a\u0631 2019","format":false,"excerpt":"Kompres\u00f6r Hortumlar\u0131 (Orta Tip)KULLANIM ALANLARI : \u00c7al\u0131\u015fma bas\u0131n\u00e7lar\u0131na g\u00f6re maden ocaklar\u0131nda, end\u00fcstri ve in\u015faat i\u00e7in kullan\u0131\u015fl\u0131, sa\u011flam ve k\u0131r\u0131lmaya dayan\u0131kl\u0131 hava hortumlar\u0131. SERT\u0130F\u0130KALAR : Hortumlar TSE markal\u0131d\u0131r. TS745 EN ISO2398 KONTR\u00dcKS\u0130YON Alt : SBR\/NBR, siyah, su ve ya\u011f buhar\u0131 ihtiva eden bas\u0131n\u00e7l\u0131 havaya dayan\u0131kl\u0131 Takviye : Y\u00fcksek mukavemetli kord bezi\u2026","rel":"","context":"\u062a\u062f\u0648\u064a\u0646\u0629 \u0645\u0634\u0627\u0628\u0647\u0629","block_context":{"text":"\u062a\u062f\u0648\u064a\u0646\u0629 \u0645\u0634\u0627\u0628\u0647\u0629","link":""},"img":{"alt_text":"","src":"https:\/\/i0.wp.com\/tuzlahortum.com.tr\/wp-content\/uploads\/urunler\/kaucuk\/superlas-tip2-komnpresor-hortumu.jpg?fit=360%2C270&ssl=1&resize=350%2C200","width":350,"height":200},"classes":[]},{"id":734,"url":"https:\/\/tuzlahortum.com.tr\/ar\/product\/hava-pompa-hortumlari\/","url_meta":{"origin":653,"position":5},"title":"\u062e\u0631\u0627\u0637\u064a\u0645 \u0636\u062e \u0627\u0644\u0647\u0648\u0627\u0621","author":"admin","date":"6 \u0641\u0628\u0631\u0627\u064a\u0631 2019","format":false,"excerpt":"Hava Pompa Hortumlar\u0131KULLANIM ALANLARI : Esas olarak servis istasyonlar\u0131ndaki hava pompalar\u0131nda ve tazyikli hava uygulamalar\u0131nda kullan\u0131lmaktad\u0131r. SERT\u0130F\u0130KALAR : Hortumlar TSE markal\u0131d\u0131r. TS 745 EN ISO 2398 KONTR\u00dcKS\u0130YON Alt : SBR\/NBR, siyah, d\u00fcz Takviye : Y\u00fcksek mukavemetli tekstil \u00f6rg\u00fc \u00dcst : SBR\/NBR, siyah, d\u00fcz, iklim \u015fartlar\u0131na ve a\u015f\u0131nmaya dayan\u0131kl\u0131","rel":"","context":"\u062a\u062f\u0648\u064a\u0646\u0629 \u0645\u0634\u0627\u0628\u0647\u0629","block_context":{"text":"\u062a\u062f\u0648\u064a\u0646\u0629 \u0645\u0634\u0627\u0628\u0647\u0629","link":""},"img":{"alt_text":"","src":"https:\/\/i0.wp.com\/tuzlahortum.com.tr\/wp-content\/uploads\/urunler\/kaucuk\/superlas-hava-pompa-hortumu.jpg?fit=360%2C270&ssl=1&resize=350%2C200","width":350,"height":200},"classes":[]}],"jetpack_sharing_enabled":true,"jetpack_likes_enabled":true,"_links":{"self":[{"href":"https:\/\/tuzlahortum.com.tr\/ar\/wp-json\/wp\/v2\/product\/653","targetHints":{"allow":["GET"]}}],"collection":[{"href":"https:\/\/tuzlahortum.com.tr\/ar\/wp-json\/wp\/v2\/product"}],"about":[{"href":"https:\/\/tuzlahortum.com.tr\/ar\/wp-json\/wp\/v2\/types\/product"}],"replies":[{"embeddable":true,"href":"https:\/\/tuzlahortum.com.tr\/ar\/wp-json\/wp\/v2\/comments?post=653"}],"wp:featuredmedia":[{"embeddable":true,"href":"https:\/\/tuzlahortum.com.tr\/ar\/wp-json\/wp\/v2\/media\/1688"}],"wp:attachment":[{"href":"https:\/\/tuzlahortum.com.tr\/ar\/wp-json\/wp\/v2\/media?parent=653"}],"wp:term":[{"taxonomy":"product_brand","embeddable":true,"href":"https:\/\/tuzlahortum.com.tr\/ar\/wp-json\/wp\/v2\/product_brand?post=653"},{"taxonomy":"product_cat","embeddable":true,"href":"https:\/\/tuzlahortum.com.tr\/ar\/wp-json\/wp\/v2\/product_cat?post=653"},{"taxonomy":"product_tag","embeddable":true,"href":"https:\/\/tuzlahortum.com.tr\/ar\/wp-json\/wp\/v2\/product_tag?post=653"}],"curies":[{"name":"\u062f\u0628\u0644\u064a\u0648 \u0628\u064a","href":"https:\/\/api.w.org\/{rel}","templated":true}]}}