{"id":652,"date":"2019-02-06T23:52:01","date_gmt":"2019-02-06T20:52:01","guid":{"rendered":"http:\/\/hortum.com.tr\/product\/import-placeholder-for-603\/"},"modified":"2024-03-21T17:44:21","modified_gmt":"2024-03-21T14:44:21","slug":"duz-kompresor-hortumu","status":"publish","type":"product","link":"https:\/\/tuzlahortum.com.tr\/ar\/product\/duz-kompresor-hortumu\/","title":{"rendered":"\u062e\u0631\u0637\u0648\u0645 \u0636\u0627\u063a\u0637 \u0645\u0633\u062a\u0642\u064a\u0645"},"content":{"rendered":"<h2>\u062e\u0631\u0637\u0648\u0645 \u0636\u0627\u063a\u0637 \u0645\u0633\u062a\u0642\u064a\u0645<\/h2>\n<p>\u0641\u064a \u0627\u0644\u0623\u062f\u0648\u0627\u062a \u0627\u0644\u062a\u064a \u062a\u0639\u0645\u0644 \u0628\u0627\u0644\u0647\u0648\u0627\u0621 \u0648\u0627\u0644\u0625\u062e\u0644\u0627\u0621 \u0628\u0627\u0644\u0647\u0648\u0627\u0621 \u0627\u0644\u0645\u0636\u063a\u0648\u0637<\/p>\n<p>\u0627\u0644\u0645\u0637\u0627\u0637 \u0627\u0644\u0637\u0628\u064a\u0639\u064a \u0648\u0627\u0644\u0627\u0635\u0637\u0646\u0627\u0639\u064a \u0627\u0644\u0645\u0642\u0627\u0648\u0645 \u0644\u0632\u064a\u0648\u062a \u0627\u0644\u0636\u0627\u063a\u0637<\/p>\n<p>\u0646\u0633\u064a\u062c \u062a\u0631\u0643\u064a\u0628\u064a \u0639\u0627\u0644\u064a \u0627\u0644\u0642\u0648\u0629<\/p>\n<p>\u0645\u0637\u0627\u0637 \u0635\u0646\u0627\u0639\u064a \u0645\u0633\u0637\u062d \u0645\u0642\u0627\u0648\u0645 \u0644\u0644\u062a\u0622\u0643\u0644 \u0648\u0627\u0644\u0623\u0648\u0632\u0648\u0646 \u0648\u062c\u0645\u064a\u0639 \u0627\u0644\u0638\u0631\u0648\u0641 \u0627\u0644\u062c\u0648\u064a\u0629<\/p>\n<p>&nbsp;<\/p>\n<div class=\"video video-fit mb\" style=\"padding-top:56.25%;\"><p><iframe loading=\"lazy\" title=\"\u0627\u0631\u062a\u0628\u0627\u0643 \u0627\u0644\u0642\u064a\u0627\u0633 (\u0628\u0648\u0635\u0629\u060c \u0625\u0635\u0628\u0639\u060c \u0636\u0628\u0627\u0628\u060c \u0645\u0644\u0644\u064a\u0645\u062a\u0631)\" width=\"1020\" height=\"574\" src=\"https:\/\/www.youtube.com\/embed\/uKk6AG_AZls?feature=oembed\" frameborder=\"0\" allow=\"accelerometer; autoplay; clipboard-write; encrypted-media; gyroscope; picture-in-picture; web-share\" referrerpolicy=\"strict-origin-when-cross-origin\" allowfullscreen><\/iframe><\/p>\n<\/div>","protected":false},"excerpt":{"rendered":"<p>D\u00fcz Kompres\u00f6r Hortumu Hava ile \u00e7al\u0131\u015fan aletlerde ve bas\u0131n\u00e7l\u0131 hava tahliyesinde Kompres\u00f6r ya\u011flar\u0131na dayan\u0131kl\u0131 tabii ve sentetik kau\u00e7uk Y\u00fcksek mukavemetli sentetik tekstil A\u015f\u0131nmaya,ozona ve her t\u00fcrl\u00fc hava \u015fartlar\u0131na dayan\u0131kl\u0131 d\u00fcz sentetik kau\u00e7uk &nbsp;<\/p>","protected":false},"featured_media":1739,"comment_status":"open","ping_status":"closed","template":"","meta":{"jetpack_post_was_ever_published":false},"product_brand":[],"product_cat":[156],"product_tag":[608,607,609,598],"class_list":{"0":"post-652","1":"product","2":"type-product","3":"status-publish","4":"has-post-thumbnail","6":"product_cat-hava-hortumlari","7":"product_tag-10-bar","8":"product_tag-duz-kompresor-hortumlari","9":"product_tag-hava-ile-calisan-aletlerde-ve-basincli-hava-tahliyesinde","10":"product_tag-kompresor-hortumu","12":"first","13":"instock","14":"taxable","15":"shipping-taxable","16":"product-type-variable"},"jetpack-related-posts":[],"jetpack_sharing_enabled":true,"jetpack_likes_enabled":true,"_links":{"self":[{"href":"https:\/\/tuzlahortum.com.tr\/ar\/wp-json\/wp\/v2\/product\/652","targetHints":{"allow":["GET"]}}],"collection":[{"href":"https:\/\/tuzlahortum.com.tr\/ar\/wp-json\/wp\/v2\/product"}],"about":[{"href":"https:\/\/tuzlahortum.com.tr\/ar\/wp-json\/wp\/v2\/types\/product"}],"replies":[{"embeddable":true,"href":"https:\/\/tuzlahortum.com.tr\/ar\/wp-json\/wp\/v2\/comments?post=652"}],"wp:featuredmedia":[{"embeddable":true,"href":"https:\/\/tuzlahortum.com.tr\/ar\/wp-json\/wp\/v2\/media\/1739"}],"wp:attachment":[{"href":"https:\/\/tuzlahortum.com.tr\/ar\/wp-json\/wp\/v2\/media?parent=652"}],"wp:term":[{"taxonomy":"product_brand","embeddable":true,"href":"https:\/\/tuzlahortum.com.tr\/ar\/wp-json\/wp\/v2\/product_brand?post=652"},{"taxonomy":"product_cat","embeddable":true,"href":"https:\/\/tuzlahortum.com.tr\/ar\/wp-json\/wp\/v2\/product_cat?post=652"},{"taxonomy":"product_tag","embeddable":true,"href":"https:\/\/tuzlahortum.com.tr\/ar\/wp-json\/wp\/v2\/product_tag?post=652"}],"curies":[{"name":"\u062f\u0628\u0644\u064a\u0648 \u0628\u064a","href":"https:\/\/api.w.org\/{rel}","templated":true}]}}