{"id":649,"date":"2019-02-06T23:52:01","date_gmt":"2019-02-06T20:52:01","guid":{"rendered":"http:\/\/hortum.com.tr\/product\/import-placeholder-for-88\/"},"modified":"2024-03-21T17:44:24","modified_gmt":"2024-03-21T14:44:24","slug":"kati-gida-verici-hortum","status":"publish","type":"product","link":"https:\/\/tuzlahortum.com.tr\/ar\/product\/kati-gida-verici-hortum\/","title":{"rendered":"\u062e\u0631\u0637\u0648\u0645 \u062a\u0648\u0635\u064a\u0644 \u0627\u0644\u0637\u0639\u0627\u0645 \u0627\u0644\u0635\u0644\u0628"},"content":{"rendered":"<h2>\u062e\u0631\u0637\u0648\u0645 \u062a\u0648\u0635\u064a\u0644 \u0627\u0644\u0637\u0639\u0627\u0645 \u0627\u0644\u0635\u0644\u0628<\/h2>\n<div>\u0645\u062c\u0627\u0644\u0627\u062a \u0627\u0644\u0627\u0633\u062a\u062e\u062f\u0627\u0645: \u0644\u0646\u0642\u0644 \u0627\u0644\u0645\u0648\u0627\u062f \u0627\u0644\u063a\u0630\u0627\u0626\u064a\u0629 \u0627\u0644\u062c\u0627\u0641\u0629 \u0627\u0644\u0645\u0633\u0628\u0628\u0629 \u0644\u0644\u062a\u0622\u0643\u0644 \u0645\u062b\u0644 \u0627\u0644\u062f\u0642\u064a\u0642 \u0648\u0627\u0644\u0633\u0643\u0631 \u060c \u0648\u0627\u0644\u062a\u064a \u064a\u062a\u0645 \u0646\u0642\u0644\u0647\u0627 \u0639\u0646 \u0637\u0631\u064a\u0642 \u0627\u0644\u0635\u0647\u0627\u0631\u064a\u062c \u0623\u0648 \u0627\u0633\u062a\u062e\u062f\u0627\u0645\u0647\u0627 \u0641\u064a \u0623\u0639\u0645\u0627\u0644 \u0627\u0644\u062a\u0641\u0631\u064a\u063a \u0627\u0644\u062f\u0627\u062e\u0644\u064a \u0644\u0644\u0645\u0635\u0646\u0639.<\/div>\n<div><\/div>\n<div>\u0623\u0646\u062a\u062c\u062a \u0648\u0641\u0642\u064b\u0627 \u0644\u0645\u0639\u0627\u064a\u064a\u0631 \u0625\u062f\u0627\u0631\u0629 \u0627\u0644\u063a\u0630\u0627\u0621 \u0648\u0627\u0644\u062f\u0648\u0627\u0621 (FDA)<\/div>\n<div><\/div>\n<div>\u0627\u0639\u0645\u0627\u0644 \u0628\u0646\u0627\u0621<\/div>\n<div>\u0627\u0644\u062c\u0632\u0621 \u0627\u0644\u0633\u0641\u0644\u064a: NR \u0639\u0627\u0644\u064a \u0627\u0644\u062c\u0648\u062f\u0629 \u060c \u0645\u062a\u0648\u0627\u0641\u0642 \u0645\u0639 \u0644\u0648\u0627\u0626\u062d \u0627\u0644\u0637\u0639\u0627\u0645 \u060c \u0645\u0642\u0627\u0648\u0645 \u0644\u0644\u062a\u0622\u0643\u0644<\/div>\n<div>\u062a\u0642\u0648\u064a\u0629: \u0646\u0633\u064a\u062c \u062d\u0628\u0644 \u0639\u0627\u0644\u064a \u0627\u0644\u0642\u0648\u0629 \u060c<\/div>\n<div>\u0627\u0644\u062c\u0632\u0621 \u0627\u0644\u0639\u0644\u0648\u064a: SBR \/ NR \u060c \u0623\u0632\u0631\u0642 \u060c \u0645\u0642\u0627\u0648\u0645 \u0644\u0644\u062a\u0622\u0643\u0644 \u0648\u062c\u0645\u064a\u0639 \u0623\u0646\u0648\u0627\u0639 \u0627\u0644\u0638\u0631\u0648\u0641 \u0627\u0644\u0645\u0646\u0627\u062e\u064a\u0629<\/div>\n<div><\/div>\n<div>\n<div class=\"video video-fit mb\" style=\"padding-top:56.25%;\"><p><iframe loading=\"lazy\" title=\"\u0623\u064a \u062e\u0631\u0637\u0648\u0645 \u0637\u0639\u0627\u0645 \u064a\u062c\u0628 \u0623\u0646 \u0646\u062e\u062a\u0627\u0631\u061f\" width=\"1020\" height=\"574\" src=\"https:\/\/www.youtube.com\/embed\/1RIgy8WF1Ao?feature=oembed\" frameborder=\"0\" allow=\"accelerometer; autoplay; clipboard-write; encrypted-media; gyroscope; picture-in-picture; web-share\" referrerpolicy=\"strict-origin-when-cross-origin\" allowfullscreen><\/iframe><\/p>\n<\/div>\n<div class=\"video video-fit mb\" style=\"padding-top:56.25%;\"><p><iframe loading=\"lazy\" title=\"\u0627\u0631\u062a\u0628\u0627\u0643 \u0627\u0644\u0642\u064a\u0627\u0633 (\u0628\u0648\u0635\u0629\u060c \u0625\u0635\u0628\u0639\u060c \u0636\u0628\u0627\u0628\u060c \u0645\u0644\u0644\u064a\u0645\u062a\u0631)\" width=\"1020\" height=\"574\" src=\"https:\/\/www.youtube.com\/embed\/uKk6AG_AZls?feature=oembed\" frameborder=\"0\" allow=\"accelerometer; autoplay; clipboard-write; encrypted-media; gyroscope; picture-in-picture; web-share\" referrerpolicy=\"strict-origin-when-cross-origin\" allowfullscreen><\/iframe><\/p>\n<\/div>\n<\/div>","protected":false},"excerpt":{"rendered":"<p>Kat\u0131 G\u0131da Verici Hortum KULLANIM ALANLARI : Tankerle ta\u015f\u0131nan veya fabrika dahili tahliye i\u015flerinde kullan\u0131lan un, \u015feker gibi a\u015f\u0131nd\u0131r\u0131c\u0131 kuru g\u0131da nakliyesinde . FDA (G\u0131da) Normlar\u0131na Uygun Olarak \u00dcretilmektedir KONTR\u00dcKS\u0130YON Alt : Y\u00fcksek kalitede NR, g\u0131da t\u00fcz\u00fc\u011f\u00fcne uygun, a\u015f\u0131nmaya dayan\u0131kl\u0131 Takviye : Y\u00fcksek mukavemetli kord bezi, \u00dcst : SBR\/NR, mavi,a\u015f\u0131nmaya ve her t\u00fcrl\u00fc iklim \u015fartlar\u0131na [&#8230;]\n","protected":false},"featured_media":1717,"comment_status":"open","ping_status":"closed","template":"","meta":{"jetpack_post_was_ever_published":false},"product_brand":[],"product_cat":[155],"product_tag":[590,583,589,588,591,594,586,584,595,585,582,580,581,579,587],"class_list":{"0":"post-649","1":"product","2":"type-product","3":"status-publish","4":"has-post-thumbnail","6":"product_cat-gida-hortumlari","7":"product_tag-asindirici-kuru-gida-tahliye","8":"product_tag-bakliyat","9":"product_tag-bugday","10":"product_tag-bulgur","11":"product_tag-kahve","12":"product_tag-kati-gida-verici-hortum","13":"product_tag-kirmizi-mercimek","14":"product_tag-kuru-fasulye","15":"product_tag-kuru-gida-nakliye","16":"product_tag-nohut","17":"product_tag-pudra-sekeri","18":"product_tag-seker","19":"product_tag-tuz","20":"product_tag-un","21":"product_tag-yesil-mercimek","23":"first","24":"instock","25":"taxable","26":"shipping-taxable","27":"product-type-variable"},"jetpack-related-posts":[],"jetpack_sharing_enabled":true,"jetpack_likes_enabled":true,"_links":{"self":[{"href":"https:\/\/tuzlahortum.com.tr\/ar\/wp-json\/wp\/v2\/product\/649","targetHints":{"allow":["GET"]}}],"collection":[{"href":"https:\/\/tuzlahortum.com.tr\/ar\/wp-json\/wp\/v2\/product"}],"about":[{"href":"https:\/\/tuzlahortum.com.tr\/ar\/wp-json\/wp\/v2\/types\/product"}],"replies":[{"embeddable":true,"href":"https:\/\/tuzlahortum.com.tr\/ar\/wp-json\/wp\/v2\/comments?post=649"}],"wp:featuredmedia":[{"embeddable":true,"href":"https:\/\/tuzlahortum.com.tr\/ar\/wp-json\/wp\/v2\/media\/1717"}],"wp:attachment":[{"href":"https:\/\/tuzlahortum.com.tr\/ar\/wp-json\/wp\/v2\/media?parent=649"}],"wp:term":[{"taxonomy":"product_brand","embeddable":true,"href":"https:\/\/tuzlahortum.com.tr\/ar\/wp-json\/wp\/v2\/product_brand?post=649"},{"taxonomy":"product_cat","embeddable":true,"href":"https:\/\/tuzlahortum.com.tr\/ar\/wp-json\/wp\/v2\/product_cat?post=649"},{"taxonomy":"product_tag","embeddable":true,"href":"https:\/\/tuzlahortum.com.tr\/ar\/wp-json\/wp\/v2\/product_tag?post=649"}],"curies":[{"name":"\u062f\u0628\u0644\u064a\u0648 \u0628\u064a","href":"https:\/\/api.w.org\/{rel}","templated":true}]}}